{"id":279,"date":"2024-04-22T15:00:41","date_gmt":"2024-04-22T12:00:41","guid":{"rendered":"https:\/\/telegrama-wiki.com\/de\/was-ist-telegramm-und-wie-man-es-benutzt-4\/"},"modified":"2024-07-20T13:57:22","modified_gmt":"2024-07-20T10:57:22","slug":"was-ist-telegramm-und-wie-man-es-benutzt-4","status":"publish","type":"page","link":"https:\/\/telegrama-wiki.com\/de\/was-ist-telegramm-und-wie-man-es-benutzt-4\/","title":{"rendered":"Was ist Telegram: wie man es benutzt und welche Funktionen es bietet"},"content":{"rendered":"<p style=\"text-align: justify;\">In der heutigen Welt ist die Online -Kommunikation ein wesentlicher Bestandteil unseres Lebens geworden. Wir tauschen Nachrichten mit Lieben, Freunden und Kollegen t\u00e4glich aus, teilen Fotos und Videos, diskutieren Nachrichten und Interessen. Mit dem Wachstum der digitalen Kommunikation steigen jedoch auch unsere Anforderungen an Messaging -Apps &#8211; sie m\u00fcssen nicht nur bequem und funktional sein, sondern auch unsere Privatsph\u00e4re zuverl\u00e4ssig sch\u00fctzen. Dies ist genau die Kombination von Eigenschaften, die Telegram besitzt &#8211; ein Bote von Pavel Durov im Jahr 2013. In diesem Artikel werden wir uns detailliert ansehen, was Telegramm ist und wie es verwendet werden soll. Wir werden die Geschichte seiner Sch\u00f6pfung und der wichtigsten Entwicklungsstadien untersuchen. Wir werden analysieren, welche Aufgaben es hilft und welche Werkzeuge es daf\u00fcr bietet. Wir werden die technische Seite seines Betriebs und des Ansatzes zur Datensicherheit untersuchen. Wir werden den Bereich der Funktionen von Telegramm bewerten &#8211; von grundlegenden Chats bis hin zu erweiterten Funktionen wie Bots und Kan\u00e4len. Und nat\u00fcrlich werden wir seine Hauptvorteile im Vergleich zu anderen Messaging -Apps hervorheben.<\/p>\n<p><span itemprop=\"image\" itemscope itemtype=\"https:\/\/schema.org\/ImageObject\"><img itemprop=\"url image\" loading=\"lazy\" decoding=\"async\" class=\"aligncenter wp-image-82\" src=\"https:\/\/telegrama-wiki.com\/ru\/wp-content\/uploads\/sites\/2\/2024\/04\/What-is-Telegram.png\" alt=\"Was ist Telegramm\" width=\"629\" height=\"472\" \/><meta itemprop=\"width\" content=\"629\"><meta itemprop=\"height\" content=\"472\"><\/span><\/p>\n<h2 style=\"text-align: justify;\">Was ist Telegramm<\/h2>\n<p style=\"text-align: justify;\">Telegram ist eine beliebte Messaging -App, die von Pavel Durov, dem Gr\u00fcnder des Social Network VKontakt, erstellt wurde. Sie k\u00f6nnen Nachrichten, Fotos, Videos und andere Dateien austauschen. Telegramm ist im postsowjetischen Raum aufgrund seiner Vielseitigkeit und Benutzerfreundlichkeit besonders beliebt.<\/p>\n<p style=\"text-align: justify;\">Die Geschichte des Telegramms begann 2013, als Pavel Durov \u00fcber die Fragen der Sicherheit und Vertraulichkeit der Online -Kommunikation nachdachte. Zusammen mit seinem Bruder entwickelte er das MtProto -Verschl\u00fcsselungssystem, das zur Grundlage des Telegramms wurde. Seitdem ist der Messenger auf iOS und Android erh\u00e4ltlich und begann schnell an Popularit\u00e4t zu gewinnen.<\/p>\n<h2 style=\"text-align: justify;\">Was ist Telegramm f\u00fcr<\/h2>\n<p style=\"text-align: justify;\">Die Hauptfunktion des Telegramms besteht darin, einen schnellen und sicheren Informationsaustausch bereitzustellen. Der Messenger bietet verschiedene Kommunikationsm\u00f6glichkeiten:<\/p>\n<ol style=\"text-align: justify;\">\n<li style=\"font-weight: 400;\">Cloud -Chats &#8211; regelm\u00e4\u00dfige Chats, die auf allen Ger\u00e4ten zug\u00e4nglich sind, in denen das Telegramm installiert ist. Hier kannst du:\n<ul>\n<li style=\"font-weight: 400;\">Zeigen Sie neue Nachrichten an, ohne den Absender zu benachrichtigen (indem Sie den Finger im Popup-Fenster halten)<\/li>\n<li style=\"font-weight: 400;\">Stellen Sie einen Timer auf, um gesendete Dateien zu l\u00f6schen<\/li>\n<li style=\"font-weight: 400;\">Bereits gesendete Nachrichten bearbeiten;<\/li>\n<li style=\"font-weight: 400;\">Erstellen Sie Ordner mit Chats f\u00fcr einfache Navigation.<\/li>\n<\/ul>\n<\/li>\n<li style=\"font-weight: 400;\">Geheime Chats &#8211; verschl\u00fcsselte Dialoge, die nicht auf Servern gespeichert sind und von den Benutzern selbst regelm\u00e4\u00dfig gel\u00f6scht werden. Sie sorgen f\u00fcr maximale Vertraulichkeit;<\/li>\n<li style=\"font-weight: 400;\">Sprach- und Videoanrufe &#8211; die F\u00e4higkeit, nicht nur \u00fcber Textnachrichten zu kommunizieren;<\/li>\n<li style=\"font-weight: 400;\">Gruppen &#8211; Chats mit bis zu 200.000 Teilnehmern. Regul\u00e4re Gruppen (bis zu 200 Personen) eignen sich zum Studium und Arbeit. In Gruppen ist es zweckm\u00e4\u00dfig, auf Nachrichten zu antworten und bestimmte Benutzer zu erw\u00e4hnen<\/li>\n<li style=\"font-weight: 400;\">Kan\u00e4le &#8211; Ein Tool zum Verteilen von Informationen an ein gro\u00dfes Publikum ohne Grenzen f\u00fcr die Anzahl der Abonnenten. Umfragen, Multimedia und andere interessante Inhalte zu einem bestimmten Thema werden h\u00e4ufig in Kan\u00e4len ver\u00f6ffentlicht.<\/li>\n<\/ol>\n<h2 style=\"text-align: justify;\">So verwenden Sie Telegramm<\/h2>\n<ol style=\"text-align: justify;\">\n<li style=\"font-weight: 400;\">Laden Sie die Telegramm -App auf Ihrem Ger\u00e4t (Smartphone, Tablet, Computer) herunter (Computer).<\/li>\n<li style=\"font-weight: 400;\">Gehen Sie einen einfachen Registrierungsprozess durch, indem Sie Ihre Telefonnummer und Ihren Namen angeben.<\/li>\n<li style=\"font-weight: 400;\">Importieren Sie Kontakte aus Ihrem Telefonbuch oder f\u00fcgen Sie sie manuell hinzu.<\/li>\n<li style=\"font-weight: 400;\">Kommunizieren! Um dies zu tun:\n<ul>\n<li style=\"font-weight: 400;\">Tippen Sie auf das Chat -Symbol im unteren Feld<\/li>\n<li style=\"font-weight: 400;\">W\u00e4hlen Sie den gew\u00fcnschten Kontakt aus;<\/li>\n<li style=\"font-weight: 400;\">Geben Sie eine Nachricht im Eingabefeld am unteren Bildschirmrand ein und dr\u00fccken Sie die Send -Taste.<\/li>\n<\/ul>\n<\/li>\n<li style=\"font-weight: 400;\">Entdecken Sie die zus\u00e4tzlichen Funktionen von Telegram:\n<ul>\n<li style=\"font-weight: 400;\">Gruppen und Kan\u00e4le erstellen;<\/li>\n<li style=\"font-weight: 400;\">Suche nach \u00f6ffentlichen Kan\u00e4len und zinsbasierten Chats;<\/li>\n<li style=\"font-weight: 400;\">Wichtige Chats archivieren und festhalten;<\/li>\n<li style=\"font-weight: 400;\">Konfigurieren von Benachrichtigungen;<\/li>\n<li style=\"font-weight: 400;\">Bearbeitung gesendeter Nachrichten;<\/li>\n<li style=\"font-weight: 400;\">Einen geheimen Chat beginnen;<\/li>\n<li style=\"font-weight: 400;\">Einstellen eines Timers zum Senden und L\u00f6schen von Nachrichten;<\/li>\n<li style=\"font-weight: 400;\">Erstellen standortbasierter Chats.<\/li>\n<\/ul>\n<\/li>\n<\/ol>\n<h2 style=\"text-align: justify;\">Wie Telegramm funktioniert<\/h2>\n<p style=\"text-align: justify;\">Telegramm verwendet eine Kombination aus zentraler und dezentraler Infrastruktur:<\/p>\n<ul style=\"text-align: justify;\">\n<li style=\"font-weight: 400;\">Benutzerdaten und Konversationen in Cloud -Chats werden auf Telegrammservern in verschl\u00fcsselter Form gespeichert. Dies erm\u00f6glicht die Synchronisierung von Chats zwischen Ger\u00e4ten<\/li>\n<li style=\"font-weight: 400;\">Gleichzeitig befinden sich die Verschl\u00fcsselungsschl\u00fcssel f\u00fcr geheime Chats nur auf den Ger\u00e4ten der Gespr\u00e4chspartner. Dank der End-to-End-Verschl\u00fcsselungstechnologie haben selbst Telegramm-Mitarbeiter keinen Zugriff auf Gespr\u00e4che in geheimen Chats.<\/li>\n<\/ul>\n<p style=\"text-align: justify;\">Telegrammantrag, was ist es? Der Messenger verwendet ein eigenes MTProto -Protokoll, das von Pavel Durovs Bruder Nikolai entwickelt wurde. Es kombiniert verschiedene Arten von Verschl\u00fcsselung, um einen zuverl\u00e4ssigen Datenschutz zu gew\u00e4hrleisten.<\/p>\n<p style=\"text-align: justify;\">Telegramm interagiert auch eng mit Entwicklern \u00fcber eine offene API und unterst\u00fctzt die Erstellung von Bots &#8211; Sonderkonten f\u00fcr die automatische Nachrichtenverarbeitung.<\/p>\n<h2 style=\"text-align: justify;\">Telegrammfunktionen<\/h2>\n<p style=\"text-align: justify;\">Telegram Messenger &#8211; Was ist es:<\/p>\n<ul style=\"text-align: justify;\">\n<li style=\"font-weight: 400;\">Austausch von Textnachrichten, Fotos, Videos, Dokumenten und anderen Dateien;<\/li>\n<li style=\"font-weight: 400;\">Erstellung von Gruppen -Chats (bis zu 200.000 Teilnehmern) und thematischen Kan\u00e4len;<\/li>\n<li style=\"font-weight: 400;\">Stimme und Videoanrufe;<\/li>\n<li style=\"font-weight: 400;\">Bots f\u00fcr Aufgabenautomatisierung, Unterhaltung und Gesch\u00e4ft;<\/li>\n<li style=\"font-weight: 400;\">Benutzerdefinierte animierte Aufkleber;<\/li>\n<li style=\"font-weight: 400;\">Bearbeitung gesendeter Nachrichten;<\/li>\n<li style=\"font-weight: 400;\">Nachrichten weiterleiten und zitieren;<\/li>\n<li style=\"font-weight: 400;\">Wichtige Botschaften festlegen;<\/li>\n<li style=\"font-weight: 400;\">Anpassen von Benachrichtigungen f\u00fcr verschiedene Arten von Chats;<\/li>\n<li style=\"font-weight: 400;\">Selbstzerst\u00f6rende Fotos und Videos in geheimen Chats;<\/li>\n<li style=\"font-weight: 400;\">Zwei-Faktor-Authentifizierung zum Schutz der Konten;<\/li>\n<li style=\"font-weight: 400;\">Unterst\u00fctzung f\u00fcr russische und andere Sprachen;<\/li>\n<li style=\"font-weight: 400;\">Suche nach Personen in der N\u00e4he mit Geolokalisierung;<\/li>\n<li style=\"font-weight: 400;\">Archivierung inaktiver Chats;<\/li>\n<li style=\"font-weight: 400;\">Anpassen von Aussehensthemen.<\/li>\n<\/ul>\n<h2 style=\"text-align: justify;\">Hauptvorteile des Telegramms<\/h2>\n<ol style=\"text-align: justify;\">\n<li style=\"font-weight: 400;\">Sicherheit und Privatsph\u00e4re:\n<ul>\n<li style=\"font-weight: 400;\">Zuverl\u00e4ssige End-to-End-Verschl\u00fcsselung von Gespr\u00e4chen;<\/li>\n<li style=\"font-weight: 400;\">Geheime Chats mit zus\u00e4tzlichem Schutz;<\/li>\n<li style=\"font-weight: 400;\">Zwei-Faktor-Authentifizierung;<\/li>\n<li style=\"font-weight: 400;\">F\u00e4higkeit, ein Konto zusammen mit allen Daten zu l\u00f6schen;<\/li>\n<\/ul>\n<\/li>\n<li style=\"font-weight: 400;\">Benutzerfreundlichkeit:\n<ul>\n<li style=\"font-weight: 400;\">Intuitive Schnittstelle;<\/li>\n<li style=\"font-weight: 400;\">Hohe Betriebsgeschwindigkeit;<\/li>\n<li style=\"font-weight: 400;\">Unbegrenzter Cloud -Speicher f\u00fcr alle Chats;<\/li>\n<li style=\"font-weight: 400;\">Bequeme Werkzeuge zum Organisieren von Dialogen (Ordner, Archivierung, Pinning);<\/li>\n<li style=\"font-weight: 400;\">Erweiterte Benachrichtigungseinstellungen;<\/li>\n<li style=\"font-weight: 400;\">Arbeitet auf allen beliebten Plattformen (iOS, Android, Windows, MacOS, Linux, Web).<\/li>\n<\/ul>\n<\/li>\n<li style=\"font-weight: 400;\">Reiche Funktionalit\u00e4t:\n<ul>\n<li style=\"font-weight: 400;\">Umfangreiche Kommunikationsfunktionen (Gruppen, Kan\u00e4le, Bots);<\/li>\n<li style=\"font-weight: 400;\">Unterst\u00fctzung f\u00fcr alle beliebten Mediendateiformate;<\/li>\n<li style=\"font-weight: 400;\">Kontinuierliche Zugabe neuer Funktionen;<\/li>\n<li style=\"font-weight: 400;\">Offene API f\u00fcr Entwickler und Integrationen.<\/li>\n<\/ul>\n<\/li>\n<li style=\"font-weight: 400;\">Breite Benutzergemeinschaft:\n<ul>\n<li style=\"font-weight: 400;\">Aktives Publikum, insbesondere in CIS -L\u00e4ndern;<\/li>\n<li style=\"font-weight: 400;\">Viele informative und unterhaltsame Kan\u00e4le;<\/li>\n<li style=\"font-weight: 400;\">Bequemlichkeit f\u00fcr die Kommunikation mit Angeh\u00f6rigen, Freunden, Kollegen.<\/li>\n<\/ul>\n<\/li>\n<\/ol>\n<p style=\"text-align: justify;\">Das schnelle Wachstum der Popularit\u00e4t von Telegram schafft jedoch auch bestimmte Probleme. Die Zunahme der Last f\u00fchrt manchmal zu St\u00f6rungen des Messengerbetriebs. Und der Mangel an Werbemonetarisierung zwingt die Suche nach neuen Wegen zur Finanzierung des Projekts.<\/p>\n<p style=\"text-align: justify;\">Trotz dieser M\u00e4ngel bleibt Telegramm eine der bequemsten und sichersten Messaging -Apps und kombiniert umfassende Funktionen und Benutzerfreundlichkeit. Regelm\u00e4\u00dfige Updates machen es sowohl f\u00fcr die pers\u00f6nliche Kommunikation als auch f\u00fcr die Gesch\u00e4ftskommunikation noch attraktiver. Daher ist Telegram definitiv einen Versuch f\u00fcr alle, eine moderne Online -Kommunikationsanwendung zu suchen.<\/p>\n<h2 style=\"text-align: justify;\">Abschluss<\/h2>\n<p style=\"text-align: justify;\">Telegram ist nicht nur ein anderer Messenger, sondern auch ein leistungsstarkes Kommunikationstool, das den Benutzern eine breite Palette von M\u00f6glichkeiten f\u00fcr Kommunikation, Informationsaustausch und Organisation ihres Online -Lebenes bietet.<\/p>\n<p style=\"text-align: justify;\">Einerseits zieht Telegramm ein Publikum mit seiner Einfachheit und Benutzerfreundlichkeit an. Eine intuitive Schnittstelle, hohe Betriebsgeschwindigkeit und plattform\u00fcbergreifende Kompatibilit\u00e4t machen sie f\u00fcr alle zug\u00e4nglich. Ein gut durchdachtes System zum Organisieren von Chats (Ordner, Archivierung, Pinning) tr\u00e4gt dazu bei, die Reihenfolge selbst in den gesch\u00e4ftigsten Dialogen aufrechtzuerhalten. Und unterschiedliche Benachrichtigungseinstellungen erm\u00f6glichen eine flexible Verwaltung der Beteiligung an der Kommunikation.<\/p>\n<p style=\"text-align: justify;\">Auf der anderen Seite beeindruckt Telegramm mit seiner reichhaltigen Funktionalit\u00e4t. Zus\u00e4tzlich zu Standard -Textnachrichten und -anrufen bietet es die Erstellung von Gruppen mit bis zu 200.000 Teilnehmern, thematische Kan\u00e4le ohne Publikumsbeschr\u00e4nkungen sowie Chatbots f\u00fcr die Automatisierung und Unterhaltung der Aufgaben. Unterst\u00fctzung f\u00fcr alle beliebten Mediendateiformate und die st\u00e4ndige Hinzuf\u00fcgung neuer Funktionen machen Telegramm zu einem vielseitigen Tool f\u00fcr die pers\u00f6nliche und gesch\u00e4ftliche Kommunikation.<\/p>\n<p style=\"text-align: justify;\">Der Hauptvorteil von Telegram ist jedoch zweifellos der Fokus auf Benutzersicherheit und Privatsph\u00e4re. In einer \u00c4ra digitaler Bedrohungen und Datenlecks bietet Telegram eine zuverl\u00e4ssige End-to-End-Verschl\u00fcsselung von Gespr\u00e4chen, geheime Chats mit zus\u00e4tzlichem Schutz und die M\u00f6glichkeit, den eigenen digitalen Fu\u00dfabdruck vollst\u00e4ndig zu l\u00f6schen. Dies macht es zu einer attraktiven Wahl f\u00fcr jeden, der die Privatsph\u00e4re ihrer Online -Kommunikation sch\u00e4tzt.<\/p>\n","protected":false},"excerpt":{"rendered":"<p>In der heutigen Welt ist die Online -Kommunikation ein wesentlicher Bestandteil unseres Lebens geworden. Wir tauschen Nachrichten mit Lieben, Freunden und Kollegen t\u00e4glich aus, teilen Fotos und Videos,&#8230;<\/p>\n","protected":false},"author":1,"featured_media":359,"parent":0,"menu_order":0,"comment_status":"closed","ping_status":"closed","template":"","meta":{"om_disable_all_campaigns":false,"_monsterinsights_skip_tracking":false,"_monsterinsights_sitenote_active":false,"_monsterinsights_sitenote_note":"","_monsterinsights_sitenote_category":0,"footnotes":""},"class_list":["post-279","page","type-page","status-publish","has-post-thumbnail",""],"aioseo_notices":[],"_links":{"self":[{"href":"https:\/\/telegrama-wiki.com\/de\/wp-json\/wp\/v2\/pages\/279","targetHints":{"allow":["GET"]}}],"collection":[{"href":"https:\/\/telegrama-wiki.com\/de\/wp-json\/wp\/v2\/pages"}],"about":[{"href":"https:\/\/telegrama-wiki.com\/de\/wp-json\/wp\/v2\/types\/page"}],"author":[{"embeddable":true,"href":"https:\/\/telegrama-wiki.com\/de\/wp-json\/wp\/v2\/users\/1"}],"replies":[{"embeddable":true,"href":"https:\/\/telegrama-wiki.com\/de\/wp-json\/wp\/v2\/comments?post=279"}],"version-history":[{"count":1,"href":"https:\/\/telegrama-wiki.com\/de\/wp-json\/wp\/v2\/pages\/279\/revisions"}],"predecessor-version":[{"id":464,"href":"https:\/\/telegrama-wiki.com\/de\/wp-json\/wp\/v2\/pages\/279\/revisions\/464"}],"wp:featuredmedia":[{"embeddable":true,"href":"https:\/\/telegrama-wiki.com\/de\/wp-json\/wp\/v2\/media\/359"}],"wp:attachment":[{"href":"https:\/\/telegrama-wiki.com\/de\/wp-json\/wp\/v2\/media?parent=279"}],"curies":[{"name":"wp","href":"https:\/\/api.w.org\/{rel}","templated":true}]}}