{"id":282,"date":"2024-04-22T15:04:16","date_gmt":"2024-04-22T12:04:16","guid":{"rendered":"https:\/\/telegrama-wiki.com\/de\/datenschutzrichtlinie-4\/"},"modified":"2024-04-22T15:04:16","modified_gmt":"2024-04-22T12:04:16","slug":"datenschutzrichtlinie-4","status":"publish","type":"page","link":"https:\/\/telegrama-wiki.com\/de\/datenschutzrichtlinie-4\/","title":{"rendered":"Datenschutzrichtlinie"},"content":{"rendered":"<p>Die Verwaltung der Website Telegrama-Wiki.com (im Folgenden als Website bezeichnet) respektiert die Rechte der Besucher der Website. Wir erkennen bedingungslos die Bedeutung der Vertraulichkeit pers\u00f6nlicher Informationen der Besucher unserer Website an. Diese Seite enth\u00e4lt Informationen dar\u00fcber, welche Daten wir erhalten und sammeln, wenn Sie die Website verwenden. Wir hoffen, dass diese Informationen Ihnen helfen, fundierte Entscheidungen bez\u00fcglich der pers\u00f6nlichen Daten zu treffen, die Sie uns zur Verf\u00fcgung stellen.<\/p>\n<p>Diese Datenschutzrichtlinie gilt nur f\u00fcr die Website und f\u00fcr die von dieser Website gesammelten Informationen und dadurch. Es gilt nicht f\u00fcr andere Websites und gilt nicht f\u00fcr Websites von Drittanbietern, die auf die Website verlinken k\u00f6nnen.<\/p>\n<h2>Informationssammlung<\/h2>\n<p>Wenn Sie die Website besuchen, bestimmen wir den Domain -Namen und das Land Ihres Anbieters (zum Beispiel &#8222;AOL&#8220;.com &#8222;) und die ausgew\u00e4hlten \u00dcberg\u00e4nge von einer Seite zur anderen (sogenannte&#8220; Clickstream-Aktivit\u00e4t &#8222;).<br \/>\nDie Informationen, die wir auf der Website erhalten, k\u00f6nnen verwendet werden, um die Nutzung der Website zu erleichtern, einschlie\u00dflich, aber nicht beschr\u00e4nkt auf:<\/p>\n<ul>\n<li>Organisation der Website auf benutzerfreundlichste Weise<\/li>\n<li>Bereitstellung der M\u00f6glichkeit, E -Mail -Newsletter f\u00fcr Sonderangebote und Themen abonnieren, wenn Sie solche Benachrichtigungen erhalten m\u00f6chten<\/li>\n<\/ul>\n<p>Die Website sammelt nur pers\u00f6nliche Daten, die Sie bei Besuch oder Registrierung auf der Website freiwillig zur Verf\u00fcgung stellen. Der Begriff &#8222;pers\u00f6nliche Daten&#8220; enth\u00e4lt Informationen, die Sie als eine bestimmte Person identifizieren, z. B. Ihren Namen oder Ihre E -Mail -Adresse. W\u00e4hrend Sie den Inhalt der Website anzeigen k\u00f6nnen, ohne das Registrierungsverfahren durchzuf\u00fchren, m\u00fcssen Sie sich registrieren, um einige Funktionen zu verwenden, z.<br \/>\nDie Website verwendet &#8222;Cookies&#8220; -Technologie, um statistische Berichterstattung zu erstellen. Ein &#8222;Cookie&#8220; ist eine kleine Menge an Daten, die von einer Website gesendet werden, die der Browser Ihres Computers auf der Festplatte Ihres Computers speichert. Cookies enthalten Informationen, die m\u00f6glicherweise f\u00fcr die Website erforderlich sind &#8211; um Ihre Betrachtungseinspannungen zu speichern und statistische Informationen \u00fcber die Website zu sammeln, i.e. Welche Seiten, die Sie besucht haben, was heruntergeladen wurde, der Domain-Name des Internetanbieters und des Landes des Besucher. Alle diese Informationen sind jedoch in keiner Weise mit Ihnen als Einzelperson verbunden. Cookies zeichnen Ihre E -Mail -Adresse oder pers\u00f6nliche Informationen \u00fcber Sie nicht auf. Au\u00dferdem wird diese Technologie auf der Website vom installierten Z\u00e4hler von Spylog\/LiveInternet\/etc verwendet.<\/p>\n<p>Dar\u00fcber hinaus verwenden wir Standard -Webserverprotokolle, um Besucher zu z\u00e4hlen und die technischen Funktionen unserer Website zu bewerten. Wir verwenden diese Informationen, um festzustellen, wie viele Personen die Website besuchen und die Seiten auf benutzerfreundlichste Weise organisieren, sicherstellen. Wir zeichnen Informationen \u00fcber Bewegungen auf der Website auf, jedoch nicht \u00fcber einzelne Besucher der Website. Daher werden keine spezifischen Informationen \u00fcber Sie pers\u00f6nlich von der Website -Verwaltung ohne Ihre Zustimmung gespeichert oder verwendet.<\/p>\n<p>Um Material ohne Cookies anzuzeigen, k\u00f6nnen Sie Ihren Browser so einstellen, dass Cookies nicht akzeptiert oder Sie benachrichtigt werden, wenn Cookies gesendet werden (Browser sind unterschiedlich. Wir empfehlen Ihnen, den Abschnitt &#8222;Hilfe&#8220; zu \u00fcberpr\u00fcfen, um herauszufinden, wie Sie die Cookie -Einstellungen Ihrer Maschine \u00e4ndern k\u00f6nnen).<\/p>\n<h2>Informationsaustausch<\/h2>\n<p>Die Website -Verwaltung verkauft oder miete unter keinen Umst\u00e4nden Ihre pers\u00f6nlichen Daten an Dritte an Dritte. Wir geben auch die von Ihnen bereitgestellten pers\u00f6nlichen Informationen nicht weiter, au\u00dfer wie gesetzlich vorgeschrieben (geben Sie das Land an, in dem sich der Server befindet).<br \/>\nDie Website -Verwaltung hat eine Partnerschaft mit Google, in der bezahlte Werbematerialien und Anzeigen auf den Seiten der Site (einschlie\u00dflich, aber nicht auf Texthyperlinks beschr\u00e4nkt) platziert werden. Im Rahmen dieser Zusammenarbeit informiert die Website -Verwaltung alle Interessenten der folgenden Informationen:<\/p>\n<ol>\n<li>Google verwendet als Anbieter von Drittanbietern Cookies, um Anzeigen auf der Website zu servieren<\/li>\n<li>DoubleClick Dart Advertising -Produkt Cookies werden von Google in Anzeigen verwendet, die auf der Website als Teilnehmer am AdSense for Content Program serviert werden<\/li>\n<li>Mit der Verwendung von DART -Cookies von Google k\u00f6nnen Sie Informationen zu Besuchern von Site (mit Ausnahme von Namen, Adresse, E -Mail -Adresse oder Telefonnummer) \u00fcber Ihre Besuche auf der Website und andere Websites sammeln und verwenden, um Anzeigen zu Waren und Dienstleistungen von den meisten Interessen zu liefern zu dir;<\/li>\n<li>Google wird im Prozess des Sammelns dieser Informationen von seinen eigenen Datenschutzrichtlinien geleitet<\/li>\n<li>Site -Benutzer k\u00f6nnen sich von der Verwendung von Dart -Cookies abmelden, indem sie die besuchen <a href=\"https:\/\/web.archive.org\/web\/20201201172127\/http:\/\/www.google.com\/policies\/technologies\/ads\/\">Google -Anzeigen- und Inhaltsnetzwerk Datenschutzrichtlinie<\/a> Seite.<\/li>\n<\/ol>\n<h2>Haftungsausschluss<\/h2>\n<p>Bitte denken Sie daran, dass die \u00dcbertragung pers\u00f6nlicher Informationen beim Besuch von Websites von Drittanbietern, einschlie\u00dflich der Websites von Partnerunternehmen, auch wenn die Website einen Link zur Website enth\u00e4lt oder dass ein Link zu diesen Websites auf der Website vorliegt, nicht diesem Dokument unterliegt. Die Website -Verwaltung ist nicht f\u00fcr die Aktionen anderer Websites verantwortlich. Der Prozess des Sammelns und \u00dcbertragens pers\u00f6nlicher Informationen beim Besuch dieser Websites unterliegt dem Dokument &#8222;personenbezogener Datenschutz&#8220; oder einem \u00e4hnlichen, das sich auf den Websites dieser Unternehmen befindet.<\/p>\n","protected":false},"excerpt":{"rendered":"<p>Die Verwaltung der Website Telegrama-Wiki.com (im Folgenden als Website bezeichnet) respektiert die Rechte der Besucher der Website. Wir erkennen bedingungslos die Bedeutung der Vertraulichkeit pers\u00f6nlicher Informationen der Besucher&#8230;<\/p>\n","protected":false},"author":1,"featured_media":0,"parent":0,"menu_order":0,"comment_status":"closed","ping_status":"closed","template":"","meta":{"om_disable_all_campaigns":false,"_monsterinsights_skip_tracking":false,"_monsterinsights_sitenote_active":false,"_monsterinsights_sitenote_note":"","_monsterinsights_sitenote_category":0,"footnotes":""},"class_list":["post-282","page","type-page","status-publish",""],"aioseo_notices":[],"_links":{"self":[{"href":"https:\/\/telegrama-wiki.com\/de\/wp-json\/wp\/v2\/pages\/282","targetHints":{"allow":["GET"]}}],"collection":[{"href":"https:\/\/telegrama-wiki.com\/de\/wp-json\/wp\/v2\/pages"}],"about":[{"href":"https:\/\/telegrama-wiki.com\/de\/wp-json\/wp\/v2\/types\/page"}],"author":[{"embeddable":true,"href":"https:\/\/telegrama-wiki.com\/de\/wp-json\/wp\/v2\/users\/1"}],"replies":[{"embeddable":true,"href":"https:\/\/telegrama-wiki.com\/de\/wp-json\/wp\/v2\/comments?post=282"}],"version-history":[{"count":0,"href":"https:\/\/telegrama-wiki.com\/de\/wp-json\/wp\/v2\/pages\/282\/revisions"}],"wp:attachment":[{"href":"https:\/\/telegrama-wiki.com\/de\/wp-json\/wp\/v2\/media?parent=282"}],"curies":[{"name":"wp","href":"https:\/\/api.w.org\/{rel}","templated":true}]}}