{"id":46,"date":"2024-04-16T10:26:38","date_gmt":"2024-04-16T07:26:38","guid":{"rendered":"https:\/\/telegrama-wiki.com\/de\/telegramm-web-so-melden-sie-sich-online-an-4\/"},"modified":"2024-12-02T11:47:28","modified_gmt":"2024-12-02T08:47:28","slug":"telegramm-web-so-melden-sie-sich-online-an-4","status":"publish","type":"page","link":"https:\/\/telegrama-wiki.com\/de\/","title":{"rendered":"Online Telegram: So melden Sie sich online an"},"content":{"rendered":"<p>Seit seiner Einf\u00fchrung im Jahr 2013 ist der Telegram Messenger fest in das t\u00e4gliche Leben von Hunderten von Millionen von Nutzern auf der ganzen Welt eingetreten. W\u00e4hrend dieser Zeit hat es es geschafft, sich den Ruf als eine der schnellsten, sichersten und featurereichen Messaging-Dienste zu verdienen. Die Telegrammanwendung ist auf allen beliebten Plattformen erh\u00e4ltlich &#8211; von Smartphones und Tablets bis hin zu PCs. Dar\u00fcber hinaus verf\u00fcgt es \u00fcber eine bequeme Weboberfl\u00e4che f\u00fcr die Verwendung in einem Browser. Mit dieser plattform\u00fcbergreifenden Funktion k\u00f6nnen Benutzer jederzeit in Verbindung bleiben.<\/p>\n<p><span itemprop=\"image\" itemscope itemtype=\"https:\/\/schema.org\/ImageObject\"><img itemprop=\"url image\" loading=\"lazy\" decoding=\"async\" class=\"aligncenter wp-image-22\" src=\"https:\/\/telegrama-wiki.com\/wp-content\/uploads\/2024\/04\/Telegram-Web.png\" alt=\"Telegramm Web\" width=\"629\" height=\"359\" \/><meta itemprop=\"width\" content=\"629\"><meta itemprop=\"height\" content=\"359\"><\/span><\/p>\n<p>Dieser Artikel konzentriert sich auf die Verwendung von Telegramm in einem Browser, den Vorteilen der Desktop -Version und den verschiedenen n\u00fctzlichen Funktionen dieses Messengers.<\/p>\n<h2>So greifen Sie online auf Telegramm zu<\/h2>\n<p>Telegram ist ein beliebter Messaging -Service, der auf allen wichtigen Plattformen erh\u00e4ltlich ist, einschlie\u00dflich Android -Handys. Sie k\u00f6nnen jedoch auch Telegramm \u00fcber einen beliebigen Webbrowser verwenden, ohne eine Anwendung zu installieren. Telegram verf\u00fcgt \u00fcber eine offizielle Web -App, auf die Sie \u00fcber einen Browser problemlos zugreifen k\u00f6nnen. Dies ist eine bequeme Option f\u00fcr die Verwendung des Messaging -Dienstes auf \u00f6ffentlichen Computern oder dem Computer eines Freundes oder Familienmitglieds. Die Telegramm -Web -App ist mit allen wichtigen Browsern kompatibel, einschlie\u00dflich Google Chrome, Microsoft Edge, Safari und Mozilla Firefox. Es ist auch plattformspezifisch, dh Sie k\u00f6nnen von jedem modernen Betriebssystem darauf zugreifen.<\/p>\n<h2>Anmelden in Telegramm: Anweisungen<\/h2>\n<p>Befolgen Sie die folgenden Schritte, um sich bei einem Computer in Telegramm anzumelden:<\/p>\n<ol>\n<li>\u00d6ffnen Sie das Telegramm -Web im Web.Telegramm.Org auf Ihrem Computer;<\/li>\n<li>Auf dem Bildschirm wird ein QR -Code angezeigt<\/li>\n<li>\u00d6ffnen Sie die Telegramm -App auf Ihrem Telefon<\/li>\n<li>\u00d6ffnen Sie das Men\u00fc &#8222;Einstellungen&#8220;<\/li>\n<li>Klicken Sie auf die Schaltfl\u00e4che &#8222;Ger\u00e4te&#8220;<\/li>\n<li>W\u00e4hlen Sie &#8222;Link Desktop -Ger\u00e4t&#8220;;<\/li>\n<li>Scannen Sie den in der Telegramm -Web -App angezeigten QR -Code<\/li>\n<li>Wenn Sie keinen Zugriff auf die Telegramm -App auf Ihrem Telefon haben, verwenden Sie die Option &#8222;Anmelden per Telefon anmelden&#8220;<\/li>\n<li>Gib deine Telefonnummer ein;<\/li>\n<li>Sie erhalten einen f\u00fcnfstelligen Code in der Telegramm-App auf Ihrem Telefon. Geben Sie es ein, um sich in Telegram Web anzumelden<\/li>\n<li>Wenn Sie eine zweistufige \u00dcberpr\u00fcfung aktiviert haben, geben Sie das Passwort ein.<\/li>\n<\/ol>\n<blockquote><p>Wenn Sie diese Schritte befolgen, k\u00f6nnen Sie sich auf Ihrem Computer in Telegramm anmelden und auf alle Ihre Chats und Nachrichten zugreifen.<\/p><\/blockquote>\n<h2>Funktionen der Webversion<\/h2>\n<p>Die Funktionalit\u00e4t der Webversion von Telegram ist fast identisch mit den mobilen Apps f\u00fcr Smartphones und PCs. Es gibt jedoch einen wichtigen Unterschied in der Webversion &#8211; die M\u00f6glichkeit, Benachrichtigungen \u00fcber neue eingehende Nachrichten in Echtzeit zu erhalten. Auf diese Weise k\u00f6nnen Sie in Verbindung bleiben, auch wenn das Telegramm nicht ausgef\u00fchrt wird. Benachrichtigungen tauchen im Browser auf, genau wie aus anderen Web-Apps. Somit ist die Webversion von Telegram ein vollwertiger Messenger f\u00fcr die Kommunikation \u00fcber einen Browser mit Benachrichtigungen \u00fcber neue Nachrichten. Dies ist in Ermangelung eines Zugangs auf ein Mobiltelefon sehr bequem.<\/p>\n<blockquote><p>Lies auch: <a href=\"https:\/\/telegrama-wiki.com\/de\/so-konnen-geloschte-kontakte-im-telegramm\/\">Telegram gel\u00f6schte kontakte wiederherstellen<\/a><\/p><\/blockquote>\n<h2>Servicef\u00e4higkeiten<\/h2>\n<p>Telegram Web Online ist fast mit den vollwertigen Telegramm-Apps f\u00fcr PC und Smartphones in Bezug auf die Funktionalit\u00e4t vergleichbar. Hauptmerkmale:<\/p>\n<ul>\n<li>Messaging in pers\u00f6nlichen und Gruppen -Chats;<\/li>\n<li>Senden von Mediendateien &#8211; Fotos, Videos, Audio, Dokumente;<\/li>\n<li>Gruppenchats erstellen;<\/li>\n<li>Suche nach Kontakten und Dialogen nach Schl\u00fcsselw\u00f6rtern;<\/li>\n<li>Konfigurieren von Benachrichtigungen f\u00fcr neue Nachrichten;<\/li>\n<li>FILDING CHats nach Inhaltstyp;<\/li>\n<li>Bearbeiten und L\u00f6schen von Nachrichten;<\/li>\n<li>Avatar und Benutzername \u00e4ndern.<\/li>\n<\/ul>\n<p>Dar\u00fcber hinaus sind die meisten Telegramm -Bots, Aufkleberpakete und andere n\u00fctzliche Telegramm -Tools im Telegramm -Web erh\u00e4ltlich. Der Hauptvorteil der Webversion besteht darin, dass die Installation von Anwendungen nicht erforderlich ist. Alles, was Sie brauchen, ist ein Browser und das Internet, um den Messenger auf jedem Ger\u00e4t zu verwenden. Dies ist in Situationen bequem:<\/p>\n<ul>\n<li>Wenn es keine Gelegenheit gibt oder nicht will, Telegramm auf einem Computer zu installieren;<\/li>\n<li>Zugriff auf Telegramm von den Ger\u00e4ten anderer Personen in Abwesenheit Ihres eigenen Smartphones;<\/li>\n<li>Verwenden Sie Web -Apps auf Chromebook, bei denen es keine nativen Programme gibt.<\/li>\n<\/ul>\n<p>Im Allgemeinen bietet Telegram Web fast alle grundlegenden Funktionen der vollwertigen Desktop- und mobilen Versionen. Dies bedeutet, dass dieser Service in den meisten Nutzungsszenarien zu einem vollwertigen Ersatz f\u00fcr Telegrammanwendungen werden kann.<\/p>\n<h2>Kommunikationsmerkmale und Vorteile<\/h2>\n<p>In 10 Jahren hat sich Telegramm von einem einfachen Messenger zu einer multifunktionalen Plattform f\u00fcr die Kommunikation und das L\u00f6sen verschiedener Aufgaben entwickelt. Schauen wir uns die wichtigsten Kommunikationsmerkmale von Telegram an.<\/p>\n<ul>\n<li>Gespr\u00e4ch Auto-Delete. Mit dieser Einstellung k\u00f6nnen Sie die automatische L\u00f6schung des gesamten Chat -Verlaufs nach einer bestimmten Zeit einschalten. Dies gew\u00e4hrleistet die Vertraulichkeit der Kommunikation. Um dies zu aktivieren, gehen Sie einfach zu den Einstellungen des Chats mit dem gew\u00fcnschten Gespr\u00e4chspartner und w\u00e4hlen Sie einen Timer f\u00fcr das automatische Duch<\/li>\n<li>Cloud -Passwort. Dies ist eine weitere wichtige Sicherheitsoption &#8211; Telegram -Zwei -Faktor -Authentifizierung mit einem speziellen Passwort. Es sch\u00fctzt Ihr Konto vor Hacken. Aktiviert im Abschnitt &#8222;Datenschutz &#8211; Cloud Passwort&#8220;;<\/li>\n<li>Pinning -Nachrichten. Mit Telegramm k\u00f6nnen Sie einzelne Nachrichten oder ganze Chats festlegen. Dies ist praktisch f\u00fcr den schnellen Zugriff auf wichtige Dialoge oder Dateien.<\/li>\n<\/ul>\n<h2>Unterschied zwischen Telegramm am Computer und Telefon<\/h2>\n<p>Zu den Hauptunterschieden zwischen Telegramm auf einem Computer und einem Telefon geh\u00f6ren:<\/p>\n<ul>\n<li>Eingabebequemlichkeit. Es ist bequemer, lange Nachrichten auf einem Computer als auf einem Telefon einzugeben.<\/li>\n<li>Zugriff auf Dateien. In der Webversion von Telegram gibt es einen bequemen Zugriff auf alle Dateien im Chat. Klicken Sie einfach auf eine Datei, um alle Dateien dieses Typs anzuzeigen<\/li>\n<li>Synchronisation. Beide Versionen des Telegramms sind synchronisiert, sodass alle Nachrichten und Dateien auf beiden Ger\u00e4ten verf\u00fcgbar sind<\/li>\n<li>Verkehrssparung. Durch die Verwendung von Telegramm auf einem Computer k\u00f6nnen Sie mobiles Internet speichern<\/li>\n<li>Datei \u00dcbertragung. Mit der Option &#8222;Favoriten&#8220; von Telegramm k\u00f6nnen Sie sie verwenden, um Dateien zwischen Ihrem Telefon und Ihrem Computer zu \u00fcbertragen<\/li>\n<li>Nacht-Modus. Die Desktop -Version von Telegram hat einen bequemen Nachtmodus f\u00fcr komfortable Arbeiten im Dunkeln.<\/li>\n<\/ul>\n<blockquote><p>Insgesamt ist Telegramm auf einem Computer eine gro\u00dfartige Alternative zur mobilen App mit einer Reihe zus\u00e4tzlicher Funktionen.<\/p><\/blockquote>\n<h2>Abschluss<\/h2>\n<p>Abschlie\u00dfend k\u00f6nnen wir sagen, dass Telegram Web eine bequeme und funktionale Webversion des beliebten Messengers ist, die viele M\u00f6glichkeiten f\u00fcr eine komfortable Kommunikation er\u00f6ffnet. Dank der plattform\u00fcbergreifenden Kompatibilit\u00e4t und der mangelnden Notwendigkeit, zus\u00e4tzliche Software zu installieren. Trotz einiger kleiner Einschr\u00e4nkungen bietet Telegram Web fast die gesamte Palette von Funktionen in den mobilen und Desktop -Apps. Benutzer k\u00f6nnen Nachrichten austauschen, Gruppenchats erstellen, verschiedene Arten von Dateien senden, Benachrichtigungen anpassen und vieles mehr. Dar\u00fcber hinaus bietet die Webversion eine nahtlose Synchronisation mit allen anderen Ger\u00e4ten, um einen konstanten Zugriff auf aktuelle Korrespondenzverlauf und -dateien zu gew\u00e4hrleisten. Telegram Web ist eine gute Wahl f\u00fcr diejenigen, die die Mobilit\u00e4t und Flexibilit\u00e4t in der Kommunikation sch\u00e4tzen. Die M\u00f6glichkeit, den Messenger auf einem beliebigen Computer oder Ger\u00e4t zu verwenden, ohne zus\u00e4tzliche Software zu installieren. Insgesamt ist Telegram Web ein leistungsstarkes Kommunikationsinstrument, das die Benutzerfreundlichkeit, die reichhaltige Funktionalit\u00e4t und ein hohes Ma\u00df an Sicherheit und Privatsph\u00e4re kombiniert. Dank der kontinuierlichen Entwicklung und Verbesserung ist die Webversion des Messenger weiterhin eine der besten M\u00f6glichkeiten f\u00fcr diejenigen, die eine bequeme und zuverl\u00e4ssige L\u00f6sung f\u00fcr die Online -Kommunikation suchen.<\/p>\n","protected":false},"excerpt":{"rendered":"<p>Seit seiner Einf\u00fchrung im Jahr 2013 ist der Telegram Messenger fest in das t\u00e4gliche Leben von Hunderten von Millionen von Nutzern auf der ganzen Welt eingetreten. W\u00e4hrend dieser&#8230;<\/p>\n","protected":false},"author":1,"featured_media":349,"parent":0,"menu_order":0,"comment_status":"closed","ping_status":"closed","template":"","meta":{"om_disable_all_campaigns":false,"_monsterinsights_skip_tracking":false,"_monsterinsights_sitenote_active":false,"_monsterinsights_sitenote_note":"","_monsterinsights_sitenote_category":0,"footnotes":""},"class_list":["post-46","page","type-page","status-publish","has-post-thumbnail",""],"aioseo_notices":[],"_links":{"self":[{"href":"https:\/\/telegrama-wiki.com\/de\/wp-json\/wp\/v2\/pages\/46","targetHints":{"allow":["GET"]}}],"collection":[{"href":"https:\/\/telegrama-wiki.com\/de\/wp-json\/wp\/v2\/pages"}],"about":[{"href":"https:\/\/telegrama-wiki.com\/de\/wp-json\/wp\/v2\/types\/page"}],"author":[{"embeddable":true,"href":"https:\/\/telegrama-wiki.com\/de\/wp-json\/wp\/v2\/users\/1"}],"replies":[{"embeddable":true,"href":"https:\/\/telegrama-wiki.com\/de\/wp-json\/wp\/v2\/comments?post=46"}],"version-history":[{"count":3,"href":"https:\/\/telegrama-wiki.com\/de\/wp-json\/wp\/v2\/pages\/46\/revisions"}],"predecessor-version":[{"id":477,"href":"https:\/\/telegrama-wiki.com\/de\/wp-json\/wp\/v2\/pages\/46\/revisions\/477"}],"wp:featuredmedia":[{"embeddable":true,"href":"https:\/\/telegrama-wiki.com\/de\/wp-json\/wp\/v2\/media\/349"}],"wp:attachment":[{"href":"https:\/\/telegrama-wiki.com\/de\/wp-json\/wp\/v2\/media?parent=46"}],"curies":[{"name":"wp","href":"https:\/\/api.w.org\/{rel}","templated":true}]}}