{"id":280,"date":"2024-04-22T15:00:41","date_gmt":"2024-04-22T12:00:41","guid":{"rendered":"https:\/\/telegrama-wiki.com\/dk\/hvad-er-telegram-og-hvordan-man-bruger-det\/"},"modified":"2024-04-22T15:00:41","modified_gmt":"2024-04-22T12:00:41","slug":"hvad-er-telegram-og-hvordan-man-bruger-det","status":"publish","type":"page","link":"https:\/\/telegrama-wiki.com\/dk\/hvad-er-telegram-og-hvordan-man-bruger-det\/","title":{"rendered":"Hvad er telegram, og hvordan man bruger det"},"content":{"rendered":"<p style=\"text-align: justify\">I dagens verden er online kommunikation blevet en integreret del af vores liv. Vi udveksler beskeder med k\u00e6re, venner og kolleger dagligt, deler fotos og videoer, diskuterer nyheder og interesser. Men med v\u00e6ksten af \u200b\u200bdigital kommunikation stiger vores krav til messaging -apps ogs\u00e5 &#8211; de skal ikke kun v\u00e6re praktiske og funktionelle, men ogs\u00e5 p\u00e5lideligt beskytte vores privatliv. Dette er n\u00f8jagtigt kombinationen af \u200b\u200bkvaliteter, som Telegram besidder &#8211; en messenger oprettet af Pavel Durov i 2013. I denne artikel vil vi se et detaljeret kig p\u00e5, hvad telegram er, og hvordan man bruger det. Vi vil unders\u00f8ge historien om dens skabelse og centrale udviklingsstadier. Vi vil analysere, hvilke opgaver det hj\u00e6lper med at l\u00f8se, og hvilke v\u00e6rkt\u00f8jer det tilbyder til dette. Vi studerer den tekniske side af dens drift og tilgang til datasikkerhed. Vi vurderer r\u00e6kkevidden af Telegrams kapaciteter &#8211; fra grundl\u00e6ggende chats til avancerede funktioner som bots og kanaler. Og selvf\u00f8lgelig vil vi fremh\u00e6ve dens vigtigste fordele sammenlignet med andre messaging -apps.<\/p>\n<p><span itemprop=\"image\" itemscope itemtype=\"https:\/\/schema.org\/ImageObject\"><img itemprop=\"url image\" loading=\"lazy\" decoding=\"async\" class=\"aligncenter wp-image-82\" src=\"https:\/\/telegrama-wiki.com\/ru\/wp-content\/uploads\/sites\/2\/2024\/04\/What-is-Telegram.png\" alt=\"Hvad er telegram\" width=\"629\" height=\"472\" \/><meta itemprop=\"width\" content=\"629\"><meta itemprop=\"height\" content=\"472\"><\/span><\/p>\n<h2 style=\"text-align: justify\">Hvad er telegram<\/h2>\n<p style=\"text-align: justify\">Telegram er en popul\u00e6r messaging -app oprettet af Pavel Durov, grundl\u00e6ggeren af \u200b\u200bdet sociale netv\u00e6rk Vkontakte. Det giver dig mulighed for at udveksle beskeder, fotos, videoer og andre filer. Telegram er is\u00e6r popul\u00e6rt i det post-sovjetiske rum p\u00e5 grund af dets alsidighed og brugervenlighed.<\/p>\n<p style=\"text-align: justify\">Telegramets historie begyndte i 2013, da Pavel Durov begyndte at t\u00e6nke p\u00e5 sp\u00f8rgsm\u00e5lene om sikkerhed og fortrolighed ved online kommunikation. Sammen med sin bror udviklede han MTProto -krypteringssystemet, der blev grundlaget for Telegram. Siden da er messenger blevet tilg\u00e6ngelig p\u00e5 iOS og Android og begyndte hurtigt at vinde popularitet.<\/p>\n<h2 style=\"text-align: justify\">Hvad er telegram til<\/h2>\n<p style=\"text-align: justify\">Telegrammets hovedfunktion er at give hurtig og sikker informationsudveksling. Messenger tilbyder flere m\u00e5der at kommunikere p\u00e5:<\/p>\n<ol style=\"text-align: justify\">\n<li style=\"font-weight: 400\">Cloud Chats &#8211; Regelm\u00e6ssige chats tilg\u00e6ngelige fra alle enheder, hvor Telegram er installeret. Her kan du:\n<ul>\n<li style=\"font-weight: 400\">Se nye meddelelser uden at underrette afsenderen (ved at holde fingeren p\u00e5 pop-up-vinduet);<\/li>\n<li style=\"font-weight: 400\">Indstil en timer for at slette sendte filer;<\/li>\n<li style=\"font-weight: 400\">Rediger allerede sendt beskeder;<\/li>\n<li style=\"font-weight: 400\">Opret mapper med chats for nem navigation.<\/li>\n<\/ul>\n<\/li>\n<li style=\"font-weight: 400\">Hemmelige chats &#8211; krypterede dialoger, der ikke er gemt p\u00e5 servere og med j\u00e6vne mellemrum slettes af brugere selv. De giver maksimal fortrolighed;<\/li>\n<li style=\"font-weight: 400\">Stemme- og videoopkald &#8211; Evnen til at kommunikere ikke kun via tekstbeskeder;<\/li>\n<li style=\"font-weight: 400\">Grupper &#8211; Chats med op til 200.000 deltagere. Regelm\u00e6ssige grupper (op til 200 personer) er velegnede til at studere og arbejde, mens supergrupper er til store interessebaserede samfund. I grupper er det praktisk at svare p\u00e5 meddelelser og n\u00e6vne specifikke brugere;<\/li>\n<li style=\"font-weight: 400\">Kanaler &#8211; et v\u00e6rkt\u00f8j til at distribuere information til et stort publikum uden gr\u00e6nser for antallet af abonnenter. Afstemninger, multimedia og andet interessant indhold om et specifikt emne offentligg\u00f8res ofte i kanaler.<\/li>\n<\/ol>\n<h2 style=\"text-align: justify\">Hvordan man bruger telegram<\/h2>\n<ol style=\"text-align: justify\">\n<li style=\"font-weight: 400\">Download Telegram -appen p\u00e5 din enhed (smartphone, tablet, computer).<\/li>\n<li style=\"font-weight: 400\">G\u00e5 gennem en simpel registreringsproces ved at specificere dit telefonnummer og navn.<\/li>\n<li style=\"font-weight: 400\">Importer kontakter fra din telefonbog eller tilf\u00f8j dem manuelt.<\/li>\n<li style=\"font-weight: 400\">Begynd at kommunikere! At g\u00f8re dette:\n<ul>\n<li style=\"font-weight: 400\">Tryk p\u00e5 chatikonet i bundpanelet;<\/li>\n<li style=\"font-weight: 400\">V\u00e6lg den \u00f8nskede kontakt;<\/li>\n<li style=\"font-weight: 400\">Skriv en besked i inputfeltet i bunden af sk\u00e6rmen, og tryk p\u00e5 knappen Send.<\/li>\n<\/ul>\n<\/li>\n<li style=\"font-weight: 400\">Udforsk Telegrams ekstra funktioner:\n<ul>\n<li style=\"font-weight: 400\">Skabe grupper og kanaler;<\/li>\n<li style=\"font-weight: 400\">S\u00f8gning efter offentlige kanaler og interessebaserede chats;<\/li>\n<li style=\"font-weight: 400\">Arkivering og fastg\u00f8relse af vigtige chats;<\/li>\n<li style=\"font-weight: 400\">Konfiguration af meddelelser;<\/li>\n<li style=\"font-weight: 400\">Redigering sendte beskeder;<\/li>\n<li style=\"font-weight: 400\">Start af en hemmelig chat;<\/li>\n<li style=\"font-weight: 400\">Indstilling af en timer til afsendelse og sletning af meddelelser;<\/li>\n<li style=\"font-weight: 400\">Oprettelse af lokationsbaserede chats.<\/li>\n<\/ul>\n<\/li>\n<\/ol>\n<h2 style=\"text-align: justify\">Hvordan Telegram fungerer<\/h2>\n<p style=\"text-align: justify\">Telegram bruger en kombination af centraliseret og decentral infrastruktur:<\/p>\n<ul style=\"text-align: justify\">\n<li style=\"font-weight: 400\">Brugerdata og samtaler i skychats gemmes p\u00e5 Telegram -servere i krypteret form. Dette tillader synkronisering af chats mellem enheder;<\/li>\n<li style=\"font-weight: 400\">P\u00e5 samme tid er krypteringsn\u00f8glerne til hemmelige chats kun p\u00e5 interlokutorens enheder. Takket v\u00e6re ende-til-ende-krypteringsteknologi har selv Telegram-medarbejdere ikke adgang til samtaler i hemmelige chats.<\/li>\n<\/ul>\n<p style=\"text-align: justify\">Telegram -applikation, hvad er det? Messenger bruger sin egen MTPROTO -protokol udviklet af Pavel Durovs bror Nikolai. Det kombinerer flere typer kryptering, hvilket sikrer p\u00e5lidelig databeskyttelse.<\/p>\n<p style=\"text-align: justify\">Telegram interagerer ogs\u00e5 t\u00e6t med udviklere gennem en \u00e5ben API og underst\u00f8tter oprettelsen af bots &#8211; Specielle konti til automatisk meddelelsesbehandling.<\/p>\n<h2 style=\"text-align: justify\">Telegramfunktioner<\/h2>\n<p style=\"text-align: justify\">Telegram Messenger &#8211; Hvad er det:<\/p>\n<ul style=\"text-align: justify\">\n<li style=\"font-weight: 400\">Udveksling af tekstbeskeder, fotos, videoer, dokumenter og andre filer;<\/li>\n<li style=\"font-weight: 400\">Oprettelse af gruppechats (op til 200.000 deltagere) og tematiske kanaler;<\/li>\n<li style=\"font-weight: 400\">Stemme- og videoopkald;<\/li>\n<li style=\"font-weight: 400\">Bots til opgaveautomation, underholdning og forretning;<\/li>\n<li style=\"font-weight: 400\">Brugerdefinerede animerede klisterm\u00e6rker;<\/li>\n<li style=\"font-weight: 400\">Redigering sendte beskeder;<\/li>\n<li style=\"font-weight: 400\">Videresendelse og citering af meddelelser;<\/li>\n<li style=\"font-weight: 400\">Fastg\u00f8r vigtige meddelelser;<\/li>\n<li style=\"font-weight: 400\">Tilpasning af meddelelser til forskellige typer chats;<\/li>\n<li style=\"font-weight: 400\">Selvdestruerende fotos og videoer i hemmelige chats;<\/li>\n<li style=\"font-weight: 400\">To-faktor-godkendelse for at beskytte konti;<\/li>\n<li style=\"font-weight: 400\">St\u00f8tte til russiske og andre sprog;<\/li>\n<li style=\"font-weight: 400\">S\u00f8ger efter mennesker i n\u00e6rheden ved hj\u00e6lp af geolocation;<\/li>\n<li style=\"font-weight: 400\">Arkivering af inaktive chats;<\/li>\n<li style=\"font-weight: 400\">Tilpasning af udseendetemaer.<\/li>\n<\/ul>\n<h2 style=\"text-align: justify\">Vigtigste fordele ved telegram<\/h2>\n<ol style=\"text-align: justify\">\n<li style=\"font-weight: 400\">Sikkerhed og privatliv:\n<ul>\n<li style=\"font-weight: 400\">P\u00e5lidelig ende-til-ende-kryptering af samtaler;<\/li>\n<li style=\"font-weight: 400\">Hemmelige chats med yderligere beskyttelse;<\/li>\n<li style=\"font-weight: 400\">To-faktor godkendelse;<\/li>\n<li style=\"font-weight: 400\">Evne til at slette en konto sammen med alle data;<\/li>\n<\/ul>\n<\/li>\n<li style=\"font-weight: 400\">Brugervenlighed:\n<ul>\n<li style=\"font-weight: 400\">Intuitiv interface;<\/li>\n<li style=\"font-weight: 400\">H\u00f8j driftshastighed;<\/li>\n<li style=\"font-weight: 400\">Ubegr\u00e6nset skyopbevaring til alle chats;<\/li>\n<li style=\"font-weight: 400\">Praktiske v\u00e6rkt\u00f8jer til organisering af dialoger (mapper, arkivering, fastg\u00f8relse);<\/li>\n<li style=\"font-weight: 400\">Udvidede anmeldelsesindstillinger;<\/li>\n<li style=\"font-weight: 400\">Arbejder med alle popul\u00e6re platforme (iOS, Android, Windows, MacOS, Linux, Web).<\/li>\n<\/ul>\n<\/li>\n<li style=\"font-weight: 400\">Rig funktionalitet:\n<ul>\n<li style=\"font-weight: 400\">Omfattende kommunikationsfunktioner (grupper, kanaler, bots);<\/li>\n<li style=\"font-weight: 400\">Support til alle popul\u00e6re mediefilformater;<\/li>\n<li style=\"font-weight: 400\">Kontinuerlig tilf\u00f8jelse af nye funktioner;<\/li>\n<li style=\"font-weight: 400\">\u00c5bn API for udviklere og integrationer.<\/li>\n<\/ul>\n<\/li>\n<li style=\"font-weight: 400\">Bredt brugersamfund:\n<ul>\n<li style=\"font-weight: 400\">Aktivt publikum, is\u00e6r i CIS -lande;<\/li>\n<li style=\"font-weight: 400\">Mange informative og underholdende kanaler;<\/li>\n<li style=\"font-weight: 400\">Bekvemmelighed for kommunikation med k\u00e6re, venner, kolleger.<\/li>\n<\/ul>\n<\/li>\n<\/ol>\n<p style=\"text-align: justify\">Imidlertid skaber den hurtige v\u00e6kst af Telegrams popularitet ogs\u00e5 visse problemer. Stigningen i belastning f\u00f8rer undertiden til forstyrrelser i messengerens operation. Og den manglende annonceringsmonetisering tvinger s\u00f8gningen efter nye m\u00e5der at finansiere projektet p\u00e5.<\/p>\n<p style=\"text-align: justify\">P\u00e5 trods af disse mangler forbliver Telegram en af de mest praktiske og sikre messaging -apps, der kombinerer omfattende funktionalitet og brugervenlighed. Regelm\u00e6ssige opdateringer g\u00f8r det endnu mere attraktivt for b\u00e5de personlig kommunikation og forretningskommunikation. Derfor er Telegram bestemt v\u00e6rd at pr\u00f8ve for alle, der leder efter en moderne online kommunikationsapplikation.<\/p>\n<h2 style=\"text-align: justify\">Konklusion<\/h2>\n<p style=\"text-align: justify\">Telegram er ikke kun en anden messenger, men et kraftfuldt kommunikationsv\u00e6rkt\u00f8j, der giver brugerne en lang r\u00e6kke muligheder for kommunikation, informationsudveksling og organisering af deres online liv.<\/p>\n<p style=\"text-align: justify\">P\u00e5 den ene side tiltr\u00e6kker Telegram et publikum med sin enkelhed og brugervenlighed. En intuitiv gr\u00e6nseflade, h\u00f8j driftshastighed og kompatibilitet p\u00e5 tv\u00e6rs af platform g\u00f8r den tilg\u00e6ngelig for alle. Et gennemt\u00e6nkt system til organisering af chats (mapper, arkivering, fastg\u00f8relse) hj\u00e6lper med at opretholde orden, selv i de travleste dialoger. Og forskellige anmeldelsesindstillinger tillader fleksibel styring af ens engagement i kommunikation.<\/p>\n<p style=\"text-align: justify\">P\u00e5 den anden side imponerer Telegram med sin rige funktionalitet. Ud over standard tekstbeskeder og opkald tilbyder det oprettelse af grupper med op til 200.000 deltagere, tematiske kanaler uden publikumsbegr\u00e6nsninger samt chatbots til opgaveautomation og underholdning. Support til alle popul\u00e6re mediefilformater og konstant tilf\u00f8jelse af nye funktioner g\u00f8r telegram til et alsidigt v\u00e6rkt\u00f8j til b\u00e5de personlig og forretningsm\u00e6ssig kommunikation.<\/p>\n<p style=\"text-align: justify\">Imidlertid er Telegrams st\u00f8rste fordel utvivlsomt dets fokus p\u00e5 brugersikkerhed og privatliv. I en \u00e6ra med digitale trusler og datal\u00e6kager tilbyder Telegram p\u00e5lidelig ende-til-ende-kryptering af samtaler, hemmelige chats med et yderligere beskyttelsesniveau og evnen til fuldst\u00e6ndigt at slette ens digitale fodaftryk. Dette g\u00f8r det til et attraktivt valg for alle, der v\u00e6rds\u00e6tter privatlivets fred for deres online kommunikation.<\/p>\n","protected":false},"excerpt":{"rendered":"<p>I dagens verden er online kommunikation blevet en integreret del af vores liv. Vi udveksler beskeder med k\u00e6re, venner og kolleger dagligt, deler fotos og videoer, diskuterer nyheder&#8230;<\/p>\n","protected":false},"author":1,"featured_media":307,"parent":0,"menu_order":0,"comment_status":"closed","ping_status":"closed","template":"","meta":{"om_disable_all_campaigns":false,"_monsterinsights_skip_tracking":false,"_monsterinsights_sitenote_active":false,"_monsterinsights_sitenote_note":"","_monsterinsights_sitenote_category":0,"footnotes":""},"class_list":["post-280","page","type-page","status-publish","has-post-thumbnail",""],"aioseo_notices":[],"_links":{"self":[{"href":"https:\/\/telegrama-wiki.com\/dk\/wp-json\/wp\/v2\/pages\/280","targetHints":{"allow":["GET"]}}],"collection":[{"href":"https:\/\/telegrama-wiki.com\/dk\/wp-json\/wp\/v2\/pages"}],"about":[{"href":"https:\/\/telegrama-wiki.com\/dk\/wp-json\/wp\/v2\/types\/page"}],"author":[{"embeddable":true,"href":"https:\/\/telegrama-wiki.com\/dk\/wp-json\/wp\/v2\/users\/1"}],"replies":[{"embeddable":true,"href":"https:\/\/telegrama-wiki.com\/dk\/wp-json\/wp\/v2\/comments?post=280"}],"version-history":[{"count":0,"href":"https:\/\/telegrama-wiki.com\/dk\/wp-json\/wp\/v2\/pages\/280\/revisions"}],"wp:featuredmedia":[{"embeddable":true,"href":"https:\/\/telegrama-wiki.com\/dk\/wp-json\/wp\/v2\/media\/307"}],"wp:attachment":[{"href":"https:\/\/telegrama-wiki.com\/dk\/wp-json\/wp\/v2\/media?parent=280"}],"curies":[{"name":"wp","href":"https:\/\/api.w.org\/{rel}","templated":true}]}}