{"id":282,"date":"2024-04-22T15:04:16","date_gmt":"2024-04-22T12:04:16","guid":{"rendered":"https:\/\/telegrama-wiki.com\/dk\/fortrolighedspolitik-2\/"},"modified":"2024-04-22T15:04:16","modified_gmt":"2024-04-22T12:04:16","slug":"fortrolighedspolitik-2","status":"publish","type":"page","link":"https:\/\/telegrama-wiki.com\/dk\/fortrolighedspolitik-2\/","title":{"rendered":"Fortrolighedspolitik"},"content":{"rendered":"<p>Administrationen af webstedet Telegrama-Wiki.com (i det f\u00f8lgende ben\u00e6vnt webstedet) respekterer rettighederne for webstedets bes\u00f8gende. Vi anerkender ubetinget vigtigheden af fortroligheden af personlige oplysninger om vores websteds bes\u00f8gende. Denne side indeholder oplysninger om, hvilke data vi modtager, og indsamler, n\u00e5r du bruger webstedet. Vi h\u00e5ber, at disse oplysninger vil hj\u00e6lpe dig med at tage informerede beslutninger om de personlige oplysninger, du giver os.<\/p>\n<p>Denne fortrolighedspolitik g\u00e6lder kun for webstedet og de oplysninger, der er indsamlet af dette websted, og gennem det. Det g\u00e6lder ikke p\u00e5 andre websteder og g\u00e6lder ikke for tredjepartswebsteder, der kan linke til webstedet.<\/p>\n<h2>Informationssamling<\/h2>\n<p>N\u00e5r du bes\u00f8ger webstedet, bestemmer vi din udbyders dom\u00e6nenavn og land (for eksempel &#8220;AOL.com &#8220;) og de valgte overgange fra en side til en anden (s\u00e5kaldt&#8221; Clickstream-aktivitet &#8220;).<br \/>\nDe oplysninger, vi modtager p\u00e5 webstedet, kan bruges til at lette din brug af webstedet, herunder men ikke begr\u00e6nset til:<\/p>\n<ul>\n<li>Organisering af webstedet p\u00e5 den mest brugervenlige m\u00e5de<\/li>\n<li>Tilvejebringelse af muligheden for at abonnere p\u00e5 e -mail -nyhedsbreve til s\u00e6rlige tilbud og emner, hvis du vil modtage s\u00e5danne meddelelser<\/li>\n<\/ul>\n<p>Webstedet indsamler kun personlige oplysninger, som du giver frivilligt, n\u00e5r du bes\u00f8ger eller tilmelder dig p\u00e5 webstedet. Udtrykket &#8220;personlige oplysninger&#8221; inkluderer oplysninger, der identificerer dig som en bestemt person, s\u00e5som dit navn eller e -mail -adresse. Mens du kan se indholdet af webstedet uden at gennemg\u00e5 registreringsproceduren, skal du registrere dig for at bruge nogle funktioner, s\u00e5som at efterlade din kommentar til en artikel.<br \/>\nWebstedet bruger &#8220;cookies&#8221; -teknologi til at generere statistisk rapportering. En &#8220;cookie&#8221; er en lille m\u00e6ngde data sendt af et websted, som din computers browserbest\u00e5r p\u00e5 din computers harddisk. Cookies indeholder oplysninger, der kan v\u00e6re n\u00f8dvendige for webstedet &#8211; for at gemme dine visningspr\u00e6ferencer og indsamle statistisk information om webstedet, jeg.e. Hvilke sider, du har bes\u00f8gt, hvad der blev downloadet, dom\u00e6nenavnet p\u00e5 internetudbyder. Imidlertid er alle disse oplysninger p\u00e5 ingen m\u00e5de forbundet med dig som individ. Cookies registrerer ikke din e -mail -adresse eller personlige oplysninger om dig. Denne teknologi p\u00e5 stedet bruges ogs\u00e5 af den installerede t\u00e6ller af Spylog\/Liveinternet\/osv.<\/p>\n<p>Derudover bruger vi standard webserverlogfiler til at t\u00e6lle bes\u00f8gende og evaluere de tekniske muligheder p\u00e5 vores websted. Vi bruger disse oplysninger til at bestemme, hvor mange mennesker der bes\u00f8ger webstedet og organiserer siderne p\u00e5 den mest brugervenlige m\u00e5de, sikrer, at webstedet er kompatibelt med de anvendte browsere, og g\u00f8r indholdet af vores sider s\u00e5 nyttige som muligt for vores bes\u00f8gende. Vi registrerer oplysninger om bev\u00e6gelser p\u00e5 webstedet, men ikke om individuelle bes\u00f8gende p\u00e5 webstedet, s\u00e5 ingen specifikke oplysninger om dig personligt vil blive gemt eller brugt af webstedsadministrationen uden dit samtykke.<\/p>\n<p>For at se materiale uden cookies kan du indstille din browser til ikke.<\/p>\n<h2>Informationsdeling<\/h2>\n<p>Webstedsadministrationen s\u00e6lger eller lejer ikke nogen omst\u00e6ndigheder dine personlige oplysninger til nogen tredjepart. Vi videregiver heller ikke de personlige oplysninger, du giver, undtagen som kr\u00e6vet i loven (specificer det land, hvor serveren er placeret).<br \/>\nWebstedsadministrationen har et partnerskab med Google, der placerer betalte reklamemateriale og annoncer p\u00e5 webstedets sider (inklusive men ikke begr\u00e6nset til teksthyperlinks). Som en del af dette samarbejde informerer webstedets administration alle interesserede parter om f\u00f8lgende information:<\/p>\n<ol>\n<li>Google bruger som tredjepartsleverand\u00f8r cookies til at servere annoncer p\u00e5 webstedet;<\/li>\n<li>DoubleClick Dart Advertising Product Cookies bruges af Google i annoncer, der serveres p\u00e5 webstedet som deltager i AdSense for Content -programmet;<\/li>\n<li>Googles brug af DART -cookies g\u00f8r det muligt for det at indsamle og bruge oplysninger om webstedsbes\u00f8gende (undtagen til navn, adresse, e -mail -adresse eller telefonnummer) om dine bes\u00f8g p\u00e5 webstedet og andre websteder for at give annoncer om varer og tjenester af mest interesse til dig;<\/li>\n<li>Google styres i processen med at indsamle disse oplysninger af sin egen privatlivspolitik;<\/li>\n<li>Site -brugere kan frav\u00e6lge brugen af dart cookies ved at bes\u00f8ge <a href=\"https:\/\/web.archive.org\/web\/20201201172127\/http:\/\/www.google.com\/policies\/technologies\/ads\/\">Google AD og indholdsnetv\u00e6rk Privatlivspolitik<\/a> side.<\/li>\n<\/ol>\n<h2>Ansvarsfraskrivelse<\/h2>\n<p>Husk, at overf\u00f8rslen af personlige oplysninger, n\u00e5r du bes\u00f8ger tredjepartswebsteder, inklusive webstederne for partnerfirmaer, selvom webstedet indeholder et link til webstedet, eller der er et link til disse websteder p\u00e5 webstedet, er ikke underlagt dette dokument. Webstedsadministrationen er ikke ansvarlig for handlinger fra andre websteder. Processen med indsamling og transmission af personlige oplysninger, n\u00e5r du bes\u00f8ger disse websteder, styres af dokumentet &#8220;Personal Data Data Protection&#8221; eller en lignende, der er placeret p\u00e5 disse virksomheders websteder.<\/p>\n","protected":false},"excerpt":{"rendered":"<p>Administrationen af webstedet Telegrama-Wiki.com (i det f\u00f8lgende ben\u00e6vnt webstedet) respekterer rettighederne for webstedets bes\u00f8gende. Vi anerkender ubetinget vigtigheden af fortroligheden af personlige oplysninger om vores websteds bes\u00f8gende. Denne&#8230;<\/p>\n","protected":false},"author":1,"featured_media":0,"parent":0,"menu_order":0,"comment_status":"closed","ping_status":"closed","template":"","meta":{"om_disable_all_campaigns":false,"_monsterinsights_skip_tracking":false,"_monsterinsights_sitenote_active":false,"_monsterinsights_sitenote_note":"","_monsterinsights_sitenote_category":0,"footnotes":""},"class_list":["post-282","page","type-page","status-publish",""],"aioseo_notices":[],"_links":{"self":[{"href":"https:\/\/telegrama-wiki.com\/dk\/wp-json\/wp\/v2\/pages\/282","targetHints":{"allow":["GET"]}}],"collection":[{"href":"https:\/\/telegrama-wiki.com\/dk\/wp-json\/wp\/v2\/pages"}],"about":[{"href":"https:\/\/telegrama-wiki.com\/dk\/wp-json\/wp\/v2\/types\/page"}],"author":[{"embeddable":true,"href":"https:\/\/telegrama-wiki.com\/dk\/wp-json\/wp\/v2\/users\/1"}],"replies":[{"embeddable":true,"href":"https:\/\/telegrama-wiki.com\/dk\/wp-json\/wp\/v2\/comments?post=282"}],"version-history":[{"count":0,"href":"https:\/\/telegrama-wiki.com\/dk\/wp-json\/wp\/v2\/pages\/282\/revisions"}],"wp:attachment":[{"href":"https:\/\/telegrama-wiki.com\/dk\/wp-json\/wp\/v2\/media?parent=282"}],"curies":[{"name":"wp","href":"https:\/\/api.w.org\/{rel}","templated":true}]}}