{"id":46,"date":"2024-04-16T10:26:38","date_gmt":"2024-04-16T07:26:38","guid":{"rendered":"https:\/\/telegrama-wiki.com\/dk\/telegram-web-hvordan-man-logger-ind-online\/"},"modified":"2024-04-16T10:26:38","modified_gmt":"2024-04-16T07:26:38","slug":"telegram-web-hvordan-man-logger-ind-online","status":"publish","type":"page","link":"https:\/\/telegrama-wiki.com\/dk\/","title":{"rendered":"Telegram Web: Hvordan man logger ind online"},"content":{"rendered":"<p>Siden lanceringen i 2013 er Telegram Messenger fast tr\u00e5dt ind i dagligdagen for hundreder af millioner brugere over hele verden. I l\u00f8bet af denne tid har det form\u00e5et at tjene et ry som en af de hurtigste, mest sikre og funktionsrige messaging-tjenester.<\/p>\n<p>Telegram -applikationen er tilg\u00e6ngelig p\u00e5 alle popul\u00e6re platforme &#8211; fra smartphones og tablets til personlige computere. Derudover har det en praktisk webgr\u00e6nseflade til brug i en browser. Denne kapacitet p\u00e5 tv\u00e6rs af platform giver brugerne mulighed for at holde kontakten p\u00e5 alle tidspunkter.<\/p>\n<p><span itemprop=\"image\" itemscope itemtype=\"https:\/\/schema.org\/ImageObject\"><img itemprop=\"url image\" loading=\"lazy\" decoding=\"async\" class=\"aligncenter wp-image-22 \" src=\"https:\/\/telegrama-wiki.com\/wp-content\/uploads\/2024\/04\/Telegram-Web.png\" alt=\"Telegram Web\" width=\"629\" height=\"359\" \/><meta itemprop=\"width\" content=\"629\"><meta itemprop=\"height\" content=\"359\"><\/span><\/p>\n<p>Denne artikel vil fokusere p\u00e5, hvordan man bruger Telegram i en browser, fordelene ved skrivebordsversionen og de forskellige nyttige funktioner i denne messenger.<\/p>\n<h2>S\u00e5dan f\u00e5r du adgang til Telegram online<\/h2>\n<p>Telegram er en popul\u00e6r meddelelsestjeneste, der er tilg\u00e6ngelig p\u00e5 alle st\u00f8rre platforme, inklusive Android -telefoner. Du kan dog ogs\u00e5 bruge Telegram via enhver webbrowser uden behov for at installere en applikation.<\/p>\n<p>Telegram har en officiel webapp, som du nemt kan f\u00e5 adgang til via en browser. Dette er en praktisk mulighed for at bruge meddelelsestjenesten p\u00e5 offentlige computere eller en vens eller familiemedlems computer.<\/p>\n<p>Telegram -webappen er kompatibel med alle st\u00f8rre browsere, herunder Google Chrome, Microsoft Edge, Safari og Mozilla Firefox. Det er ogs\u00e5 platformspecifikt, hvilket betyder, at du kan f\u00e5 adgang til det fra ethvert moderne operativsystem.<\/p>\n<h2>Logning til telegram: instruktioner<\/h2>\n<p>F\u00f8lg disse trin for at logge ind p\u00e5 Telegram p\u00e5 en computer:<\/p>\n<ol>\n<li>\u00c5bn Telegram Web p\u00e5 web.telegram.org p\u00e5 din computer;<\/li>\n<li>En QR -kode vises p\u00e5 sk\u00e6rmen;<\/li>\n<li>\u00c5bn Telegram -appen p\u00e5 din telefon;<\/li>\n<li>\u00c5bn menuen &#8220;Indstillinger&#8221;;<\/li>\n<li>Klik p\u00e5 knappen &#8220;Enheder&#8221;;<\/li>\n<li>V\u00e6lg &#8220;Link Desktop Device&#8221;;<\/li>\n<li>Scan QR -koden, der vises i Telegram -webappen;<\/li>\n<li>Hvis du ikke har adgang til Telegram -appen p\u00e5 din telefon, skal du bruge indstillingen &#8220;Login via telefon&#8221;;<\/li>\n<li>Indtast dit telefonnummer;<\/li>\n<li>Du modtager en femcifret kode i Telegram-appen p\u00e5 din telefon. Indtast det for at logge p\u00e5 Telegram Web;<\/li>\n<li>Hvis du har to-trins verifikation aktiveret, skal du indtaste adgangskoden.<\/li>\n<\/ol>\n<blockquote><p>Ved at f\u00f8lge disse trin vil du v\u00e6re i stand til at logge ind p\u00e5 telegram p\u00e5 din computer og f\u00e5 adgang til alle dine chats og beskeder.<\/p><\/blockquote>\n<h2>Funktioner i webversionen<\/h2>\n<p>Funktionaliteten af webversionen af Telegram er n\u00e6sten identisk med de mobile apps til smartphones og pc&#8217;er. Der er dog en vigtig forskel i webversionen &#8211; evnen til at modtage meddelelser om nye indg\u00e5ende meddelelser i realtid. Dette giver dig mulighed for at holde kontakten, selvom Telegram ikke k\u00f8rer. Underretninger dukker op i browseren, ligesom fra andre webapps.<\/p>\n<p>S\u00e5ledes er webversionen af Telegram en fuldgyldig messenger til kommunikation via en browser med meddelelser om nye meddelelser. Dette er meget praktisk i mangel af adgang til en mobiltelefon.<\/p>\n<h2>Servicefunktioner<\/h2>\n<p>Telegram Web Online er n\u00e6sten p\u00e5 niveau med de fulde Telegram-apps til pc og smartphones med hensyn til funktionalitet.<\/p>\n<p>N\u00f8glefunktioner:<\/p>\n<ul>\n<li>Meddelelser i personlige chats og gruppechats;<\/li>\n<li>Afsendelse af mediefiler &#8211; fotos, videoer, lyd, dokumenter;<\/li>\n<li>Oprettelse af gruppechats;<\/li>\n<li>S\u00f8gning efter kontakter og dialoger efter n\u00f8gleord;<\/li>\n<li>Konfiguration af meddelelser til nye meddelelser;<\/li>\n<li>Filtrering af chats efter indholdstype;<\/li>\n<li>Redigering og sletning af meddelelser;<\/li>\n<li>\u00c6ndring af avatar og brugernavn.<\/li>\n<\/ul>\n<p>Derudover er de fleste telegrambots, klisterm\u00e6rkepakker og andre nyttige telegramv\u00e6rkt\u00f8jer tilg\u00e6ngelige p\u00e5 Telegram Web.<\/p>\n<p>Den st\u00f8rste fordel ved webversionen er, at den ikke kr\u00e6ver installation af applikationer. Alt hvad du beh\u00f8ver er en browser og internettet til at bruge messenger p\u00e5 enhver enhed.<\/p>\n<p>Dette er praktisk i situationer:<\/p>\n<ul>\n<li>N\u00e5r der ikke er nogen mulighed eller \u00f8nske om at installere Telegram p\u00e5 en computer;<\/li>\n<li>At f\u00e5 adgang til telegram fra andres enheder i frav\u00e6r af din egen smartphone;<\/li>\n<li>At bruge webapps p\u00e5 Chromebook, hvor der ikke er indf\u00f8dte programmer.<\/li>\n<\/ul>\n<p>Generelt leverer Telegram Web n\u00e6sten al den grundl\u00e6ggende funktionalitet i det fulde desktop og mobile versioner. Dette betyder, at denne service kan blive en fuldgyldig erstatning for telegram-applikationer i de fleste brugsscenarier.<\/p>\n<h2>Kommunikationsfunktioner og fordele<\/h2>\n<p>Om 10 \u00e5r har Telegram udviklet sig fra en simpel messenger til en multifunktionel platform til kommunikation og l\u00f8sning af forskellige opgaver. Lad os se p\u00e5 de vigtigste kommunikationsfunktioner i Telegram.<\/p>\n<ul>\n<li>Samtale auto-Delete. Denne indstilling giver dig mulighed for at t\u00e6nde for automatisk sletning af hele chathistorien efter et bestemt tidspunkt. Dette sikrer fortroligheden af \u200b\u200bkommunikation. For at aktivere det skal du bare g\u00e5 til indstillingerne for chatten med den \u00f8nskede samtalepartner og v\u00e6lge en timer til auto-deletion;<\/li>\n<li>Cloud -adgangskode. Dette er en anden vigtig sikkerhedsmulighed &#8211; Telegram -to -faktor -godkendelse ved hj\u00e6lp af en speciel adgangskode. Det beskytter din konto mod hacking. Aktiveret i afsnittet &#8220;Privatliv &#8211; Cloud -adgangskode&#8221;;<\/li>\n<li>Fastg\u00f8r beskeder. Telegramm giver dig mulighed for at fastl\u00e6gge individuelle beskeder eller hele chats. Dette er praktisk til hurtig adgang til vigtige dialoger eller filer.<\/li>\n<\/ul>\n<h2>Forskel mellem telegram p\u00e5 computeren og telefonen<\/h2>\n<p>De st\u00f8rste forskelle mellem telegram p\u00e5 en computer og p\u00e5 en telefon inkluderer:<\/p>\n<ul>\n<li>Indgang bekvemmelighed. Det er mere praktisk at skrive lange beskeder p\u00e5 en computer end p\u00e5 en telefon.<\/li>\n<li>Adgang til filer. I webversionen af Telegram er der praktisk adgang til alle filer i chatten &#8211; bare klik p\u00e5 en fil for at se alle filer af denne type;<\/li>\n<li>Synkronisering. Begge versioner af Telegram er synkroniseret, s\u00e5 alle meddelelser og filer er tilg\u00e6ngelige p\u00e5 begge enheder;<\/li>\n<li>Trafikbesparelse. Ved at bruge Telegram p\u00e5 en computer kan du gemme det mobile internet;<\/li>\n<li>Filoverf\u00f8rsel. Gennem indstillingen Telegram &#8220;Favorites&#8221; kan du bruge det til at overf\u00f8re filer mellem din telefon og computer;<\/li>\n<li>Nattilstand. Desktopversionen af Telegram har en praktisk nattilstand til behageligt arbejde i m\u00f8rket.<\/li>\n<\/ul>\n<blockquote><p>Generelt er Telegram p\u00e5 en computer et godt alternativ til mobilappen med en r\u00e6kke yderligere funktioner.<\/p><\/blockquote>\n<h2>Konklusion<\/h2>\n<p>Afslutningsvis kan vi sige, at Telegram Web er en praktisk og funktionel webversion af den popul\u00e6re messenger, der \u00e5bner mange muligheder for behagelig kommunikation. Takket v\u00e6re kompatibilitet p\u00e5 tv\u00e6rs af platform og manglen p\u00e5 behov for at installere yderligere software giver webversionen brugerne mulighed for at holde kontakten overalt og p\u00e5 enhver enhed med adgang til internettet og en webbrowser.<\/p>\n<p>P\u00e5 trods af nogle mindre begr\u00e6nsninger tilbyder Telegram Web n\u00e6sten hele spektret af funktioner, der findes i mobil- og desktop -apps. Brugere kan udveksle beskeder, oprette gruppekats, sende forskellige typer filer, tilpasse meddelelser og meget mere. Derudover giver webversionen problemfri synkronisering med alle andre enheder, hvilket sikrer konstant adgang til ajourf\u00f8rt korrespondancehistorie og filer.<\/p>\n<p>Telegram Web er et godt valg for dem, der v\u00e6rds\u00e6tter mobilitet og fleksibilitet i kommunikation. Evnen til at bruge messenger p\u00e5 enhver computer eller enhed uden behov for at installere yderligere software g\u00f8r det til en ideel l\u00f8sning til midlertidig adgang eller i tilf\u00e6lde, hvor det ikke er muligt at installere standardapplikationen.<\/p>\n<p>Generelt er Telegram Web et kraftfuldt kommunikationsv\u00e6rkt\u00f8j, der kombinerer brugervenlighed, rig funktionalitet og et h\u00f8jt niveau af sikkerhed og privatlivets fred. Takket v\u00e6re kontinuerlig udvikling og forbedring er webversionen af \u200b\u200bMessenger fortsat et af de bedste valg for dem, der leder efter en praktisk og p\u00e5lidelig l\u00f8sning til online kommunikation.<\/p>\n","protected":false},"excerpt":{"rendered":"<p>Siden lanceringen i 2013 er Telegram Messenger fast tr\u00e5dt ind i dagligdagen for hundreder af millioner brugere over hele verden. I l\u00f8bet af denne tid har det form\u00e5et&#8230;<\/p>\n","protected":false},"author":1,"featured_media":370,"parent":0,"menu_order":0,"comment_status":"closed","ping_status":"closed","template":"","meta":{"om_disable_all_campaigns":false,"_monsterinsights_skip_tracking":false,"_monsterinsights_sitenote_active":false,"_monsterinsights_sitenote_note":"","_monsterinsights_sitenote_category":0,"footnotes":""},"class_list":["post-46","page","type-page","status-publish","has-post-thumbnail",""],"aioseo_notices":[],"_links":{"self":[{"href":"https:\/\/telegrama-wiki.com\/dk\/wp-json\/wp\/v2\/pages\/46","targetHints":{"allow":["GET"]}}],"collection":[{"href":"https:\/\/telegrama-wiki.com\/dk\/wp-json\/wp\/v2\/pages"}],"about":[{"href":"https:\/\/telegrama-wiki.com\/dk\/wp-json\/wp\/v2\/types\/page"}],"author":[{"embeddable":true,"href":"https:\/\/telegrama-wiki.com\/dk\/wp-json\/wp\/v2\/users\/1"}],"replies":[{"embeddable":true,"href":"https:\/\/telegrama-wiki.com\/dk\/wp-json\/wp\/v2\/comments?post=46"}],"version-history":[{"count":0,"href":"https:\/\/telegrama-wiki.com\/dk\/wp-json\/wp\/v2\/pages\/46\/revisions"}],"wp:featuredmedia":[{"embeddable":true,"href":"https:\/\/telegrama-wiki.com\/dk\/wp-json\/wp\/v2\/media\/370"}],"wp:attachment":[{"href":"https:\/\/telegrama-wiki.com\/dk\/wp-json\/wp\/v2\/media?parent=46"}],"curies":[{"name":"wp","href":"https:\/\/api.w.org\/{rel}","templated":true}]}}