{"id":279,"date":"2024-04-22T15:00:41","date_gmt":"2024-04-22T12:00:41","guid":{"rendered":"https:\/\/telegrama-wiki.com\/es\/que-es-telegram-y-como-usarlo\/"},"modified":"2024-04-22T15:00:41","modified_gmt":"2024-04-22T12:00:41","slug":"que-es-telegram-y-como-usarlo","status":"publish","type":"page","link":"https:\/\/telegrama-wiki.com\/es\/que-es-telegram-y-como-usarlo\/","title":{"rendered":"\u00bfQu\u00e9 es Telegram y c\u00f3mo usarlo?"},"content":{"rendered":"<p style=\"text-align: justify\">En el mundo actual, la comunicaci\u00f3n en l\u00ednea se ha convertido en una parte integral de nuestras vidas. Intercambiamos mensajes con seres queridos, amigos y colegas diariamente, compartimos fotos y videos, discutimos noticias e intereses. Sin embargo, con el crecimiento de las comunicaciones digitales, nuestros requisitos para las aplicaciones de mensajer\u00eda tambi\u00e9n aumentan: no solo deben ser convenientes y funcionales, sino tambi\u00e9n proteger de manera confiable nuestra privacidad. Esta es exactamente la combinaci\u00f3n de cualidades que posee Telegram: un mensajero creado por Pavel Durov en 2013. En este art\u00edculo, veremos detallado qu\u00e9 es Telegram y c\u00f3mo usarlo. Examinaremos la historia de su creaci\u00f3n y las etapas clave del desarrollo. Analizaremos qu\u00e9 tareas ayuda a resolver y qu\u00e9 herramientas ofrece para esto. Estudiaremos el lado t\u00e9cnico de su operaci\u00f3n y enfoque para la seguridad de los datos. Evaluaremos la gama de capacidades de Telegram, desde chats b\u00e1sicos hasta caracter\u00edsticas avanzadas como bots y canales. Y, por supuesto, destacaremos sus principales ventajas en comparaci\u00f3n con otras aplicaciones de mensajer\u00eda.<\/p>\n<p><span itemprop=\"image\" itemscope itemtype=\"https:\/\/schema.org\/ImageObject\"><img itemprop=\"url image\" loading=\"lazy\" decoding=\"async\" class=\"aligncenter wp-image-82\" src=\"https:\/\/telegrama-wiki.com\/ru\/wp-content\/uploads\/sites\/2\/2024\/04\/What-is-Telegram.png\" alt=\"Que es telegram\" width=\"629\" height=\"472\" \/><meta itemprop=\"width\" content=\"629\"><meta itemprop=\"height\" content=\"472\"><\/span><\/p>\n<h2 style=\"text-align: justify\">Que es Telegram<\/h2>\n<p style=\"text-align: justify\">Telegram es una aplicaci\u00f3n de mensajer\u00eda popular creada por Pavel Durov, el fundador de la red social Vkontakte. Le permite intercambiar mensajes, fotos, videos y otros archivos. Telegram es especialmente popular en el espacio post-sovi\u00e9tico debido a su versatilidad y facilidad de uso.<\/p>\n<p style=\"text-align: justify\">La historia del Telegrama comenz\u00f3 en 2013 cuando Pavel Durov comenz\u00f3 a pensar en los problemas de seguridad y confidencialidad de la comunicaci\u00f3n en l\u00ednea. Junto con su hermano, desarroll\u00f3 el sistema de cifrado MtProto, que se convirti\u00f3 en la base de Telegram. Desde entonces, el mensajero ha estado disponible en iOS y Android y comenz\u00f3 a ganar popularidad r\u00e1pidamente.<\/p>\n<h2 style=\"text-align: justify\">\u00bfPara qu\u00e9 es Telegrama?<\/h2>\n<p style=\"text-align: justify\">La funci\u00f3n principal de Telegram es proporcionar un intercambio de informaci\u00f3n r\u00e1pido y seguro. El mensajero ofrece varias formas de comunicaci\u00f3n:<\/p>\n<ol style=\"text-align: justify\">\n<li style=\"font-weight: 400\">Chats en la nube: chats regulares accesibles desde todos los dispositivos donde se instala Telegram. Aqu\u00ed puedes:\n<ul>\n<li style=\"font-weight: 400\">Ver nuevos mensajes sin notificar al remitente (manteniendo su dedo en la ventana emergente);<\/li>\n<li style=\"font-weight: 400\">Establezca un temporizador para eliminar archivos enviados;<\/li>\n<li style=\"font-weight: 400\">Editar mensajes ya enviados;<\/li>\n<li style=\"font-weight: 400\">Crear carpetas con chats para una f\u00e1cil navegaci\u00f3n.<\/li>\n<\/ul>\n<\/li>\n<li style=\"font-weight: 400\">Chats secretos: di\u00e1logos encriptados que no se almacenan en los servidores y son eliminados peri\u00f3dicamente por los propios usuarios. Proporcionan la m\u00e1xima confidencialidad;<\/li>\n<li style=\"font-weight: 400\">Voz y llamadas de video: la capacidad de comunicarse no solo a trav\u00e9s de mensajes de texto;<\/li>\n<li style=\"font-weight: 400\">Grupos: chatea con hasta 200,000 participantes. Los grupos regulares (hasta 200 personas) son adecuados para estudiar y trabajar, mientras que los supergrupos son para grandes comunidades basadas en intereses. En grupos, es conveniente responder a mensajes y mencionar usuarios espec\u00edficos;<\/li>\n<li style=\"font-weight: 400\">Canales: una herramienta para distribuir informaci\u00f3n a una gran audiencia sin l\u00edmites en el n\u00famero de suscriptores. Las encuestas, multimedia y otro contenido interesante sobre un tema espec\u00edfico a menudo se publican en canales.<\/li>\n<\/ol>\n<h2 style=\"text-align: justify\">C\u00f3mo usar Telegram<\/h2>\n<ol style=\"text-align: justify\">\n<li style=\"font-weight: 400\">Descargue la aplicaci\u00f3n Telegram en su dispositivo (tel\u00e9fono inteligente, tableta, computadora).<\/li>\n<li style=\"font-weight: 400\">Realice un simple proceso de registro especificando su n\u00famero de tel\u00e9fono y nombre.<\/li>\n<li style=\"font-weight: 400\">Importar contactos desde su gu\u00eda telef\u00f3nica o agr\u00e9galos manualmente.<\/li>\n<li style=\"font-weight: 400\">Empiece a comunicarse! Para hacer esto:\n<ul>\n<li style=\"font-weight: 400\">Toque el icono de chat en el panel inferior;<\/li>\n<li style=\"font-weight: 400\">Seleccione el contacto deseado;<\/li>\n<li style=\"font-weight: 400\">Escriba un mensaje en el campo de entrada en la parte inferior de la pantalla y presione el bot\u00f3n Enviar.<\/li>\n<\/ul>\n<\/li>\n<li style=\"font-weight: 400\">Explore las caracter\u00edsticas adicionales de Telegram:\n<ul>\n<li style=\"font-weight: 400\">Creando grupos y canales;<\/li>\n<li style=\"font-weight: 400\">Buscando canales p\u00fablicos y chats basados en intereses;<\/li>\n<li style=\"font-weight: 400\">Archivar y fijar chats importantes;<\/li>\n<li style=\"font-weight: 400\">Configurar notificaciones;<\/li>\n<li style=\"font-weight: 400\">Edici\u00f3n de mensajes enviados;<\/li>\n<li style=\"font-weight: 400\">Comenzando una charla secreta;<\/li>\n<li style=\"font-weight: 400\">Establecer un temporizador para enviar y eliminar mensajes;<\/li>\n<li style=\"font-weight: 400\">Creaci\u00f3n de chats basados en la ubicaci\u00f3n.<\/li>\n<\/ul>\n<\/li>\n<\/ol>\n<h2 style=\"text-align: justify\">C\u00f3mo funciona el Telegrama<\/h2>\n<p style=\"text-align: justify\">Telegram utiliza una combinaci\u00f3n de infraestructura centralizada y descentralizada:<\/p>\n<ul style=\"text-align: justify\">\n<li style=\"font-weight: 400\">Los datos del usuario y las conversaciones en los chats en la nube se almacenan en servidores de Telegrama en forma cifrada. Esto permite sincronizar chats entre dispositivos;<\/li>\n<li style=\"font-weight: 400\">Al mismo tiempo, las claves de cifrado para chats secretos solo est\u00e1n en los dispositivos de los interlocutores. Gracias a la tecnolog\u00eda de cifrado de extremo a extremo, incluso los empleados de Telegram no tienen acceso a conversaciones en chats secretos.<\/li>\n<\/ul>\n<p style=\"text-align: justify\">Aplicaci\u00f3n de Telegrama, \u00bfqu\u00e9 es?? El mensajero utiliza su propio protocolo MtProto desarrollado por el hermano de Pavel Durov Nikolai. Combina varios tipos de cifrado, asegurando una protecci\u00f3n de datos confiable.<\/p>\n<p style=\"text-align: justify\">Telegram tambi\u00e9n interact\u00faa estrechamente con los desarrolladores a trav\u00e9s de una API abierta y admite la creaci\u00f3n de bots: cuentas especiales para el procesamiento de mensajes autom\u00e1ticos.<\/p>\n<h2 style=\"text-align: justify\">Caracter\u00edsticas de Telegrama<\/h2>\n<p style=\"text-align: justify\">Telegram Messenger &#8211; \u00bfQu\u00e9 es?<\/p>\n<ul style=\"text-align: justify\">\n<li style=\"font-weight: 400\">Intercambio de mensajes de texto, fotos, videos, documentos y otros archivos;<\/li>\n<li style=\"font-weight: 400\">Creaci\u00f3n de chats grupales (hasta 200,000 participantes) y canales tem\u00e1ticos;<\/li>\n<li style=\"font-weight: 400\">Voz y videollamadas;<\/li>\n<li style=\"font-weight: 400\">Bots para automatizaci\u00f3n de tareas, entretenimiento y negocios;<\/li>\n<li style=\"font-weight: 400\">Pegatinas animadas personalizadas;<\/li>\n<li style=\"font-weight: 400\">Edici\u00f3n de mensajes enviados;<\/li>\n<li style=\"font-weight: 400\">Reenviar y citar mensajes;<\/li>\n<li style=\"font-weight: 400\">Sujetar mensajes importantes;<\/li>\n<li style=\"font-weight: 400\">Personalizaci\u00f3n de notificaciones para diferentes tipos de chats;<\/li>\n<li style=\"font-weight: 400\">Fotos y videos autodestructores en chats secretos;<\/li>\n<li style=\"font-weight: 400\">Autenticaci\u00f3n de dos factores para proteger las cuentas;<\/li>\n<li style=\"font-weight: 400\">Apoyo a ruso y otros idiomas;<\/li>\n<li style=\"font-weight: 400\">Buscando personas cercanas usando geolocalizaci\u00f3n;<\/li>\n<li style=\"font-weight: 400\">Archivando chats inactivos;<\/li>\n<li style=\"font-weight: 400\">Personalizaci\u00f3n de temas de apariencia.<\/li>\n<\/ul>\n<h2 style=\"text-align: justify\">Principales ventajas de Telegrama<\/h2>\n<ol style=\"text-align: justify\">\n<li style=\"font-weight: 400\">Seguridad y privacidad:\n<ul>\n<li style=\"font-weight: 400\">Cifrado de conversaciones de extremo a extremo confiable;<\/li>\n<li style=\"font-weight: 400\">Chats secretos con protecci\u00f3n adicional;<\/li>\n<li style=\"font-weight: 400\">Autenticaci\u00f3n de dos factores;<\/li>\n<li style=\"font-weight: 400\">Capacidad para eliminar una cuenta junto con todos los datos;<\/li>\n<\/ul>\n<\/li>\n<li style=\"font-weight: 400\">Facilidad de uso:\n<ul>\n<li style=\"font-weight: 400\">Interfaz intuitiva;<\/li>\n<li style=\"font-weight: 400\">Alta velocidad de funcionamiento;<\/li>\n<li style=\"font-weight: 400\">Almacenamiento en la nube ilimitado para todos los chats;<\/li>\n<li style=\"font-weight: 400\">Herramientas convenientes para organizar di\u00e1logos (carpetas, archivo, fijaci\u00f3n);<\/li>\n<li style=\"font-weight: 400\">Configuraci\u00f3n de notificaci\u00f3n extendida;<\/li>\n<li style=\"font-weight: 400\">Funciona en todas las plataformas populares (iOS, Android, Windows, MacOS, Linux, Web).<\/li>\n<\/ul>\n<\/li>\n<li style=\"font-weight: 400\">Funcionalidad rica:\n<ul>\n<li style=\"font-weight: 400\">Capacidades de comunicaci\u00f3n extensas (grupos, canales, bots);<\/li>\n<li style=\"font-weight: 400\">Soporte para todos los formatos populares de archivos multimedia;<\/li>\n<li style=\"font-weight: 400\">Adici\u00f3n continua de nuevas caracter\u00edsticas;<\/li>\n<li style=\"font-weight: 400\">API abierto para desarrolladores e integraciones.<\/li>\n<\/ul>\n<\/li>\n<li style=\"font-weight: 400\">Amplia comunidad de usuarios:\n<ul>\n<li style=\"font-weight: 400\">Audiencia activa, especialmente en pa\u00edses de la CEI;<\/li>\n<li style=\"font-weight: 400\">Muchos canales informativos y entretenidos;<\/li>\n<li style=\"font-weight: 400\">Conveniencia para la comunicaci\u00f3n con seres queridos, amigos, colegas.<\/li>\n<\/ul>\n<\/li>\n<\/ol>\n<p style=\"text-align: justify\">Sin embargo, el r\u00e1pido crecimiento de la popularidad de Telegram tambi\u00e9n crea ciertos problemas. El aumento de la carga a veces conduce a interrupciones en la operaci\u00f3n del mensajero. Y la falta de publicidad de monetizaci\u00f3n obliga a la b\u00fasqueda de nuevas formas de financiar el proyecto.<\/p>\n<p style=\"text-align: justify\">A pesar de estas deficiencias, Telegram sigue siendo una de las aplicaciones de mensajer\u00eda m\u00e1s convenientes y seguras, combinando una amplia funcionalidad y facilidad de uso. Las actualizaciones regulares lo hacen a\u00fan m\u00e1s atractivo tanto para la comunicaci\u00f3n personal como para la comunicaci\u00f3n empresarial. Por lo tanto, definitivamente vale la pena intentarlo para cualquier persona que busque una aplicaci\u00f3n de comunicaci\u00f3n en l\u00ednea moderna.<\/p>\n<h2 style=\"text-align: justify\">Conclusi\u00f3n<\/h2>\n<p style=\"text-align: justify\">Telegram no es solo otro mensajero, sino una poderosa herramienta de comunicaci\u00f3n que ofrece a los usuarios una amplia gama de posibilidades para la comunicaci\u00f3n, el intercambio de informaci\u00f3n y la organizaci\u00f3n de sus vidas en l\u00ednea.<\/p>\n<p style=\"text-align: justify\">Por un lado, Telegram atrae a una audiencia con su simplicidad y facilidad de uso. Una interfaz intuitiva, una alta velocidad de operaci\u00f3n y una compatibilidad multiplataforma lo hacen accesible para todos. Un sistema bien pensado para organizar chats (carpetas, archivo, fijaci\u00f3n) ayuda a mantener el orden incluso en los di\u00e1logos m\u00e1s activos. Y diversas configuraciones de notificaci\u00f3n permiten una gesti\u00f3n flexible de la participaci\u00f3n de uno en la comunicaci\u00f3n.<\/p>\n<p style=\"text-align: justify\">Por otro lado, Telegram impresiona con su rica funcionalidad. Adem\u00e1s de los mensajes y llamadas de texto est\u00e1ndar, ofrece la creaci\u00f3n de grupos con hasta 200,000 participantes, canales tem\u00e1ticos sin limitaciones de audiencia, as\u00ed como chatbots para la automatizaci\u00f3n y entretenimiento de tareas. Soporte para todos los formatos de archivos multimedia populares y la adici\u00f3n constante de nuevas caracter\u00edsticas hace que Telegram sea una herramienta vers\u00e1til para la comunicaci\u00f3n personal y comercial.<\/p>\n<p style=\"text-align: justify\">Sin embargo, la principal ventaja de Telegram es, sin duda, su enfoque en la seguridad y la privacidad de los usuarios. En una era de amenazas digitales y fugas de datos, Telegram ofrece un cifrado confiable de conversaciones de extremo a extremo, chats secretos con un nivel adicional de protecci\u00f3n y la capacidad de eliminar por completo la huella digital de uno. Esto lo convierte en una opci\u00f3n atractiva para cualquiera que valora la privacidad de su comunicaci\u00f3n en l\u00ednea.<\/p>\n","protected":false},"excerpt":{"rendered":"<p>En el mundo actual, la comunicaci\u00f3n en l\u00ednea se ha convertido en una parte integral de nuestras vidas. Intercambiamos mensajes con seres queridos, amigos y colegas diariamente, compartimos&#8230;<\/p>\n","protected":false},"author":1,"featured_media":292,"parent":0,"menu_order":0,"comment_status":"closed","ping_status":"closed","template":"","meta":{"om_disable_all_campaigns":false,"_monsterinsights_skip_tracking":false,"_monsterinsights_sitenote_active":false,"_monsterinsights_sitenote_note":"","_monsterinsights_sitenote_category":0,"footnotes":""},"class_list":["post-279","page","type-page","status-publish","has-post-thumbnail",""],"aioseo_notices":[],"_links":{"self":[{"href":"https:\/\/telegrama-wiki.com\/es\/wp-json\/wp\/v2\/pages\/279","targetHints":{"allow":["GET"]}}],"collection":[{"href":"https:\/\/telegrama-wiki.com\/es\/wp-json\/wp\/v2\/pages"}],"about":[{"href":"https:\/\/telegrama-wiki.com\/es\/wp-json\/wp\/v2\/types\/page"}],"author":[{"embeddable":true,"href":"https:\/\/telegrama-wiki.com\/es\/wp-json\/wp\/v2\/users\/1"}],"replies":[{"embeddable":true,"href":"https:\/\/telegrama-wiki.com\/es\/wp-json\/wp\/v2\/comments?post=279"}],"version-history":[{"count":0,"href":"https:\/\/telegrama-wiki.com\/es\/wp-json\/wp\/v2\/pages\/279\/revisions"}],"wp:featuredmedia":[{"embeddable":true,"href":"https:\/\/telegrama-wiki.com\/es\/wp-json\/wp\/v2\/media\/292"}],"wp:attachment":[{"href":"https:\/\/telegrama-wiki.com\/es\/wp-json\/wp\/v2\/media?parent=279"}],"curies":[{"name":"wp","href":"https:\/\/api.w.org\/{rel}","templated":true}]}}