{"id":282,"date":"2024-04-22T15:04:16","date_gmt":"2024-04-22T12:04:16","guid":{"rendered":"https:\/\/telegrama-wiki.com\/es\/politica-de-privacidad\/"},"modified":"2024-04-22T15:04:16","modified_gmt":"2024-04-22T12:04:16","slug":"politica-de-privacidad","status":"publish","type":"page","link":"https:\/\/telegrama-wiki.com\/es\/politica-de-privacidad\/","title":{"rendered":"pol\u00edtica de privacidad"},"content":{"rendered":"<p>La administraci\u00f3n del sitio web Telegrama-Wiki.com (en adelante denominado el sitio) respeta los derechos de los visitantes del sitio. Reconocemos incondicionalmente la importancia de la confidencialidad de la informaci\u00f3n personal de los visitantes de nuestro sitio. Esta p\u00e1gina contiene informaci\u00f3n sobre los datos que recibimos y recopilamos cuando usa el sitio. Esperamos que esta informaci\u00f3n lo ayude a tomar decisiones informadas sobre la informaci\u00f3n personal que nos proporciona.<\/p>\n<p>Esta Pol\u00edtica de privacidad se aplica solo al Sitio y a la informaci\u00f3n recopilada por este Sitio y a trav\u00e9s de ella. No se aplica a ning\u00fan otro sitio y no es aplicable a sitios web de terceros que puedan vincular al sitio.<\/p>\n<h2>Recopilaci\u00f3n de informaci\u00f3n<\/h2>\n<p>Cuando visita el sitio, determinamos el nombre de dominio y el pa\u00eds de su proveedor (por ejemplo \u00ab, AOL.com \u00ab) y las transiciones seleccionadas de una p\u00e1gina a otra (llamada\u00bb Actividad de Clickstream \u00ab).<br \/>\nLa informaci\u00f3n que recibimos en el sitio se puede utilizar para facilitar su uso del Sitio, incluidos, entre otros, que se limita a:<\/p>\n<ul>\n<li>Organizar el sitio de la manera m\u00e1s f\u00e1cil de usar<\/li>\n<li>Proporcionar la capacidad de suscribirse a boletines por correo electr\u00f3nico para ofertas y temas especiales si desea recibir tales notificaciones<\/li>\n<\/ul>\n<p>El sitio recopila solo informaci\u00f3n personal que proporciona voluntariamente al visitar o registrarse en el sitio. El t\u00e9rmino \u00abinformaci\u00f3n personal\u00bb incluye informaci\u00f3n que lo identifica como una persona espec\u00edfica, como su nombre o direcci\u00f3n de correo electr\u00f3nico. Si bien puede ver el contenido del sitio sin pasar por el procedimiento de registro, deber\u00e1 registrarse para usar algunas caracter\u00edsticas, como dejar su comentario en un art\u00edculo.<br \/>\nEl sitio utiliza tecnolog\u00eda \u00abcookies\u00bb para generar informes estad\u00edsticos. Una \u00abcookie\u00bb es una peque\u00f1a cantidad de datos enviados por un sitio web, que el navegador de su computadora almacena en el disco duro de su computadora. Las cookies contienen informaci\u00f3n que puede ser necesaria para el sitio: para guardar sus preferencias de visualizaci\u00f3n y recopilar informaci\u00f3n estad\u00edstica sobre el sitio, I.mi. qu\u00e9 p\u00e1ginas visit\u00f3, qu\u00e9 se descarg\u00f3, el nombre de dominio del proveedor de Internet y el pa\u00eds del visitante, as\u00ed como las direcciones de sitios web de terceros desde los que se realiz\u00f3 la transici\u00f3n al sitio y se realiz\u00f3 m\u00e1s. Sin embargo, toda esta informaci\u00f3n no est\u00e1 relacionada con usted como individuo. Las cookies no registran su direcci\u00f3n de correo electr\u00f3nico ni ninguna informaci\u00f3n personal sobre usted. Adem\u00e1s, esta tecnolog\u00eda en el sitio es utilizada por el mostrador instalado de Spando\/LiveInternet\/etc.<\/p>\n<p>Adem\u00e1s, utilizamos registros de servidores web est\u00e1ndar para contar los visitantes y evaluar las capacidades t\u00e9cnicas de nuestro sitio. Utilizamos esta informaci\u00f3n para determinar cu\u00e1ntas personas visitan el sitio y organizamos las p\u00e1ginas de la manera m\u00e1s f\u00e1cil de usar, nos aseguramos de que el sitio sea compatible con los navegadores utilizados y haga que el contenido de nuestras p\u00e1ginas sea lo m\u00e1s \u00fatil posible para nuestros visitantes. Registramos informaci\u00f3n sobre los movimientos en el sitio, pero no sobre los visitantes individuales del sitio, por lo que la administraci\u00f3n del sitio no almacenar\u00e1 o usar\u00e1 informaci\u00f3n espec\u00edfica sobre usted sin consentimiento sin su consentimiento.<\/p>\n<p>Para ver el material sin cookies, puede configurar su navegador para no aceptar cookies o notificarle cu\u00e1ndo se env\u00edan cookies (los navegadores son diferentes, por lo que le recomendamos que verifique la secci\u00f3n \u00abAyuda\u00bb para averiguar c\u00f3mo cambiar la configuraci\u00f3n de las cookies de su m\u00e1quina).<\/p>\n<h2>El intercambio de informaci\u00f3n<\/h2>\n<p>La administraci\u00f3n del sitio no, bajo ninguna circunstancia, no vende o alquila su informaci\u00f3n personal a terceros. Tampoco divulgamos la informaci\u00f3n personal que proporciona, excepto seg\u00fan lo requerido por la ley (especifique el pa\u00eds donde se encuentra el servidor).<br \/>\nLa administraci\u00f3n del sitio tiene una asociaci\u00f3n con Google, que coloca materiales publicitarios y anuncios pagados en las p\u00e1ginas del sitio (incluidas, entre otros, hiperv\u00ednculos de texto). Como parte de esta cooperaci\u00f3n, la administraci\u00f3n del sitio informa a todas las partes interesadas de la siguiente informaci\u00f3n:<\/p>\n<ol>\n<li>Google, como proveedor de terceros, utiliza cookies para servir anuncios en el sitio;<\/li>\n<li>DoubleClick Dart Advertising Product Cookies son utilizadas por Google en anuncios que se sirven en el sitio como participante en el programa de contenido de Adsense for Content;<\/li>\n<li>El uso de las cookies de DART de Google le permite recopilar y utilizar informaci\u00f3n sobre los visitantes del sitio (excepto el nombre, la direcci\u00f3n, la direcci\u00f3n del correo electr\u00f3nico o el n\u00famero de tel\u00e9fono) sobre sus visitas al sitio y otros sitios web para proporcionar anuncios sobre bienes y servicios de mayor inter\u00e9s. A usted;<\/li>\n<li>Google, en el proceso de recopilar esta informaci\u00f3n, se gu\u00eda por su propia pol\u00edtica de privacidad;<\/li>\n<li>Los usuarios del sitio pueden optar por no participar en las cookies de dardos visitando el <a href=\"https:\/\/web.archive.org\/web\/20201201172127\/http:\/\/www.google.com\/policies\/technologies\/ads\/\">Pol\u00edtica de privacidad de la red de anuncios y contenido de Google y Google<\/a> p\u00e1gina.<\/li>\n<\/ol>\n<h2>Descargo de responsabilidad<\/h2>\n<p>Recuerde que la transferencia de informaci\u00f3n personal al visitar sitios de terceros, incluidos los sitios de empresas asociadas, incluso si el sitio web contiene un enlace al sitio o hay un enlace a estos sitios web en el sitio, no est\u00e1 sujeto a este documento. La administraci\u00f3n del sitio no es responsable de las acciones de otros sitios web. El proceso de recopilaci\u00f3n y transmisi\u00f3n de informaci\u00f3n personal al visitar estos sitios se rige por el documento de \u00abprotecci\u00f3n de datos personales\u00bb o uno similar ubicado en los sitios web de estas compa\u00f1\u00edas.<\/p>\n","protected":false},"excerpt":{"rendered":"<p>La administraci\u00f3n del sitio web Telegrama-Wiki.com (en adelante denominado el sitio) respeta los derechos de los visitantes del sitio. Reconocemos incondicionalmente la importancia de la confidencialidad de la&#8230;<\/p>\n","protected":false},"author":1,"featured_media":0,"parent":0,"menu_order":0,"comment_status":"closed","ping_status":"closed","template":"","meta":{"om_disable_all_campaigns":false,"_monsterinsights_skip_tracking":false,"_monsterinsights_sitenote_active":false,"_monsterinsights_sitenote_note":"","_monsterinsights_sitenote_category":0,"footnotes":""},"class_list":["post-282","page","type-page","status-publish",""],"aioseo_notices":[],"_links":{"self":[{"href":"https:\/\/telegrama-wiki.com\/es\/wp-json\/wp\/v2\/pages\/282","targetHints":{"allow":["GET"]}}],"collection":[{"href":"https:\/\/telegrama-wiki.com\/es\/wp-json\/wp\/v2\/pages"}],"about":[{"href":"https:\/\/telegrama-wiki.com\/es\/wp-json\/wp\/v2\/types\/page"}],"author":[{"embeddable":true,"href":"https:\/\/telegrama-wiki.com\/es\/wp-json\/wp\/v2\/users\/1"}],"replies":[{"embeddable":true,"href":"https:\/\/telegrama-wiki.com\/es\/wp-json\/wp\/v2\/comments?post=282"}],"version-history":[{"count":0,"href":"https:\/\/telegrama-wiki.com\/es\/wp-json\/wp\/v2\/pages\/282\/revisions"}],"wp:attachment":[{"href":"https:\/\/telegrama-wiki.com\/es\/wp-json\/wp\/v2\/media?parent=282"}],"curies":[{"name":"wp","href":"https:\/\/api.w.org\/{rel}","templated":true}]}}