{"id":46,"date":"2024-04-16T10:26:38","date_gmt":"2024-04-16T07:26:38","guid":{"rendered":"https:\/\/telegrama-wiki.com\/es\/telegram-web-como-iniciar-sesion-en-linea\/"},"modified":"2024-04-16T10:26:38","modified_gmt":"2024-04-16T07:26:38","slug":"telegram-web-como-iniciar-sesion-en-linea","status":"publish","type":"page","link":"https:\/\/telegrama-wiki.com\/es\/","title":{"rendered":"Telegram Web: c\u00f3mo iniciar sesi\u00f3n en l\u00ednea"},"content":{"rendered":"<p>Desde su lanzamiento en 2013, el Messenger de Telegram ha entrado firmemente en la vida diaria de cientos de millones de usuarios en todo el mundo. Durante este tiempo, ha logrado ganar una reputaci\u00f3n como uno de los servicios de mensajer\u00eda m\u00e1s r\u00e1pidos, seguros y ricos en caracter\u00edsticas.<\/p>\n<p>La aplicaci\u00f3n Telegram est\u00e1 disponible en todas las plataformas populares, desde tel\u00e9fonos inteligentes y tabletas hasta computadoras personales. Adem\u00e1s, tiene una interfaz web conveniente para su uso en un navegador. Esta capacidad multiplataforma permite a los usuarios mantenerse conectados en todo momento.<\/p>\n<p><span itemprop=\"image\" itemscope itemtype=\"https:\/\/schema.org\/ImageObject\"><img itemprop=\"url image\" loading=\"lazy\" decoding=\"async\" class=\"aligncenter wp-image-22 \" src=\"https:\/\/telegrama-wiki.com\/wp-content\/uploads\/2024\/04\/Telegram-Web.png\" alt=\"Telegrama web\" width=\"629\" height=\"359\" \/><meta itemprop=\"width\" content=\"629\"><meta itemprop=\"height\" content=\"359\"><\/span><\/p>\n<p>Este art\u00edculo se centrar\u00e1 en c\u00f3mo usar el Telegrama en un navegador, las ventajas de la versi\u00f3n de escritorio y las diversas caracter\u00edsticas \u00fatiles de este mensajero.<\/p>\n<h2>C\u00f3mo acceder a Telegram en l\u00ednea<\/h2>\n<p>Telegram es un servicio de mensajer\u00eda popular que est\u00e1 disponible en todas las plataformas principales, incluidos los tel\u00e9fonos Android. Sin embargo, tambi\u00e9n puede usar Telegram a trav\u00e9s de cualquier navegador web sin la necesidad de instalar una aplicaci\u00f3n.<\/p>\n<p>Telegram tiene una aplicaci\u00f3n web oficial a la que puede acceder f\u00e1cilmente a trav\u00e9s de un navegador. Esta es una opci\u00f3n conveniente para usar el servicio de mensajer\u00eda en computadoras p\u00fablicas o la computadora de un amigo o familiar.<\/p>\n<p>La aplicaci\u00f3n web Telegram es compatible con todos los principales navegadores, incluidos Google Chrome, Microsoft Edge, Safari y Mozilla Firefox. Tambi\u00e9n es espec\u00edfico de la plataforma, lo que significa que puede acceder a \u00e9l desde cualquier sistema operativo moderno.<\/p>\n<h2>Iniciar sesi\u00f3n en Telegram: Instrucciones<\/h2>\n<p>Para iniciar sesi\u00f3n en Telegram en una computadora, siga estos pasos:<\/p>\n<ol>\n<li>Abra la web de Telegrama en la web.Telegrama.org en su computadora;<\/li>\n<li>Aparecer\u00e1 un c\u00f3digo QR en la pantalla;<\/li>\n<li>Abra la aplicaci\u00f3n Telegram en su tel\u00e9fono;<\/li>\n<li>Abra el men\u00fa \u00abConfiguraci\u00f3n\u00bb;<\/li>\n<li>Haga clic en el bot\u00f3n \u00abDispositivos\u00bb;<\/li>\n<li>Seleccione \u00abDispositivo de escritorio de enlace\u00bb;<\/li>\n<li>Escanear el c\u00f3digo QR que se muestra en la aplicaci\u00f3n web Telegram;<\/li>\n<li>Si no tiene acceso a la aplicaci\u00f3n Telegram en su tel\u00e9fono, use la opci\u00f3n \u00abIniciar sesi\u00f3n por tel\u00e9fono\u00bb;<\/li>\n<li>Ingrese su n\u00famero telef\u00f3nico;<\/li>\n<li>Recibir\u00e1 un c\u00f3digo de cinco d\u00edgitos en la aplicaci\u00f3n Telegram en su tel\u00e9fono. Ingrese para iniciar sesi\u00f3n en Telegram Web;<\/li>\n<li>Si tiene habilitada la verificaci\u00f3n de dos pasos, ingrese la contrase\u00f1a.<\/li>\n<\/ol>\n<blockquote><p>Siguiendo estos pasos, podr\u00e1 iniciar sesi\u00f3n en Telegram en su computadora y acceder a todos sus chats y mensajes.<\/p><\/blockquote>\n<h2>Caracter\u00edsticas de la versi\u00f3n web<\/h2>\n<p>La funcionalidad de la versi\u00f3n web de Telegram es casi id\u00e9ntica a las aplicaciones m\u00f3viles para tel\u00e9fonos inteligentes y PCS. Sin embargo, hay una diferencia importante en la versi\u00f3n web: la capacidad de recibir notificaciones sobre nuevos mensajes entrantes en tiempo real. Esto le permite mantenerse conectado incluso si el Telegrama no se est\u00e1 ejecutando. Aparecen notificaciones en el navegador, al igual que en otras aplicaciones web.<\/p>\n<p>Por lo tanto, la versi\u00f3n web de Telegram es un mensajero completo para comunicarse a trav\u00e9s de un navegador con notificaciones de nuevos mensajes. Esto es muy conveniente en ausencia de acceso a un tel\u00e9fono m\u00f3vil.<\/p>\n<h2>Capacidades de servicio<\/h2>\n<p>Telegram Web Online est\u00e1 casi a la par con las aplicaciones Telegram de pleno derecho para PC y tel\u00e9fonos inteligentes en t\u00e9rminos de funcionalidad.<\/p>\n<p>Caracter\u00edsticas clave:<\/p>\n<ul>\n<li>Mensajes en chats personales y grupales;<\/li>\n<li>Enviar archivos multimedia: fotos, videos, audio, documentos;<\/li>\n<li>Creando chats grupales;<\/li>\n<li>Buscando contactos y di\u00e1logos por palabras clave;<\/li>\n<li>Configurar notificaciones para nuevos mensajes;<\/li>\n<li>Filtrando chats por tipo de contenido;<\/li>\n<li>Edici\u00f3n y eliminaci\u00f3n de mensajes;<\/li>\n<li>Cambio de avatar y nombre de usuario.<\/li>\n<\/ul>\n<p>Adem\u00e1s, la mayor\u00eda de los bots de Telegrama, paquetes de calcoman\u00edas y otras herramientas de Telegrama \u00fatiles est\u00e1n disponibles en la web de Telegrama.<\/p>\n<p>La principal ventaja de la versi\u00f3n web es que no requiere la instalaci\u00f3n de aplicaciones. Todo lo que necesita es un navegador e Internet para usar el mensajero en cualquier dispositivo.<\/p>\n<p>Esto es conveniente en situaciones:<\/p>\n<ul>\n<li>Cuando no hay oportunidad o deseo de instalar Telegram en una computadora;<\/li>\n<li>Para acceder al Telegrama desde los dispositivos de otras personas en ausencia de su propio tel\u00e9fono inteligente;<\/li>\n<li>Para usar aplicaciones web en Chromebook, donde no hay programas nativos.<\/li>\n<\/ul>\n<p>En general, Telegram Web proporciona casi toda la funcionalidad b\u00e1sica del escritorio completo y las versiones m\u00f3viles. Esto significa que este servicio puede convertirse en un reemplazo completo para aplicaciones de Telegrama en la mayor\u00eda de los escenarios de uso.<\/p>\n<h2>Caracter\u00edsticas y beneficios de comunicaci\u00f3n<\/h2>\n<p>En 10 a\u00f1os, Telegram ha evolucionado de un simple mensajero a una plataforma multifuncional para la comunicaci\u00f3n y la resoluci\u00f3n de diversas tareas. Veamos las caracter\u00edsticas de comunicaci\u00f3n clave de Telegram.<\/p>\n<ul>\n<li>Conversaci\u00f3n Auto-Delete. Esta configuraci\u00f3n le permite activar la eliminaci\u00f3n autom\u00e1tica de todo el historial de chat despu\u00e9s de un tiempo espec\u00edfico. Esto asegura la confidencialidad de la comunicaci\u00f3n. Para habilitarlo, simplemente vaya a la configuraci\u00f3n del chat con el interlocutor deseado y elija un temporizador para el auto-deleci\u00f3n;<\/li>\n<li>Contrase\u00f1a en la nube. Esta es otra opci\u00f3n de seguridad importante: la autenticaci\u00f3n de dos factores de Telegrama utilizando una contrase\u00f1a especial. Protege su cuenta de la pirater\u00eda. Habilitado en la secci\u00f3n \u00abprivacidad &#8211; contrase\u00f1a en la nube\u00bb;<\/li>\n<li>Mensajes de fijaci\u00f3n. Telegramm le permite fijar mensajes individuales o chats completos. Esto es conveniente para un acceso r\u00e1pido a di\u00e1logos o archivos importantes.<\/li>\n<\/ul>\n<h2>Diferencia entre Telegrama en la computadora y el tel\u00e9fono<\/h2>\n<p>Las principales diferencias entre el Telegrama en una computadora y en un tel\u00e9fono incluyen:<\/p>\n<ul>\n<li>Conveniencia de entrada. Es m\u00e1s conveniente escribir mensajes largos en una computadora que en un tel\u00e9fono.<\/li>\n<li>Acceso a archivos. En la versi\u00f3n web de Telegram, existe un acceso conveniente a todos los archivos en el chat; simplemente haga clic en un archivo para ver todos los archivos de este tipo;<\/li>\n<li>Sincronizaci\u00f3n. Ambas versiones de Telegram est\u00e1n sincronizadas, por lo que todos los mensajes y archivos est\u00e1n disponibles en ambos dispositivos;<\/li>\n<li>Ahorro de tr\u00e1fico. Al usar Telegram en una computadora, puede guardar Internet m\u00f3vil;<\/li>\n<li>Transferencia de archivos. A trav\u00e9s de la opci\u00f3n de \u00abfavoritos\u00bb de Telegram, puede usarlo para transferir archivos entre su tel\u00e9fono y computadora;<\/li>\n<li>Modo nocturno. La versi\u00f3n de escritorio de Telegram tiene un modo nocturno conveniente para un trabajo c\u00f3modo en la oscuridad.<\/li>\n<\/ul>\n<blockquote><p>En general, el Telegrama en una computadora es una gran alternativa a la aplicaci\u00f3n m\u00f3vil con una serie de caracter\u00edsticas adicionales.<\/p><\/blockquote>\n<h2>Conclusi\u00f3n<\/h2>\n<p>En conclusi\u00f3n, podemos decir que Telegram Web es una versi\u00f3n web conveniente y funcional del popular mensajero que abre muchas posibilidades para una comunicaci\u00f3n c\u00f3moda. Gracias a la compatibilidad multiplataforma y la falta de necesidad de instalar software adicional, la versi\u00f3n web permite a los usuarios mantenerse conectados en cualquier lugar y en cualquier dispositivo con acceso a Internet y un navegador web.<\/p>\n<p>A pesar de algunas limitaciones menores, Telegram Web ofrece casi la gama completa de caracter\u00edsticas que se encuentran en las aplicaciones m\u00f3viles y de escritorio. Los usuarios pueden intercambiar mensajes, crear chats grupales, enviar varios tipos de archivos, personalizar notificaciones y mucho m\u00e1s. Adem\u00e1s, la versi\u00f3n web proporciona una sincronizaci\u00f3n perfecta con todos los dem\u00e1s dispositivos, asegurando un acceso constante al historial y archivos actualizados de correspondencia.<\/p>\n<p>Telegram Web es una excelente opci\u00f3n para aquellos que valoran la movilidad y la flexibilidad en la comunicaci\u00f3n. La capacidad de usar el mensajero en cualquier computadora o dispositivo sin la necesidad de instalar un software adicional lo convierte en una soluci\u00f3n ideal para acceso temporal o en casos en que no es posible instalar la aplicaci\u00f3n est\u00e1ndar.<\/p>\n<p>En general, Telegram Web es una poderosa herramienta de comunicaci\u00f3n que combina la facilidad de uso, la rica funcionalidad y un alto nivel de seguridad y privacidad. Gracias al desarrollo continuo y la mejora, la versi\u00f3n web del Messenger sigue siendo una de las mejores opciones para aquellos que buscan una soluci\u00f3n conveniente y confiable para la comunicaci\u00f3n en l\u00ednea.<\/p>\n","protected":false},"excerpt":{"rendered":"<p>Desde su lanzamiento en 2013, el Messenger de Telegram ha entrado firmemente en la vida diaria de cientos de millones de usuarios en todo el mundo. Durante este&#8230;<\/p>\n","protected":false},"author":1,"featured_media":361,"parent":0,"menu_order":0,"comment_status":"closed","ping_status":"closed","template":"","meta":{"om_disable_all_campaigns":false,"_monsterinsights_skip_tracking":false,"_monsterinsights_sitenote_active":false,"_monsterinsights_sitenote_note":"","_monsterinsights_sitenote_category":0,"footnotes":""},"class_list":["post-46","page","type-page","status-publish","has-post-thumbnail",""],"aioseo_notices":[],"_links":{"self":[{"href":"https:\/\/telegrama-wiki.com\/es\/wp-json\/wp\/v2\/pages\/46","targetHints":{"allow":["GET"]}}],"collection":[{"href":"https:\/\/telegrama-wiki.com\/es\/wp-json\/wp\/v2\/pages"}],"about":[{"href":"https:\/\/telegrama-wiki.com\/es\/wp-json\/wp\/v2\/types\/page"}],"author":[{"embeddable":true,"href":"https:\/\/telegrama-wiki.com\/es\/wp-json\/wp\/v2\/users\/1"}],"replies":[{"embeddable":true,"href":"https:\/\/telegrama-wiki.com\/es\/wp-json\/wp\/v2\/comments?post=46"}],"version-history":[{"count":0,"href":"https:\/\/telegrama-wiki.com\/es\/wp-json\/wp\/v2\/pages\/46\/revisions"}],"wp:featuredmedia":[{"embeddable":true,"href":"https:\/\/telegrama-wiki.com\/es\/wp-json\/wp\/v2\/media\/361"}],"wp:attachment":[{"href":"https:\/\/telegrama-wiki.com\/es\/wp-json\/wp\/v2\/media?parent=46"}],"curies":[{"name":"wp","href":"https:\/\/api.w.org\/{rel}","templated":true}]}}