{"id":282,"date":"2024-04-22T15:04:16","date_gmt":"2024-04-22T12:04:16","guid":{"rendered":"https:\/\/telegrama-wiki.com\/fr\/politique-de-confidentialite\/"},"modified":"2024-04-22T15:04:16","modified_gmt":"2024-04-22T12:04:16","slug":"politique-de-confidentialite","status":"publish","type":"page","link":"https:\/\/telegrama-wiki.com\/fr\/politique-de-confidentialite\/","title":{"rendered":"politique de confidentialit\u00e9"},"content":{"rendered":"<p>L&rsquo;administration du site Web Telegrama-Wiki.com (ci-apr\u00e8s d\u00e9nomm\u00e9 le site) respecte les droits des visiteurs du site. Nous reconnaissons inconditionnellement l&rsquo;importance de la confidentialit\u00e9 des informations personnelles des visiteurs de notre site. Cette page contient des informations sur les donn\u00e9es que nous recevons et collectez lorsque vous utilisez le site. Nous esp\u00e9rons que ces informations vous aideront \u00e0 prendre des d\u00e9cisions \u00e9clair\u00e9es concernant les informations personnelles que vous nous fournissez.<\/p>\n<p>Cette politique de confidentialit\u00e9 s&rsquo;applique uniquement au site et aux informations collect\u00e9es par ce site et via elle. Il ne s&rsquo;applique \u00e0 aucun autre site et ne s&rsquo;applique pas aux sites Web tiers qui peuvent \u00eatre li\u00e9s au site.<\/p>\n<h2>Collection d&rsquo;informations<\/h2>\n<p>Lorsque vous visitez le site, nous d\u00e9terminons le nom de domaine et le pays de votre fournisseur (par exemple, \u00ab\u00a0AOL.com \u00ab\u00a0) et les transitions s\u00e9lectionn\u00e9es d&rsquo;une page \u00e0 une autre (ce que l&rsquo;on appelle\u00a0\u00bb l&rsquo;activit\u00e9 cliquetis \u00ab\u00a0).<br \/>\nLes informations que nous recevons sur le site peuvent \u00eatre utilis\u00e9es pour faciliter votre utilisation du site, y compris, mais sans s&rsquo;y limiter:<\/p>\n<ul>\n<li>Organiser le site de la mani\u00e8re la plus conviviale<\/li>\n<li>offrant la possibilit\u00e9 de vous abonner aux newsletters par e-mail pour des offres et des sujets sp\u00e9ciaux si vous souhaitez recevoir de telles notifications<\/li>\n<\/ul>\n<p>Le site ne recueille que des informations personnelles que vous fournissez volontairement lors de la visite ou de l&rsquo;enregistrement sur le site. Le terme &laquo;informations personnelles&raquo; comprend des informations qui vous identifient comme une personne sp\u00e9cifique, comme votre nom ou votre adresse e-mail. Bien que vous puissiez consulter le contenu du site sans passer par la proc\u00e9dure d&rsquo;enregistrement, vous devrez vous inscrire pour utiliser certaines fonctionnalit\u00e9s, comme laisser votre commentaire sur un article.<br \/>\nLe site utilise la technologie \u00ab\u00a0cookies\u00a0\u00bb pour g\u00e9n\u00e9rer des rapports statistiques. Un \u00ab\u00a0cookie\u00a0\u00bb est une petite quantit\u00e9 de donn\u00e9es envoy\u00e9es par un site Web, que le navigateur de votre ordinateur se trouve sur le disque dur de votre ordinateur. Les cookies contiennent des informations qui peuvent \u00eatre n\u00e9cessaires au site &#8211; pour enregistrer vos pr\u00e9f\u00e9rences de visualisation et collecter des informations statistiques sur le site, je.e. Quelles pages vous avez visit\u00e9es, ce qui a \u00e9t\u00e9 t\u00e9l\u00e9charg\u00e9, le nom de domaine du fournisseur d&rsquo;Internet et le pays du visiteur, ainsi que les adresses de sites Web tiers \u00e0 partir desquels la transition vers le site a \u00e9t\u00e9 r\u00e9alis\u00e9e et plus loin. Cependant, toutes ces informations ne sont en aucun cas connect\u00e9es \u00e0 vous en tant qu&rsquo;individu. Les cookies n&rsquo;enregistrent pas votre adresse e-mail ou aucune information personnelle sur vous. De plus, cette technologie sur le site est utilis\u00e9e par le compteur install\u00e9 de Spylog \/ LiveInternet \/ etc.<\/p>\n<p>De plus, nous utilisons des journaux de serveurs Web standard pour compter les visiteurs et \u00e9valuer les capacit\u00e9s techniques de notre site. Nous utilisons ces informations pour d\u00e9terminer combien de personnes visitent le site et organisons les pages de la mani\u00e8re la plus conviviale, nous assurer que le site est compatible avec les navigateurs utilis\u00e9s et rendre le contenu de nos pages aussi utile que possible pour nos visiteurs. Nous enregistrons des informations sur les mouvements sur le site, mais pas sur les visiteurs individuels du site, donc aucune information sp\u00e9cifique vous concernant ne sera stock\u00e9e ou utilis\u00e9e par l&rsquo;administration du site sans votre consentement.<\/p>\n<p>Pour afficher le mat\u00e9riel sans cookies, vous pouvez d\u00e9finir votre navigateur pour ne pas accepter les cookies ou vous informer lorsque les cookies sont envoy\u00e9s (les navigateurs sont diff\u00e9rents, nous vous conseillons donc de v\u00e9rifier la section \u00ab\u00a0Aide\u00a0\u00bb pour savoir comment modifier les param\u00e8tres des cookies de votre machine).<\/p>\n<h2>Partage d&rsquo;informations<\/h2>\n<p>L&rsquo;administration du site ne vend en aucune circonstance, ne vend ni ne loue vos informations personnelles \u00e0 des tiers. Nous ne divulguons pas non plus les informations personnelles que vous fournissez, sauf si la loi l&rsquo;exige (sp\u00e9cifiez le pays o\u00f9 se trouve le serveur).<br \/>\nL&rsquo;administration du site dispose d&rsquo;un partenariat avec Google, qui place des documents publicitaires et des annonces sur les pages du site (y compris, mais sans s&rsquo;y limiter, les hyperliens de texte). Dans le cadre de cette coop\u00e9ration, l&rsquo;administration du site informe toutes les parties int\u00e9ress\u00e9es des informations suivantes:<\/p>\n<ol>\n<li>Google, en tant que fournisseur tiers, utilise des cookies pour diffuser des annonces sur le site;<\/li>\n<li>DoubleClick Dart Advertising Product cookies est utilis\u00e9 par Google dans les publicit\u00e9s servies sur le site en tant que participant au programme AdSense pour le contenu;<\/li>\n<li>L&rsquo;utilisation par Google des cookies DART lui permet de collecter et d&rsquo;utiliser des informations sur les visiteurs du site (\u00e0 l&rsquo;exception du nom, de l&rsquo;adresse, de l&rsquo;adresse e-mail ou du num\u00e9ro de t\u00e9l\u00e9phone) sur vos visites sur le site et d&rsquo;autres sites Web afin de fournir des annonces sur les biens et services de la plupart des int\u00e9r\u00eats pour vous;<\/li>\n<li>Google, dans le processus de collecte de ces informations, est guid\u00e9 par sa propre politique de confidentialit\u00e9;<\/li>\n<li>Les utilisateurs du site peuvent se retirer de l&rsquo;utilisation des cookies DART en visitant le <a href=\"https:\/\/web.archive.org\/web\/20201201172127\/http:\/\/www.google.com\/policies\/technologies\/ads\/\">Google Ad et Content Network Policy Policy<\/a> page.<\/li>\n<\/ol>\n<h2>Clause de non-responsabilit\u00e9<\/h2>\n<p>N&rsquo;oubliez pas que le transfert d&rsquo;informations personnelles lors de la visite des sites tiers, y compris les sites d&rsquo;entreprises partenaires, m\u00eame si le site Web contient un lien vers le site ou qu&rsquo;il existe un lien vers ces sites Web sur le site, n&rsquo;est pas soumis \u00e0 ce document. L&rsquo;administration du site n&rsquo;est pas responsable des actions des autres sites Web. Le processus de collecte et de transmission d&rsquo;informations personnelles lors de la visite de ces sites est r\u00e9gi par le document \u00ab\u00a0Personal Data Protection\u00a0\u00bb ou un document similaire sur les sites Web de ces soci\u00e9t\u00e9s.<\/p>\n","protected":false},"excerpt":{"rendered":"<p>L&rsquo;administration du site Web Telegrama-Wiki.com (ci-apr\u00e8s d\u00e9nomm\u00e9 le site) respecte les droits des visiteurs du site. Nous reconnaissons inconditionnellement l&rsquo;importance de la confidentialit\u00e9 des informations personnelles des visiteurs&#8230;<\/p>\n","protected":false},"author":1,"featured_media":0,"parent":0,"menu_order":0,"comment_status":"closed","ping_status":"closed","template":"","meta":{"om_disable_all_campaigns":false,"_monsterinsights_skip_tracking":false,"_monsterinsights_sitenote_active":false,"_monsterinsights_sitenote_note":"","_monsterinsights_sitenote_category":0,"footnotes":""},"class_list":["post-282","page","type-page","status-publish",""],"aioseo_notices":[],"_links":{"self":[{"href":"https:\/\/telegrama-wiki.com\/fr\/wp-json\/wp\/v2\/pages\/282","targetHints":{"allow":["GET"]}}],"collection":[{"href":"https:\/\/telegrama-wiki.com\/fr\/wp-json\/wp\/v2\/pages"}],"about":[{"href":"https:\/\/telegrama-wiki.com\/fr\/wp-json\/wp\/v2\/types\/page"}],"author":[{"embeddable":true,"href":"https:\/\/telegrama-wiki.com\/fr\/wp-json\/wp\/v2\/users\/1"}],"replies":[{"embeddable":true,"href":"https:\/\/telegrama-wiki.com\/fr\/wp-json\/wp\/v2\/comments?post=282"}],"version-history":[{"count":0,"href":"https:\/\/telegrama-wiki.com\/fr\/wp-json\/wp\/v2\/pages\/282\/revisions"}],"wp:attachment":[{"href":"https:\/\/telegrama-wiki.com\/fr\/wp-json\/wp\/v2\/media?parent=282"}],"curies":[{"name":"wp","href":"https:\/\/api.w.org\/{rel}","templated":true}]}}