{"id":287,"date":"2024-11-20T16:12:34","date_gmt":"2024-11-20T13:12:34","guid":{"rendered":"https:\/\/telegrama-wiki.com\/fr\/?page_id=287"},"modified":"2024-11-20T16:12:34","modified_gmt":"2024-11-20T13:12:34","slug":"telegram-web","status":"publish","type":"page","link":"https:\/\/telegrama-wiki.com\/fr\/","title":{"rendered":"Telegram Web: comment se connecter en ligne"},"content":{"rendered":"<p>Depuis son lancement en 2013, le messager Telegram est devenu une partie int\u00e9grante de la vie quotidienne de centaines de millions d&rsquo;utilisateurs dans le monde. Au fil du temps, il s&rsquo;est forg\u00e9 une r\u00e9putation en tant que l&rsquo;un des services de messagerie les plus rapides, s\u00e9curis\u00e9s et riches en fonctionnalit\u00e9s.<\/p>\n<p>L&rsquo;application Telegram est disponible sur toutes les plateformes populaires, des smartphones et tablettes aux ordinateurs personnels. En outre, elle dispose d&rsquo;une interface web pratique pour une utilisation dans un navigateur. Cette compatibilit\u00e9 multiplateforme permet aux utilisateurs de rester connect\u00e9s en permanence.<\/p>\n<p><span itemprop=\"image\" itemscope itemtype=\"https:\/\/schema.org\/ImageObject\"><img itemprop=\"url image\" loading=\"lazy\" decoding=\"async\" class=\"aligncenter wp-image-22 \" src=\"https:\/\/telegrama-wiki.com\/wp-content\/uploads\/2024\/04\/Telegram-Web.png\" alt=\"Telegram Web\" width=\"629\" height=\"359\" \/><meta itemprop=\"width\" content=\"629\"><meta itemprop=\"height\" content=\"359\"><\/span><br \/>\nCet article explique comment utiliser Telegram dans un navigateur, les avantages de la version de bureau et les nombreuses fonctionnalit\u00e9s utiles de ce messager.<\/p>\n<h2>Comment acc\u00e9der \u00e0 Telegram en ligne<\/h2>\n<p>Telegram est un service de messagerie populaire disponible sur toutes les grandes plateformes, y compris les t\u00e9l\u00e9phones Android. Cependant, il est \u00e9galement possible d&rsquo;utiliser Telegram via un navigateur web sans installer d&rsquo;application.<br \/>\nTelegram dispose d&rsquo;une application web officielle facilement accessible via un navigateur. C&rsquo;est une option pratique pour utiliser le service de messagerie sur des ordinateurs publics ou sur l&rsquo;ordinateur d&rsquo;un ami ou d&rsquo;un membre de la famille.<\/p>\n<p>L&rsquo;application web Telegram est compatible avec tous les principaux navigateurs, notamment Google Chrome, Microsoft Edge, Safari et Mozilla Firefox. Elle est \u00e9galement ind\u00e9pendante de la plateforme, ce qui signifie qu&rsquo;elle peut \u00eatre utilis\u00e9e sur n&rsquo;importe quel syst\u00e8me d&rsquo;exploitation moderne.<\/p>\n<h2>Connexion \u00e0 Telegram : Instructions<\/h2>\n<p>Pour vous connecter \u00e0 Telegram sur un ordinateur, suivez ces \u00e9tapes :<\/p>\n<ol>\n<li>Ouvrez Telegram Web \u00e0 l&rsquo;adresse web.telegram.org sur votre ordinateur\u00a0;<\/li>\n<li>Un code QR appara\u00eetra \u00e0 l&rsquo;\u00e9cran\u00a0;<\/li>\n<li>Ouvrez l&rsquo;application Telegram sur votre t\u00e9l\u00e9phone\u00a0;<\/li>\n<li>Acc\u00e9dez au menu \u00ab\u00a0Param\u00e8tres\u00a0\u00bb\u00a0;<\/li>\n<li>Cliquez sur le bouton \u00ab\u00a0Appareils\u00a0\u00bb\u00a0;<\/li>\n<li>S\u00e9lectionnez \u00ab\u00a0Scanner un appareil de bureau\u00a0\u00bb\u00a0;<\/li>\n<li>Scannez le code QR affich\u00e9 dans l&rsquo;application web Telegram\u00a0;<\/li>\n<li>Si vous n&rsquo;avez pas acc\u00e8s \u00e0 l&rsquo;application Telegram sur votre t\u00e9l\u00e9phone, utilisez l&rsquo;option \u00ab\u00a0Connexion par t\u00e9l\u00e9phone\u00a0\u00bb\u00a0;<\/li>\n<li>Entrez votre num\u00e9ro de t\u00e9l\u00e9phone\u00a0;<\/li>\n<li>Vous recevrez un code \u00e0 cinq chiffres dans l&rsquo;application Telegram sur votre t\u00e9l\u00e9phone. Entrez-le pour vous connecter \u00e0 Telegram Web\u00a0;<\/li>\n<li>Si la v\u00e9rification en deux \u00e9tapes est activ\u00e9e, entrez le mot de passe.<\/li>\n<\/ol>\n<blockquote><p>En suivant ces \u00e9tapes, vous pourrez vous connecter \u00e0 Telegram sur votre ordinateur et acc\u00e9der \u00e0 tous vos chats et messages.<\/p><\/blockquote>\n<h2>Fonctionnalit\u00e9s de la version Web<\/h2>\n<p>La fonctionnalit\u00e9 de la version web de Telegram est presque identique \u00e0 celle des applications mobiles pour smartphones et ordinateurs. Cependant, il existe une diff\u00e9rence importante : la capacit\u00e9 de recevoir des notifications en temps r\u00e9el pour les nouveaux messages entrants. Cela vous permet de rester connect\u00e9 m\u00eame si Telegram n&rsquo;est pas en cours d&rsquo;ex\u00e9cution. Les notifications apparaissent dans le navigateur, comme pour d&rsquo;autres applications web.<br \/>\nAinsi, la version web de Telegram est un messager complet permettant de communiquer via un navigateur avec des notifications pour les nouveaux messages. Cela est tr\u00e8s pratique en l&rsquo;absence d&rsquo;acc\u00e8s \u00e0 un t\u00e9l\u00e9phone mobile.<\/p>\n<h2>Capacit\u00e9s du service<\/h2>\n<p>Telegram Web en ligne est presque \u00e0 la hauteur des applications Telegram compl\u00e8tes pour PC et smartphones en termes de fonctionnalit\u00e9s.<br \/>\nCaract\u00e9ristiques principales :<\/p>\n<ul>\n<li>\u00c9changer des messages dans des chats personnels et de groupe\u00a0;<\/li>\n<li>Envoyer des fichiers multim\u00e9dias &#8211; photos, vid\u00e9os, audio, documents\u00a0;<\/li>\n<li>Cr\u00e9er des chats de groupe\u00a0;<\/li>\n<li>Rechercher des contacts et dialogues par mots-cl\u00e9s\u00a0;<\/li>\n<li>Configurer les notifications pour les nouveaux messages\u00a0;<\/li>\n<li>Filtrer les chats par type de contenu\u00a0;<\/li>\n<li>Modifier et supprimer des messages\u00a0;<\/li>\n<li>Changer l&rsquo;avatar et le nom d&rsquo;utilisateur.<\/li>\n<\/ul>\n<p>En outre, la plupart des bots Telegram, des packs d&rsquo;autocollants et d&rsquo;autres outils utiles sont disponibles sur Telegram Web.<br \/>\nLe principal avantage de la version web est qu&rsquo;elle ne n\u00e9cessite pas l&rsquo;installation d&rsquo;applications. Tout ce dont vous avez besoin est un navigateur et une connexion Internet pour utiliser le messager sur n&rsquo;importe quel appareil.<\/p>\n<p>Cela est pratique dans les situations suivantes\u00a0:<\/p>\n<ul>\n<li>Lorsqu&rsquo;il n&rsquo;est pas possible ou souhait\u00e9 d&rsquo;installer Telegram sur un ordinateur\u00a0;<\/li>\n<li>Pour acc\u00e9der \u00e0 Telegram depuis des appareils d&rsquo;autres personnes en l&rsquo;absence de votre propre smartphone\u00a0;<\/li>\n<li>Pour utiliser des applications web sur un Chromebook o\u00f9 il n&rsquo;existe pas de programmes natifs.<\/li>\n<\/ul>\n<p>En g\u00e9n\u00e9ral, Telegram Web offre presque toutes les fonctionnalit\u00e9s de base des versions Desktop et Mobile compl\u00e8tes. Cela signifie que ce service peut remplacer les applications Telegram dans la plupart des sc\u00e9narios d&rsquo;utilisation.<\/p>\n<h2>Caract\u00e9ristiques et avantages de la communication<\/h2>\n<p>En 10 ans, Telegram est pass\u00e9 d&rsquo;un simple messager \u00e0 une plateforme multifonctionnelle pour communiquer et accomplir diverses t\u00e2ches. Examinons les principales caract\u00e9ristiques de communication de Telegram.<\/p>\n<ul>\n<li>Suppression automatique des conversations. Ce param\u00e8tre permet d&rsquo;activer la suppression automatique de tout l&rsquo;historique du chat apr\u00e8s un certain temps. Cela garantit la confidentialit\u00e9 de la communication. Pour l&rsquo;activer, il suffit d&rsquo;acc\u00e9der aux param\u00e8tres du chat avec l&rsquo;interlocuteur concern\u00e9 et de choisir un minuteur pour la suppression automatique\u00a0;<\/li>\n<li>Mot de passe Cloud. C&rsquo;est une autre option de s\u00e9curit\u00e9 importante &#8211; l&rsquo;authentification \u00e0 deux facteurs de Telegram \u00e0 l&rsquo;aide d&rsquo;un mot de passe sp\u00e9cial. Elle prot\u00e8ge votre compte contre le piratage. Activ\u00e9e dans la section \u00ab\u00a0Confidentialit\u00e9 &#8211; Mot de passe Cloud\u00a0\u00bb\u00a0;<\/li>\n<li>\u00c9pingler des messages. Telegram permet d&rsquo;\u00e9pingler des messages individuels ou des chats entiers. Cela est pratique pour un acc\u00e8s rapide aux dialogues ou fichiers importants.<\/li>\n<\/ul>\n<h2>Diff\u00e9rence entre Telegram sur ordinateur et sur t\u00e9l\u00e9phone<\/h2>\n<p>Les principales diff\u00e9rences entre Telegram sur ordinateur et sur t\u00e9l\u00e9phone incluent\u00a0:<\/p>\n<ul>\n<li>Confort de saisie. Il est plus pratique de taper de longs messages sur un ordinateur que sur un t\u00e9l\u00e9phone.<\/li>\n<li>Acc\u00e8s aux fichiers. Dans la version web de Telegram, l&rsquo;acc\u00e8s \u00e0 tous les fichiers du chat est pratique &#8211; il suffit de cliquer sur un fichier pour voir tous les fichiers de ce type\u00a0;<\/li>\n<li>Synchronisation. Les deux versions de Telegram sont synchronis\u00e9es, de sorte que tous les messages et fichiers sont disponibles sur les deux appareils\u00a0;<\/li>\n<li>\u00c9conomie de donn\u00e9es. En utilisant Telegram sur un ordinateur, vous pouvez \u00e9conomiser l&rsquo;Internet mobile\u00a0;<\/li>\n<li>Transfert de fichiers. Gr\u00e2ce \u00e0 l&rsquo;option \u00ab\u00a0Favoris\u00a0\u00bb de Telegram, vous pouvez l&rsquo;utiliser pour transf\u00e9rer des fichiers entre votre t\u00e9l\u00e9phone et votre ordinateur\u00a0;<\/li>\n<li>Mode nuit. La version de bureau de Telegram dispose d&rsquo;un mode nuit pratique pour un travail confortable dans l&rsquo;obscurit\u00e9.<\/li>\n<\/ul>\n<blockquote><p>Dans l&rsquo;ensemble, Telegram sur un ordinateur est une excellente alternative \u00e0 l&rsquo;application mobile avec un certain nombre de fonctionnalit\u00e9s suppl\u00e9mentaires.<\/p><\/blockquote>\n<h2>Conclusion<\/h2>\n<p>En conclusion, on peut dire que Telegram Web est une version web pratique et fonctionnelle du messager populaire, qui offre de nombreuses possibilit\u00e9s pour une communication confortable. Gr\u00e2ce \u00e0 la compatibilit\u00e9 multiplateforme et \u00e0 l&rsquo;absence de besoin d&rsquo;installer un logiciel suppl\u00e9mentaire, la version web permet aux utilisateurs de rester connect\u00e9s partout et sur n&rsquo;importe quel appareil disposant d&rsquo;une connexion Internet et d&rsquo;un navigateur web.<br \/>\nMalgr\u00e9 quelques limitations mineures, Telegram Web offre presque toutes les fonctionnalit\u00e9s disponibles dans les applications mobiles et de bureau. Les utilisateurs peuvent \u00e9changer des messages, cr\u00e9er des chats de groupe, envoyer divers types de fichiers, personnaliser les notifications et bien plus encore. En outre, la version web assure une synchronisation parfaite avec tous les autres appareils, garantissant un acc\u00e8s constant \u00e0 l&rsquo;historique des correspondances et des fichiers.<\/p>\n<p>Telegram Web est un excellent choix pour ceux qui appr\u00e9cient la mobilit\u00e9 et la flexibilit\u00e9 dans la communication. La possibilit\u00e9 d&rsquo;utiliser le messager sur n&rsquo;importe quel ordinateur ou appareil sans avoir \u00e0 installer de logiciel suppl\u00e9mentaire en fait une solution id\u00e9ale pour un acc\u00e8s temporaire ou dans les cas o\u00f9 l&rsquo;installation de l&rsquo;application standard n&rsquo;est pas possible.<\/p>\n<p>Dans l&rsquo;ensemble, Telegram Web est un outil de communication puissant qui combine facilit\u00e9 d&rsquo;utilisation, richesse fonctionnelle et haut niveau de s\u00e9curit\u00e9 et de confidentialit\u00e9. Gr\u00e2ce \u00e0 son d\u00e9veloppement et \u00e0 son am\u00e9lioration constants, la version web du messager reste l&rsquo;un des meilleurs choix pour ceux qui recherchent une solution pratique et fiable pour la communication en ligne.<\/p>\n","protected":false},"excerpt":{"rendered":"<p>Depuis son lancement en 2013, le messager Telegram est devenu une partie int\u00e9grante de la vie quotidienne de centaines de millions d&rsquo;utilisateurs dans le monde. Au fil du&#8230;<\/p>\n","protected":false},"author":1,"featured_media":288,"parent":0,"menu_order":0,"comment_status":"closed","ping_status":"closed","template":"","meta":{"om_disable_all_campaigns":false,"_monsterinsights_skip_tracking":false,"_monsterinsights_sitenote_active":false,"_monsterinsights_sitenote_note":"","_monsterinsights_sitenote_category":0,"footnotes":""},"class_list":["post-287","page","type-page","status-publish","has-post-thumbnail",""],"aioseo_notices":[],"_links":{"self":[{"href":"https:\/\/telegrama-wiki.com\/fr\/wp-json\/wp\/v2\/pages\/287","targetHints":{"allow":["GET"]}}],"collection":[{"href":"https:\/\/telegrama-wiki.com\/fr\/wp-json\/wp\/v2\/pages"}],"about":[{"href":"https:\/\/telegrama-wiki.com\/fr\/wp-json\/wp\/v2\/types\/page"}],"author":[{"embeddable":true,"href":"https:\/\/telegrama-wiki.com\/fr\/wp-json\/wp\/v2\/users\/1"}],"replies":[{"embeddable":true,"href":"https:\/\/telegrama-wiki.com\/fr\/wp-json\/wp\/v2\/comments?post=287"}],"version-history":[{"count":1,"href":"https:\/\/telegrama-wiki.com\/fr\/wp-json\/wp\/v2\/pages\/287\/revisions"}],"predecessor-version":[{"id":289,"href":"https:\/\/telegrama-wiki.com\/fr\/wp-json\/wp\/v2\/pages\/287\/revisions\/289"}],"wp:featuredmedia":[{"embeddable":true,"href":"https:\/\/telegrama-wiki.com\/fr\/wp-json\/wp\/v2\/media\/288"}],"wp:attachment":[{"href":"https:\/\/telegrama-wiki.com\/fr\/wp-json\/wp\/v2\/media?parent=287"}],"curies":[{"name":"wp","href":"https:\/\/api.w.org\/{rel}","templated":true}]}}