{"id":363,"date":"2024-11-20T16:21:17","date_gmt":"2024-11-20T13:21:17","guid":{"rendered":"https:\/\/telegrama-wiki.com\/fr\/?page_id=363"},"modified":"2024-11-20T16:21:17","modified_gmt":"2024-11-20T13:21:17","slug":"quest-ce-que-le-telegramme","status":"publish","type":"page","link":"https:\/\/telegrama-wiki.com\/fr\/quest-ce-que-le-telegramme\/","title":{"rendered":"Qu&rsquo;est-ce qu&rsquo;un t\u00e9l\u00e9gramme et comment l&rsquo;utiliser"},"content":{"rendered":"<p style=\"text-align: justify;\">Dans le monde d&rsquo;aujourd&rsquo;hui, la communication en ligne est devenue une partie int\u00e9grante de nos vies. Nous \u00e9changeons quotidiennement des messages avec nos proches, amis et coll\u00e8gues, partageons des photos et des vid\u00e9os, discutons de l&rsquo;actualit\u00e9 et de nos centres d&rsquo;int\u00e9r\u00eat. Cependant, avec la croissance des communications num\u00e9riques, nos exigences envers les applications de messagerie augmentent \u00e9galement &#8211; elles doivent \u00eatre non seulement pratiques et fonctionnelles, mais aussi prot\u00e9ger de mani\u00e8re fiable notre vie priv\u00e9e. C&rsquo;est pr\u00e9cis\u00e9ment cette combinaison de qualit\u00e9s que poss\u00e8de Telegram &#8211; un messager cr\u00e9\u00e9 par Pavel Durov en 2013. Dans cet article, nous examinerons en d\u00e9tail ce qu&rsquo;est Telegram et comment l&rsquo;utiliser. Nous explorerons l&rsquo;histoire de sa cr\u00e9ation et les principales \u00e9tapes de son d\u00e9veloppement. Nous analyserons les t\u00e2ches qu&rsquo;il permet de r\u00e9soudre et les outils qu&rsquo;il propose \u00e0 cet effet. Nous \u00e9tudierons l&rsquo;aspect technique de son fonctionnement et son approche de la s\u00e9curit\u00e9 des donn\u00e9es. Nous \u00e9valuerons la gamme des capacit\u00e9s de Telegram &#8211; des chats de base aux fonctionnalit\u00e9s avanc\u00e9es comme les bots et les cha\u00eenes. Et bien s\u00fbr, nous mettrons en lumi\u00e8re ses principaux avantages par rapport aux autres applications de messagerie.<\/p>\n<p><span itemprop=\"image\" itemscope itemtype=\"https:\/\/schema.org\/ImageObject\"><img itemprop=\"url image\" loading=\"lazy\" decoding=\"async\" class=\"aligncenter wp-image-82\" src=\"https:\/\/telegrama-wiki.com\/ru\/wp-content\/uploads\/sites\/2\/2024\/04\/What-is-Telegram.png\" alt=\"What is Telegram\" width=\"629\" height=\"472\" \/><meta itemprop=\"width\" content=\"629\"><meta itemprop=\"height\" content=\"472\"><\/span><\/p>\n<h2 style=\"text-align: justify;\">Qu&rsquo;est-ce que Telegram<\/h2>\n<p style=\"text-align: justify;\">Telegram est une application de messagerie populaire cr\u00e9\u00e9e par Pavel Durov, le fondateur du r\u00e9seau social VKontakte. Elle permet d&rsquo;\u00e9changer des messages, des photos, des vid\u00e9os et d&rsquo;autres fichiers. Telegram est particuli\u00e8rement populaire dans l&rsquo;espace post-sovi\u00e9tique gr\u00e2ce \u00e0 sa polyvalence et sa facilit\u00e9 d&rsquo;utilisation.<\/p>\n<p style=\"text-align: justify;\">L&rsquo;histoire de Telegram a commenc\u00e9 en 2013 lorsque Pavel Durov a commenc\u00e9 \u00e0 r\u00e9fl\u00e9chir aux probl\u00e8mes de s\u00e9curit\u00e9 et de confidentialit\u00e9 des communications en ligne. Avec son fr\u00e8re, il a d\u00e9velopp\u00e9 le syst\u00e8me de cryptage MTProto, qui est devenu la base de Telegram. Depuis, le messager est disponible sur iOS et Android et a commenc\u00e9 \u00e0 gagner rapidement en popularit\u00e9.<\/p>\n<h2 style=\"text-align: justify;\">\u00c0 quoi sert Telegram<\/h2>\n<p style=\"text-align: justify;\">La fonction principale de Telegram est de fournir un \u00e9change d&rsquo;informations rapide et s\u00e9curis\u00e9. Le messager propose plusieurs moyens de communication :<\/p>\n<ol style=\"text-align: justify;\">\n<li style=\"font-weight: 400;\" aria-level=\"1\">Chats cloud &#8211; chats r\u00e9guliers accessibles depuis tous les appareils o\u00f9 Telegram est install\u00e9. Vous pouvez :\n<ul>\n<li style=\"font-weight: 400;\" aria-level=\"2\">Consulter les nouveaux messages sans notifier l&rsquo;exp\u00e9diteur (en maintenant votre doigt sur la fen\u00eatre contextuelle)\u00a0;<\/li>\n<li style=\"font-weight: 400;\" aria-level=\"2\">D\u00e9finir un minuteur pour supprimer les fichiers envoy\u00e9s\u00a0;<\/li>\n<li style=\"font-weight: 400;\" aria-level=\"2\">Modifier les messages d\u00e9j\u00e0 envoy\u00e9s\u00a0;<\/li>\n<li style=\"font-weight: 400;\" aria-level=\"2\">Cr\u00e9er des dossiers avec des chats pour une navigation facile.<\/li>\n<\/ul>\n<\/li>\n<li style=\"font-weight: 400;\" aria-level=\"1\">Chats secrets &#8211; dialogues crypt\u00e9s qui ne sont pas stock\u00e9s sur les serveurs et sont p\u00e9riodiquement supprim\u00e9s par les utilisateurs eux-m\u00eames. Ils offrent une confidentialit\u00e9 maximale\u00a0;<\/li>\n<li style=\"font-weight: 400;\" aria-level=\"1\">Appels vocaux et vid\u00e9o &#8211; la possibilit\u00e9 de communiquer non seulement par messages texte\u00a0;<\/li>\n<li style=\"font-weight: 400;\" aria-level=\"1\">Groupes &#8211; chats avec jusqu&rsquo;\u00e0 200 000 participants. Les groupes r\u00e9guliers (jusqu&rsquo;\u00e0 200 personnes) conviennent aux \u00e9tudes et au travail, tandis que les supergroupes sont destin\u00e9s \u00e0 de grandes communaut\u00e9s bas\u00e9es sur des int\u00e9r\u00eats communs. Dans les groupes, il est pratique de r\u00e9pondre aux messages et de mentionner des utilisateurs sp\u00e9cifiques\u00a0;<\/li>\n<li style=\"font-weight: 400;\" aria-level=\"1\">Cha\u00eenes &#8211; un outil pour diffuser des informations \u00e0 un large public sans limite sur le nombre d&rsquo;abonn\u00e9s. Les cha\u00eenes publient souvent des sondages, des contenus multim\u00e9dias et d&rsquo;autres contenus int\u00e9ressants sur un sujet sp\u00e9cifique.<\/li>\n<\/ol>\n<h2 style=\"text-align: justify;\">Comment utiliser Telegram<\/h2>\n<ol style=\"text-align: justify;\">\n<li style=\"font-weight: 400;\" aria-level=\"1\">T\u00e9l\u00e9chargez l&rsquo;application Telegram sur votre appareil (smartphone, tablette, ordinateur).<\/li>\n<li style=\"font-weight: 400;\" aria-level=\"1\">Suivez un processus d&rsquo;inscription simple en indiquant votre num\u00e9ro de t\u00e9l\u00e9phone et votre nom.<\/li>\n<li style=\"font-weight: 400;\" aria-level=\"1\">Importez des contacts depuis votre r\u00e9pertoire t\u00e9l\u00e9phonique ou ajoutez-les manuellement.<\/li>\n<li style=\"font-weight: 400;\" aria-level=\"1\">Commencez \u00e0 communiquer\u00a0! Pour cela :\n<ul>\n<li style=\"font-weight: 400;\" aria-level=\"2\">Appuyez sur l&rsquo;ic\u00f4ne de chat dans le panneau inf\u00e9rieur\u00a0;<\/li>\n<li style=\"font-weight: 400;\" aria-level=\"2\">S\u00e9lectionnez le contact souhait\u00e9\u00a0;<\/li>\n<li style=\"font-weight: 400;\" aria-level=\"2\">Tapez un message dans le champ de saisie en bas de l&rsquo;\u00e9cran et appuyez sur le bouton d&rsquo;envoi.<\/li>\n<\/ul>\n<\/li>\n<li style=\"font-weight: 400;\" aria-level=\"1\">Explorez les fonctionnalit\u00e9s suppl\u00e9mentaires de Telegram :\n<ul>\n<li style=\"font-weight: 400;\" aria-level=\"2\">Cr\u00e9er des groupes et des cha\u00eenes\u00a0;<\/li>\n<li style=\"font-weight: 400;\" aria-level=\"2\">Rechercher des cha\u00eenes publiques et des chats bas\u00e9s sur des int\u00e9r\u00eats\u00a0;<\/li>\n<li style=\"font-weight: 400;\" aria-level=\"2\">Archiver et \u00e9pingler des chats importants\u00a0;<\/li>\n<li style=\"font-weight: 400;\" aria-level=\"2\">Configurer les notifications\u00a0;<\/li>\n<li style=\"font-weight: 400;\" aria-level=\"2\">Modifier les messages envoy\u00e9s\u00a0;<\/li>\n<li style=\"font-weight: 400;\" aria-level=\"2\">D\u00e9marrer un chat secret\u00a0;<\/li>\n<li style=\"font-weight: 400;\" aria-level=\"2\">D\u00e9finir un minuteur pour l&rsquo;envoi et la suppression de messages\u00a0;<\/li>\n<li style=\"font-weight: 400;\" aria-level=\"2\">Cr\u00e9er des chats bas\u00e9s sur la localisation.<\/li>\n<\/ul>\n<\/li>\n<\/ol>\n<h2 style=\"text-align: justify;\">Comment fonctionne Telegram<\/h2>\n<p style=\"text-align: justify;\">Telegram utilise une combinaison d&rsquo;infrastructure centralis\u00e9e et d\u00e9centralis\u00e9e :<\/p>\n<ul style=\"text-align: justify;\">\n<li style=\"font-weight: 400;\" aria-level=\"1\">Les donn\u00e9es des utilisateurs et les conversations dans les chats cloud sont stock\u00e9es sur les serveurs Telegram sous forme crypt\u00e9e. Cela permet de synchroniser les chats entre les appareils\u00a0;<\/li>\n<li style=\"font-weight: 400;\" aria-level=\"1\">En m\u00eame temps, les cl\u00e9s de cryptage pour les chats secrets ne sont pr\u00e9sentes que sur les appareils des interlocuteurs. Gr\u00e2ce \u00e0 la technologie de cryptage de bout en bout, m\u00eame les employ\u00e9s de Telegram n&rsquo;ont pas acc\u00e8s aux conversations dans les chats secrets.<\/li>\n<\/ul>\n<p style=\"text-align: justify;\">Application Telegram, qu&rsquo;est-ce que c&rsquo;est\u00a0? Le messager utilise son propre protocole MTProto d\u00e9velopp\u00e9 par le fr\u00e8re de Pavel Durov, Nikolai. Il combine plusieurs types de cryptage, garantissant une protection fiable des donn\u00e9es.<\/p>\n<p style=\"text-align: justify;\">Telegram interagit \u00e9galement \u00e9troitement avec les d\u00e9veloppeurs gr\u00e2ce \u00e0 une API ouverte et prend en charge la cr\u00e9ation de bots &#8211; des comptes sp\u00e9ciaux pour le traitement automatique des messages.<\/p>\n<h2 style=\"text-align: justify;\">Fonctionnalit\u00e9s de Telegram<\/h2>\n<p style=\"text-align: justify;\">Messager Telegram &#8211; qu&rsquo;est-ce que c&rsquo;est :<\/p>\n<ul style=\"text-align: justify;\">\n<li style=\"font-weight: 400;\" aria-level=\"1\">\u00c9change de messages texte, photos, vid\u00e9os, documents et autres fichiers\u00a0;<\/li>\n<li style=\"font-weight: 400;\" aria-level=\"1\">Cr\u00e9ation de chats de groupe (jusqu&rsquo;\u00e0 200 000 participants) et de cha\u00eenes th\u00e9matiques\u00a0;<\/li>\n<li style=\"font-weight: 400;\" aria-level=\"1\">Appels vocaux et vid\u00e9o\u00a0;<\/li>\n<li style=\"font-weight: 400;\" aria-level=\"1\">Bots pour l&rsquo;automatisation des t\u00e2ches, le divertissement et les affaires\u00a0;<\/li>\n<li style=\"font-weight: 400;\" aria-level=\"1\">Autocollants anim\u00e9s personnalis\u00e9s\u00a0;<\/li>\n<li style=\"font-weight: 400;\" aria-level=\"1\">Modification des messages envoy\u00e9s\u00a0;<\/li>\n<li style=\"font-weight: 400;\" aria-level=\"1\">Transfert et citation de messages\u00a0;<\/li>\n<li style=\"font-weight: 400;\" aria-level=\"1\">\u00c9pinglage de messages importants\u00a0;<\/li>\n<li style=\"font-weight: 400;\" aria-level=\"1\">Personnalisation des notifications pour diff\u00e9rents types de chats\u00a0;<\/li>\n<li style=\"font-weight: 400;\" aria-level=\"1\">Photos et vid\u00e9os autodestructrices dans les chats secrets\u00a0;<\/li>\n<li style=\"font-weight: 400;\" aria-level=\"1\">Authentification \u00e0 deux facteurs pour prot\u00e9ger les comptes\u00a0;<\/li>\n<li style=\"font-weight: 400;\" aria-level=\"1\">Support de plusieurs langues, y compris le russe\u00a0;<\/li>\n<li style=\"font-weight: 400;\" aria-level=\"1\">Recherche de personnes \u00e0 proximit\u00e9 \u00e0 l&rsquo;aide de la g\u00e9olocalisation\u00a0;<\/li>\n<li style=\"font-weight: 400;\" aria-level=\"1\">Archivage des chats inactifs\u00a0;<\/li>\n<li style=\"font-weight: 400;\" aria-level=\"1\">Personnalisation des th\u00e8mes d&rsquo;apparence.<\/li>\n<\/ul>\n<h2 style=\"text-align: justify;\">Principaux avantages de Telegram<\/h2>\n<ol style=\"text-align: justify;\">\n<li style=\"font-weight: 400;\" aria-level=\"1\">S\u00e9curit\u00e9 et confidentialit\u00e9\u00a0:\n<ul>\n<li style=\"font-weight: 400;\" aria-level=\"2\">Cryptage de bout en bout fiable des conversations\u00a0;<\/li>\n<li style=\"font-weight: 400;\" aria-level=\"2\">Chats secrets avec protection suppl\u00e9mentaire\u00a0;<\/li>\n<li style=\"font-weight: 400;\" aria-level=\"2\">Authentification \u00e0 deux facteurs\u00a0;<\/li>\n<li style=\"font-weight: 400;\" aria-level=\"2\">Possibilit\u00e9 de supprimer un compte avec toutes les donn\u00e9es associ\u00e9es\u00a0;<\/li>\n<\/ul>\n<\/li>\n<li style=\"font-weight: 400;\" aria-level=\"1\">Facilit\u00e9 d&rsquo;utilisation\u00a0:\n<ul>\n<li style=\"font-weight: 400;\" aria-level=\"2\">Interface intuitive\u00a0;<\/li>\n<li style=\"font-weight: 400;\" aria-level=\"2\">Grande rapidit\u00e9 d&rsquo;ex\u00e9cution\u00a0;<\/li>\n<li style=\"font-weight: 400;\" aria-level=\"2\">Stockage cloud illimit\u00e9 pour tous les chats\u00a0;<\/li>\n<li style=\"font-weight: 400;\" aria-level=\"2\">Outils pratiques pour organiser les dialogues (dossiers, archivage, \u00e9pinglage)\u00a0;<\/li>\n<li style=\"font-weight: 400;\" aria-level=\"2\">Param\u00e8tres de notification avanc\u00e9s\u00a0;<\/li>\n<li style=\"font-weight: 400;\" aria-level=\"2\">Fonctionnement sur toutes les plateformes populaires (iOS, Android, Windows, macOS, Linux, Web).<\/li>\n<\/ul>\n<\/li>\n<li style=\"font-weight: 400;\" aria-level=\"1\">Richesse fonctionnelle\u00a0:\n<ul>\n<li style=\"font-weight: 400;\" aria-level=\"2\">Large \u00e9ventail de capacit\u00e9s de communication (groupes, cha\u00eenes, bots)\u00a0;<\/li>\n<li style=\"font-weight: 400;\" aria-level=\"2\">Prise en charge de tous les formats de fichiers multim\u00e9dias populaires\u00a0;<\/li>\n<li style=\"font-weight: 400;\" aria-level=\"2\">Ajout continu de nouvelles fonctionnalit\u00e9s\u00a0;<\/li>\n<li style=\"font-weight: 400;\" aria-level=\"2\">API ouverte pour les d\u00e9veloppeurs et int\u00e9grations.<\/li>\n<\/ul>\n<\/li>\n<li style=\"font-weight: 400;\" aria-level=\"1\">Large communaut\u00e9 d&rsquo;utilisateurs\u00a0:\n<ul>\n<li style=\"font-weight: 400;\" aria-level=\"2\">Audience active, notamment dans les pays de la CEI\u00a0;<\/li>\n<li style=\"font-weight: 400;\" aria-level=\"2\">Nombreux canaux informatifs et divertissants\u00a0;<\/li>\n<li style=\"font-weight: 400;\" aria-level=\"2\">Commodit\u00e9 pour la communication avec les proches, amis, coll\u00e8gues.<\/li>\n<\/ul>\n<\/li>\n<\/ol>\n<p style=\"text-align: justify;\">Cependant, la popularit\u00e9 croissante de Telegram entra\u00eene \u00e9galement certains probl\u00e8mes. L&rsquo;augmentation de la charge conduit parfois \u00e0 des dysfonctionnements du messager. Et l&rsquo;absence de mon\u00e9tisation publicitaire oblige \u00e0 rechercher de nouveaux moyens de financer le projet.<\/p>\n<p style=\"text-align: justify;\">Malgr\u00e9 ces inconv\u00e9nients, Telegram reste l&rsquo;une des applications de messagerie les plus pratiques et s\u00e9curis\u00e9es, combinant une fonctionnalit\u00e9 \u00e9tendue et une facilit\u00e9 d&rsquo;utilisation. Les mises \u00e0 jour r\u00e9guli\u00e8res le rendent encore plus attractif pour une communication personnelle et professionnelle. Par cons\u00e9quent, Telegram m\u00e9rite certainement d&rsquo;\u00eatre essay\u00e9 par quiconque recherche une application de communication en ligne moderne.<\/p>\n<h2 style=\"text-align: justify;\">Conclusion<\/h2>\n<p style=\"text-align: justify;\">Telegram n&rsquo;est pas simplement un autre messager, mais un puissant outil de communication qui offre aux utilisateurs une large gamme de possibilit\u00e9s pour communiquer, \u00e9changer des informations et organiser leur vie en ligne.<\/p>\n<p style=\"text-align: justify;\">D&rsquo;une part, Telegram attire les utilisateurs par sa simplicit\u00e9 et sa facilit\u00e9 d&rsquo;utilisation. Une interface intuitive, une grande vitesse de fonctionnement et une compatibilit\u00e9 multiplateforme le rendent accessible \u00e0 tous. Un syst\u00e8me bien pens\u00e9 pour organiser les chats (dossiers, archivage, \u00e9pinglage) permet de maintenir l&rsquo;ordre m\u00eame dans les dialogues les plus anim\u00e9s. Et des param\u00e8tres de notification vari\u00e9s permettent de g\u00e9rer de mani\u00e8re flexible son implication dans les \u00e9changes.<\/p>\n<p style=\"text-align: justify;\">D&rsquo;autre part, Telegram impressionne par sa richesse fonctionnelle. En plus des messages texte et des appels standard, il offre la cr\u00e9ation de groupes avec jusqu&rsquo;\u00e0 200 000 participants, des cha\u00eenes th\u00e9matiques sans limites d&rsquo;audience, ainsi que des chatbots pour l&rsquo;automatisation des t\u00e2ches et le divertissement. La prise en charge de tous les formats de fichiers multim\u00e9dias populaires et l&rsquo;ajout constant de nouvelles fonctionnalit\u00e9s font de Telegram un outil polyvalent pour une communication personnelle et professionnelle.<\/p>\n<p style=\"text-align: justify;\">Cependant, le principal avantage de Telegram r\u00e9side sans aucun doute dans son orientation vers la s\u00e9curit\u00e9 et la confidentialit\u00e9 des utilisateurs. \u00c0 une \u00e9poque de menaces num\u00e9riques et de fuites de donn\u00e9es, Telegram propose un cryptage de bout en bout fiable des conversations, des chats secrets avec un niveau de protection suppl\u00e9mentaire, et la possibilit\u00e9 de supprimer compl\u00e8tement ses traces num\u00e9riques. Cela en fait un choix attrayant pour quiconque valorise la confidentialit\u00e9 de sa communication en ligne.<\/p>\n","protected":false},"excerpt":{"rendered":"<p>Dans le monde d&rsquo;aujourd&rsquo;hui, la communication en ligne est devenue une partie int\u00e9grante de nos vies. Nous \u00e9changeons quotidiennement des messages avec nos proches, amis et coll\u00e8gues, partageons&#8230;<\/p>\n","protected":false},"author":1,"featured_media":364,"parent":0,"menu_order":0,"comment_status":"closed","ping_status":"closed","template":"","meta":{"om_disable_all_campaigns":false,"_monsterinsights_skip_tracking":false,"_monsterinsights_sitenote_active":false,"_monsterinsights_sitenote_note":"","_monsterinsights_sitenote_category":0,"footnotes":""},"class_list":["post-363","page","type-page","status-publish","has-post-thumbnail",""],"aioseo_notices":[],"_links":{"self":[{"href":"https:\/\/telegrama-wiki.com\/fr\/wp-json\/wp\/v2\/pages\/363","targetHints":{"allow":["GET"]}}],"collection":[{"href":"https:\/\/telegrama-wiki.com\/fr\/wp-json\/wp\/v2\/pages"}],"about":[{"href":"https:\/\/telegrama-wiki.com\/fr\/wp-json\/wp\/v2\/types\/page"}],"author":[{"embeddable":true,"href":"https:\/\/telegrama-wiki.com\/fr\/wp-json\/wp\/v2\/users\/1"}],"replies":[{"embeddable":true,"href":"https:\/\/telegrama-wiki.com\/fr\/wp-json\/wp\/v2\/comments?post=363"}],"version-history":[{"count":1,"href":"https:\/\/telegrama-wiki.com\/fr\/wp-json\/wp\/v2\/pages\/363\/revisions"}],"predecessor-version":[{"id":365,"href":"https:\/\/telegrama-wiki.com\/fr\/wp-json\/wp\/v2\/pages\/363\/revisions\/365"}],"wp:featuredmedia":[{"embeddable":true,"href":"https:\/\/telegrama-wiki.com\/fr\/wp-json\/wp\/v2\/media\/364"}],"wp:attachment":[{"href":"https:\/\/telegrama-wiki.com\/fr\/wp-json\/wp\/v2\/media?parent=363"}],"curies":[{"name":"wp","href":"https:\/\/api.w.org\/{rel}","templated":true}]}}