{"id":280,"date":"2024-04-22T15:00:41","date_gmt":"2024-04-22T12:00:41","guid":{"rendered":"https:\/\/telegrama-wiki.com\/hu\/mi-az-a-tavirat-es-hogyan-kell-hasznalni\/"},"modified":"2024-04-22T15:00:41","modified_gmt":"2024-04-22T12:00:41","slug":"mi-az-a-tavirat-es-hogyan-kell-hasznalni","status":"publish","type":"page","link":"https:\/\/telegrama-wiki.com\/hu\/mi-az-a-tavirat-es-hogyan-kell-hasznalni\/","title":{"rendered":"Mi az a t\u00e1virat \u00e9s hogyan kell haszn\u00e1lni"},"content":{"rendered":"<p style=\"text-align: justify\">A mai vil\u00e1gban az online kommunik\u00e1ci\u00f3 \u00e9let\u00fcnk szerves r\u00e9sz\u00e9v\u00e9 v\u00e1lt. Naponta cser\u00e9l\u00fcnk \u00fczeneteket szeretteivel, bar\u00e1taival \u00e9s koll\u00e9g\u00e1ival, megosztunk f\u00e9nyk\u00e9peket \u00e9s vide\u00f3kat, megvitatjuk a h\u00edreket \u00e9s az \u00e9rdekl\u0151d\u00e9seket. A digit\u00e1lis kommunik\u00e1ci\u00f3 n\u00f6veked\u00e9s\u00e9vel azonban az \u00fczenetk\u00fcld\u0151 alkalmaz\u00e1sokra vonatkoz\u00f3 k\u00f6vetelm\u00e9nyeink szint\u00e9n n\u00f6vekednek &#8211; nemcsak k\u00e9nyelmesnek \u00e9s funkcion\u00e1lisnak kell lenni\u00fck, hanem megb\u00edzhat\u00f3an v\u00e9dik mag\u00e1n\u00e9let\u00fcnket. Pontosan ez a tulajdons\u00e1gok kombin\u00e1ci\u00f3ja, amely a Telegram birtok\u00e1ban van &#8211; a Pavel Durov \u00e1ltal 2013 -ban l\u00e9trehozott h\u00edrn\u00f6k. Ebben a cikkben r\u00e9szletesen megvizsg\u00e1ljuk, mi a t\u00e1virat \u00e9s hogyan kell haszn\u00e1lni. Megvizsg\u00e1ljuk annak l\u00e9trehoz\u00e1s\u00e1nak t\u00f6rt\u00e9net\u00e9t \u00e9s a fejl\u0151d\u00e9s kulcsfontoss\u00e1g\u00fa szakaszait. Elemezni fogjuk, hogy milyen feladatokat seg\u00edt megoldani, \u00e9s milyen eszk\u00f6z\u00f6ket k\u00edn\u00e1l ehhez. Megvizsg\u00e1ljuk annak m\u0171k\u00f6d\u00e9s\u00e9nek technikai oldal\u00e1t \u00e9s az adatbiztons\u00e1g megk\u00f6zel\u00edt\u00e9s\u00e9t. \u00c9rt\u00e9kelj\u00fck a t\u00e1virat k\u00e9pess\u00e9geinek tartom\u00e1ny\u00e1t &#8211; az alapvet\u0151 cseveg\u00e9st\u0151l a fejlett funkci\u00f3kig, p\u00e9ld\u00e1ul a botok \u00e9s a csatorn\u00e1kig. \u00c9s term\u00e9szetesen kiemelj\u00fck annak f\u0151 el\u0151nyeit m\u00e1s \u00fczenetk\u00fcld\u0151 alkalmaz\u00e1sokhoz k\u00e9pest.<\/p>\n<p><span itemprop=\"image\" itemscope itemtype=\"https:\/\/schema.org\/ImageObject\"><img itemprop=\"url image\" loading=\"lazy\" decoding=\"async\" class=\"aligncenter wp-image-82\" src=\"https:\/\/telegrama-wiki.com\/ru\/wp-content\/uploads\/sites\/2\/2024\/04\/What-is-Telegram.png\" alt=\"Mi az a t\u00e1virat\" width=\"629\" height=\"472\" \/><meta itemprop=\"width\" content=\"629\"><meta itemprop=\"height\" content=\"472\"><\/span><\/p>\n<h2 style=\"text-align: justify\">Mi az a t\u00e1virat<\/h2>\n<p style=\"text-align: justify\">A Telegram egy n\u00e9pszer\u0171 \u00fczenetk\u00fcld\u0151 alkalmaz\u00e1s, amelyet Pavel Durov k\u00e9sz\u00edtett, a VKontakte k\u00f6z\u00f6ss\u00e9gi h\u00e1l\u00f3zat alap\u00edt\u00f3ja. Ez lehet\u0151v\u00e9 teszi \u00fczenetek, f\u00e9nyk\u00e9pek, vide\u00f3k \u00e9s egy\u00e9b f\u00e1jlok cser\u00e9j\u00e9t. A t\u00e1virat k\u00fcl\u00f6n\u00f6sen n\u00e9pszer\u0171 a posztszovjet t\u00e9rben, sokoldal\u00fas\u00e1g\u00e1nak \u00e9s k\u00f6nny\u0171 haszn\u00e1lat\u00e1nak k\u00f6sz\u00f6nhet\u0151en.<\/p>\n<p style=\"text-align: justify\">A Telegram t\u00f6rt\u00e9nete 2013 -ban kezd\u0151d\u00f6tt, amikor Pavel Durov elkezdett gondolkodni az online kommunik\u00e1ci\u00f3 biztons\u00e1g\u00e1nak \u00e9s titkoss\u00e1g\u00e1nak k\u00e9rd\u00e9seir\u0151l. B\u00e1tyj\u00e1val egy\u00fctt kifejlesztette az MTProto titkos\u00edt\u00e1si rendszert, amely a Telegram alapj\u00e1v\u00e1 v\u00e1lt. Az\u00f3ta a Messenger el\u00e9rhet\u0151v\u00e9 v\u00e1lt az iOS -en \u00e9s az Androidon, \u00e9s gyorsan elkezdett n\u00e9pszer\u0171s\u00e9gre szerezni.<\/p>\n<h2 style=\"text-align: justify\">Mire szolg\u00e1l a Telegram<\/h2>\n<p style=\"text-align: justify\">A Telegram f\u0151 funkci\u00f3ja a gyors \u00e9s biztons\u00e1gos inform\u00e1ci\u00f3csere biztos\u00edt\u00e1sa. A Messenger sz\u00e1mos kommunik\u00e1ci\u00f3s m\u00f3dot k\u00edn\u00e1l:<\/p>\n<ol style=\"text-align: justify\">\n<li style=\"font-weight: 400\">Cloud Chats &#8211; A rendszeres cseveg\u00e9sek minden olyan eszk\u00f6zr\u0151l el\u00e9rhet\u0151ek, ahol a t\u00e1virat van telep\u00edtve. Itt lehet:\n<ul>\n<li style=\"font-weight: 400\">\u00daj \u00fczenetek megtekint\u00e9se an\u00e9lk\u00fcl, hogy \u00e9rtes\u00edten\u00e9 a k\u00fcld\u0151t (az ujj\u00e1val a felbukkan\u00f3 ablakon tartva);<\/li>\n<li style=\"font-weight: 400\">\u00c1ll\u00edtson be egy id\u0151z\u00edt\u0151t a k\u00fcld\u00f6tt f\u00e1jlok t\u00f6rl\u00e9s\u00e9hez;<\/li>\n<li style=\"font-weight: 400\">Szerkeszt\u00e9s m\u00e1r k\u00fcld\u00f6tt \u00fczeneteket;<\/li>\n<li style=\"font-weight: 400\">Hozzon l\u00e9tre mapp\u00e1kat cseveg\u00e9sekkel az egyszer\u0171 navig\u00e1ci\u00f3 \u00e9rdek\u00e9ben.<\/li>\n<\/ul>\n<\/li>\n<li style=\"font-weight: 400\">Titkos cseveg\u00e9sek &#8211; Titkos\u00edtott p\u00e1rbesz\u00e9dek, amelyeket nem a szervereken t\u00e1rolnak, \u00e9s amelyeket maguk a felhaszn\u00e1l\u00f3k rendszeresen t\u00f6r\u00f6lnek. Maxim\u00e1lis titoktart\u00e1st biztos\u00edtanak;<\/li>\n<li style=\"font-weight: 400\">Hang- \u00e9s videoh\u00edv\u00e1sok &#8211; az a k\u00e9pess\u00e9g, hogy nemcsak sz\u00f6veges \u00fczenetekkel kommunik\u00e1ljanak;<\/li>\n<li style=\"font-weight: 400\">Csoportok &#8211; cseveg\u00e9sek ak\u00e1r 200 000 r\u00e9sztvev\u0151vel. A rendszeres csoportok (legfeljebb 200 ember) alkalmasak a tanul\u00e1sra \u00e9s a munk\u00e1ra, m\u00edg a szupercsoportok nagy \u00e9rdekl\u0151d\u00e9s-alap\u00fa k\u00f6z\u00f6ss\u00e9gek sz\u00e1m\u00e1ra k\u00e9sz\u00fcltek. Csoportokban k\u00e9nyelmes v\u00e1laszolni az \u00fczenetekre \u00e9s megeml\u00edteni az egyes felhaszn\u00e1l\u00f3kat;<\/li>\n<li style=\"font-weight: 400\">Csatorn\u00e1k &#8211; eszk\u00f6z az inform\u00e1ci\u00f3k eloszt\u00e1s\u00e1ra a nagy k\u00f6z\u00f6ns\u00e9g sz\u00e1m\u00e1ra, korl\u00e1tozva az el\u0151fizet\u0151k sz\u00e1m\u00e1t. A k\u00f6zv\u00e9lem\u00e9ny -kutat\u00e1sokat, a multim\u00e9di\u00e1t \u00e9s m\u00e1s \u00e9rdekes tartalmakat egy adott t\u00e9m\u00e1ban gyakran k\u00f6zz\u00e9teszik a csatorn\u00e1kon.<\/li>\n<\/ol>\n<h2 style=\"text-align: justify\">Hogyan kell haszn\u00e1lni a Telegramot<\/h2>\n<ol style=\"text-align: justify\">\n<li style=\"font-weight: 400\">T\u00f6ltse le a Telegram alkalmaz\u00e1st az eszk\u00f6z\u00f6n (okostelefon, t\u00e1blag\u00e9p, sz\u00e1m\u00edt\u00f3g\u00e9p).<\/li>\n<li style=\"font-weight: 400\">Haladjon \u00e1t egy egyszer\u0171 regisztr\u00e1ci\u00f3s folyamatot a telefonsz\u00e1m \u00e9s a n\u00e9v megad\u00e1s\u00e1val.<\/li>\n<li style=\"font-weight: 400\">Import n\u00e9vjegyeket a telefonk\u00f6nyvb\u0151l, vagy manu\u00e1lisan adja hozz\u00e1.<\/li>\n<li style=\"font-weight: 400\">Kezdje el a kommunik\u00e1ci\u00f3t! Ezt csin\u00e1ld meg:\n<ul>\n<li style=\"font-weight: 400\">\u00c9rintse meg az als\u00f3 panelen l\u00e9v\u0151 cseveg\u0151 ikont;<\/li>\n<li style=\"font-weight: 400\">V\u00e1lassza ki a k\u00edv\u00e1nt kapcsolatot;<\/li>\n<li style=\"font-weight: 400\">\u00cdrjon be egy \u00fczenetet a k\u00e9perny\u0151 alj\u00e1n tal\u00e1lhat\u00f3 bemeneti mez\u0151be, \u00e9s nyomja meg a K\u00fcld\u00e9s gombot.<\/li>\n<\/ul>\n<\/li>\n<li style=\"font-weight: 400\">Fedezze fel a Telegram kieg\u00e9sz\u00edt\u0151 funkci\u00f3it:\n<ul>\n<li style=\"font-weight: 400\">Csoportok \u00e9s csatorn\u00e1k l\u00e9trehoz\u00e1sa;<\/li>\n<li style=\"font-weight: 400\">Nyilv\u00e1nos csatorn\u00e1k \u00e9s \u00e9rdekl\u0151d\u00e9s-alap\u00fa cseveg\u00e9sek keres\u00e9se;<\/li>\n<li style=\"font-weight: 400\">Fontos cseveg\u00e9sek archiv\u00e1l\u00e1sa \u00e9s r\u00f6gz\u00edt\u00e9se;<\/li>\n<li style=\"font-weight: 400\">\u00c9rtes\u00edt\u00e9sek konfigur\u00e1l\u00e1sa;<\/li>\n<li style=\"font-weight: 400\">K\u00fcld\u00f6tt \u00fczenetek szerkeszt\u00e9se;<\/li>\n<li style=\"font-weight: 400\">Titkos cseveg\u00e9s ind\u00edt\u00e1sa;<\/li>\n<li style=\"font-weight: 400\">Id\u0151z\u00edt\u0151 be\u00e1ll\u00edt\u00e1sa az \u00fczenetek k\u00fcld\u00e9s\u00e9re \u00e9s t\u00f6rl\u00e9s\u00e9re;<\/li>\n<li style=\"font-weight: 400\">Helyalap\u00fa besz\u00e9lget\u00e9sek l\u00e9trehoz\u00e1sa.<\/li>\n<\/ul>\n<\/li>\n<\/ol>\n<h2 style=\"text-align: justify\">Hogyan m\u0171k\u00f6dik a t\u00e1virat<\/h2>\n<p style=\"text-align: justify\">A t\u00e1virat k\u00f6zpontos\u00edtott \u00e9s decentraliz\u00e1lt infrastrukt\u00fara kombin\u00e1ci\u00f3j\u00e1t haszn\u00e1lja:<\/p>\n<ul style=\"text-align: justify\">\n<li style=\"font-weight: 400\">Felhaszn\u00e1l\u00f3i adatok \u00e9s besz\u00e9lget\u00e9sek a felh\u0151alap\u00fa cseveg\u00e9sekben a t\u00e1virat -kiszolg\u00e1l\u00f3kon titkos\u00edtott form\u00e1ban t\u00e1rolj\u00e1k. Ez lehet\u0151v\u00e9 teszi az eszk\u00f6z\u00f6k k\u00f6z\u00f6tti cseveg\u00e9sek szinkroniz\u00e1l\u00e1s\u00e1t;<\/li>\n<li style=\"font-weight: 400\">Ugyanakkor a titkos besz\u00e9lget\u00e9sek titkos\u00edt\u00e1si kulcsjai csak a besz\u00e9lget\u0151partnerek eszk\u00f6zein tal\u00e1lhat\u00f3k. A v\u00e9gpontok k\u00f6z\u00f6tti titkos\u00edt\u00e1si technol\u00f3gi\u00e1nak k\u00f6sz\u00f6nhet\u0151en m\u00e9g a t\u00e1virat alkalmazottai sem f\u00e9rnek hozz\u00e1 a titkos cseveg\u00e9sek sor\u00e1n a besz\u00e9lget\u00e9sekhez.<\/li>\n<\/ul>\n<p style=\"text-align: justify\">T\u00e1virat alkalmaz\u00e1s, mi ez? A Messenger Pavel Durov testv\u00e9re, Nikolai \u00e1ltal kifejlesztett saj\u00e1t MTProto protokollj\u00e1t haszn\u00e1lja. Kombin\u00e1lja a titkos\u00edt\u00e1s k\u00fcl\u00f6nf\u00e9le t\u00edpusait, biztos\u00edtva a megb\u00edzhat\u00f3 adatv\u00e9delmet.<\/p>\n<p style=\"text-align: justify\">A Telegram nyitott API -n kereszt\u00fcl szorosan k\u00f6lcs\u00f6nhat\u00e1sba l\u00e9p a fejleszt\u0151kkel, \u00e9s t\u00e1mogatja a botok l\u00e9trehoz\u00e1s\u00e1t &#8211; speci\u00e1lis fi\u00f3kok az automatikus \u00fczenetfeldolgoz\u00e1shoz.<\/p>\n<h2 style=\"text-align: justify\">T\u00e1virat funkci\u00f3i<\/h2>\n<p style=\"text-align: justify\">Telegram Messenger &#8211; Mi ez:<\/p>\n<ul style=\"text-align: justify\">\n<li style=\"font-weight: 400\">Sz\u00f6veges \u00fczenetek, f\u00e9nyk\u00e9pek, vide\u00f3k, dokumentumok \u00e9s egy\u00e9b f\u00e1jlok cser\u00e9je;<\/li>\n<li style=\"font-weight: 400\">Csoportos besz\u00e9lget\u00e9sek (legfeljebb 200 000 r\u00e9sztvev\u0151) \u00e9s tematikus csatorn\u00e1k l\u00e9trehoz\u00e1sa;<\/li>\n<li style=\"font-weight: 400\">Hang- \u00e9s videoh\u00edv\u00e1sok;<\/li>\n<li style=\"font-weight: 400\">Botok a feladat automatiz\u00e1l\u00e1s\u00e1hoz, sz\u00f3rakoztat\u00e1s\u00e1hoz \u00e9s \u00fczleti \u00e9let\u00e9hez;<\/li>\n<li style=\"font-weight: 400\">Egyedi anim\u00e1lt matric\u00e1k;<\/li>\n<li style=\"font-weight: 400\">K\u00fcld\u00f6tt \u00fczenetek szerkeszt\u00e9se;<\/li>\n<li style=\"font-weight: 400\">\u00dczenetek tov\u00e1bb\u00edt\u00e1sa \u00e9s id\u00e9z\u00e9se;<\/li>\n<li style=\"font-weight: 400\">Fontos \u00fczenetek r\u00f6gz\u00edt\u00e9se;<\/li>\n<li style=\"font-weight: 400\">Az \u00e9rtes\u00edt\u00e9sek testreszab\u00e1sa k\u00fcl\u00f6nf\u00e9le t\u00edpus\u00fa cseveg\u00e9sekhez;<\/li>\n<li style=\"font-weight: 400\">\u00d6npuszt\u00edt\u00f3 fot\u00f3k \u00e9s vide\u00f3k titkos cseveg\u00e9sek sor\u00e1n;<\/li>\n<li style=\"font-weight: 400\">K\u00e9t t\u00e9nyez\u0151i hiteles\u00edt\u00e9s a fi\u00f3kok v\u00e9delme \u00e9rdek\u00e9ben;<\/li>\n<li style=\"font-weight: 400\">Az orosz \u00e9s m\u00e1s nyelvek t\u00e1mogat\u00e1sa;<\/li>\n<li style=\"font-weight: 400\">A f\u00f6ldrajzi helyzet seg\u00edts\u00e9g\u00e9vel a k\u00f6zeli emberek keres\u00e9se;<\/li>\n<li style=\"font-weight: 400\">Inakt\u00edv cseveg\u00e9sek archiv\u00e1l\u00e1sa;<\/li>\n<li style=\"font-weight: 400\">A megjelen\u00e9si t\u00e9m\u00e1k testreszab\u00e1sa.<\/li>\n<\/ul>\n<h2 style=\"text-align: justify\">A t\u00e1virat f\u0151 el\u0151nyei<\/h2>\n<ol style=\"text-align: justify\">\n<li style=\"font-weight: 400\">Biztons\u00e1g \u00e9s adatv\u00e9delem:\n<ul>\n<li style=\"font-weight: 400\">A besz\u00e9lget\u00e9sek megb\u00edzhat\u00f3 v\u00e9gpontok k\u00f6z\u00f6tti titkos\u00edt\u00e1sa;<\/li>\n<li style=\"font-weight: 400\">Titkos besz\u00e9lget\u00e9sek tov\u00e1bbi v\u00e9delemmel;<\/li>\n<li style=\"font-weight: 400\">K\u00e9tt\u00e9nyes hiteles\u00edt\u00e9s;<\/li>\n<li style=\"font-weight: 400\">K\u00e9pess\u00e9g egy fi\u00f3k t\u00f6rl\u00e9s\u00e9re az \u00f6sszes adatokkal egy\u00fctt;<\/li>\n<\/ul>\n<\/li>\n<li style=\"font-weight: 400\">Egyszer\u0171 haszn\u00e1lat:\n<ul>\n<li style=\"font-weight: 400\">Intuit\u00edv interf\u00e9sz;<\/li>\n<li style=\"font-weight: 400\">Nagy m\u0171k\u00f6d\u00e9si sebess\u00e9g;<\/li>\n<li style=\"font-weight: 400\">Korl\u00e1tlan felh\u0151alap\u00fa t\u00e1rol\u00e1s minden cseveg\u00e9shez;<\/li>\n<li style=\"font-weight: 400\">K\u00e9nyelmes eszk\u00f6z\u00f6k a p\u00e1rbesz\u00e9dek szervez\u00e9s\u00e9hez (mapp\u00e1k, archiv\u00e1l\u00e1s, csap\u00e1s);<\/li>\n<li style=\"font-weight: 400\">B\u0151v\u00edtett \u00e9rtes\u00edt\u00e9si be\u00e1ll\u00edt\u00e1sok;<\/li>\n<li style=\"font-weight: 400\">Minden n\u00e9pszer\u0171 platformon m\u0171k\u00f6dik (iOS, Android, Windows, MacOS, Linux, Web).<\/li>\n<\/ul>\n<\/li>\n<li style=\"font-weight: 400\">Gazdag funkcionalit\u00e1s:\n<ul>\n<li style=\"font-weight: 400\">Kiterjedt kommunik\u00e1ci\u00f3s k\u00e9pess\u00e9gek (csoportok, csatorn\u00e1k, botok);<\/li>\n<li style=\"font-weight: 400\">Az \u00f6sszes n\u00e9pszer\u0171 m\u00e9diaf\u00e1jl form\u00e1tum t\u00e1mogat\u00e1sa;<\/li>\n<li style=\"font-weight: 400\">\u00daj funkci\u00f3k folyamatos hozz\u00e1ad\u00e1sa;<\/li>\n<li style=\"font-weight: 400\">Nyissa meg az API -t a fejleszt\u0151k \u00e9s az integr\u00e1ci\u00f3k sz\u00e1m\u00e1ra.<\/li>\n<\/ul>\n<\/li>\n<li style=\"font-weight: 400\">Sz\u00e9les k\u00f6r\u0171 felhaszn\u00e1l\u00f3i k\u00f6z\u00f6ss\u00e9g:\n<ul>\n<li style=\"font-weight: 400\">Akt\u00edv k\u00f6z\u00f6ns\u00e9g, k\u00fcl\u00f6n\u00f6sen a F\u00c1K -orsz\u00e1gokban;<\/li>\n<li style=\"font-weight: 400\">Sok informat\u00edv \u00e9s sz\u00f3rakoztat\u00f3 csatorna;<\/li>\n<li style=\"font-weight: 400\">K\u00e9nyelem a szerettekkel, bar\u00e1tokkal, koll\u00e9g\u00e1kkal val\u00f3 kommunik\u00e1ci\u00f3hoz.<\/li>\n<\/ul>\n<\/li>\n<\/ol>\n<p style=\"text-align: justify\">A Telegram n\u00e9pszer\u0171s\u00e9g\u00e9nek gyors n\u00f6veked\u00e9se azonban bizonyos probl\u00e9m\u00e1kat is felvet. A terhel\u00e9s n\u00f6veked\u00e9se n\u00e9ha zavarokhoz vezet a Messenger m\u0171k\u00f6d\u00e9s\u00e9ben. \u00c9s a hirdet\u00e9si bev\u00e9telszerz\u00e9s hi\u00e1nya k\u00e9nyszer\u00edti a projekt finansz\u00edroz\u00e1s\u00e1nak \u00faj m\u00f3djait.<\/p>\n<p style=\"text-align: justify\">E hi\u00e1nyoss\u00e1gok ellen\u00e9re a Telegram tov\u00e1bbra is az egyik legk\u00e9nyelmesebb \u00e9s legbiztons\u00e1gosabb \u00fczenetk\u00fcld\u0151 alkalmaz\u00e1s, a kiterjedt funkcionalit\u00e1s \u00e9s a k\u00f6nny\u0171 haszn\u00e1lat kombin\u00e1ci\u00f3ja. A rendszeres friss\u00edt\u00e9sek m\u00e9g vonz\u00f3bb\u00e1 teszik mind a szem\u00e9lyes kommunik\u00e1ci\u00f3, mind az \u00fczleti kommunik\u00e1ci\u00f3 sz\u00e1m\u00e1ra. Ez\u00e9rt a Telegramot mindenk\u00e9ppen \u00e9rdemes kipr\u00f3b\u00e1lni mindenkinek, aki modern online kommunik\u00e1ci\u00f3s alkalmaz\u00e1st keres.<\/p>\n<h2 style=\"text-align: justify\">K\u00f6vetkeztet\u00e9s<\/h2>\n<p style=\"text-align: justify\">A Telegram nem csup\u00e1n egy \u00fajabb h\u00edrn\u00f6k, hanem egy hat\u00e9kony kommunik\u00e1ci\u00f3s eszk\u00f6z, amely a felhaszn\u00e1l\u00f3k sz\u00e1m\u00e1ra a kommunik\u00e1ci\u00f3, az inform\u00e1ci\u00f3csere \u00e9s az online \u00e9let megszervez\u00e9s\u00e9nek sz\u00e9les sk\u00e1l\u00e1j\u00e1t k\u00edn\u00e1lja a felhaszn\u00e1l\u00f3k sz\u00e1m\u00e1ra.<\/p>\n<p style=\"text-align: justify\">Egyr\u00e9szt a Telegram egyszer\u0171s\u00e9g\u00e9vel \u00e9s k\u00f6nny\u0171 haszn\u00e1lat\u00e1val vonzza a k\u00f6z\u00f6ns\u00e9get. Az intuit\u00edv fel\u00fclet, a nagy m\u0171k\u00f6d\u00e9si sebess\u00e9g \u00e9s a platformok k\u00f6z\u00f6tti kompatibilit\u00e1s mindenki sz\u00e1m\u00e1ra el\u00e9rhet\u0151v\u00e9 teszi. Egy j\u00f3l \u00e1tgondolt rendszer a cseveg\u00e9sek (mapp\u00e1k, archiv\u00e1l\u00e1s, r\u00f6gz\u00edt\u00e9s) szervez\u00e9s\u00e9re is seg\u00edt fenntartani a megrendel\u00e9st m\u00e9g a legforgalmasabb p\u00e1rbesz\u00e9dekben is. \u00c9s a v\u00e1ltozatos \u00e9rtes\u00edt\u00e9si be\u00e1ll\u00edt\u00e1sok lehet\u0151v\u00e9 teszik a kommunik\u00e1ci\u00f3ban val\u00f3 r\u00e9szv\u00e9tel rugalmas kezel\u00e9s\u00e9t.<\/p>\n<p style=\"text-align: justify\">M\u00e1sr\u00e9szt a Telegram gazdag funkcionalit\u00e1s\u00e1val leny\u0171g\u00f6zi. A szok\u00e1sos sz\u00f6veges \u00fczenetek \u00e9s h\u00edv\u00e1sok mellett legfeljebb 200 000 r\u00e9sztvev\u0151vel rendelkez\u0151 csoportok l\u00e9trehoz\u00e1s\u00e1t, k\u00f6z\u00f6ns\u00e9gkorl\u00e1toz\u00e1sok n\u00e9lk\u00fcl tematikus csatorn\u00e1kat, valamint chatbotokat k\u00edn\u00e1l a feladat automatiz\u00e1l\u00e1s\u00e1hoz \u00e9s sz\u00f3rakoztat\u00e1s\u00e1hoz. Az \u00f6sszes n\u00e9pszer\u0171 m\u00e9diaf\u00e1jl -form\u00e1tum t\u00e1mogat\u00e1sa \u00e9s az \u00faj funkci\u00f3k \u00e1lland\u00f3 hozz\u00e1ad\u00e1sa a Telegram sokoldal\u00fa eszk\u00f6z\u00e9v\u00e9 teszi a szem\u00e9lyes \u00e9s az \u00fczleti kommunik\u00e1ci\u00f3t mind a szem\u00e9lyes, mind az \u00fczleti kommunik\u00e1ci\u00f3hoz.<\/p>\n<p style=\"text-align: justify\">A Telegram f\u0151 el\u0151nye azonban k\u00e9ts\u00e9gtelen\u00fcl a felhaszn\u00e1l\u00f3i biztons\u00e1gra \u00e9s a mag\u00e1n\u00e9letre \u00f6sszpontos\u00edt. A digit\u00e1lis fenyeget\u00e9sek \u00e9s az adatok sziv\u00e1rg\u00e1sainak korszak\u00e1ban a Telegram megb\u00edzhat\u00f3, v\u00e9gpontok k\u00f6z\u00f6tti titkos\u00edt\u00e1st k\u00edn\u00e1l a besz\u00e9lget\u00e9sek, a titkos cseveg\u00e9sek tov\u00e1bbi szint\u0171 v\u00e9delemmel, valamint a digit\u00e1lis l\u00e1bnyom\u00e1nak teljes t\u00f6rl\u00e9s\u00e9re val\u00f3 k\u00e9pess\u00e9g\u00e9t. Ez vonz\u00f3 v\u00e1laszt\u00e1ss\u00e1 teszi mindenkinek, aki \u00e9rt\u00e9keli az online kommunik\u00e1ci\u00f3 mag\u00e1n\u00e9let\u00e9t.<\/p>\n","protected":false},"excerpt":{"rendered":"<p>A mai vil\u00e1gban az online kommunik\u00e1ci\u00f3 \u00e9let\u00fcnk szerves r\u00e9sz\u00e9v\u00e9 v\u00e1lt. Naponta cser\u00e9l\u00fcnk \u00fczeneteket szeretteivel, bar\u00e1taival \u00e9s koll\u00e9g\u00e1ival, megosztunk f\u00e9nyk\u00e9peket \u00e9s vide\u00f3kat, megvitatjuk a h\u00edreket \u00e9s az \u00e9rdekl\u0151d\u00e9seket. A&#8230;<\/p>\n","protected":false},"author":1,"featured_media":357,"parent":0,"menu_order":0,"comment_status":"closed","ping_status":"closed","template":"","meta":{"om_disable_all_campaigns":false,"_monsterinsights_skip_tracking":false,"_monsterinsights_sitenote_active":false,"_monsterinsights_sitenote_note":"","_monsterinsights_sitenote_category":0,"footnotes":""},"class_list":["post-280","page","type-page","status-publish","has-post-thumbnail",""],"aioseo_notices":[],"_links":{"self":[{"href":"https:\/\/telegrama-wiki.com\/hu\/wp-json\/wp\/v2\/pages\/280","targetHints":{"allow":["GET"]}}],"collection":[{"href":"https:\/\/telegrama-wiki.com\/hu\/wp-json\/wp\/v2\/pages"}],"about":[{"href":"https:\/\/telegrama-wiki.com\/hu\/wp-json\/wp\/v2\/types\/page"}],"author":[{"embeddable":true,"href":"https:\/\/telegrama-wiki.com\/hu\/wp-json\/wp\/v2\/users\/1"}],"replies":[{"embeddable":true,"href":"https:\/\/telegrama-wiki.com\/hu\/wp-json\/wp\/v2\/comments?post=280"}],"version-history":[{"count":0,"href":"https:\/\/telegrama-wiki.com\/hu\/wp-json\/wp\/v2\/pages\/280\/revisions"}],"wp:featuredmedia":[{"embeddable":true,"href":"https:\/\/telegrama-wiki.com\/hu\/wp-json\/wp\/v2\/media\/357"}],"wp:attachment":[{"href":"https:\/\/telegrama-wiki.com\/hu\/wp-json\/wp\/v2\/media?parent=280"}],"curies":[{"name":"wp","href":"https:\/\/api.w.org\/{rel}","templated":true}]}}