{"id":282,"date":"2024-04-22T15:04:16","date_gmt":"2024-04-22T12:04:16","guid":{"rendered":"https:\/\/telegrama-wiki.com\/hu\/adatvedelmi-iranyelvek-2\/"},"modified":"2024-04-22T15:04:16","modified_gmt":"2024-04-22T12:04:16","slug":"adatvedelmi-iranyelvek-2","status":"publish","type":"page","link":"https:\/\/telegrama-wiki.com\/hu\/adatvedelmi-iranyelvek-2\/","title":{"rendered":"Adatv\u00e9delmi ir\u00e1nyelvek"},"content":{"rendered":"<p>A Telegrama-wiki weboldal adminisztr\u00e1ci\u00f3ja.com (a tov\u00e1bbiakban: a webhely) tiszteletben tartja a webhely l\u00e1togat\u00f3inak jogait. Felt\u00e9tel n\u00e9lk\u00fcl elismerj\u00fck a webhely\u00fcnk l\u00e1togat\u00f3inak szem\u00e9lyes adatainak titoktart\u00e1s\u00e1nak fontoss\u00e1g\u00e1t. Ez az oldal inform\u00e1ci\u00f3kat tartalmaz arr\u00f3l, hogy milyen adatokat kapunk \u00e9s gy\u0171jt\u00fcnk a webhely haszn\u00e1latakor. Rem\u00e9lj\u00fck, hogy ez az inform\u00e1ci\u00f3 seg\u00edt megalapozott d\u00f6nt\u00e9sek meghozatal\u00e1ban a nek\u00fcnk ny\u00fajtott szem\u00e9lyes inform\u00e1ci\u00f3kkal kapcsolatban.<\/p>\n<p>Ez az adatv\u00e9delmi politika csak a webhelyre \u00e9s a webhely \u00e1ltal \u00f6sszegy\u0171jt\u00f6tt inform\u00e1ci\u00f3kra \u00e9s rajta kereszt\u00fcli inform\u00e1ci\u00f3kra vonatkozik. Nem vonatkozik m\u00e1s webhelyekre, \u00e9s nem vonatkozik a harmadik f\u00e9l webhelyekre, amelyek a webhelyhez kapcsol\u00f3dhatnak.<\/p>\n<h2>Inform\u00e1ci\u00f3gy\u0171jt\u00e9s<\/h2>\n<p>Amikor megl\u00e1togatja a webhelyet, meghat\u00e1rozzuk a szolg\u00e1ltat\u00f3 domain nev\u00e9t \u00e9s orsz\u00e1g\u00e1t (p\u00e9ld\u00e1ul: &#8222;AOL.com &#8222;) \u00e9s a kiv\u00e1lasztott \u00e1tmenetek az egyik oldalr\u00f3l a m\u00e1sikra (\u00fagynevezett&#8221; ClickStream tev\u00e9kenys\u00e9g &#8222;).<br \/>\nA webhelyen kapott inform\u00e1ci\u00f3k felhaszn\u00e1lhat\u00f3k a webhely haszn\u00e1lat\u00e1nak megk\u00f6nny\u00edt\u00e9s\u00e9re, ide\u00e9rtve, de nem korl\u00e1tozva:<\/p>\n<ul>\n<li>A webhely szervez\u00e9se a legt\u00f6bb felhaszn\u00e1l\u00f3bar\u00e1t m\u00f3don<\/li>\n<li>Ha k\u00e9pes feliratkozni az e -mail h\u00edrlevelekre k\u00fcl\u00f6nleges aj\u00e1nlatokhoz \u00e9s t\u00e9m\u00e1khoz, ha ilyen \u00e9rtes\u00edt\u00e9seket szeretne kapni<\/li>\n<\/ul>\n<p>A webhely csak olyan szem\u00e9lyes inform\u00e1ci\u00f3kat gy\u0171jt, amelyeket \u00f6nk\u00e9nt ny\u00fajt be, amikor megl\u00e1togatja vagy regisztr\u00e1lja a webhelyet. A &#8222;szem\u00e9lyes inform\u00e1ci\u00f3k&#8221; kifejez\u00e9s olyan inform\u00e1ci\u00f3kat tartalmaz, amelyek meghat\u00e1rozz\u00e1k \u00d6nt egy adott szem\u00e9lyk\u00e9nt, p\u00e9ld\u00e1ul a nev\u00e9t vagy az e -mail c\u00edm\u00e9t. Mik\u00f6zben a regisztr\u00e1ci\u00f3s elj\u00e1r\u00e1s elv\u00e9gz\u00e9se n\u00e9lk\u00fcl megtekintheti a webhely tartalm\u00e1t, regisztr\u00e1lnia kell n\u00e9h\u00e1ny olyan funkci\u00f3 haszn\u00e1lat\u00e1hoz, mint p\u00e9ld\u00e1ul a cikk megjegyz\u00e9s\u00e9t.<br \/>\nA webhely &#8222;s\u00fctik&#8221; technol\u00f3gi\u00e1t haszn\u00e1l a statisztikai jelent\u00e9sek el\u0151\u00e1ll\u00edt\u00e1s\u00e1hoz. A &#8222;Cookie&#8221; egy kis mennyis\u00e9g\u0171 adat, amelyet egy weboldal k\u00fcld\u00f6tt, amelyet a sz\u00e1m\u00edt\u00f3g\u00e9p b\u00f6ng\u00e9sz\u0151je a sz\u00e1m\u00edt\u00f3g\u00e9p merevlemez\u00e9n t\u00e1rol. A s\u00fctik olyan inform\u00e1ci\u00f3kat tartalmaznak, amelyekre sz\u00fcks\u00e9g lehet a webhelyhez &#8211; a megtekint\u00e9si preferenci\u00e1k ment\u00e9s\u00e9hez \u00e9s a webhelyr\u0151l sz\u00f3l\u00f3 statisztikai inform\u00e1ci\u00f3k gy\u0171jt\u00e9s\u00e9hez, az i.E. Mely oldalakat l\u00e1togatta meg, a let\u00f6lt\u00f6tt, az internetszolg\u00e1ltat\u00f3 \u00e9s a l\u00e1togat\u00f3 orsz\u00e1g\u00e1nak domain nev\u00e9t, valamint a harmadik f\u00e9l webhelyeinek c\u00edmeit, ahonnan a webhelyre val\u00f3 \u00e1tt\u00e9r\u00e9s k\u00e9sz\u00fclt, \u00e9s tov\u00e1bb. Mindez az inform\u00e1ci\u00f3 azonban semmik\u00e9ppen sem kapcsol\u00f3dik hozz\u00e1d, mint egy\u00e9nre. A s\u00fctik nem r\u00f6gz\u00edtik az \u00d6n e -mail c\u00edm\u00e9t vagy az \u00d6n szem\u00e9lyes adatait. Ezenk\u00edv\u00fcl ezt a webhelyen ezt a technol\u00f3gi\u00e1t a Spylog\/LiveInternet\/etc telep\u00edtett sz\u00e1ml\u00e1l\u00f3ja haszn\u00e1lja.<\/p>\n<p>Ezen fel\u00fcl a szok\u00e1sos webszerver napl\u00f3kat haszn\u00e1lunk a l\u00e1togat\u00f3k sz\u00e1mol\u00e1s\u00e1ra \u00e9s webhely\u00fcnk m\u0171szaki k\u00e9pess\u00e9geinek \u00e9rt\u00e9kel\u00e9s\u00e9re. Ezt az inform\u00e1ci\u00f3t arra haszn\u00e1ljuk, hogy meghat\u00e1rozzuk, h\u00e1ny ember l\u00e1togatja meg a webhelyet, \u00e9s az oldalakat a legt\u00f6bb felhaszn\u00e1l\u00f3bar\u00e1t m\u00f3don rendezz\u00fck, gondoskodunk arr\u00f3l, hogy a webhely kompatibilis legyen a haszn\u00e1lt b\u00f6ng\u00e9sz\u0151kkel, \u00e9s az oldalaink tartalm\u00e1t a lehet\u0151 leghasznosabb\u00e1 tegye a l\u00e1togat\u00f3ink sz\u00e1m\u00e1ra. A webhelyen a mozg\u00e1sokr\u00f3l sz\u00f3l\u00f3 inform\u00e1ci\u00f3kat r\u00f6gz\u00edtj\u00fck, de nem a webhely egyes l\u00e1togat\u00f3ir\u00f3l, \u00edgy szem\u00e9lyesen nem t\u00e1rolj\u00e1k vagy haszn\u00e1lj\u00e1k a webhely adminisztr\u00e1ci\u00f3ja az \u00d6n hozz\u00e1j\u00e1rul\u00e1sa n\u00e9lk\u00fcl.<\/p>\n<p>Az anyagok s\u00fctik n\u00e9lk\u00fcli megtekint\u00e9s\u00e9hez be\u00e1ll\u00edthatja a b\u00f6ng\u00e9sz\u0151t, hogy ne fogadjon el s\u00fctiket, vagy \u00e9rtes\u00edtse a s\u00fctik elk\u00fcld\u00e9se eset\u00e9n (a b\u00f6ng\u00e9sz\u0151k elt\u00e9r\u0151ek, ez\u00e9rt azt javasoljuk, hogy ellen\u0151rizze a &#8222;s\u00fag\u00f3&#8221; r\u00e9szt, hogy megtudja, hogyan lehet megv\u00e1ltoztatni a g\u00e9p s\u00fcti be\u00e1ll\u00edt\u00e1sait).<\/p>\n<h2>Inform\u00e1ci\u00f3 megoszt\u00e1s<\/h2>\n<p>A helysz\u00edni adminisztr\u00e1ci\u00f3 semmilyen k\u00f6r\u00fclm\u00e9nyek k\u00f6z\u00f6tt semmilyen k\u00f6r\u00fclm\u00e9nyek k\u00f6z\u00f6tt nem ad el vagy b\u00e9relhet szem\u00e9lyes adatait harmadik feleknek. Nem is nyilv\u00e1noss\u00e1gra hozzuk az \u00d6n \u00e1ltal ny\u00fajtott szem\u00e9lyes inform\u00e1ci\u00f3kat, kiv\u00e9ve a t\u00f6rv\u00e9ny el\u0151\u00edr\u00e1sait (adja meg az orsz\u00e1got, ahol a szerver tal\u00e1lhat\u00f3).<br \/>\nA helysz\u00edni adminisztr\u00e1ci\u00f3 partners\u00e9ggel rendelkezik a Google -val, amely fizetett hirdet\u00e9si anyagokat \u00e9s hirdet\u00e9seket helyez a webhely oldalain (ide\u00e9rtve, de nem korl\u00e1tozva a sz\u00f6veges hiperhivatkoz\u00e1sokat). Ennek az egy\u00fcttm\u0171k\u00f6d\u00e9snek a r\u00e9szek\u00e9nt a Webhely adminisztr\u00e1ci\u00f3ja t\u00e1j\u00e9koztatja az \u00f6sszes \u00e9rdekelt felet a k\u00f6vetkez\u0151 inform\u00e1ci\u00f3kr\u00f3l:<\/p>\n<ol>\n<li>A Google, mint harmadik f\u00e9l elad\u00f3ja, s\u00fctiket haszn\u00e1l a webhelyen t\u00f6rt\u00e9n\u0151 hirdet\u00e9sek kiszolg\u00e1l\u00e1s\u00e1ra;<\/li>\n<li>A DoubleClick Dart Rekl\u00e1mterm\u00e9k -s\u00fctiket a Google haszn\u00e1lja a webhelyen szolg\u00e1l\u00f3 hirdet\u00e9sekben, mint az AdSense for Content Program r\u00e9sztvev\u0151je;<\/li>\n<li>A Google dart s\u00fctik haszn\u00e1lata lehet\u0151v\u00e9 teszi a webhely l\u00e1togat\u00f3ival kapcsolatos inform\u00e1ci\u00f3k (a n\u00e9v, c\u00edm, e -mail c\u00edm vagy telefonsz\u00e1m kiv\u00e9tel\u00e9vel) t\u00f6rt\u00e9n\u0151 gy\u0171jt\u00e9s\u00e9t \u00e9s felhaszn\u00e1l\u00e1s\u00e1t a webhely \u00e9s m\u00e1s webhelyek l\u00e1togat\u00e1sair\u00f3l, hogy hirdet\u00e9seket \u00e9s szolg\u00e1ltat\u00e1sokat ny\u00fajtson a leg\u00e9rdekesebb \u00e1rukr\u00f3l \u00e9s szolg\u00e1ltat\u00e1sokr\u00f3l neked;<\/li>\n<li>A Google -t ezen inform\u00e1ci\u00f3k gy\u0171jt\u00e9se sor\u00e1n a saj\u00e1t adatv\u00e9delmi politik\u00e1ja vez\u00e9rli;<\/li>\n<li>A webhelyfelhaszn\u00e1l\u00f3k a DART s\u00fctik haszn\u00e1lat\u00e1r\u00f3l a <a href=\"https:\/\/web.archive.org\/web\/20201201172127\/http:\/\/www.google.com\/policies\/technologies\/ads\/\">Google AD \u00e9s Content H\u00e1l\u00f3zati Adatv\u00e9delmi Szab\u00e1lyzat<\/a> oldal.<\/li>\n<\/ol>\n<h2>Nyilatkozat<\/h2>\n<p>K\u00e9rj\u00fck, ne feledje, hogy a szem\u00e9lyes adatok \u00e1tad\u00e1sa a harmadik f\u00e9lt\u0151l sz\u00e1rmaz\u00f3 webhelyek l\u00e1togat\u00e1sakor, bele\u00e9rtve a partnerv\u00e1llalatok webhelyeit is, m\u00e9g akkor is, ha a weboldal linket tartalmaz a webhelyre, vagy van egy link a webhelyen tal\u00e1lhat\u00f3 webhelyekre, nem vonatkozik erre a dokumentumra. A helysz\u00edni adminisztr\u00e1ci\u00f3 nem felel\u0151s m\u00e1s webhelyek tev\u00e9kenys\u00e9gei\u00e9rt. A szem\u00e9lyes adatok gy\u0171jt\u00e9s\u00e9nek \u00e9s tov\u00e1bb\u00edt\u00e1s\u00e1nak folyamat\u00e1t ezeknek a webhelyeknek a megl\u00e1togat\u00e1sakor a &#8222;Szem\u00e9lyes adatv\u00e9delmi&#8221; dokumentum szab\u00e1lyozza, vagy egy hasonl\u00f3, amely e t\u00e1rsas\u00e1gok webhelyein tal\u00e1lhat\u00f3.<\/p>\n","protected":false},"excerpt":{"rendered":"<p>A Telegrama-wiki weboldal adminisztr\u00e1ci\u00f3ja.com (a tov\u00e1bbiakban: a webhely) tiszteletben tartja a webhely l\u00e1togat\u00f3inak jogait. Felt\u00e9tel n\u00e9lk\u00fcl elismerj\u00fck a webhely\u00fcnk l\u00e1togat\u00f3inak szem\u00e9lyes adatainak titoktart\u00e1s\u00e1nak fontoss\u00e1g\u00e1t. Ez az oldal inform\u00e1ci\u00f3kat&#8230;<\/p>\n","protected":false},"author":1,"featured_media":0,"parent":0,"menu_order":0,"comment_status":"closed","ping_status":"closed","template":"","meta":{"om_disable_all_campaigns":false,"_monsterinsights_skip_tracking":false,"_monsterinsights_sitenote_active":false,"_monsterinsights_sitenote_note":"","_monsterinsights_sitenote_category":0,"footnotes":""},"class_list":["post-282","page","type-page","status-publish",""],"aioseo_notices":[],"_links":{"self":[{"href":"https:\/\/telegrama-wiki.com\/hu\/wp-json\/wp\/v2\/pages\/282","targetHints":{"allow":["GET"]}}],"collection":[{"href":"https:\/\/telegrama-wiki.com\/hu\/wp-json\/wp\/v2\/pages"}],"about":[{"href":"https:\/\/telegrama-wiki.com\/hu\/wp-json\/wp\/v2\/types\/page"}],"author":[{"embeddable":true,"href":"https:\/\/telegrama-wiki.com\/hu\/wp-json\/wp\/v2\/users\/1"}],"replies":[{"embeddable":true,"href":"https:\/\/telegrama-wiki.com\/hu\/wp-json\/wp\/v2\/comments?post=282"}],"version-history":[{"count":0,"href":"https:\/\/telegrama-wiki.com\/hu\/wp-json\/wp\/v2\/pages\/282\/revisions"}],"wp:attachment":[{"href":"https:\/\/telegrama-wiki.com\/hu\/wp-json\/wp\/v2\/media?parent=282"}],"curies":[{"name":"wp","href":"https:\/\/api.w.org\/{rel}","templated":true}]}}