{"id":46,"date":"2024-04-16T10:26:38","date_gmt":"2024-04-16T07:26:38","guid":{"rendered":"https:\/\/telegrama-wiki.com\/hu\/telegram-web-hogyan-lehet-online-bejelentkezni\/"},"modified":"2024-04-16T10:26:38","modified_gmt":"2024-04-16T07:26:38","slug":"telegram-web-hogyan-lehet-online-bejelentkezni","status":"publish","type":"page","link":"https:\/\/telegrama-wiki.com\/hu\/","title":{"rendered":"Telegram web: Hogyan lehet online bejelentkezni"},"content":{"rendered":"<p>A 2013 -as bevezet\u00e9se \u00f3ta a Telegram Messenger hat\u00e1rozottan bel\u00e9pett a vil\u00e1g minden t\u00e1j\u00e1r\u00f3l t\u00f6bb sz\u00e1zmilli\u00f3 felhaszn\u00e1l\u00f3 mindennapi \u00e9let\u00e9be. Ebben az id\u0151ben siker\u00fclt h\u00edrnevet szereznie az egyik leggyorsabb, legbiztons\u00e1gosabb \u00e9s jellemz\u0151en gazdag \u00fczenetk\u00fcld\u0151 szolg\u00e1ltat\u00e1sk\u00e9nt.<\/p>\n<p>A Telegram alkalmaz\u00e1s minden n\u00e9pszer\u0171 platformon el\u00e9rhet\u0151 &#8211; az okostelefonokt\u00f3l \u00e9s a t\u00e1blag\u00e9pekt\u0151l a szem\u00e9lyi sz\u00e1m\u00edt\u00f3g\u00e9pekig. Ezen fel\u00fcl van egy k\u00e9nyelmes webes fel\u00fclete a b\u00f6ng\u00e9sz\u0151ben val\u00f3 felhaszn\u00e1l\u00e1shoz. Ez a platformok k\u00f6z\u00f6tti k\u00e9pess\u00e9g lehet\u0151v\u00e9 teszi a felhaszn\u00e1l\u00f3k sz\u00e1m\u00e1ra, hogy mindig kapcsolatban maradjanak.<\/p>\n<p><span itemprop=\"image\" itemscope itemtype=\"https:\/\/schema.org\/ImageObject\"><img itemprop=\"url image\" loading=\"lazy\" decoding=\"async\" class=\"aligncenter wp-image-22 \" src=\"https:\/\/telegrama-wiki.com\/wp-content\/uploads\/2024\/04\/Telegram-Web.png\" alt=\"T\u00e1viratok\" width=\"629\" height=\"359\" \/><meta itemprop=\"width\" content=\"629\"><meta itemprop=\"height\" content=\"359\"><\/span><\/p>\n<p>Ez a cikk arra \u00f6sszpontos\u00edt, hogy hogyan lehet a Telegramot egy b\u00f6ng\u00e9sz\u0151ben, az asztali verzi\u00f3 el\u0151nyeire \u00e9s a h\u00edrn\u00f6k k\u00fcl\u00f6nf\u00e9le hasznos tulajdons\u00e1gaira.<\/p>\n<h2>Hogyan lehet hozz\u00e1f\u00e9rni az interneten a Telegramhoz<\/h2>\n<p>A Telegram egy n\u00e9pszer\u0171 \u00fczenetk\u00fcld\u0151 szolg\u00e1ltat\u00e1s, amely minden f\u0151 platformon el\u00e9rhet\u0151, bele\u00e9rtve az Android telefonokat is. Ugyanakkor b\u00e1rmely b\u00f6ng\u00e9sz\u0151n kereszt\u00fcl haszn\u00e1lhatja a Telegramot an\u00e9lk\u00fcl, hogy telep\u00edteni kellene egy alkalmaz\u00e1s telep\u00edt\u00e9s\u00e9t.<\/p>\n<p>A Telegramnak van egy hivatalos webalkalmaz\u00e1sa, amelyhez b\u00f6ng\u00e9sz\u0151n kereszt\u00fcl k\u00f6nnyen hozz\u00e1f\u00e9rhet. Ez egy k\u00e9nyelmes lehet\u0151s\u00e9g az \u00fczenetk\u00fcld\u0151 szolg\u00e1ltat\u00e1s nyilv\u00e1nos sz\u00e1m\u00edt\u00f3g\u00e9peken vagy egy bar\u00e1tja vagy csal\u00e1dtagj\u00e1nak sz\u00e1m\u00edt\u00f3g\u00e9p\u00e9n t\u00f6rt\u00e9n\u0151 haszn\u00e1lat\u00e1hoz.<\/p>\n<p>A Telegram webalkalmaz\u00e1s kompatibilis az \u00f6sszes nagyobb b\u00f6ng\u00e9sz\u0151vel, bele\u00e9rtve a Google Chrome, a Microsoft Edge, a Safari \u00e9s a Mozilla Firefox -ot. Ez is platform-specifikus, vagyis b\u00e1rmilyen modern oper\u00e1ci\u00f3s rendszerb\u0151l hozz\u00e1f\u00e9rhet hozz\u00e1.<\/p>\n<h2>Bejelentkez\u00e9s a t\u00e1viratba: Utas\u00edt\u00e1sok<\/h2>\n<p>A sz\u00e1m\u00edt\u00f3g\u00e9pen a t\u00e1viratba val\u00f3 bejelentkez\u00e9shez k\u00f6vesse ezeket a l\u00e9p\u00e9seket:<\/p>\n<ol>\n<li>Nyissa meg a Telegram Web -t az interneten.t\u00e1virat.org a sz\u00e1m\u00edt\u00f3g\u00e9pen;<\/li>\n<li>A k\u00e9perny\u0151n megjelenik egy QR -k\u00f3d;<\/li>\n<li>Nyissa meg a Telegram alkalmaz\u00e1st a telefonj\u00e1n;<\/li>\n<li>Nyissa meg a &#8222;Be\u00e1ll\u00edt\u00e1sok&#8221; men\u00fct;<\/li>\n<li>Kattintson az &#8222;Eszk\u00f6z\u00f6k&#8221; gombra;<\/li>\n<li>V\u00e1lassza a &#8222;Link Desktop Device&#8221; lehet\u0151s\u00e9get;<\/li>\n<li>Szak\u00edrja a Telegram webalkalmaz\u00e1sban megjelen\u00edtett QR -k\u00f3dot;<\/li>\n<li>Ha nem f\u00e9r hozz\u00e1 a telefon Telegram alkalmaz\u00e1s\u00e1hoz, haszn\u00e1lja a &#8222;Bejelentkez\u00e9s telefonon&#8221; opci\u00f3t;<\/li>\n<li>\u00cdrja be a telefonsz\u00e1m\u00e1t;<\/li>\n<li>\u00d6t sz\u00e1mjegy\u0171 k\u00f3dot fog kapni a telev\u00edzi\u00f3s alkalmaz\u00e1sban a telefonj\u00e1n. \u00cdrja be, hogy bejelentkezzen a Telegram Webbe;<\/li>\n<li>Ha enged\u00e9lyezve van a k\u00e9tl\u00e9p\u00e9ses ellen\u0151rz\u00e9s, \u00edrja be a jelsz\u00f3t.<\/li>\n<\/ol>\n<blockquote><p>Ezeknek a l\u00e9p\u00e9seknek a k\u00f6vet\u00e9s\u00e9vel bejelentkezhet a sz\u00e1m\u00edt\u00f3g\u00e9pen a Telegramba, \u00e9s hozz\u00e1f\u00e9rhet az \u00f6sszes cseveg\u00e9shez \u00e9s \u00fczenethez.<\/p><\/blockquote>\n<h2>A webes verzi\u00f3 jellemz\u0151i<\/h2>\n<p>A Telegram webes verzi\u00f3j\u00e1nak funkcionalit\u00e1sa szinte azonos az okostelefonok \u00e9s a PC -k mobilalkalmaz\u00e1saival. A webes verzi\u00f3ban azonban van egy fontos k\u00fcl\u00f6nbs\u00e9g &#8211; az a k\u00e9pess\u00e9g, hogy \u00e9rtes\u00edt\u00e9st kapjunk az \u00faj bej\u00f6v\u0151 \u00fczenetekr\u0151l val\u00f3s id\u0151ben. Ez lehet\u0151v\u00e9 teszi, hogy kapcsolatban maradjon, m\u00e9g akkor is, ha a t\u00e1virat nem fut. Az \u00e9rtes\u00edt\u00e9sek felbukkannak a b\u00f6ng\u00e9sz\u0151ben, csak\u00fagy, mint a t\u00f6bbi webalkalmaz\u00e1sb\u00f3l.<\/p>\n<p>\u00cdgy a Telegram webes verzi\u00f3ja egy teljes \u00e9rt\u00e9k\u0171 h\u00edrn\u00f6k, hogy egy b\u00f6ng\u00e9sz\u0151n kereszt\u00fcl kommunik\u00e1ljon az \u00faj \u00fczenetekr\u0151l. Ez nagyon k\u00e9nyelmes, ha nincs hozz\u00e1f\u00e9r\u00e9s a mobiltelefonhoz.<\/p>\n<h2>Szolg\u00e1ltat\u00e1si k\u00e9pess\u00e9gek<\/h2>\n<p>A Telegram Web Online szinte megegyezik a PC \u00e9s okostelefonok teljes \u00e9rt\u00e9k\u0171 t\u00e1virat-alkalmaz\u00e1saival a funkcionalit\u00e1s szempontj\u00e1b\u00f3l.<\/p>\n<p>F\u0151bb jellemz\u0151k:<\/p>\n<ul>\n<li>\u00dczenetk\u00fcld\u00e9s szem\u00e9lyes \u00e9s csoportos besz\u00e9lget\u00e9sekben;<\/li>\n<li>M\u00e9diaf\u00e1jlok k\u00fcld\u00e9se &#8211; f\u00e9nyk\u00e9pek, vide\u00f3k, audio, dokumentumok;<\/li>\n<li>Csoportos cseveg\u00e9sek l\u00e9trehoz\u00e1sa;<\/li>\n<li>Kapcsolatok \u00e9s p\u00e1rbesz\u00e9dek keres\u00e9se kulcsszavak szerint;<\/li>\n<li>\u00c9rtes\u00edt\u00e9sek konfigur\u00e1l\u00e1sa az \u00faj \u00fczenetekhez;<\/li>\n<li>Cseveg\u00e9sek sz\u0171r\u00e9se tartalomt\u00edpus szerint;<\/li>\n<li>Az \u00fczenetek szerkeszt\u00e9se \u00e9s t\u00f6rl\u00e9se;<\/li>\n<li>Az avat\u00e1r \u00e9s a felhaszn\u00e1l\u00f3n\u00e9v megv\u00e1ltoztat\u00e1sa.<\/li>\n<\/ul>\n<p>Ezen fel\u00fcl a legt\u00f6bb t\u00e1virat -bot, matricacsomag \u00e9s egy\u00e9b hasznos t\u00e1virat eszk\u00f6z\u00f6k el\u00e9rhet\u0151ek a Telegram Webben.<\/p>\n<p>A webes verzi\u00f3 f\u0151 el\u0151nye, hogy nem ig\u00e9nyli az alkalmaz\u00e1sok telep\u00edt\u00e9s\u00e9t. Csak egy b\u00f6ng\u00e9sz\u0151re \u00e9s az internetre van sz\u00fcks\u00e9ge, hogy b\u00e1rmely eszk\u00f6z\u00f6n a Messenger haszn\u00e1lat\u00e1hoz haszn\u00e1lja.<\/p>\n<p>Ez k\u00e9nyelmes helyzetekben:<\/p>\n<ul>\n<li>Ha nincs lehet\u0151s\u00e9g vagy v\u00e1gy a t\u00e1viratba t\u00f6rt\u00e9n\u0151 telep\u00edt\u00e9s\u00e9re a sz\u00e1m\u00edt\u00f3g\u00e9pre;<\/li>\n<li>Hogy hozz\u00e1f\u00e9rjen a t\u00e1virat m\u00e1s emberek eszk\u00f6zeib\u0151l saj\u00e1t okostelefonja hi\u00e1ny\u00e1ban;<\/li>\n<li>Webes alkalmaz\u00e1sok haszn\u00e1lat\u00e1hoz a Chromebookon, ahol nincsenek nat\u00edv programok.<\/li>\n<\/ul>\n<p>\u00c1ltal\u00e1noss\u00e1gban elmondhat\u00f3, hogy a Telegram Web szinte az \u00f6sszes alapvet\u0151 funkcionalit\u00e1st biztos\u00edtja a teljes \u00e9rt\u00e9k\u0171 asztali \u00e9s mobil verzi\u00f3knak. Ez azt jelenti, hogy ez a szolg\u00e1ltat\u00e1s a legt\u00f6bb felhaszn\u00e1l\u00e1si forgat\u00f3k\u00f6nyvben teljes \u00e9rt\u00e9k\u0171 helyettes\u00edtheti a t\u00e1virat alkalmaz\u00e1sait.<\/p>\n<h2>Kommunik\u00e1ci\u00f3s szolg\u00e1ltat\u00e1sok \u00e9s el\u0151ny\u00f6k<\/h2>\n<p>10 \u00e9v alatt a Telegram egy egyszer\u0171 h\u00edrn\u00f6kr\u0151l multifunkcion\u00e1lis platformra fejl\u0151d\u00f6tt a kommunik\u00e1ci\u00f3hoz \u00e9s a k\u00fcl\u00f6nf\u00e9le feladatok megold\u00e1s\u00e1hoz. N\u00e9zz\u00fck meg a Telegram legfontosabb kommunik\u00e1ci\u00f3s jellemz\u0151it.<\/p>\n<ul>\n<li>Besz\u00e9lget\u00e9s Auto-t\u00e9tel. Ez a be\u00e1ll\u00edt\u00e1s lehet\u0151v\u00e9 teszi a teljes cseveg\u00e9si el\u0151zm\u00e9nyek automatikus t\u00f6rl\u00e9s\u00e9nek bekapcsol\u00e1s\u00e1t egy megadott id\u0151 ut\u00e1n. Ez biztos\u00edtja a kommunik\u00e1ci\u00f3 titkoss\u00e1g\u00e1t. Ennek enged\u00e9lyez\u00e9s\u00e9hez csak l\u00e9pjen a cseveg\u00e9s be\u00e1ll\u00edt\u00e1saira a k\u00edv\u00e1nt besz\u00e9lget\u0151partnerrel, \u00e9s v\u00e1lasszon egy id\u0151z\u00edt\u0151t az automatikus del\u00e9ci\u00f3hoz;<\/li>\n<li>Felh\u0151jelsz\u00f3. Ez egy m\u00e1sik fontos biztons\u00e1gi lehet\u0151s\u00e9g &#8211; Telegram k\u00e9tt\u00e9nyez\u0151s hiteles\u00edt\u00e9s speci\u00e1lis jelsz\u00f3val. V\u00e9di a fi\u00f3kj\u00e1t a hackel\u00e9sekt\u0151l. Enged\u00e9lyezve a &#8222;Adatv\u00e9delem &#8211; felh\u0151 jelsz\u00f3&#8221; szakaszban;<\/li>\n<li>\u00dczenetek r\u00f6gz\u00edt\u00e9se. A t\u00e1virat lehet\u0151v\u00e9 teszi az egyes \u00fczenetek vagy a teljes cseveg\u00e9s r\u00f6gz\u00edt\u00e9s\u00e9t. Ez k\u00e9nyelmes a gyors hozz\u00e1f\u00e9r\u00e9shez a fontos p\u00e1rbesz\u00e9dekhez vagy f\u00e1jlokhoz.<\/li>\n<\/ul>\n<h2>K\u00fcl\u00f6nbs\u00e9g a t\u00e1virat k\u00f6z\u00f6tt a sz\u00e1m\u00edt\u00f3g\u00e9pen \u00e9s a telefonon<\/h2>\n<p>A sz\u00e1m\u00edt\u00f3g\u00e9pen \u00e9s a telefonon a t\u00e1virat k\u00f6z\u00f6tti f\u0151 k\u00fcl\u00f6nbs\u00e9gek a k\u00f6vetkez\u0151k:<\/p>\n<ul>\n<li>Bemeneti k\u00e9nyelem. K\u00e9nyelmesebb a hossz\u00fa \u00fczenetek be\u00edr\u00e1sa a sz\u00e1m\u00edt\u00f3g\u00e9pen, mint egy telefonon.<\/li>\n<li>Hozz\u00e1f\u00e9r\u00e9s a f\u00e1jlokhoz. A Telegram webes verzi\u00f3j\u00e1ban k\u00e9nyelmes hozz\u00e1f\u00e9r\u00e9s van a chat \u00f6sszes f\u00e1jlj\u00e1hoz &#8211; csak kattintson a f\u00e1jlra, hogy megtekinthesse az \u00f6sszes ilyen t\u00edpus\u00fa f\u00e1jlt;<\/li>\n<li>Szinkroniz\u00e1l\u00e1s. A Telegram mindk\u00e9t verzi\u00f3ja szinkroniz\u00e1lva van, teh\u00e1t minden \u00fczenet \u00e9s f\u00e1jl mindk\u00e9t eszk\u00f6z\u00f6n el\u00e9rhet\u0151;<\/li>\n<li>Forgalommegtakar\u00edt\u00e1s. A Telegram sz\u00e1m\u00edt\u00f3g\u00e9pen t\u00f6rt\u00e9n\u0151 haszn\u00e1lat\u00e1val mentheti a mobil internetet;<\/li>\n<li>F\u00e1jl \u00e1tvitel. A Telegram &#8222;Kedvencek&#8221; opci\u00f3n kereszt\u00fcl felhaszn\u00e1lhatja a f\u00e1jlok \u00e1tvitel\u00e9re a telefon \u00e9s a sz\u00e1m\u00edt\u00f3g\u00e9p k\u00f6z\u00f6tt;<\/li>\n<li>\u00c9jszakai m\u00f3d. A Telegram asztali verzi\u00f3j\u00e1nak k\u00e9nyelmes \u00e9jszakai m\u00f3dja van a k\u00e9nyelmes munk\u00e1hoz a s\u00f6t\u00e9tben.<\/li>\n<\/ul>\n<blockquote><p>\u00d6sszess\u00e9g\u00e9ben a sz\u00e1m\u00edt\u00f3g\u00e9pen l\u00e9v\u0151 Telegram kiv\u00e1l\u00f3 alternat\u00edva a mobilalkalmaz\u00e1shoz, sz\u00e1mos kieg\u00e9sz\u00edt\u0151 funkci\u00f3val.<\/p><\/blockquote>\n<h2>K\u00f6vetkeztet\u00e9s<\/h2>\n<p>\u00d6sszegezve, elmondhatjuk, hogy a Telegram Web a n\u00e9pszer\u0171 Messenger k\u00e9nyelmes \u00e9s funkcion\u00e1lis webes verzi\u00f3ja, amely sz\u00e1mos lehet\u0151s\u00e9get nyit meg a k\u00e9nyelmes kommunik\u00e1ci\u00f3 sz\u00e1m\u00e1ra. A platformok k\u00f6z\u00f6tti kompatibilit\u00e1snak \u00e9s a kieg\u00e9sz\u00edt\u0151 szoftverek telep\u00edt\u00e9s\u00e9nek sz\u00fcks\u00e9gess\u00e9g\u00e9nek k\u00f6sz\u00f6nhet\u0151en a webes verzi\u00f3 lehet\u0151v\u00e9 teszi a felhaszn\u00e1l\u00f3k sz\u00e1m\u00e1ra, hogy b\u00e1rhol kapcsolatba l\u00e9pjenek, \u00e9s b\u00e1rmely olyan eszk\u00f6zh\u00f6z, amely az internethez \u00e9s a b\u00f6ng\u00e9sz\u0151h\u00f6z f\u00e9r hozz\u00e1, \u00e9s egy webb\u00f6ng\u00e9sz\u0151vel rendelkezik.<\/p>\n<p>N\u00e9h\u00e1ny kisebb korl\u00e1toz\u00e1s ellen\u00e9re a Telegram Web szinte a Mobile \u00e9s Desktop alkalmaz\u00e1sokban tal\u00e1lhat\u00f3 szolg\u00e1ltat\u00e1sok szinte teljes sk\u00e1l\u00e1j\u00e1t k\u00edn\u00e1lja. A felhaszn\u00e1l\u00f3k \u00fczeneteket cser\u00e9lhetnek, csoportos besz\u00e9lget\u00e9seket hozhatnak l\u00e9tre, k\u00fcl\u00f6nf\u00e9le f\u00e1jlokat k\u00fcldhetnek, testreszabhatj\u00e1k az \u00e9rtes\u00edt\u00e9seket \u00e9s m\u00e9g sok minden m\u00e1st. Ezenk\u00edv\u00fcl a webes verzi\u00f3 z\u00f6kken\u0151mentes szinkroniz\u00e1l\u00e1st biztos\u00edt az \u00f6sszes t\u00f6bbi eszk\u00f6zzel, biztos\u00edtva a folyamatos hozz\u00e1f\u00e9r\u00e9st a legfrissebb levelez\u00e9s el\u0151zm\u00e9nyeihez \u00e9s f\u00e1jlokhoz.<\/p>\n<p>A Telegram Web nagyszer\u0171 v\u00e1laszt\u00e1s azok sz\u00e1m\u00e1ra, akik \u00e9rt\u00e9kelik a mobilit\u00e1st \u00e9s a kommunik\u00e1ci\u00f3 rugalmass\u00e1g\u00e1t. Az a k\u00e9pess\u00e9g, hogy a messenger b\u00e1rmely sz\u00e1m\u00edt\u00f3g\u00e9pen vagy eszk\u00f6z\u00f6n haszn\u00e1ljon kieg\u00e9sz\u00edt\u0151 szoftver telep\u00edt\u00e9s\u00e9t, ide\u00e1lis megold\u00e1st k\u00edn\u00e1l ideiglenes hozz\u00e1f\u00e9r\u00e9shez, vagy olyan esetekben, amikor a szok\u00e1sos alkalmaz\u00e1st nem lehet telep\u00edteni.<\/p>\n<p>\u00d6sszess\u00e9g\u00e9ben a Telegram Web egy hat\u00e9kony kommunik\u00e1ci\u00f3s eszk\u00f6z, amely \u00f6tv\u00f6zi a k\u00f6nny\u0171 haszn\u00e1lat, a gazdag funkcionalit\u00e1st, valamint a magas szint\u0171 biztons\u00e1got \u00e9s mag\u00e1n\u00e9let v\u00e9delm\u00e9t. A folyamatos fejleszt\u00e9snek \u00e9s fejleszt\u00e9snek k\u00f6sz\u00f6nhet\u0151en a Messenger webes verzi\u00f3ja tov\u00e1bbra is az egyik legjobb v\u00e1laszt\u00e1s azok sz\u00e1m\u00e1ra, akik k\u00e9nyelmes \u00e9s megb\u00edzhat\u00f3 megold\u00e1st keresnek az online kommunik\u00e1ci\u00f3hoz.<\/p>\n","protected":false},"excerpt":{"rendered":"<p>A 2013 -as bevezet\u00e9se \u00f3ta a Telegram Messenger hat\u00e1rozottan bel\u00e9pett a vil\u00e1g minden t\u00e1j\u00e1r\u00f3l t\u00f6bb sz\u00e1zmilli\u00f3 felhaszn\u00e1l\u00f3 mindennapi \u00e9let\u00e9be. Ebben az id\u0151ben siker\u00fclt h\u00edrnevet szereznie az egyik leggyorsabb,&#8230;<\/p>\n","protected":false},"author":1,"featured_media":373,"parent":0,"menu_order":0,"comment_status":"closed","ping_status":"closed","template":"","meta":{"om_disable_all_campaigns":false,"_monsterinsights_skip_tracking":false,"_monsterinsights_sitenote_active":false,"_monsterinsights_sitenote_note":"","_monsterinsights_sitenote_category":0,"footnotes":""},"class_list":["post-46","page","type-page","status-publish","has-post-thumbnail",""],"aioseo_notices":[],"_links":{"self":[{"href":"https:\/\/telegrama-wiki.com\/hu\/wp-json\/wp\/v2\/pages\/46","targetHints":{"allow":["GET"]}}],"collection":[{"href":"https:\/\/telegrama-wiki.com\/hu\/wp-json\/wp\/v2\/pages"}],"about":[{"href":"https:\/\/telegrama-wiki.com\/hu\/wp-json\/wp\/v2\/types\/page"}],"author":[{"embeddable":true,"href":"https:\/\/telegrama-wiki.com\/hu\/wp-json\/wp\/v2\/users\/1"}],"replies":[{"embeddable":true,"href":"https:\/\/telegrama-wiki.com\/hu\/wp-json\/wp\/v2\/comments?post=46"}],"version-history":[{"count":0,"href":"https:\/\/telegrama-wiki.com\/hu\/wp-json\/wp\/v2\/pages\/46\/revisions"}],"wp:featuredmedia":[{"embeddable":true,"href":"https:\/\/telegrama-wiki.com\/hu\/wp-json\/wp\/v2\/media\/373"}],"wp:attachment":[{"href":"https:\/\/telegrama-wiki.com\/hu\/wp-json\/wp\/v2\/media?parent=46"}],"curies":[{"name":"wp","href":"https:\/\/api.w.org\/{rel}","templated":true}]}}