{"id":279,"date":"2024-04-22T15:00:41","date_gmt":"2024-04-22T12:00:41","guid":{"rendered":"https:\/\/telegrama-wiki.com\/it\/cos-e-il-telegramma-e-come-usarlo\/"},"modified":"2024-04-22T15:00:41","modified_gmt":"2024-04-22T12:00:41","slug":"cos-e-il-telegramma-e-come-usarlo","status":"publish","type":"page","link":"https:\/\/telegrama-wiki.com\/it\/cos-e-il-telegramma-e-come-usarlo\/","title":{"rendered":"Cos&#8217;\u00e8 il telegramma e come usarlo"},"content":{"rendered":"<p style=\"text-align: justify\">Nel mondo di oggi, la comunicazione online \u00e8 diventata parte integrante della nostra vita. Scambiamo i messaggi con i propri cari, gli amici e i colleghi quotidianamente, condividiamo foto e video, discutiamo di notizie e interessi. Tuttavia, con la crescita delle comunicazioni digitali, anche i nostri requisiti per le app di messaggistica aumentano, ma devono essere non solo convenienti e funzionali, ma proteggere in modo affidabile la nostra privacy. Questa \u00e8 esattamente la combinazione di qualit\u00e0 che Telegram possiede: un messaggero creato da Pavel Durov nel 2013. In questo articolo, daremo uno sguardo dettagliato a cos&#8217;\u00e8 il telegramma e come usarlo. Esamineremo la storia della sua creazione e le fasi chiave dello sviluppo. Analizzeremo quali compiti aiuta a risolvere e quali strumenti offre per questo. Studieremo il lato tecnico del suo funzionamento e approccio alla sicurezza dei dati. Valuteremo la gamma di funzionalit\u00e0 di Telegram &#8211; dalle chat di base a funzionalit\u00e0 avanzate come robot e canali. E, naturalmente, evidenzieremo i suoi principali vantaggi rispetto ad altre app di messaggistica.<\/p>\n<p><span itemprop=\"image\" itemscope itemtype=\"https:\/\/schema.org\/ImageObject\"><img itemprop=\"url image\" loading=\"lazy\" decoding=\"async\" class=\"aligncenter wp-image-82\" src=\"https:\/\/telegrama-wiki.com\/ru\/wp-content\/uploads\/sites\/2\/2024\/04\/What-is-Telegram.png\" alt=\"Cos'\u00e8 il telegramma\" width=\"629\" height=\"472\" \/><meta itemprop=\"width\" content=\"629\"><meta itemprop=\"height\" content=\"472\"><\/span><\/p>\n<h2 style=\"text-align: justify\">Cos&#8217;\u00e8 il telegramma<\/h2>\n<p style=\"text-align: justify\">Telegram \u00e8 una popolare app di messaggistica creata da Pavel Durov, il fondatore del social network Vkontakte. Ti consente di scambiare messaggi, foto, video e altri file. Il telegramma \u00e8 particolarmente popolare nello spazio post-sovietico grazie alla sua versatilit\u00e0 e facilit\u00e0 d&#8217;uso.<\/p>\n<p style=\"text-align: justify\">La storia del telegramma \u00e8 iniziata nel 2013 quando Pavel Durov ha iniziato a pensare alle questioni di sicurezza e riservatezza della comunicazione online. Insieme a suo fratello, ha sviluppato il sistema di crittografia MTProto, che \u00e8 diventato il fondamento del telegramma. Da allora, il messaggero \u00e8 diventato disponibile su iOS e Android e ha iniziato a guadagnare rapidamente popolarit\u00e0.<\/p>\n<h2 style=\"text-align: justify\">A cosa serve il telegramma<\/h2>\n<p style=\"text-align: justify\">La funzione principale di Telegram \u00e8 fornire uno scambio di informazioni rapido e sicuro. Il Messenger offre diversi modi di comunicazione:<\/p>\n<ol style=\"text-align: justify\">\n<li style=\"font-weight: 400\">Chat cloud &#8211; chat regolari accessibili da tutti i dispositivi in cui \u00e8 installato Telegram. Qui si pu\u00f2:\n<ul>\n<li style=\"font-weight: 400\">Visualizza nuovi messaggi senza avvisare il mittente (tenendo il dito sulla finestra pop-up);<\/li>\n<li style=\"font-weight: 400\">Imposta un timer su eliminare i file inviati;<\/li>\n<li style=\"font-weight: 400\">Modificare i messaggi gi\u00e0 inviati;<\/li>\n<li style=\"font-weight: 400\">Crea cartelle con chat per una facile navigazione.<\/li>\n<\/ul>\n<\/li>\n<li style=\"font-weight: 400\">Chat segreti &#8211; dialoghi crittografati che non sono archiviati sui server e sono periodicamente eliminati dagli utenti stessi. Forniscono la massima riservatezza;<\/li>\n<li style=\"font-weight: 400\">Chiamate vocali e video &#8211; La capacit\u00e0 di comunicare non solo tramite messaggi di testo;<\/li>\n<li style=\"font-weight: 400\">Gruppi &#8211; chat con un massimo di 200.000 partecipanti. I gruppi regolari (fino a 200 persone) sono adatti per lo studio e il lavoro, mentre i supergruppi sono per le grandi comunit\u00e0 basate sugli interessi. In gruppo, \u00e8 conveniente rispondere a messaggi e menzionare utenti specifici;<\/li>\n<li style=\"font-weight: 400\">Canali: uno strumento per distribuire informazioni a un vasto pubblico senza limiti al numero di abbonati. Sondaggi, multimedia e altri contenuti interessanti su un argomento specifico sono spesso pubblicati nei canali.<\/li>\n<\/ol>\n<h2 style=\"text-align: justify\">Come usare il telegramma<\/h2>\n<ol style=\"text-align: justify\">\n<li style=\"font-weight: 400\">Scarica l&#8217;app Telegram sul tuo dispositivo (smartphone, tablet, computer).<\/li>\n<li style=\"font-weight: 400\">Passare attraverso un semplice processo di registrazione specificando il numero di telefono e il nome.<\/li>\n<li style=\"font-weight: 400\">Importa i contatti dalla tua rubrica o aggiungili manualmente.<\/li>\n<li style=\"font-weight: 400\">Inizia a comunicare! Per fare questo:\n<ul>\n<li style=\"font-weight: 400\">Tocca l&#8217;icona della chat nel pannello inferiore;<\/li>\n<li style=\"font-weight: 400\">Seleziona il contatto desiderato;<\/li>\n<li style=\"font-weight: 400\">Digita un messaggio nel campo di input nella parte inferiore dello schermo e premere il pulsante Invia.<\/li>\n<\/ul>\n<\/li>\n<li style=\"font-weight: 400\">Esplora le funzionalit\u00e0 aggiuntive di Telegram:\n<ul>\n<li style=\"font-weight: 400\">Creare gruppi e canali;<\/li>\n<li style=\"font-weight: 400\">Alla ricerca di canali pubblici e chat basate sugli interessi;<\/li>\n<li style=\"font-weight: 400\">Archiviare e bloccare importanti chat;<\/li>\n<li style=\"font-weight: 400\">Configurazione di notifiche;<\/li>\n<li style=\"font-weight: 400\">Modifica messaggi inviati;<\/li>\n<li style=\"font-weight: 400\">Iniziare una chat segreta;<\/li>\n<li style=\"font-weight: 400\">Impostazione di un timer per l&#8217;invio ed eliminazione dei messaggi;<\/li>\n<li style=\"font-weight: 400\">Creazione di chat basate sulla posizione.<\/li>\n<\/ul>\n<\/li>\n<\/ol>\n<h2 style=\"text-align: justify\">Come funziona il telegramma<\/h2>\n<p style=\"text-align: justify\">Telegram utilizza una combinazione di infrastruttura centralizzata e decentralizzata:<\/p>\n<ul style=\"text-align: justify\">\n<li style=\"font-weight: 400\">I dati dell&#8217;utente e le conversazioni nelle chat cloud sono archiviati su server Telegram in forma crittografata. Ci\u00f2 consente di sincronizzare chat tra dispositivi;<\/li>\n<li style=\"font-weight: 400\">Allo stesso tempo, le chiavi di crittografia per le chat segrete sono solo sui dispositivi degli interlocutori. Grazie alla tecnologia di crittografia end-to-end, anche i dipendenti di Telegram non hanno accesso alle conversazioni in chat segreti.<\/li>\n<\/ul>\n<p style=\"text-align: justify\">Applicazione del telegramma, che cos&#8217;\u00e8? Il Messenger utilizza il proprio protocollo MTProto sviluppato dal fratello di Pavel Durov Nikolai. Combina diversi tipi di crittografia, garantendo una protezione dei dati affidabile.<\/p>\n<p style=\"text-align: justify\">Telegram interagisce anche da vicino con gli sviluppatori attraverso un&#8217;API aperta e supporta la creazione di robot: account speciali per l&#8217;elaborazione automatica dei messaggi.<\/p>\n<h2 style=\"text-align: justify\">Caratteristiche del telegramma<\/h2>\n<p style=\"text-align: justify\">Telegram Messenger &#8211; Che cos&#8217;\u00e8:<\/p>\n<ul style=\"text-align: justify\">\n<li style=\"font-weight: 400\">Exchange di messaggi di testo, foto, video, documenti e altri file;<\/li>\n<li style=\"font-weight: 400\">Creazione di chat di gruppo (fino a 200.000 partecipanti) e canali tematici;<\/li>\n<li style=\"font-weight: 400\">Chiamate vocali e video;<\/li>\n<li style=\"font-weight: 400\">Robot per automazione delle attivit\u00e0, intrattenimento e affari;<\/li>\n<li style=\"font-weight: 400\">Adesivi animati personalizzati;<\/li>\n<li style=\"font-weight: 400\">Modifica messaggi inviati;<\/li>\n<li style=\"font-weight: 400\">Inoltro e citazione dei messaggi;<\/li>\n<li style=\"font-weight: 400\">Appuntare messaggi importanti;<\/li>\n<li style=\"font-weight: 400\">Personalizzare le notifiche per diversi tipi di chat;<\/li>\n<li style=\"font-weight: 400\">Foto e video autodistruggenti in chat segreti;<\/li>\n<li style=\"font-weight: 400\">Autenticazione a due fattori per proteggere gli account;<\/li>\n<li style=\"font-weight: 400\">Sostegno per le lingue russe e di altro tipo;<\/li>\n<li style=\"font-weight: 400\">Alla ricerca di persone nelle vicinanze usando la geolocalizzazione;<\/li>\n<li style=\"font-weight: 400\">Archiviare chat inattive;<\/li>\n<li style=\"font-weight: 400\">Personalizzare i temi di aspetto.<\/li>\n<\/ul>\n<h2 style=\"text-align: justify\">Principali vantaggi del telegramma<\/h2>\n<ol style=\"text-align: justify\">\n<li style=\"font-weight: 400\">Sicurezza e privacy:\n<ul>\n<li style=\"font-weight: 400\">Crittografia end-to-end affidabile delle conversazioni;<\/li>\n<li style=\"font-weight: 400\">Chat segreti con ulteriore protezione;<\/li>\n<li style=\"font-weight: 400\">Autenticazione a due fattori;<\/li>\n<li style=\"font-weight: 400\">Capacit\u00e0 di eliminare un account insieme a tutti i dati;<\/li>\n<\/ul>\n<\/li>\n<li style=\"font-weight: 400\">Facilit\u00e0 d&#8217;uso:\n<ul>\n<li style=\"font-weight: 400\">Interfaccia intuitiva;<\/li>\n<li style=\"font-weight: 400\">Alta velocit\u00e0 operativa;<\/li>\n<li style=\"font-weight: 400\">Archiviazione cloud illimitata per tutte le chat;<\/li>\n<li style=\"font-weight: 400\">Strumenti convenienti per l&#8217;organizzazione di dialoghi (cartelle, archiviazione, pinning);<\/li>\n<li style=\"font-weight: 400\">Impostazioni di notifica estesa;<\/li>\n<li style=\"font-weight: 400\">Funziona su tutte le piattaforme popolari (iOS, Android, Windows, MacOS, Linux, Web).<\/li>\n<\/ul>\n<\/li>\n<li style=\"font-weight: 400\">Funzionalit\u00e0 ricca:\n<ul>\n<li style=\"font-weight: 400\">Ampie capacit\u00e0 di comunicazione (gruppi, canali, robot);<\/li>\n<li style=\"font-weight: 400\">Supporto per tutti i formati di file multimediali popolari;<\/li>\n<li style=\"font-weight: 400\">Aggiunta continua di nuove funzionalit\u00e0;<\/li>\n<li style=\"font-weight: 400\">API aperta per sviluppatori e integrazioni.<\/li>\n<\/ul>\n<\/li>\n<li style=\"font-weight: 400\">Ampia comunit\u00e0 utente:\n<ul>\n<li style=\"font-weight: 400\">Pubblico attivo, specialmente nei paesi della cis;<\/li>\n<li style=\"font-weight: 400\">Molti canali informativi e divertenti;<\/li>\n<li style=\"font-weight: 400\">Convenienza per la comunicazione con i propri cari, amici, colleghi.<\/li>\n<\/ul>\n<\/li>\n<\/ol>\n<p style=\"text-align: justify\">Tuttavia, la rapida crescita della popolarit\u00e0 del telegramma crea anche alcuni problemi. L&#8217;aumento del carico a volte porta a interruzioni nel funzionamento del messaggero. E la mancanza di monetizzazione pubblicitaria costringe la ricerca di nuovi modi per finanziare il progetto.<\/p>\n<p style=\"text-align: justify\">Nonostante queste carenze, Telegram rimane una delle app di messaggistica pi\u00f9 convenienti e sicure, combinando ampie funzionalit\u00e0 e facilit\u00e0 d&#8217;uso. Gli aggiornamenti regolari lo rendono ancora pi\u00f9 attraente sia per la comunicazione personale che per la comunicazione aziendale. Pertanto, Telegram vale sicuramente la pena provare per chiunque cerchi una moderna applicazione di comunicazione online.<\/p>\n<h2 style=\"text-align: justify\">Conclusione<\/h2>\n<p style=\"text-align: justify\">Telegram non \u00e8 solo un altro messaggero, ma un potente strumento di comunicazione che offre agli utenti una vasta gamma di possibilit\u00e0 di comunicazione, scambio di informazioni e organizzazione delle loro vite online.<\/p>\n<p style=\"text-align: justify\">Da un lato, Telegram attira un pubblico con la sua semplicit\u00e0 e facilit\u00e0 d&#8217;uso. Un&#8217;interfaccia intuitiva, un&#8217;alta velocit\u00e0 operativa e compatibilit\u00e0 multipiattaforma lo rendono accessibile a tutti. Un sistema ben ponderato per l&#8217;organizzazione di chat (cartelle, archiviazione, pinning) aiuta a mantenere l&#8217;ordine anche nei dialoghi pi\u00f9 trafficati. E le diverse impostazioni di notifica consentono una gestione flessibile del proprio coinvolgimento nella comunicazione.<\/p>\n<p style=\"text-align: justify\">D&#8217;altra parte, Telegram colpisce con la sua ricca funzionalit\u00e0. Oltre ai messaggi di testo e alle chiamate standard, offre la creazione di gruppi con un massimo di 200.000 partecipanti, canali tematici senza limiti del pubblico, nonch\u00e9 chatbot per l&#8217;automazione delle attivit\u00e0 e l&#8217;intrattenimento. Supporto per tutti i formati di file multimediali popolari e la costante aggiunta di nuove funzionalit\u00e0 rendono Telegram uno strumento versatile per la comunicazione sia personale che commerciale.<\/p>\n<p style=\"text-align: justify\">Tuttavia, il vantaggio principale di Telegram \u00e8 senza dubbio la sua attenzione alla sicurezza degli utenti e alla privacy. In un&#8217;era di minacce digitali e perdite di dati, Telegram offre una crittografia end-to-end affidabile delle conversazioni, chat segrete con un ulteriore livello di protezione e la possibilit\u00e0 di eliminare completamente la propria impronta digitale. Questo lo rende una scelta attraente per chiunque apprezzi la privacy della loro comunicazione online.<\/p>\n","protected":false},"excerpt":{"rendered":"<p>Nel mondo di oggi, la comunicazione online \u00e8 diventata parte integrante della nostra vita. Scambiamo i messaggi con i propri cari, gli amici e i colleghi quotidianamente, condividiamo&#8230;<\/p>\n","protected":false},"author":1,"featured_media":370,"parent":0,"menu_order":0,"comment_status":"closed","ping_status":"closed","template":"","meta":{"om_disable_all_campaigns":false,"_monsterinsights_skip_tracking":false,"_monsterinsights_sitenote_active":false,"_monsterinsights_sitenote_note":"","_monsterinsights_sitenote_category":0,"footnotes":""},"class_list":["post-279","page","type-page","status-publish","has-post-thumbnail",""],"aioseo_notices":[],"_links":{"self":[{"href":"https:\/\/telegrama-wiki.com\/it\/wp-json\/wp\/v2\/pages\/279","targetHints":{"allow":["GET"]}}],"collection":[{"href":"https:\/\/telegrama-wiki.com\/it\/wp-json\/wp\/v2\/pages"}],"about":[{"href":"https:\/\/telegrama-wiki.com\/it\/wp-json\/wp\/v2\/types\/page"}],"author":[{"embeddable":true,"href":"https:\/\/telegrama-wiki.com\/it\/wp-json\/wp\/v2\/users\/1"}],"replies":[{"embeddable":true,"href":"https:\/\/telegrama-wiki.com\/it\/wp-json\/wp\/v2\/comments?post=279"}],"version-history":[{"count":0,"href":"https:\/\/telegrama-wiki.com\/it\/wp-json\/wp\/v2\/pages\/279\/revisions"}],"wp:featuredmedia":[{"embeddable":true,"href":"https:\/\/telegrama-wiki.com\/it\/wp-json\/wp\/v2\/media\/370"}],"wp:attachment":[{"href":"https:\/\/telegrama-wiki.com\/it\/wp-json\/wp\/v2\/media?parent=279"}],"curies":[{"name":"wp","href":"https:\/\/api.w.org\/{rel}","templated":true}]}}