{"id":46,"date":"2024-04-16T10:26:38","date_gmt":"2024-04-16T07:26:38","guid":{"rendered":"https:\/\/telegrama-wiki.com\/it\/telegram-web-come-accedere-online\/"},"modified":"2024-04-16T10:26:38","modified_gmt":"2024-04-16T07:26:38","slug":"telegram-web-come-accedere-online","status":"publish","type":"page","link":"https:\/\/telegrama-wiki.com\/it\/","title":{"rendered":"Telegram Web: come accedere online"},"content":{"rendered":"<p>Dal suo lancio nel 2013, The Telegram Messenger \u00e8 saldamente entrato nella vita quotidiana di centinaia di milioni di utenti in tutto il mondo. Durante questo periodo, \u00e8 riuscito a guadagnare una reputazione come uno dei servizi di messaggistica pi\u00f9 veloci, sicuri e ricchi di funzionalit\u00e0.<\/p>\n<p>L&#8217;applicazione Telegram \u00e8 disponibile su tutte le piattaforme popolari: da smartphone e tablet ai personal computer. Inoltre, ha una comoda interfaccia Web da utilizzare in un browser. Questa funzionalit\u00e0 multipiattaforma consente agli utenti di rimanere in contatto in ogni momento.<\/p>\n<p><span itemprop=\"image\" itemscope itemtype=\"https:\/\/schema.org\/ImageObject\"><img itemprop=\"url image\" loading=\"lazy\" decoding=\"async\" class=\"aligncenter wp-image-22 \" src=\"https:\/\/telegrama-wiki.com\/wp-content\/uploads\/2024\/04\/Telegram-Web.png\" alt=\"Telegram Web\" width=\"629\" height=\"359\" \/><meta itemprop=\"width\" content=\"629\"><meta itemprop=\"height\" content=\"359\"><\/span><\/p>\n<p>Questo articolo si concentrer\u00e0 su come utilizzare Telegram in un browser, i vantaggi della versione desktop e le varie utili caratteristiche di questo messaggero.<\/p>\n<h2>Come accedere al telegramma online<\/h2>\n<p>Telegram \u00e8 un servizio di messaggistica popolare disponibile su tutte le principali piattaforme, compresi i telefoni Android. Tuttavia, puoi anche utilizzare Telegram tramite qualsiasi browser Web senza la necessit\u00e0 di installare un&#8217;applicazione.<\/p>\n<p>Telegram ha un&#8217;app Web ufficiale a cui puoi accedere facilmente tramite un browser. Questa \u00e8 un&#8217;opzione conveniente per l&#8217;utilizzo del servizio di messaggistica su computer pubblici o il computer di un amico o familiare.<\/p>\n<p>L&#8217;app Web Telegram \u00e8 compatibile con tutti i principali browser, tra cui Google Chrome, Microsoft Edge, Safari e Mozilla Firefox. \u00c8 anche specifico della piattaforma, il che significa che puoi accedervi da qualsiasi sistema operativo moderno.<\/p>\n<h2>Accedere al telegramma: istruzioni<\/h2>\n<p>Per accedere a Telegram su un computer, seguire questi passaggi:<\/p>\n<ol>\n<li>Apri Telegram Web sul Web.telegramma.org sul tuo computer;<\/li>\n<li>Un codice QR apparir\u00e0 sullo schermo;<\/li>\n<li>Apri l&#8217;app Telegram sul tuo telefono;<\/li>\n<li>Apri il menu &#8220;Impostazioni&#8221;;<\/li>\n<li>Fai clic sul pulsante &#8220;Dispositivi&#8221;;<\/li>\n<li>Selezionare &#8220;Link Desktop Device&#8221;;<\/li>\n<li>Scansionare il codice QR visualizzato nell&#8217;app Web Telegram;<\/li>\n<li>Se non hai accesso all&#8217;app Telegram sul tuo telefono, utilizzare l&#8217;opzione &#8220;Accedi per telefono&#8221;;<\/li>\n<li>Inserisci il tuo numero di telefono;<\/li>\n<li>Riceverai un codice a cinque cifre nell&#8217;app Telegram sul tuo telefono. Inseriscilo per accedere al Web Telegram;<\/li>\n<li>Se hai abilitato la verifica in due fasi, immettere la password.<\/li>\n<\/ol>\n<blockquote><p>Seguendo questi passaggi, sarai in grado di accedere a Telegram sul tuo computer e accedere a tutte le chat e messaggi.<\/p><\/blockquote>\n<h2>Funzionalit\u00e0 della versione web<\/h2>\n<p>La funzionalit\u00e0 della versione web di Telegram \u00e8 quasi identica alle app mobili per smartphone e PC. Tuttavia, esiste una differenza importante nella versione web: la possibilit\u00e0 di ricevere notifiche sui nuovi messaggi in arrivo in tempo reale. Ci\u00f2 ti consente di rimanere connesso anche se il telegramma non \u00e8 in esecuzione. Le notifiche compaiono nel browser, proprio come da altre app web.<\/p>\n<p>Pertanto, la versione web di Telegram \u00e8 un messaggero a tutti gli effetti per comunicare tramite un browser con notifiche di nuovi messaggi. Questo \u00e8 molto conveniente in assenza di accesso a un telefono cellulare.<\/p>\n<h2>Capacit\u00e0 di servizio<\/h2>\n<p>Telegram Web Online \u00e8 quasi alla pari con le app Telegram a tutti gli effetti per PC e smartphone in termini di funzionalit\u00e0.<\/p>\n<p>Caratteristiche chiave:<\/p>\n<ul>\n<li>Messaggistica nelle chat personali e di gruppo;<\/li>\n<li>Invio di file multimediali: foto, video, audio, documenti;<\/li>\n<li>Creazione di chat di gruppo;<\/li>\n<li>Ricerca di contatti e dialoghi per parole chiave;<\/li>\n<li>Configurazione di notifiche per nuovi messaggi;<\/li>\n<li>Filtrare le chat per tipo di contenuto;<\/li>\n<li>Editing ed eliminazione dei messaggi;<\/li>\n<li>Cambiare avatar e nome utente.<\/li>\n<\/ul>\n<p>Inoltre, la maggior parte dei robot di telegramma, pacchetti adesivi e altri utili strumenti di telegramma sono disponibili su Telegram Web.<\/p>\n<p>Il vantaggio principale della versione web \u00e8 che non richiede l&#8217;installazione di applicazioni. Tutto ci\u00f2 di cui hai bisogno \u00e8 un browser e Internet per utilizzare il messaggero su qualsiasi dispositivo.<\/p>\n<p>Questo \u00e8 conveniente in situazioni:<\/p>\n<ul>\n<li>Quando non c&#8217;\u00e8 opportunit\u00e0 o desiderio di installare Telegram su un computer;<\/li>\n<li>Accedere al telegramma dai dispositivi di altre persone in assenza del tuo smartphone;<\/li>\n<li>Per utilizzare le app Web su Chromebook, dove non ci sono programmi nativi.<\/li>\n<\/ul>\n<p>In generale, Telegram Web offre quasi tutte le funzionalit\u00e0 di base delle versioni desktop e mobili a pieno titolo. Ci\u00f2 significa che questo servizio pu\u00f2 diventare una sostituzione a tutti gli effetti per le applicazioni Telegram nella maggior parte degli scenari di utilizzo.<\/p>\n<h2>Caratteristiche e vantaggi della comunicazione<\/h2>\n<p>In 10 anni, Telegram si \u00e8 evoluto da un semplice messaggero in una piattaforma multifunzionale per la comunicazione e la risoluzione di varie attivit\u00e0. Diamo un&#8217;occhiata alle caratteristiche di comunicazione chiave di Telegram.<\/p>\n<ul>\n<li>Conversazione auto-delete. Questa impostazione consente di attivare la cancellazione automatica dell&#8217;intera cronologia della chat dopo un tempo specificato. Ci\u00f2 garantisce la riservatezza della comunicazione. Per abilitarlo, vai alle impostazioni della chat con l&#8217;interlocutore desiderato e scegli un timer per la delezione automatica;<\/li>\n<li>Password cloud. Questa \u00e8 un&#8217;altra importante opzione di sicurezza: autenticazione a due fattori del telegramma utilizzando una password speciale. Protegge il tuo account dall&#8217;hacking. Abilitato nella sezione &#8220;Privacy &#8211; password cloud&#8221;;<\/li>\n<li>Pinning Messaggi. Il telegramma ti consente di appuntare singoli messaggi o intere chat. Ci\u00f2 \u00e8 conveniente per un rapido accesso a dialoghi o file importanti.<\/li>\n<\/ul>\n<h2>Differenza tra telegramma su computer e telefono<\/h2>\n<p>Le principali differenze tra telegramma su un computer e su un telefono includono:<\/p>\n<ul>\n<li>Comodit\u00e0 di input. \u00c8 pi\u00f9 conveniente digitare messaggi lunghi su un computer che su un telefono.<\/li>\n<li>Accesso ai file. Nella versione web di Telegram, c&#8217;\u00e8 un comodo accesso a tutti i file nella chat: fai clic su un file per vedere tutti i file di questo tipo;<\/li>\n<li>Sincronizzazione. Entrambe le versioni di Telegram sono sincronizzate, quindi tutti i messaggi e i file sono disponibili su entrambi i dispositivi;<\/li>\n<li>Risparmio di traffico. Utilizzando Telegram su un computer, \u00e8 possibile salvare Internet mobile;<\/li>\n<li>Trasferimento di file. Attraverso l&#8217;opzione &#8220;Preferiti&#8221; Telegram, \u00e8 possibile utilizzarla per trasferire file tra telefono e computer;<\/li>\n<li>Modalit\u00e0 notturna. La versione desktop di Telegram ha una comoda modalit\u00e0 notturna per il lavoro comodo al buio.<\/li>\n<\/ul>\n<blockquote><p>Nel complesso, il telegramma su un computer \u00e8 un&#8217;ottima alternativa all&#8217;app mobile con una serie di funzionalit\u00e0 aggiuntive.<\/p><\/blockquote>\n<h2>Conclusione<\/h2>\n<p>In conclusione, possiamo dire che Telegram Web \u00e8 una versione web conveniente e funzionale del popolare messaggero che apre molte possibilit\u00e0 per una comunicazione confortevole. Grazie alla compatibilit\u00e0 multipiattaforma e alla mancanza di necessit\u00e0 di installare software aggiuntivo, la versione Web consente agli utenti di rimanere connessi ovunque e su qualsiasi dispositivo con accesso a Internet e un browser Web.<\/p>\n<p>Nonostante alcuni limiti minori, Telegram Web offre quasi l&#8217;intera gamma di funzionalit\u00e0 che si trovano nelle app mobili e desktop. Gli utenti possono scambiare messaggi, creare chat di gruppo, inviare vari tipi di file, personalizzare le notifiche e molto altro. Inoltre, la versione Web fornisce una sincronizzazione senza soluzione di continuit\u00e0 con tutti gli altri dispositivi, garantendo un accesso costante alla cronologia e ai file di corrispondenza aggiornati.<\/p>\n<p>Telegram Web \u00e8 un&#8217;ottima scelta per coloro che apprezzano la mobilit\u00e0 e la flessibilit\u00e0 nella comunicazione. La possibilit\u00e0 di utilizzare il Messenger su qualsiasi computer o dispositivo senza la necessit\u00e0 di installare software aggiuntivo lo rende una soluzione ideale per l&#8217;accesso temporaneo o nei casi in cui non \u00e8 possibile installare l&#8217;applicazione standard.<\/p>\n<p>Nel complesso, Telegram Web \u00e8 un potente strumento di comunicazione che combina facilit\u00e0 d&#8217;uso, funzionalit\u00e0 ricca e un alto livello di sicurezza e privacy. Grazie allo sviluppo e al miglioramento continuo, la versione web del Messenger continua ad essere una delle migliori scelte per coloro che cercano una soluzione conveniente e affidabile per la comunicazione online.<\/p>\n","protected":false},"excerpt":{"rendered":"<p>Dal suo lancio nel 2013, The Telegram Messenger \u00e8 saldamente entrato nella vita quotidiana di centinaia di milioni di utenti in tutto il mondo. Durante questo periodo, \u00e8&#8230;<\/p>\n","protected":false},"author":1,"featured_media":389,"parent":0,"menu_order":0,"comment_status":"closed","ping_status":"closed","template":"","meta":{"om_disable_all_campaigns":false,"_monsterinsights_skip_tracking":false,"_monsterinsights_sitenote_active":false,"_monsterinsights_sitenote_note":"","_monsterinsights_sitenote_category":0,"footnotes":""},"class_list":["post-46","page","type-page","status-publish","has-post-thumbnail",""],"aioseo_notices":[],"_links":{"self":[{"href":"https:\/\/telegrama-wiki.com\/it\/wp-json\/wp\/v2\/pages\/46","targetHints":{"allow":["GET"]}}],"collection":[{"href":"https:\/\/telegrama-wiki.com\/it\/wp-json\/wp\/v2\/pages"}],"about":[{"href":"https:\/\/telegrama-wiki.com\/it\/wp-json\/wp\/v2\/types\/page"}],"author":[{"embeddable":true,"href":"https:\/\/telegrama-wiki.com\/it\/wp-json\/wp\/v2\/users\/1"}],"replies":[{"embeddable":true,"href":"https:\/\/telegrama-wiki.com\/it\/wp-json\/wp\/v2\/comments?post=46"}],"version-history":[{"count":0,"href":"https:\/\/telegrama-wiki.com\/it\/wp-json\/wp\/v2\/pages\/46\/revisions"}],"wp:featuredmedia":[{"embeddable":true,"href":"https:\/\/telegrama-wiki.com\/it\/wp-json\/wp\/v2\/media\/389"}],"wp:attachment":[{"href":"https:\/\/telegrama-wiki.com\/it\/wp-json\/wp\/v2\/media?parent=46"}],"curies":[{"name":"wp","href":"https:\/\/api.w.org\/{rel}","templated":true}]}}