{"id":279,"date":"2024-04-22T15:00:41","date_gmt":"2024-04-22T12:00:41","guid":{"rendered":"https:\/\/telegrama-wiki.com\/lt\/kas-yra-telegram-ir-kaip-ja-naudotis\/"},"modified":"2024-04-22T15:00:41","modified_gmt":"2024-04-22T12:00:41","slug":"kas-yra-telegram-ir-kaip-ja-naudotis","status":"publish","type":"page","link":"https:\/\/telegrama-wiki.com\/lt\/kas-yra-telegram-ir-kaip-ja-naudotis\/","title":{"rendered":"Kas yra Telegram ir kaip ja naudotis"},"content":{"rendered":"<p style=\"text-align: justify\">\u0160iuolaikiniame pasaulyje bendravimas internetu tapo neatsiejama m\u016bs\u0173 gyvenimo dalimi. Kasdien kei\u010diam\u0117s \u017einut\u0117mis su artimaisiais, draugais ir kolegomis, dalijam\u0117s nuotraukomis ir vaizdo \u012fra\u0161ais, aptariame naujienas ir pom\u0117gius. Ta\u010diau augant skaitmeniniams ry\u0161iams did\u0117ja ir m\u016bs\u0173 reikalavimai susira\u0161in\u0117jimo program\u0117l\u0117ms \u2013 jos turi b\u016bti ne tik patogios ir funkcionalios, bet ir patikimai saugoti m\u016bs\u0173 privatum\u0105. B\u016btent tok\u012f savybi\u0173 derin\u012f turi &bdquo;Telegram&ldquo; \u2013 2013 m. Pavelo Durovo sukurtas pasiuntinys. \u0160iame straipsnyje mes i\u0161samiai ap\u017evelgsime, kas yra &bdquo;Telegram&ldquo; ir kaip ja naudotis. I\u0161nagrin\u0117sime jo k\u016brimo istorij\u0105 ir pagrindinius raidos etapus. I\u0161analizuosime, kokias u\u017eduotis ji padeda i\u0161spr\u0119sti ir kokias priemones tam si\u016blo. I\u0161nagrin\u0117sime technin\u0119 jo veikimo pus\u0119 ir po\u017ei\u016br\u012f \u012f duomen\u0173 saugum\u0105. \u012evertinsime &bdquo;Telegram&ldquo; galimybi\u0173 spektr\u0105 \u2013 nuo \u200b\u200bpagrindini\u0173 pokalbi\u0173 iki pa\u017eangi\u0173 funkcij\u0173, toki\u0173 kaip robotai ir kanalai. Ir, \u017einoma, pabr\u0117\u0161ime pagrindinius jo prana\u0161umus, palyginti su kitomis prane\u0161im\u0173 siuntimo program\u0117l\u0117mis.<\/p>\n<p><span itemprop=\"image\" itemscope itemtype=\"https:\/\/schema.org\/ImageObject\"><img itemprop=\"url image\" loading=\"lazy\" decoding=\"async\" class=\"aligncenter wp-image-82\" src=\"https:\/\/telegrama-wiki.com\/ru\/wp-content\/uploads\/sites\/2\/2024\/04\/What-is-Telegram.png\" alt=\"Kas yra telegrama\" width=\"629\" height=\"472\" \/><meta itemprop=\"width\" content=\"629\"><meta itemprop=\"height\" content=\"472\"><\/span><\/p>\n<div id=\"ez-toc-container\" class=\"ez-toc-v2_0_69_1 counter-hierarchy ez-toc-counter ez-toc-grey ez-toc-container-direction\">\n<div class=\"ez-toc-title-container\">\n<p class=\"ez-toc-title\" style=\"cursor:inherit\">Table of Contents<\/p>\n<span class=\"ez-toc-title-toggle\"><a href=\"#\" class=\"ez-toc-pull-right ez-toc-btn ez-toc-btn-xs ez-toc-btn-default ez-toc-toggle\" aria-label=\"Toggle Table of Content\"><span class=\"ez-toc-js-icon-con\"><span class=\"\"><span class=\"eztoc-hide\" style=\"display:none;\">Toggle<\/span><span class=\"ez-toc-icon-toggle-span\"><svg style=\"fill: #999;color:#999\" xmlns=\"http:\/\/www.w3.org\/2000\/svg\" class=\"list-377408\" width=\"20px\" height=\"20px\" viewBox=\"0 0 24 24\" fill=\"none\"><path d=\"M6 6H4v2h2V6zm14 0H8v2h12V6zM4 11h2v2H4v-2zm16 0H8v2h12v-2zM4 16h2v2H4v-2zm16 0H8v2h12v-2z\" fill=\"currentColor\"><\/path><\/svg><svg style=\"fill: #999;color:#999\" class=\"arrow-unsorted-368013\" xmlns=\"http:\/\/www.w3.org\/2000\/svg\" width=\"10px\" height=\"10px\" viewBox=\"0 0 24 24\" version=\"1.2\" baseProfile=\"tiny\"><path d=\"M18.2 9.3l-6.2-6.3-6.2 6.3c-.2.2-.3.4-.3.7s.1.5.3.7c.2.2.4.3.7.3h11c.3 0 .5-.1.7-.3.2-.2.3-.5.3-.7s-.1-.5-.3-.7zM5.8 14.7l6.2 6.3 6.2-6.3c.2-.2.3-.5.3-.7s-.1-.5-.3-.7c-.2-.2-.4-.3-.7-.3h-11c-.3 0-.5.1-.7.3-.2.2-.3.5-.3.7s.1.5.3.7z\"\/><\/svg><\/span><\/span><\/span><\/a><\/span><\/div>\n<nav><ul class='ez-toc-list ez-toc-list-level-1 ' ><li class='ez-toc-page-1 ez-toc-heading-level-2'><a class=\"ez-toc-link ez-toc-heading-1\" href=\"https:\/\/telegrama-wiki.com\/lt\/kas-yra-telegram-ir-kaip-ja-naudotis\/#Kas_yra_telegrama\" title=\"Kas yra telegrama\">Kas yra telegrama<\/a><\/li><li class='ez-toc-page-1 ez-toc-heading-level-2'><a class=\"ez-toc-link ez-toc-heading-2\" href=\"https:\/\/telegrama-wiki.com\/lt\/kas-yra-telegram-ir-kaip-ja-naudotis\/#Kam_skirta_telegrama\" title=\"Kam skirta telegrama\">Kam skirta telegrama<\/a><\/li><li class='ez-toc-page-1 ez-toc-heading-level-2'><a class=\"ez-toc-link ez-toc-heading-3\" href=\"https:\/\/telegrama-wiki.com\/lt\/kas-yra-telegram-ir-kaip-ja-naudotis\/#Kaip_naudotis_telegrama\" title=\"Kaip naudotis telegrama\">Kaip naudotis telegrama<\/a><\/li><li class='ez-toc-page-1 ez-toc-heading-level-2'><a class=\"ez-toc-link ez-toc-heading-4\" href=\"https:\/\/telegrama-wiki.com\/lt\/kas-yra-telegram-ir-kaip-ja-naudotis\/#Kaip_veikia_telegrama\" title=\"Kaip veikia telegrama\">Kaip veikia telegrama<\/a><\/li><li class='ez-toc-page-1 ez-toc-heading-level-2'><a class=\"ez-toc-link ez-toc-heading-5\" href=\"https:\/\/telegrama-wiki.com\/lt\/kas-yra-telegram-ir-kaip-ja-naudotis\/#Telegramos_funkcijos\" title=\"Telegramos funkcijos\">Telegramos funkcijos<\/a><\/li><li class='ez-toc-page-1 ez-toc-heading-level-2'><a class=\"ez-toc-link ez-toc-heading-6\" href=\"https:\/\/telegrama-wiki.com\/lt\/kas-yra-telegram-ir-kaip-ja-naudotis\/#Pagrindiniai_%E2%80%9ETelegram%E2%80%9C_pranasumai\" title=\"Pagrindiniai &bdquo;Telegram&ldquo; prana\u0161umai\">Pagrindiniai &bdquo;Telegram&ldquo; prana\u0161umai<\/a><\/li><li class='ez-toc-page-1 ez-toc-heading-level-2'><a class=\"ez-toc-link ez-toc-heading-7\" href=\"https:\/\/telegrama-wiki.com\/lt\/kas-yra-telegram-ir-kaip-ja-naudotis\/#Isvada\" title=\"I\u0161vada\">I\u0161vada<\/a><\/li><\/ul><\/nav><\/div>\n<h2 style=\"text-align: justify\"><span class=\"ez-toc-section\" id=\"Kas_yra_telegrama\"><\/span>Kas yra telegrama<span class=\"ez-toc-section-end\"><\/span><\/h2>\n<p style=\"text-align: justify\">&bdquo;Telegram&ldquo; yra populiari prane\u0161im\u0173 programa, kuri\u0105 suk\u016br\u0117 socialinio tinklo &bdquo;VKontakte&ldquo; \u012fk\u016br\u0117jas Pavelas Durovas. Tai leid\u017eia keistis \u017einut\u0117mis, nuotraukomis, vaizdo \u012fra\u0161ais ir kitais failais. Telegrama ypa\u010d populiari posovietin\u0117je erdv\u0117je d\u0117l savo universalumo ir naudojimo paprastumo.<\/p>\n<p style=\"text-align: justify\">&bdquo;Telegram&ldquo; istorija prasid\u0117jo 2013 m., kai Pavelas Durovas prad\u0117jo galvoti apie internetinio bendravimo saugumo ir konfidencialumo klausimus. Kartu su broliu jis suk\u016br\u0117 MTProto \u0161ifravimo sistem\u0105, kuri tapo Telegramos pagrindu. Nuo tada &bdquo;Messenger&ldquo; tapo prieinama &bdquo;iOS&ldquo; ir &bdquo;Android&ldquo; ir prad\u0117jo spar\u010diai populiar\u0117ti.<\/p>\n<h2 style=\"text-align: justify\"><span class=\"ez-toc-section\" id=\"Kam_skirta_telegrama\"><\/span>Kam skirta telegrama<span class=\"ez-toc-section-end\"><\/span><\/h2>\n<p style=\"text-align: justify\">Pagrindin\u0117 &bdquo;Telegram&ldquo; funkcija \u2013 u\u017etikrinti greit\u0105 ir saug\u0173 keitim\u0105si informacija. Messenger si\u016blo kelis bendravimo b\u016bdus:<\/p>\n<ol style=\"text-align: justify\">\n<li style=\"font-weight: 400\">Pokalbiai i\u0161 debesies \u2013 \u012fprasti pokalbiai, pasiekiami i\u0161 vis\u0173 \u012frengini\u0173, kuriuose \u012fdiegta &bdquo;Telegram&ldquo;. \u010cia galite:\n<ul>\n<li style=\"font-weight: 400\">Per\u017ei\u016br\u0117kite naujus prane\u0161imus neprane\u0161\u0119 siunt\u0117jui (laikydami pir\u0161t\u0105 ant i\u0161\u0161okan\u010dio lango);<\/li>\n<li style=\"font-weight: 400\">Nustatykite laikmat\u012f i\u0161si\u0173stiems failams i\u0161trinti;<\/li>\n<li style=\"font-weight: 400\">Redaguoti jau i\u0161si\u0173stus prane\u0161imus;<\/li>\n<li style=\"font-weight: 400\">Kurkite aplankus su pokalbiais, kad b\u016bt\u0173 lengviau nar\u0161yti.<\/li>\n<\/ul>\n<\/li>\n<li style=\"font-weight: 400\">Slapti pokalbiai \u2013 u\u017e\u0161ifruoti dialogai, kurie nesaugomi serveriuose ir kuriuos periodi\u0161kai i\u0161trina patys vartotojai. Jie u\u017etikrina maksimal\u0173 konfidencialum\u0105;<\/li>\n<li style=\"font-weight: 400\">Balso ir vaizdo skambu\u010diai \u2013 galimyb\u0117 bendrauti ne tik trumposiomis \u017einut\u0117mis;<\/li>\n<li style=\"font-weight: 400\">Grup\u0117s \u2013 pokalbiai su iki 200 000 dalyvi\u0173. \u012eprastos grup\u0117s (iki 200 \u017emoni\u0173) tinkamos mokytis ir dirbti, o supergrup\u0117s \u2013 didel\u0117ms interes\u0173 bendruomen\u0117ms. Grup\u0117se patogu atsakyti \u012f \u017einutes ir pamin\u0117ti konkre\u010dius vartotojus;<\/li>\n<li style=\"font-weight: 400\">Kanalai \u2013 \u012frankis platinti informacij\u0105 didelei auditorijai neribojant prenumeratori\u0173 skai\u010diaus. Apklausos, multimedija ir kitas \u012fdomus turinys tam tikra tema da\u017enai skelbiamas kanaluose.<\/li>\n<\/ol>\n<h2 style=\"text-align: justify\"><span class=\"ez-toc-section\" id=\"Kaip_naudotis_telegrama\"><\/span>Kaip naudotis telegrama<span class=\"ez-toc-section-end\"><\/span><\/h2>\n<ol style=\"text-align: justify\">\n<li style=\"font-weight: 400\">Atsisi\u0173skite &bdquo;Telegram&ldquo; program\u0105 \u012f savo \u012frengin\u012f (i\u0161man\u0173j\u012f telefon\u0105, plan\u0161etin\u012f kompiuter\u012f, kompiuter\u012f).<\/li>\n<li style=\"font-weight: 400\">Atlikite paprast\u0105 registracijos proces\u0105, nurodydami savo telefono numer\u012f ir vard\u0105.<\/li>\n<li style=\"font-weight: 400\">Importuokite kontaktus i\u0161 savo telefon\u0173 knygos arba prid\u0117kite juos rankiniu b\u016bdu.<\/li>\n<li style=\"font-weight: 400\">Prad\u0117kite bendrauti! Nor\u0117dami tai padaryti:\n<ul>\n<li style=\"font-weight: 400\">Bakstel\u0117kite pokalbio piktogram\u0105 apatiniame skydelyje;<\/li>\n<li style=\"font-weight: 400\">Pasirinkite norim\u0105 kontakt\u0105;<\/li>\n<li style=\"font-weight: 400\">Ekrano apa\u010dioje esan\u010diame \u012fvesties lauke \u012fveskite prane\u0161im\u0105 ir paspauskite siuntimo mygtuk\u0105.<\/li>\n<\/ul>\n<\/li>\n<li style=\"font-weight: 400\">I\u0161tirkite papildomas Telegram funkcijas:\n<ul>\n<li style=\"font-weight: 400\">Grupi\u0173 ir kanal\u0173 k\u016brimas;<\/li>\n<li style=\"font-weight: 400\">Vie\u0161\u0173j\u0173 kanal\u0173 ir pokalbi\u0173 pagal interesus paie\u0161ka;<\/li>\n<li style=\"font-weight: 400\">Svarbi\u0173 pokalbi\u0173 archyvavimas ir prisegimas;<\/li>\n<li style=\"font-weight: 400\">Prane\u0161im\u0173 konfig\u016bravimas;<\/li>\n<li style=\"font-weight: 400\">Redaguoti i\u0161si\u0173stas \u017einutes;<\/li>\n<li style=\"font-weight: 400\">Prad\u0117ti slapt\u0105 pokalb\u012f;<\/li>\n<li style=\"font-weight: 400\">Laikma\u010dio nustatymas \u017einu\u010di\u0173 siuntimui ir trynimui;<\/li>\n<li style=\"font-weight: 400\">Vieta pagr\u012fst\u0173 pokalbi\u0173 k\u016brimas.<\/li>\n<\/ul>\n<\/li>\n<\/ol>\n<h2 style=\"text-align: justify\"><span class=\"ez-toc-section\" id=\"Kaip_veikia_telegrama\"><\/span>Kaip veikia telegrama<span class=\"ez-toc-section-end\"><\/span><\/h2>\n<p style=\"text-align: justify\">&bdquo;Telegram&ldquo; naudoja centralizuotos ir decentralizuotos infrastrukt\u016bros derin\u012f:<\/p>\n<ul style=\"text-align: justify\">\n<li style=\"font-weight: 400\">Vartotojo duomenys ir pokalbiai debesies pokalbiuose yra saugomi Telegram serveriuose \u0161ifruota forma. Tai leid\u017eia sinchronizuoti pokalbius tarp \u012frengini\u0173;<\/li>\n<li style=\"font-weight: 400\">Tuo pa\u010diu metu slapt\u0173 pokalbi\u0173 \u0161ifravimo raktai yra tik pa\u0161nekov\u0173 \u012frenginiuose. D\u0117l visi\u0161ko \u0161ifravimo technologijos net &bdquo;Telegram&ldquo; darbuotojai neturi prieigos prie pokalbi\u0173 slaptuose pokalbiuose.<\/li>\n<\/ul>\n<p style=\"text-align: justify\">Telegram programa, kas tai? Pasiuntinys naudoja savo MTProto protokol\u0105, kur\u012f suk\u016br\u0117 Pavelo Durovo brolis Nikolajus. Jis sujungia keli\u0173 tip\u0173 \u0161ifravim\u0105, u\u017etikrindamas patikim\u0105 duomen\u0173 apsaug\u0105.<\/p>\n<p style=\"text-align: justify\">&bdquo;Telegram&ldquo; taip pat glaud\u017eiai bendrauja su k\u016br\u0117jais per atvir\u0105 API ir palaiko robot\u0173 k\u016brim\u0105 \u2013 specialias paskyras automatiniam prane\u0161im\u0173 apdorojimui.<\/p>\n<h2 style=\"text-align: justify\"><span class=\"ez-toc-section\" id=\"Telegramos_funkcijos\"><\/span>Telegramos funkcijos<span class=\"ez-toc-section-end\"><\/span><\/h2>\n<p style=\"text-align: justify\">&bdquo;Telegram Messenger&ldquo; &#8211; kas tai yra:<\/p>\n<ul style=\"text-align: justify\">\n<li style=\"font-weight: 400\">Keitimasis tekstin\u0117mis \u017einut\u0117mis, nuotraukomis, vaizdo \u012fra\u0161ais, dokumentais ir kitais failais;<\/li>\n<li style=\"font-weight: 400\">Grupini\u0173 pokalbi\u0173 (iki 200 000 dalyvi\u0173) ir temini\u0173 kanal\u0173 suk\u016brimas;<\/li>\n<li style=\"font-weight: 400\">Balso ir vaizdo skambu\u010diai;<\/li>\n<li style=\"font-weight: 400\">U\u017eduo\u010di\u0173 automatizavimo, pramog\u0173 ir verslo robotai;<\/li>\n<li style=\"font-weight: 400\">Individual\u016bs animuoti lipdukai;<\/li>\n<li style=\"font-weight: 400\">Redaguoti i\u0161si\u0173stas \u017einutes;<\/li>\n<li style=\"font-weight: 400\">Prane\u0161im\u0173 persiuntimas ir citavimas;<\/li>\n<li style=\"font-weight: 400\">svarbi\u0173 prane\u0161im\u0173 prisegimas;<\/li>\n<li style=\"font-weight: 400\">Prane\u0161im\u0173 pritaikymas \u012fvairi\u0173 tip\u0173 pokalbiams;<\/li>\n<li style=\"font-weight: 400\">Save naikinan\u010dios nuotraukos ir vaizdo \u012fra\u0161ai slaptuose pokalbiuose;<\/li>\n<li style=\"font-weight: 400\">Dviej\u0173 veiksni\u0173 autentifikavimas paskyroms apsaugoti;<\/li>\n<li style=\"font-weight: 400\">Rus\u0173 ir kit\u0173 kalb\u0173 palaikymas;<\/li>\n<li style=\"font-weight: 400\">Netoliese esan\u010di\u0173 \u017emoni\u0173 paie\u0161ka naudojant geografin\u0119 viet\u0105;<\/li>\n<li style=\"font-weight: 400\">Neaktyvi\u0173 pokalbi\u0173 archyvavimas;<\/li>\n<li style=\"font-weight: 400\">I\u0161vaizdos tem\u0173 tinkinimas.<\/li>\n<\/ul>\n<h2 style=\"text-align: justify\"><span class=\"ez-toc-section\" id=\"Pagrindiniai_%E2%80%9ETelegram%E2%80%9C_pranasumai\"><\/span>Pagrindiniai &bdquo;Telegram&ldquo; prana\u0161umai<span class=\"ez-toc-section-end\"><\/span><\/h2>\n<ol style=\"text-align: justify\">\n<li style=\"font-weight: 400\">Saugumas ir privatumas:\n<ul>\n<li style=\"font-weight: 400\">Patikimas pokalbi\u0173 \u0161ifravimas nuo galo iki galo;<\/li>\n<li style=\"font-weight: 400\">Slapti pokalbiai su papildoma apsauga;<\/li>\n<li style=\"font-weight: 400\">Dviej\u0173 veiksni\u0173 autentifikavimas;<\/li>\n<li style=\"font-weight: 400\">Galimyb\u0117 i\u0161trinti paskyr\u0105 kartu su visais duomenimis;<\/li>\n<\/ul>\n<\/li>\n<li style=\"font-weight: 400\">Naudojimo paprastumas:\n<ul>\n<li style=\"font-weight: 400\">Intuityvi s\u0105saja;<\/li>\n<li style=\"font-weight: 400\">Didelis veikimo greitis;<\/li>\n<li style=\"font-weight: 400\">Neribota saugykla debesyje visiems pokalbiams;<\/li>\n<li style=\"font-weight: 400\">Patog\u016bs dialog\u0173 organizavimo \u012frankiai (aplankai, archyvavimas, prisegimas);<\/li>\n<li style=\"font-weight: 400\">I\u0161pl\u0117stiniai prane\u0161im\u0173 nustatymai;<\/li>\n<li style=\"font-weight: 400\">Veikia visose populiariose platformose (iOS, Android, Windows, macOS, Linux, Web).<\/li>\n<\/ul>\n<\/li>\n<li style=\"font-weight: 400\">Turtingas funkcionalumas:\n<ul>\n<li style=\"font-weight: 400\">Pla\u010dios komunikacijos galimyb\u0117s (grup\u0117s, kanalai, robotai);<\/li>\n<li style=\"font-weight: 400\">Vis\u0173 populiari\u0173 medijos fail\u0173 format\u0173 palaikymas;<\/li>\n<li style=\"font-weight: 400\">Nuolatinis nauj\u0173 funkcij\u0173 papildymas;<\/li>\n<li style=\"font-weight: 400\">Atvira API k\u016br\u0117jams ir integracijai.<\/li>\n<\/ul>\n<\/li>\n<li style=\"font-weight: 400\">Plati vartotoj\u0173 bendruomen\u0117:\n<ul>\n<li style=\"font-weight: 400\">Aktyvi auditorija, ypa\u010d NVS \u0161alyse;<\/li>\n<li style=\"font-weight: 400\">Daug informacini\u0173 ir pramogini\u0173 kanal\u0173;<\/li>\n<li style=\"font-weight: 400\">Patogumas bendraujant su artimaisiais, draugais, kolegomis.<\/li>\n<\/ul>\n<\/li>\n<\/ol>\n<p style=\"text-align: justify\">Ta\u010diau spartus &bdquo;Telegram&ldquo; populiarumo augimas taip pat sukuria tam tikr\u0173 problem\u0173. Padid\u0117j\u0119s kr\u016bvis kartais sukelia pasiuntinio veikimo sutrikimus. O reklamos monetizavimo tr\u016bkumas ver\u010dia ie\u0161koti nauj\u0173 b\u016bd\u0173 finansuoti projekt\u0105.<\/p>\n<p style=\"text-align: justify\">Nepaisant \u0161i\u0173 tr\u016bkum\u0173, &bdquo;Telegram&ldquo; i\u0161lieka viena patogiausi\u0173 ir saugiausi\u0173 prane\u0161im\u0173 siuntimo program\u0173, derinanti plat\u0173 funkcionalum\u0105 ir paprast\u0105 naudojim\u0105. Reguliar\u016bs atnaujinimai daro j\u012f dar patrauklesn\u012f tiek asmeniniam, tiek verslo komunikacijai. Tod\u0117l &bdquo;Telegram&ldquo; tikrai verta i\u0161bandyti kiekvienam, ie\u0161kan\u010diam modernios internetin\u0117s komunikacijos aplikacijos.<\/p>\n<h2 style=\"text-align: justify\"><span class=\"ez-toc-section\" id=\"Isvada\"><\/span>I\u0161vada<span class=\"ez-toc-section-end\"><\/span><\/h2>\n<p style=\"text-align: justify\">Telegrama yra ne tik dar vienas pasiuntinys, bet ir galingas komunikacijos \u012frankis, suteikiantis vartotojams pla\u010dias bendravimo, informacijos main\u0173 ir internetinio gyvenimo organizavimo galimybes.<\/p>\n<p style=\"text-align: justify\">Viena vertus, &bdquo;Telegram&ldquo; pritraukia auditorij\u0105 savo paprastumu ir patogumu naudoti. Intuityvi s\u0105saja, didelis veikimo greitis ir keli\u0173 platform\u0173 suderinamumas daro j\u012f prieinam\u0105 visiems. Gerai apgalvota pokalbi\u0173 organizavimo sistema (aplankai, archyvavimas, prisegimas) padeda palaikyti tvark\u0105 net ir intensyviausiuose dialoguose. \u012evair\u016bs prane\u0161im\u0173 nustatymai leid\u017eia lanks\u010diai valdyti savo dalyvavim\u0105 komunikacijoje.<\/p>\n<p style=\"text-align: justify\">Kita vertus, &bdquo;Telegram&ldquo; stebina savo turtingu funkcionalumu. Be standartini\u0173 tekstini\u0173 prane\u0161im\u0173 ir skambu\u010di\u0173, jis si\u016blo sukurti grupes, kuriose yra iki 200 000 dalyvi\u0173, teminius kanalus be auditorijos apribojim\u0173, taip pat &bdquo;Chatbots&ldquo; u\u017eduoties automatizavimui ir pramogoms. Vis\u0173 populiari\u0173 medijos fail\u0173 format\u0173 palaikymas ir nuolatinis nauj\u0173 funkcij\u0173 papildymas daro &bdquo;Telegram&ldquo; universaliu asmeninio ir verslo bendravimo \u012frankiu.<\/p>\n<p style=\"text-align: justify\">Ta\u010diau pagrindinis &bdquo;Telegram&ldquo; prana\u0161umas neabejotinai yra d\u0117mesys vartotoj\u0173 saugumui ir privatumui. Skaitmenini\u0173 gr\u0117smi\u0173 ir duomen\u0173 nutek\u0117jimo eroje &bdquo;Telegram&ldquo; si\u016blo patikim\u0105 pokalbi\u0173 \u0161ifravim\u0105 nuo galo iki galo, slaptus pokalbius su papildomu apsaugos lygiu ir galimyb\u0119 visi\u0161kai i\u0161trinti savo skaitmenin\u012f p\u0117dsak\u0105. D\u0117l to tai yra patrauklus pasirinkimas visiems, kurie vertina savo internetinio bendravimo privatum\u0105.<\/p>\n","protected":false},"excerpt":{"rendered":"<p>\u0160iuolaikiniame pasaulyje bendravimas internetu tapo neatsiejama m\u016bs\u0173 gyvenimo dalimi. Kasdien kei\u010diam\u0117s \u017einut\u0117mis su artimaisiais, draugais ir kolegomis, dalijam\u0117s nuotraukomis ir vaizdo \u012fra\u0161ais, aptariame naujienas ir pom\u0117gius. Ta\u010diau augant&#8230;<\/p>\n","protected":false},"author":1,"featured_media":339,"parent":0,"menu_order":0,"comment_status":"closed","ping_status":"closed","template":"","meta":{"om_disable_all_campaigns":false,"_monsterinsights_skip_tracking":false,"_monsterinsights_sitenote_active":false,"_monsterinsights_sitenote_note":"","_monsterinsights_sitenote_category":0,"footnotes":""},"class_list":["post-279","page","type-page","status-publish","has-post-thumbnail",""],"aioseo_notices":[],"_links":{"self":[{"href":"https:\/\/telegrama-wiki.com\/lt\/wp-json\/wp\/v2\/pages\/279","targetHints":{"allow":["GET"]}}],"collection":[{"href":"https:\/\/telegrama-wiki.com\/lt\/wp-json\/wp\/v2\/pages"}],"about":[{"href":"https:\/\/telegrama-wiki.com\/lt\/wp-json\/wp\/v2\/types\/page"}],"author":[{"embeddable":true,"href":"https:\/\/telegrama-wiki.com\/lt\/wp-json\/wp\/v2\/users\/1"}],"replies":[{"embeddable":true,"href":"https:\/\/telegrama-wiki.com\/lt\/wp-json\/wp\/v2\/comments?post=279"}],"version-history":[{"count":0,"href":"https:\/\/telegrama-wiki.com\/lt\/wp-json\/wp\/v2\/pages\/279\/revisions"}],"wp:featuredmedia":[{"embeddable":true,"href":"https:\/\/telegrama-wiki.com\/lt\/wp-json\/wp\/v2\/media\/339"}],"wp:attachment":[{"href":"https:\/\/telegrama-wiki.com\/lt\/wp-json\/wp\/v2\/media?parent=279"}],"curies":[{"name":"wp","href":"https:\/\/api.w.org\/{rel}","templated":true}]}}