{"id":282,"date":"2024-04-22T15:04:16","date_gmt":"2024-04-22T12:04:16","guid":{"rendered":"https:\/\/telegrama-wiki.com\/lt\/privatumo-politika\/"},"modified":"2024-04-22T15:04:16","modified_gmt":"2024-04-22T12:04:16","slug":"privatumo-politika","status":"publish","type":"page","link":"https:\/\/telegrama-wiki.com\/lt\/privatumo-politika\/","title":{"rendered":"Privatumo politika"},"content":{"rendered":"<p>Svetain\u0117s telegrama-wiki administracija.com (toliau \u2013 Svetain\u0117) gerbia Svetain\u0117s lankytoj\u0173 teises. Bes\u0105lygi\u0161kai pripa\u017e\u012fstame m\u016bs\u0173 Svetain\u0117s lankytoj\u0173 asmenin\u0117s informacijos konfidencialumo svarb\u0105. \u0160iame puslapyje pateikiama informacija apie tai, kokius duomenis gauname ir renkame, kai naudojat\u0117s Svetaine. Tikim\u0117s, kad \u0161i informacija pad\u0117s jums priimti pagr\u012fstus sprendimus d\u0117l mums pateiktos asmenin\u0117s informacijos.<\/p>\n<p>\u0160i privatumo politika taikoma tik Svetainei ir \u0161ioje svetain\u0117je bei per j\u0105 surinktai informacijai. Jis netaikomas jokioms kitoms svetain\u0117ms ir netaikomas tre\u010di\u0173j\u0173 \u0161ali\u0173 svetain\u0117ms, kurios gali pateikti nuorodas \u012f svetain\u0119.<\/p>\n<div id=\"ez-toc-container\" class=\"ez-toc-v2_0_69_1 counter-hierarchy ez-toc-counter ez-toc-grey ez-toc-container-direction\">\n<div class=\"ez-toc-title-container\">\n<p class=\"ez-toc-title\" style=\"cursor:inherit\">Table of Contents<\/p>\n<span class=\"ez-toc-title-toggle\"><a href=\"#\" class=\"ez-toc-pull-right ez-toc-btn ez-toc-btn-xs ez-toc-btn-default ez-toc-toggle\" aria-label=\"Toggle Table of Content\"><span class=\"ez-toc-js-icon-con\"><span class=\"\"><span class=\"eztoc-hide\" style=\"display:none;\">Toggle<\/span><span class=\"ez-toc-icon-toggle-span\"><svg style=\"fill: #999;color:#999\" xmlns=\"http:\/\/www.w3.org\/2000\/svg\" class=\"list-377408\" width=\"20px\" height=\"20px\" viewBox=\"0 0 24 24\" fill=\"none\"><path d=\"M6 6H4v2h2V6zm14 0H8v2h12V6zM4 11h2v2H4v-2zm16 0H8v2h12v-2zM4 16h2v2H4v-2zm16 0H8v2h12v-2z\" fill=\"currentColor\"><\/path><\/svg><svg style=\"fill: #999;color:#999\" class=\"arrow-unsorted-368013\" xmlns=\"http:\/\/www.w3.org\/2000\/svg\" width=\"10px\" height=\"10px\" viewBox=\"0 0 24 24\" version=\"1.2\" baseProfile=\"tiny\"><path d=\"M18.2 9.3l-6.2-6.3-6.2 6.3c-.2.2-.3.4-.3.7s.1.5.3.7c.2.2.4.3.7.3h11c.3 0 .5-.1.7-.3.2-.2.3-.5.3-.7s-.1-.5-.3-.7zM5.8 14.7l6.2 6.3 6.2-6.3c.2-.2.3-.5.3-.7s-.1-.5-.3-.7c-.2-.2-.4-.3-.7-.3h-11c-.3 0-.5.1-.7.3-.2.2-.3.5-.3.7s.1.5.3.7z\"\/><\/svg><\/span><\/span><\/span><\/a><\/span><\/div>\n<nav><ul class='ez-toc-list ez-toc-list-level-1 ' ><li class='ez-toc-page-1 ez-toc-heading-level-2'><a class=\"ez-toc-link ez-toc-heading-1\" href=\"https:\/\/telegrama-wiki.com\/lt\/privatumo-politika\/#Informacijos_rinkimas\" title=\"Informacijos rinkimas\">Informacijos rinkimas<\/a><\/li><li class='ez-toc-page-1 ez-toc-heading-level-2'><a class=\"ez-toc-link ez-toc-heading-2\" href=\"https:\/\/telegrama-wiki.com\/lt\/privatumo-politika\/#Dalijimasis_informacija\" title=\"Dalijimasis informacija\">Dalijimasis informacija<\/a><\/li><li class='ez-toc-page-1 ez-toc-heading-level-2'><a class=\"ez-toc-link ez-toc-heading-3\" href=\"https:\/\/telegrama-wiki.com\/lt\/privatumo-politika\/#Atsisakymas\" title=\"Atsisakymas\">Atsisakymas<\/a><\/li><\/ul><\/nav><\/div>\n<h2><span class=\"ez-toc-section\" id=\"Informacijos_rinkimas\"><\/span>Informacijos rinkimas<span class=\"ez-toc-section-end\"><\/span><\/h2>\n<p>Kai lankot\u0117s svetain\u0117je, nustatome j\u016bs\u0173 teik\u0117jo domeno pavadinim\u0105 ir \u0161al\u012f (pvz., &bdquo;aol.lt&ldquo;) ir pasirinktus per\u0117jimus i\u0161 vieno puslapio \u012f kit\u0105 (vadinamoji &bdquo;paspaudim\u0173 srauto veikla&ldquo;).<br \/>\nInformacija, kuri\u0105 gauname svetain\u0117je, gali b\u016bti naudojama siekiant palengvinti naudojim\u0105si Svetaine, \u012fskaitant, bet tuo neapsiribojant:<\/p>\n<ul>\n<li>Svetain\u0117s organizavimas patogiausiu b\u016bdu<\/li>\n<li>suteikiant galimyb\u0119 u\u017esiprenumeruoti speciali\u0173 pasi\u016blym\u0173 ir tem\u0173 naujienlai\u0161kius el. pa\u0161tu, jei norite gauti tokius prane\u0161imus<\/li>\n<\/ul>\n<p>Svetain\u0117je renkama tik asmenin\u0117 informacija, kuri\u0105 J\u016bs savanori\u0161kai pateikiate lankydamiesi ar registruodamiesi Svetain\u0117je. S\u0105voka &bdquo;asmenin\u0117 informacija&ldquo; apima informacij\u0105, kuri identifikuoja jus kaip konkret\u0173 asmen\u012f, pvz., j\u016bs\u0173 vard\u0105 arba el. pa\u0161to adres\u0105. Nors galite per\u017ei\u016br\u0117ti svetain\u0117s turin\u012f neatlik\u0119 registracijos proced\u016bros, tur\u0117site u\u017esiregistruoti, kad gal\u0117tum\u0117te naudotis kai kuriomis funkcijomis, pavyzd\u017eiui, palikti komentar\u0105 apie straipsn\u012f.<br \/>\nSvetain\u0117 naudoja &bdquo;slapuk\u0173&ldquo; technologij\u0105 statistin\u0117ms ataskaitoms generuoti. &bdquo;Slapukas&ldquo; yra nedidelis svetain\u0117s siun\u010diamas duomen\u0173 kiekis, kur\u012f j\u016bs\u0173 kompiuterio nar\u0161ykl\u0117 i\u0161saugo j\u016bs\u0173 kompiuterio stand\u017eiajame diske. Slapukuose yra informacijos, kurios gali prireikti Svetainei \u2013 norint i\u0161saugoti J\u016bs\u0173 \u017ei\u016br\u0117jimo nuostatas ir rinkti statistin\u0119 informacij\u0105 apie Svetain\u0119, t.e. kuriuose puslapiuose lank\u0117t\u0117s, kas buvo atsisi\u0173sta, interneto tiek\u0117jo domeno pavadinimas ir lankytojo \u0161alis, taip pat tre\u010di\u0173j\u0173 \u0161ali\u0173 svetaini\u0173, i\u0161 kuri\u0173 buvo pereita prie Svetain\u0117s, adresai ir toliau. Ta\u010diau visa \u0161i informacija niekaip nesusijusi su jumis kaip asmeniu. Slapukai ne\u012fra\u0161o j\u016bs\u0173 el. pa\u0161to adreso ar jokios asmenin\u0117s informacijos apie jus. Be to, \u0161i\u0105 Svetain\u0117s technologij\u0105 naudoja \u012fdiegtas Spylog\/LiveInternet\/etc skaitiklis.<\/p>\n<p>Be to, mes naudojame standartinius \u017einiatinklio serverio \u017eurnalus lankytojams skai\u010diuoti ir m\u016bs\u0173 svetain\u0117s technin\u0117ms galimyb\u0117ms \u012fvertinti. \u0160i\u0105 informacij\u0105 naudojame siekdami nustatyti, kiek \u017emoni\u0173 apsilanko Svetain\u0117je, ir tvarkyti puslapius patogiausiu b\u016bdu, u\u017etikrinti, kad svetain\u0117 b\u016bt\u0173 suderinama su naudojamomis nar\u0161ykl\u0117mis ir kad m\u016bs\u0173 puslapi\u0173 turinys b\u016bt\u0173 kuo naudingesnis m\u016bs\u0173 lankytojams. Mes \u012fra\u0161ome informacij\u0105 apie jud\u0117jim\u0105 Svetain\u0117je, bet ne apie atskirus svetain\u0117s lankytojus, tod\u0117l jokios konkre\u010dios informacijos apie Jus asmeni\u0161kai Svetain\u0117s administracija nesaugos ir nenaudos be J\u016bs\u0173 sutikimo.<\/p>\n<p>Nor\u0117dami per\u017ei\u016br\u0117ti med\u017eiag\u0105 be slapuk\u0173, galite nustatyti, kad nar\u0161ykl\u0117 nepriimt\u0173 slapuk\u0173 arba prane\u0161t\u0173 jums, kai slapukai siun\u010diami (nar\u0161ykl\u0117s yra skirtingos, tod\u0117l patariame patikrinti skyri\u0173 &bdquo;Pagalba&ldquo;, kad su\u017einotum\u0117te, kaip pakeisti savo \u012frenginio slapuk\u0173 nustatymus).<\/p>\n<h2><span class=\"ez-toc-section\" id=\"Dalijimasis_informacija\"><\/span>Dalijimasis informacija<span class=\"ez-toc-section-end\"><\/span><\/h2>\n<p>Svetain\u0117s administracija jokiomis aplinkyb\u0117mis neparduoda ir nei\u0161nuomoja j\u016bs\u0173 asmenin\u0117s informacijos jokioms tre\u010diosioms \u0161alims. Taip pat neatskleid\u017eiame j\u016bs\u0173 pateiktos asmenin\u0117s informacijos, i\u0161skyrus atvejus, kai to reikalauja \u012fstatymas (nurodyti \u0161al\u012f, kurioje yra serveris).<br \/>\nSvetain\u0117s administracija bendradarbiauja su &bdquo;Google&ldquo;, kuri svetain\u0117s puslapiuose talpina mokam\u0105 reklamin\u0119 med\u017eiag\u0105 ir skelbimus (\u012fskaitant, bet neapsiribojant, teksto hipersaitus). Vykdydama \u0161\u012f bendradarbiavim\u0105, Svetain\u0117s administracija informuoja visas suinteresuotas \u0161alis apie \u0161i\u0105 informacij\u0105:<\/p>\n<ol>\n<li>Google, kaip tre\u010diosios \u0161alies pardav\u0117jas, naudoja slapukus, kad pateikt\u0173 skelbimus Svetain\u0117je;<\/li>\n<li>&bdquo;DoubleClick DART&ldquo; reklamavimo produkt\u0173 slapukus &bdquo;Google&ldquo; naudoja skelbimuose, kurie pateikiami svetain\u0117je kaip &bdquo;AdSense for Content&ldquo; programos dalyvis;<\/li>\n<li>&bdquo;Google&ldquo; DART slapuk\u0173 naudojimas leid\u017eia rinkti ir naudoti informacij\u0105 apie svetain\u0117s lankytojus (i\u0161skyrus vard\u0105, adres\u0105, el. pa\u0161to adres\u0105 arba telefono numer\u012f) apie j\u016bs\u0173 apsilankymus svetain\u0117je ir kitose svetain\u0117se, kad b\u016bt\u0173 galima teikti skelbimus apie labiausiai dominan\u010dias prekes ir paslaugas. tau;<\/li>\n<li>&bdquo;Google&ldquo;, rinkdama \u0161i\u0105 informacij\u0105, vadovaujasi savo privatumo politika;<\/li>\n<li>Svetain\u0117s vartotojai gali atsisakyti DART slapuk\u0173 naudojimo apsilank\u0119 adresu <a href=\"https:\/\/web.archive.org\/web\/20201201172127\/http:\/\/www.google.com\/policies\/technologies\/ads\/\">&bdquo;Google&ldquo; skelbim\u0173 ir turinio tinklo privatumo politika<\/a> puslap\u012f.<\/li>\n<\/ol>\n<h2><span class=\"ez-toc-section\" id=\"Atsisakymas\"><\/span>Atsisakymas<span class=\"ez-toc-section-end\"><\/span><\/h2>\n<p>Atminkite, kad asmenin\u0117s informacijos perdavimui lankantis tre\u010di\u0173j\u0173 \u0161ali\u0173 svetain\u0117se, \u012fskaitant \u012fmoni\u0173 partneri\u0173 svetaines, net jei svetain\u0117je yra nuoroda \u012f svetain\u0119 arba svetain\u0117je yra nuoroda \u012f \u0161ias svetaines, \u0161is dokumentas netaikomas. Svetain\u0117s administracija n\u0117ra atsakinga u\u017e kit\u0173 svetaini\u0173 veiksmus. Asmens informacijos rinkimo ir perdavimo proces\u0105 lankantis \u0161iose svetain\u0117se reglamentuoja &bdquo;Asmens duomen\u0173 apsaugos&ldquo; dokumentas arba pana\u0161us dokumentas, esantis \u0161i\u0173 \u012fmoni\u0173 interneto svetain\u0117se.<\/p>\n","protected":false},"excerpt":{"rendered":"<p>Svetain\u0117s telegrama-wiki administracija.com (toliau \u2013 Svetain\u0117) gerbia Svetain\u0117s lankytoj\u0173 teises. Bes\u0105lygi\u0161kai pripa\u017e\u012fstame m\u016bs\u0173 Svetain\u0117s lankytoj\u0173 asmenin\u0117s informacijos konfidencialumo svarb\u0105. \u0160iame puslapyje pateikiama informacija apie tai, kokius duomenis gauname&#8230;<\/p>\n","protected":false},"author":1,"featured_media":0,"parent":0,"menu_order":0,"comment_status":"closed","ping_status":"closed","template":"","meta":{"om_disable_all_campaigns":false,"_monsterinsights_skip_tracking":false,"_monsterinsights_sitenote_active":false,"_monsterinsights_sitenote_note":"","_monsterinsights_sitenote_category":0,"footnotes":""},"class_list":["post-282","page","type-page","status-publish",""],"aioseo_notices":[],"_links":{"self":[{"href":"https:\/\/telegrama-wiki.com\/lt\/wp-json\/wp\/v2\/pages\/282","targetHints":{"allow":["GET"]}}],"collection":[{"href":"https:\/\/telegrama-wiki.com\/lt\/wp-json\/wp\/v2\/pages"}],"about":[{"href":"https:\/\/telegrama-wiki.com\/lt\/wp-json\/wp\/v2\/types\/page"}],"author":[{"embeddable":true,"href":"https:\/\/telegrama-wiki.com\/lt\/wp-json\/wp\/v2\/users\/1"}],"replies":[{"embeddable":true,"href":"https:\/\/telegrama-wiki.com\/lt\/wp-json\/wp\/v2\/comments?post=282"}],"version-history":[{"count":0,"href":"https:\/\/telegrama-wiki.com\/lt\/wp-json\/wp\/v2\/pages\/282\/revisions"}],"wp:attachment":[{"href":"https:\/\/telegrama-wiki.com\/lt\/wp-json\/wp\/v2\/media?parent=282"}],"curies":[{"name":"wp","href":"https:\/\/api.w.org\/{rel}","templated":true}]}}