{"id":46,"date":"2024-04-16T10:26:38","date_gmt":"2024-04-16T07:26:38","guid":{"rendered":"https:\/\/telegrama-wiki.com\/lt\/telegram-web-kaip-prisijungti-internete\/"},"modified":"2024-04-16T10:26:38","modified_gmt":"2024-04-16T07:26:38","slug":"telegram-web-kaip-prisijungti-internete","status":"publish","type":"page","link":"https:\/\/telegrama-wiki.com\/lt\/","title":{"rendered":"Telegram Web: kaip prisijungti internete"},"content":{"rendered":"<p>Nuo pat pristatymo 2013 m. &bdquo;Telegram Messenger&ldquo; tvirtai \u012fsiliejo \u012f \u0161imt\u0173 milijon\u0173 vartotoj\u0173 visame pasaulyje kasdien\u012f gyvenim\u0105. Per \u0161\u012f laik\u0105 ji u\u017esitarnavo vienos grei\u010diausi\u0173, saugiausi\u0173 ir turtingiausi\u0173 prane\u0161im\u0173 paslaug\u0173 reputacij\u0105. &bdquo;Telegram&ldquo; programa pasiekiama visose populiariose platformose \u2013 nuo \u200b\u200bi\u0161mani\u0173j\u0173 telefon\u0173 ir plan\u0161etini\u0173 kompiuteri\u0173 iki asmenini\u0173 kompiuteri\u0173. Be to, jis turi patogi\u0105 \u017einiatinklio s\u0105saj\u0105, skirt\u0105 naudoti nar\u0161ykl\u0117je. \u0160i keli\u0173 platform\u0173 galimyb\u0117 leid\u017eia vartotojams visada palaikyti ry\u0161\u012f.<\/p>\n<p><img loading=\"lazy\" decoding=\"async\" alt=\"Telegramos \u017einiatinklis\" class=\"aligncenter wp-image-22\" height=\"359\" src=\"https:\/\/telegrama-wiki.com\/wp-content\/uploads\/2024\/04\/Telegram-Web.png\" width=\"629\" \/><\/p>\n<p>\u0160iame straipsnyje pagrindinis d\u0117mesys bus skiriamas &bdquo;Telegram&ldquo; naudojimui nar\u0161ykl\u0117je, darbalaukio versijos prana\u0161umams ir \u012fvairioms naudingoms \u0161io &bdquo;Messenger&ldquo; funkcijoms.<\/p>\n<div id=\"ez-toc-container\" class=\"ez-toc-v2_0_69_1 counter-hierarchy ez-toc-counter ez-toc-grey ez-toc-container-direction\">\n<div class=\"ez-toc-title-container\">\n<p class=\"ez-toc-title\" style=\"cursor:inherit\">Table of Contents<\/p>\n<span class=\"ez-toc-title-toggle\"><a href=\"#\" class=\"ez-toc-pull-right ez-toc-btn ez-toc-btn-xs ez-toc-btn-default ez-toc-toggle\" aria-label=\"Toggle Table of Content\"><span class=\"ez-toc-js-icon-con\"><span class=\"\"><span class=\"eztoc-hide\" style=\"display:none;\">Toggle<\/span><span class=\"ez-toc-icon-toggle-span\"><svg style=\"fill: #999;color:#999\" xmlns=\"http:\/\/www.w3.org\/2000\/svg\" class=\"list-377408\" width=\"20px\" height=\"20px\" viewBox=\"0 0 24 24\" fill=\"none\"><path d=\"M6 6H4v2h2V6zm14 0H8v2h12V6zM4 11h2v2H4v-2zm16 0H8v2h12v-2zM4 16h2v2H4v-2zm16 0H8v2h12v-2z\" fill=\"currentColor\"><\/path><\/svg><svg style=\"fill: #999;color:#999\" class=\"arrow-unsorted-368013\" xmlns=\"http:\/\/www.w3.org\/2000\/svg\" width=\"10px\" height=\"10px\" viewBox=\"0 0 24 24\" version=\"1.2\" baseProfile=\"tiny\"><path d=\"M18.2 9.3l-6.2-6.3-6.2 6.3c-.2.2-.3.4-.3.7s.1.5.3.7c.2.2.4.3.7.3h11c.3 0 .5-.1.7-.3.2-.2.3-.5.3-.7s-.1-.5-.3-.7zM5.8 14.7l6.2 6.3 6.2-6.3c.2-.2.3-.5.3-.7s-.1-.5-.3-.7c-.2-.2-.4-.3-.7-.3h-11c-.3 0-.5.1-.7.3-.2.2-.3.5-.3.7s.1.5.3.7z\"\/><\/svg><\/span><\/span><\/span><\/a><\/span><\/div>\n<nav><ul class='ez-toc-list ez-toc-list-level-1 ' ><li class='ez-toc-page-1 ez-toc-heading-level-2'><a class=\"ez-toc-link ez-toc-heading-1\" href=\"https:\/\/telegrama-wiki.com\/lt\/#Kaip_pasiekti_%E2%80%9ETelegram_Online%E2%80%9C\" title=\"Kaip pasiekti &bdquo;Telegram Online&ldquo;\">Kaip pasiekti &bdquo;Telegram Online&ldquo;<\/a><\/li><li class='ez-toc-page-1 ez-toc-heading-level-2'><a class=\"ez-toc-link ez-toc-heading-2\" href=\"https:\/\/telegrama-wiki.com\/lt\/#Prisijungimas_prie_%E2%80%9ETelegram%E2%80%9C_instrukcijos\" title=\"Prisijungimas prie &bdquo;Telegram&ldquo;: instrukcijos\">Prisijungimas prie &bdquo;Telegram&ldquo;: instrukcijos<\/a><\/li><li class='ez-toc-page-1 ez-toc-heading-level-2'><a class=\"ez-toc-link ez-toc-heading-3\" href=\"https:\/\/telegrama-wiki.com\/lt\/#Internetines_versijos_ypatybes\" title=\"Internetin\u0117s versijos ypatyb\u0117s\">Internetin\u0117s versijos ypatyb\u0117s<\/a><\/li><li class='ez-toc-page-1 ez-toc-heading-level-2'><a class=\"ez-toc-link ez-toc-heading-4\" href=\"https:\/\/telegrama-wiki.com\/lt\/#Aptarnavimo_galimybes\" title=\"Aptarnavimo galimyb\u0117s\">Aptarnavimo galimyb\u0117s<\/a><\/li><li class='ez-toc-page-1 ez-toc-heading-level-2'><a class=\"ez-toc-link ez-toc-heading-5\" href=\"https:\/\/telegrama-wiki.com\/lt\/#Bendravimo_ypatybes_ir_privalumai\" title=\"Bendravimo ypatyb\u0117s ir privalumai\">Bendravimo ypatyb\u0117s ir privalumai<\/a><\/li><li class='ez-toc-page-1 ez-toc-heading-level-2'><a class=\"ez-toc-link ez-toc-heading-6\" href=\"https:\/\/telegrama-wiki.com\/lt\/#Skirtumas_tarp_%E2%80%9ETelegram%E2%80%9C_kompiuteryje_ir_telefone\" title=\"Skirtumas tarp &bdquo;Telegram&ldquo; kompiuteryje ir telefone\">Skirtumas tarp &bdquo;Telegram&ldquo; kompiuteryje ir telefone<\/a><\/li><li class='ez-toc-page-1 ez-toc-heading-level-2'><a class=\"ez-toc-link ez-toc-heading-7\" href=\"https:\/\/telegrama-wiki.com\/lt\/#Isvada\" title=\"I\u0161vada\">I\u0161vada<\/a><\/li><\/ul><\/nav><\/div>\n<h2><span class=\"ez-toc-section\" id=\"Kaip_pasiekti_%E2%80%9ETelegram_Online%E2%80%9C\"><\/span>Kaip pasiekti &bdquo;Telegram Online&ldquo;<span class=\"ez-toc-section-end\"><\/span><\/h2>\n<p>&bdquo;Telegram&ldquo; yra populiari prane\u0161im\u0173 siuntimo paslauga, pasiekiama visose pagrindin\u0117se platformose, \u012fskaitant &bdquo;Android&ldquo; telefonus. Ta\u010diau taip pat galite naudoti &bdquo;Telegram&ldquo; naudodami bet kuri\u0105 \u017einiatinklio nar\u0161ykl\u0119, ne\u012fdieg\u0119 programos. &bdquo;Telegram&ldquo; turi oficiali\u0105 \u017einiatinklio program\u0105, kuri\u0105 galite lengvai pasiekti naudodami nar\u0161ykl\u0119. Tai patogi galimyb\u0117 naudotis prane\u0161im\u0173 paslauga vie\u0161uose kompiuteriuose arba draugo ar \u0161eimos nario kompiuteryje. &bdquo;Telegram&ldquo; \u017einiatinklio programa suderinama su visomis pagrindin\u0117mis nar\u0161ykl\u0117mis, \u012fskaitant &bdquo;Google Chrome&ldquo;, &bdquo;Microsoft Edge&ldquo;, &bdquo;Safari&ldquo; ir &bdquo;Mozilla Firefox&ldquo;. Jis taip pat priklauso nuo platformos, o tai rei\u0161kia, kad galite j\u0105 pasiekti i\u0161 bet kurios modernios operacin\u0117s sistemos.<\/p>\n<h2><span class=\"ez-toc-section\" id=\"Prisijungimas_prie_%E2%80%9ETelegram%E2%80%9C_instrukcijos\"><\/span>Prisijungimas prie &bdquo;Telegram&ldquo;: instrukcijos<span class=\"ez-toc-section-end\"><\/span><\/h2>\n<p>Nor\u0117dami prisijungti prie &bdquo;Telegram&ldquo; kompiuteryje, atlikite \u0161iuos veiksmus:<\/p>\n<ol>\n<li>Atidarykite &bdquo;Telegram Web&ldquo; \u017einiatinklyje.telegrama.org savo kompiuteryje;<\/li>\n<li>Ekrane pasirodys QR kodas;<\/li>\n<li>Telefone atidarykite program\u0105 &bdquo;Telegram&ldquo;;<\/li>\n<li>Atidarykite &quot;Nustatymai&quot; meniu;<\/li>\n<li>Spustel\u0117kite &quot;Prietaisai&quot; mygtukas;<\/li>\n<li>Pasirinkite &quot;Susieti darbalaukio \u012frengin\u012f&quot;;<\/li>\n<li>Nuskaitykite QR kod\u0105, rodom\u0105 Telegram \u017einiatinklio program\u0117l\u0117je;<\/li>\n<li>Jei neturite prieigos prie Telegram programos savo telefone, naudokite &quot;Prisijungimas telefonu&quot; variantas;<\/li>\n<li>\u012eveskite savo telefono numer\u012f;<\/li>\n<li>Telefono program\u0117l\u0117je &bdquo;Telegram&ldquo; gausite penki\u0173 skaitmen\u0173 kod\u0105. \u012eveskite j\u012f, kad prisijungtum\u0117te prie &bdquo;Telegram Web&ldquo;;<\/li>\n<li>Jei \u012fgalinote patvirtinim\u0105 dviem veiksmais, \u012fveskite slapta\u017eod\u012f.<\/li>\n<\/ol>\n<blockquote><p>Atlik\u0119 \u0161iuos veiksmus, gal\u0117site prisijungti prie &bdquo;Telegram&ldquo; savo kompiuteryje ir pasiekti visus savo pokalbius bei prane\u0161imus.<\/p><\/blockquote>\n<h2><span class=\"ez-toc-section\" id=\"Internetines_versijos_ypatybes\"><\/span>Internetin\u0117s versijos ypatyb\u0117s<span class=\"ez-toc-section-end\"><\/span><\/h2>\n<p>&bdquo;Telegram&ldquo; \u017einiatinklio versijos funkcionalumas yra beveik identi\u0161kas mobili\u0173j\u0173 program\u0173, skirt\u0173 i\u0161maniesiems telefonams ir kompiuteriams, funkcionalumas. Ta\u010diau \u017einiatinklio versijoje yra vienas svarbus skirtumas \u2013 galimyb\u0117 gauti prane\u0161imus apie naujus gaunamus prane\u0161imus realiuoju laiku. Tai leid\u017eia palaikyti ry\u0161\u012f, net jei &bdquo;Telegram&ldquo; neveikia. Nar\u0161ykl\u0117je pasirodo prane\u0161imai, kaip ir i\u0161 kit\u0173 \u017einiatinklio program\u0173. Taigi, \u017einiatinklio Telegram versija yra visavertis pasiuntinys, skirtas bendrauti per nar\u0161ykl\u0119 su prane\u0161imais apie naujus prane\u0161imus. Tai labai patogu, kai n\u0117ra prieigos prie mobiliojo telefono.<\/p>\n<h2><span class=\"ez-toc-section\" id=\"Aptarnavimo_galimybes\"><\/span>Aptarnavimo galimyb\u0117s<span class=\"ez-toc-section-end\"><\/span><\/h2>\n<p>&bdquo;Telegram Web Online&ldquo; savo funkcionalumu beveik prilygsta visavert\u0117ms &bdquo;Telegram&ldquo; program\u0117l\u0117ms kompiuteriams ir i\u0161maniesiems telefonams. Pagrindin\u0117s savyb\u0117s:<\/p>\n<ul>\n<li>Susira\u0161in\u0117jimas asmeniniais ir grupiniais pokalbiais;<\/li>\n<li>Media fail\u0173 \u2013 nuotrauk\u0173, vaizdo \u012fra\u0161\u0173, garso, dokument\u0173 siuntimas;<\/li>\n<li>Grupini\u0173 pokalbi\u0173 k\u016brimas;<\/li>\n<li>Kontakt\u0173 ir dialog\u0173 paie\u0161ka pagal raktinius \u017eod\u017eius;<\/li>\n<li>Nauj\u0173 prane\u0161im\u0173 prane\u0161im\u0173 konfig\u016bravimas;<\/li>\n<li>Pokalbi\u0173 filtravimas pagal turinio tip\u0105;<\/li>\n<li>Lai\u0161k\u0173 redagavimas ir trynimas;<\/li>\n<li>Kei\u010diamas avataras ir vartotojo vardas.<\/li>\n<\/ul>\n<p>Be to, daugum\u0105 &bdquo;Telegram&ldquo; robot\u0173, lipduk\u0173 paket\u0173 ir kit\u0173 nauding\u0173 &bdquo;Telegram&ldquo; \u012franki\u0173 galima rasti &bdquo;Telegram Web&ldquo;. Pagrindinis \u017einiatinklio versijos prana\u0161umas yra tai, kad jai nereikia \u012fdiegti program\u0173. Viskas, ko jums reikia, yra nar\u0161ykl\u0117 ir internetas, kad gal\u0117tum\u0117te naudoti &bdquo;Messenger&ldquo; bet kuriame \u012frenginyje. Tai patogu \u0161iais atvejais:<\/p>\n<ul>\n<li>Kai n\u0117ra galimyb\u0117s ar noro \u012fdiegti &bdquo;Telegram&ldquo; kompiuteryje;<\/li>\n<li>Nor\u0117dami pasiekti Telegram i\u0161 kit\u0173 \u017emoni\u0173 \u012frengini\u0173, kai neturite savo i\u0161maniojo telefono;<\/li>\n<li>Nor\u0117dami naudoti \u017einiatinklio programas &bdquo;Chromebook&ldquo;, kur n\u0117ra sav\u0173j\u0173 program\u0173.<\/li>\n<\/ul>\n<p>Apskritai, &bdquo;Telegram Web&ldquo; teikia beveik visas pagrindines visaverti\u0173 darbalaukio ir mobili\u0173j\u0173 versij\u0173 funkcijas. Tai rei\u0161kia, kad \u0161i paslauga gali tapti visaver\u010diu Telegram program\u0173 pakaitalu daugeliu naudojimo scenarij\u0173.<\/p>\n<h2><span class=\"ez-toc-section\" id=\"Bendravimo_ypatybes_ir_privalumai\"><\/span>Bendravimo ypatyb\u0117s ir privalumai<span class=\"ez-toc-section-end\"><\/span><\/h2>\n<p>Per 10 met\u0173 &bdquo;Telegram&ldquo; i\u0161 paprasto pasiuntinio tapo daugiafunkcine bendravimo ir \u012fvairi\u0173 u\u017eduo\u010di\u0173 sprendimo platforma. Pa\u017evelkime \u012f pagrindines &bdquo;Telegram&ldquo; komunikacijos funkcijas.<\/p>\n<ul>\n<li>Automatinis pokalbio i\u0161trynimas. \u0160is nustatymas leid\u017eia \u012fjungti automatin\u012f visos pokalbi\u0173 istorijos i\u0161trynim\u0105 po nurodyto laiko. Tai u\u017etikrina bendravimo konfidencialum\u0105. Nor\u0117dami tai \u012fjungti, tiesiog eikite \u012f pokalbio su norimu pa\u0161nekovu nustatymus ir pasirinkite automatinio i\u0161trynimo laikmat\u012f;<\/li>\n<li>Debes\u0173 slapta\u017eodis. Tai dar viena svarbi saugumo parinktis \u2013 &bdquo;Telegram&ldquo; dviej\u0173 veiksni\u0173 autentifikavimas naudojant special\u0173 slapta\u017eod\u012f. Tai apsaugo j\u016bs\u0173 paskyr\u0105 nuo \u012fsilau\u017eimo. \u012ejungta &quot;Privatumas \u2013 debesies slapta\u017eodis&quot; skyrius;<\/li>\n<li>Prane\u0161im\u0173 prisegimas. &bdquo;Telegramm&ldquo; leid\u017eia prisegti atskirus prane\u0161imus arba visus pokalbius. Tai patogu norint greitai pasiekti svarbius dialogus ar failus.<\/li>\n<\/ul>\n<h2><span class=\"ez-toc-section\" id=\"Skirtumas_tarp_%E2%80%9ETelegram%E2%80%9C_kompiuteryje_ir_telefone\"><\/span>Skirtumas tarp &bdquo;Telegram&ldquo; kompiuteryje ir telefone<span class=\"ez-toc-section-end\"><\/span><\/h2>\n<p>Pagrindiniai &bdquo;Telegram&ldquo; skirtumai kompiuteryje ir telefone yra \u0161ie:<\/p>\n<ul>\n<li>\u012evesties patogumas. Patogiau ra\u0161yti ilgas \u017einutes kompiuteriu nei telefonu.<\/li>\n<li>Prieiga prie fail\u0173. Internetin\u0117je Telegram versijoje yra patogi prieiga prie vis\u0173 pokalbio fail\u0173 \u2013 tiesiog spustel\u0117kite fail\u0105, kad pamatytum\u0117te visus tokio tipo failus;<\/li>\n<li>Sinchronizavimas. Abi &bdquo;Telegram&ldquo; versijos yra sinchronizuotos, tod\u0117l visi prane\u0161imai ir failai pasiekiami abiejuose \u012frenginiuose;<\/li>\n<li>Eismo taupymas. Naudodami &bdquo;Telegram&ldquo; kompiuteryje galite i\u0161saugoti mobil\u0173j\u012f internet\u0105;<\/li>\n<li>Fail\u0173 perk\u0117limas. Per telegram\u0105 &quot;M\u0117gstamiausi&quot; parinkt\u012f galite naudoti failams perkelti i\u0161 telefono \u012f kompiuter\u012f ir atvirk\u0161\u010diai;<\/li>\n<li>Naktinis re\u017eimas. &bdquo;Telegram&ldquo; darbalaukio versija turi patog\u0173 naktin\u012f re\u017eim\u0105 patogiam darbui tamsoje.<\/li>\n<\/ul>\n<blockquote><p>Apskritai &bdquo;Telegram&ldquo; kompiuteryje yra puiki alternatyva mobiliajai program\u0117lei su daugybe papildom\u0173 funkcij\u0173.<\/p><\/blockquote>\n<h2><span class=\"ez-toc-section\" id=\"Isvada\"><\/span>I\u0161vada<span class=\"ez-toc-section-end\"><\/span><\/h2>\n<p>Apibendrinant galime pasakyti, kad &bdquo;Telegram Web&ldquo; yra patogi ir funkcionali populiaraus &bdquo;Messenger&ldquo; \u017einiatinklio versija, atverianti daugyb\u0119 patogi\u0173 bendravimo galimybi\u0173. D\u0117l keli\u0173 platform\u0173 suderinamumo ir papildomos programin\u0117s \u012frangos \u012fdiegimo nebuvimo, \u017einiatinklio versija leid\u017eia vartotojams palaikyti ry\u0161\u012f bet kur ir bet kuriame \u012frenginyje, turin\u010diame prieig\u0105 prie interneto ir \u017einiatinklio nar\u0161ykl\u0117s. Nepaisant kai kuri\u0173 nedideli\u0173 apribojim\u0173, &bdquo;Telegram Web&ldquo; si\u016blo beveik visas funkcijas, kurios yra mobiliosiose ir darbalaukio programose. Vartotojai gali keistis \u017einut\u0117mis, kurti grupinius pokalbius, si\u0173sti \u012fvairi\u0173 tip\u0173 failus, tinkinti prane\u0161imus ir dar daugiau. Be to, \u017einiatinklio versija u\u017etikrina skland\u0173 sinchronizavim\u0105 su visais kitais \u012frenginiais, u\u017etikrindama nuolatin\u0119 prieig\u0105 prie naujausios susira\u0161in\u0117jimo istorijos ir fail\u0173. Telegram Web yra puikus pasirinkimas tiems, kurie vertina mobilum\u0105 ir lankstum\u0105 bendraujant. Galimyb\u0117 naudoti &bdquo;Messenger&ldquo; bet kuriame kompiuteryje ar \u012frenginyje nereikia \u012fdiegti papildomos programin\u0117s \u012frangos, tod\u0117l jis yra idealus sprendimas laikinai pasiekti arba tais atvejais, kai ne\u012fmanoma \u012fdiegti standartin\u0117s programos. Apskritai &bdquo;Telegram Web&ldquo; yra galingas komunikacijos \u012frankis, kuriame patogus naudoti, gausus funkcionalumas ir auk\u0161tas saugumo bei privatumo lygis. D\u0117l nuolatinio tobulinimo ir tobulinimo internetin\u0117 &bdquo;Messenger&ldquo; versija ir toliau yra vienas geriausi\u0173 pasirinkim\u0173 ie\u0161kantiems patogaus ir patikimo sprendimo bendravimui internetu.<\/p>\n","protected":false},"excerpt":{"rendered":"<p>Nuo pat pristatymo 2013 m. &bdquo;Telegram Messenger&ldquo; tvirtai \u012fsiliejo \u012f \u0161imt\u0173 milijon\u0173 vartotoj\u0173 visame pasaulyje kasdien\u012f gyvenim\u0105. Per \u0161\u012f laik\u0105 ji u\u017esitarnavo vienos grei\u010diausi\u0173, saugiausi\u0173 ir turtingiausi\u0173 prane\u0161im\u0173&#8230;<\/p>\n","protected":false},"author":1,"featured_media":350,"parent":0,"menu_order":0,"comment_status":"closed","ping_status":"closed","template":"","meta":{"om_disable_all_campaigns":false,"_monsterinsights_skip_tracking":false,"_monsterinsights_sitenote_active":false,"_monsterinsights_sitenote_note":"","_monsterinsights_sitenote_category":0,"footnotes":""},"class_list":["post-46","page","type-page","status-publish","has-post-thumbnail",""],"aioseo_notices":[],"_links":{"self":[{"href":"https:\/\/telegrama-wiki.com\/lt\/wp-json\/wp\/v2\/pages\/46","targetHints":{"allow":["GET"]}}],"collection":[{"href":"https:\/\/telegrama-wiki.com\/lt\/wp-json\/wp\/v2\/pages"}],"about":[{"href":"https:\/\/telegrama-wiki.com\/lt\/wp-json\/wp\/v2\/types\/page"}],"author":[{"embeddable":true,"href":"https:\/\/telegrama-wiki.com\/lt\/wp-json\/wp\/v2\/users\/1"}],"replies":[{"embeddable":true,"href":"https:\/\/telegrama-wiki.com\/lt\/wp-json\/wp\/v2\/comments?post=46"}],"version-history":[{"count":0,"href":"https:\/\/telegrama-wiki.com\/lt\/wp-json\/wp\/v2\/pages\/46\/revisions"}],"wp:featuredmedia":[{"embeddable":true,"href":"https:\/\/telegrama-wiki.com\/lt\/wp-json\/wp\/v2\/media\/350"}],"wp:attachment":[{"href":"https:\/\/telegrama-wiki.com\/lt\/wp-json\/wp\/v2\/media?parent=46"}],"curies":[{"name":"wp","href":"https:\/\/api.w.org\/{rel}","templated":true}]}}