{"id":279,"date":"2024-04-22T15:00:41","date_gmt":"2024-04-22T12:00:41","guid":{"rendered":"https:\/\/telegrama-wiki.com\/no\/hva-er-telegram-og-hvordan-du-bruker-det\/"},"modified":"2024-08-21T14:59:44","modified_gmt":"2024-08-21T11:59:44","slug":"hva-er-telegram-og-hvordan-du-bruker-det","status":"publish","type":"page","link":"https:\/\/telegrama-wiki.com\/no\/hva-er-telegram-og-hvordan-du-bruker-det\/","title":{"rendered":"Hva er Telegram: hvordan du bruker det og dets funksjoner"},"content":{"rendered":"<p style=\"text-align: justify;\">I dagens verden har online kommunikasjon blitt en integrert del av livene v\u00e5re. Vi utveksler meldinger med kj\u00e6re, venner og kolleger daglig, deler bilder og videoer, diskuterer nyheter og interesser. Imidlertid \u00f8ker ogs\u00e5 de vekst av digital kommunikasjon, v\u00e5re krav til meldingsapper &#8211; de m\u00e5 ikke bare v\u00e6re praktiske og funksjonelle, men ogs\u00e5 p\u00e5litelig beskytte v\u00e5rt personvern. Dette er n\u00f8yaktig kombinasjonen av egenskaper som Telegram besitter &#8211; en messenger opprettet av Pavel Durov i 2013. I denne artikkelen vil vi ta en detaljert titt p\u00e5 hva Telegram er og hvordan du bruker den. Vi vil unders\u00f8ke historien om dens skapelse og viktige stadier av utvikling. Vi vil analysere hvilke oppgaver det hjelper \u00e5 l\u00f8se og hvilke verkt\u00f8y den tilbyr for dette. Vi vil studere den tekniske siden av driften og tiln\u00e6rmingen til datasikkerhet. Vi vil vurdere utvalget av Telegrams evner &#8211; fra grunnleggende chatter til avanserte funksjoner som roboter og kanaler. Og selvf\u00f8lgelig vil vi fremheve de viktigste fordelene sammenlignet med andre meldingsapper.<\/p>\n<p><span itemprop=\"image\" itemscope itemtype=\"https:\/\/schema.org\/ImageObject\"><img itemprop=\"url image\" loading=\"lazy\" decoding=\"async\" class=\"aligncenter wp-image-82\" src=\"https:\/\/telegrama-wiki.com\/ru\/wp-content\/uploads\/sites\/2\/2024\/04\/What-is-Telegram.png\" alt=\"Hva er telegram\" width=\"629\" height=\"472\" \/><meta itemprop=\"width\" content=\"629\"><meta itemprop=\"height\" content=\"472\"><\/span><\/p>\n<h2 style=\"text-align: justify;\">Hva er telegram<\/h2>\n<p style=\"text-align: justify;\">Telegram er en popul\u00e6r meldingsapp laget av Pavel Durov, grunnleggeren av det sosiale nettverket Vkontakte. Det lar deg utveksle meldinger, bilder, videoer og andre filer. Telegram er spesielt popul\u00e6rt i det post-sovjetiske rommet p\u00e5 grunn av dets allsidighet og brukervennlighet.<\/p>\n<p style=\"text-align: justify;\">Telegrams historie begynte i 2013 da Pavel Durov begynte \u00e5 tenke p\u00e5 problemene om sikkerhet og konfidensialitet av online kommunikasjon. Sammen med broren utviklet han MtProto -krypteringssystemet, som ble grunnlaget for Telegram. Siden den gang har Messenger blitt tilgjengelig p\u00e5 iOS og Android og begynte \u00e5 raskt f\u00e5 popularitet.<\/p>\n<h2 style=\"text-align: justify;\">Hva er telegram for<\/h2>\n<p style=\"text-align: justify;\">Hovedfunksjonen til Telegram er \u00e5 gi rask og sikker informasjonsutveksling. Messenger tilbyr flere m\u00e5ter \u00e5 kommunisere p\u00e5:<\/p>\n<ol style=\"text-align: justify;\">\n<li style=\"font-weight: 400;\">Cloud chats &#8211; vanlige chatter som er tilgjengelige fra alle enheter der Telegram er installert. Her kan du:\n<ul>\n<li style=\"font-weight: 400;\">Se nye meldinger uten \u00e5 varsle avsenderen (ved \u00e5 holde fingeren p\u00e5 popup-vinduet);<\/li>\n<li style=\"font-weight: 400;\">Sett en tidtaker for \u00e5 slette sendte filer;<\/li>\n<li style=\"font-weight: 400;\">Rediger allerede sendt meldinger;<\/li>\n<li style=\"font-weight: 400;\">Lag mapper med chatter for enkel navigasjon.<\/li>\n<\/ul>\n<\/li>\n<li style=\"font-weight: 400;\">Hemmelige chatter &#8211; Krypterte dialoger som ikke er lagret p\u00e5 servere og blir periodisk slettet av brukerne selv. De gir maksimal konfidensialitet;<\/li>\n<li style=\"font-weight: 400;\">Tale- og videosamtaler &#8211; muligheten til \u00e5 kommunisere ikke bare gjennom tekstmeldinger;<\/li>\n<li style=\"font-weight: 400;\">Grupper &#8211; chatter med opptil 200 000 deltakere. Vanlige grupper (opptil 200 personer) er egnet til \u00e5 studere og jobbe, mens supergrupper er for store interessebaserte samfunn. I grupper er det praktisk \u00e5 svare p\u00e5 meldinger og nevne bestemte brukere;<\/li>\n<li style=\"font-weight: 400;\">Kanaler &#8211; Et verkt\u00f8y for \u00e5 distribuere informasjon til et stort publikum uten grenser for antall abonnenter. Avstemninger, multimedia og annet interessant innhold om et spesifikt emne blir ofte publisert i kanaler.<\/li>\n<\/ol>\n<h2 style=\"text-align: justify;\">Hvordan bruke telegram<\/h2>\n<ol style=\"text-align: justify;\">\n<li style=\"font-weight: 400;\">Last ned Telegram -appen p\u00e5 enheten din (smarttelefon, nettbrett, datamaskin).<\/li>\n<li style=\"font-weight: 400;\">G\u00e5 gjennom en enkel registreringsprosess ved \u00e5 spesifisere telefonnummer og navn.<\/li>\n<li style=\"font-weight: 400;\">Importer kontakter fra telefonboken din eller legg til dem manuelt.<\/li>\n<li style=\"font-weight: 400;\">Begynn \u00e5 kommunisere! \u00c5 gj\u00f8re dette:\n<ul>\n<li style=\"font-weight: 400;\">Trykk p\u00e5 chatikonet i bunnpanelet;<\/li>\n<li style=\"font-weight: 400;\">Velg \u00f8nsket kontakt;<\/li>\n<li style=\"font-weight: 400;\">Skriv inn en melding i inngangsfeltet nederst p\u00e5 skjermen og trykk p\u00e5 Send -knappen.<\/li>\n<\/ul>\n<\/li>\n<li style=\"font-weight: 400;\">Utforsk Telegrams tilleggsfunksjoner:\n<ul>\n<li style=\"font-weight: 400;\">Lage grupper og kanaler;<\/li>\n<li style=\"font-weight: 400;\">S\u00f8ker etter offentlige kanaler og interessebaserte chatter;<\/li>\n<li style=\"font-weight: 400;\">Arkivere og feste viktige chatter;<\/li>\n<li style=\"font-weight: 400;\">Konfigurere varsler;<\/li>\n<li style=\"font-weight: 400;\">Redigering sendte meldinger;<\/li>\n<li style=\"font-weight: 400;\">Starte en hemmelig prat;<\/li>\n<li style=\"font-weight: 400;\">Sette en tidtaker for sending og slette meldinger;<\/li>\n<li style=\"font-weight: 400;\">Opprette stedsbaserte chatter.<\/li>\n<\/ul>\n<\/li>\n<\/ol>\n<h2 style=\"text-align: justify;\">Hvordan telegram fungerer<\/h2>\n<p style=\"text-align: justify;\">Telegram bruker en kombinasjon av sentralisert og desentralisert infrastruktur:<\/p>\n<ul style=\"text-align: justify;\">\n<li style=\"font-weight: 400;\">Brukerdata og samtaler i skychatter lagres p\u00e5 Telegram -servere i kryptert form. Dette tillater synkronisering av chatter mellom enheter;<\/li>\n<li style=\"font-weight: 400;\">Samtidig er krypteringsn\u00f8klene for hemmelige chatter bare p\u00e5 enhetene til samtalepartnerne. Takket v\u00e6re ende-til-ende krypteringsteknologi, har til og med Telegram-ansatte ikke tilgang til samtaler i hemmelige chatter.<\/li>\n<\/ul>\n<p style=\"text-align: justify;\">Telegram -applikasjon, hva er det? Messenger bruker sin egen MTProto -protokoll utviklet av Pavel Durovs bror Nikolai. Den kombinerer flere typer kryptering, og sikrer p\u00e5litelig databeskyttelse.<\/p>\n<p style=\"text-align: justify;\">Telegram samhandler ogs\u00e5 tett med utviklere gjennom et \u00e5pent API og st\u00f8tter opprettelsen av roboter &#8211; spesielle kontoer for automatisk meldingsbehandling.<\/p>\n<h2 style=\"text-align: justify;\">Telegramfunksjoner<\/h2>\n<p style=\"text-align: justify;\">Telegram Messenger &#8211; Hva er det:<\/p>\n<ul style=\"text-align: justify;\">\n<li style=\"font-weight: 400;\">Utveksling av tekstmeldinger, bilder, videoer, dokumenter og andre filer;<\/li>\n<li style=\"font-weight: 400;\">Opprettelse av gruppechatter (opptil 200 000 deltakere) og tematiske kanaler;<\/li>\n<li style=\"font-weight: 400;\">Stemme- og videosamtaler;<\/li>\n<li style=\"font-weight: 400;\">Bots for oppgavautomatisering, underholdning og virksomhet;<\/li>\n<li style=\"font-weight: 400;\">Tilpassede animerte klistremerker;<\/li>\n<li style=\"font-weight: 400;\">Redigering sendte meldinger;<\/li>\n<li style=\"font-weight: 400;\">Videresende og sitere meldinger;<\/li>\n<li style=\"font-weight: 400;\">Feste viktige meldinger;<\/li>\n<li style=\"font-weight: 400;\">Tilpasse varsler for forskjellige typer chatter;<\/li>\n<li style=\"font-weight: 400;\">Selvdestruerende bilder og videoer i hemmelige chatter;<\/li>\n<li style=\"font-weight: 400;\">Tofaktorautentisering for \u00e5 beskytte kontoer;<\/li>\n<li style=\"font-weight: 400;\">St\u00f8tte til russiske og andre spr\u00e5k;<\/li>\n<li style=\"font-weight: 400;\">S\u00f8ker etter mennesker i n\u00e6rheten ved \u00e5 bruke geolokalisering;<\/li>\n<li style=\"font-weight: 400;\">Arkivere inaktive chatter;<\/li>\n<li style=\"font-weight: 400;\">Tilpasse utseende temaer.<\/li>\n<\/ul>\n<h2 style=\"text-align: justify;\">Hovedfordeler med telegram<\/h2>\n<ol style=\"text-align: justify;\">\n<li style=\"font-weight: 400;\">Sikkerhet og personvern:\n<ul>\n<li style=\"font-weight: 400;\">P\u00e5litelig ende-til-ende kryptering av samtaler;<\/li>\n<li style=\"font-weight: 400;\">Hemmelige chatter med ytterligere beskyttelse;<\/li>\n<li style=\"font-weight: 400;\">Tofaktorautentisering;<\/li>\n<li style=\"font-weight: 400;\">Evne til \u00e5 slette en konto sammen med alle data;<\/li>\n<\/ul>\n<\/li>\n<li style=\"font-weight: 400;\">Brukervennlighet:\n<ul>\n<li style=\"font-weight: 400;\">Intuitivt grensesnitt;<\/li>\n<li style=\"font-weight: 400;\">H\u00f8y driftshastighet;<\/li>\n<li style=\"font-weight: 400;\">Ubegrenset skylagring for alle chatter;<\/li>\n<li style=\"font-weight: 400;\">Praktiske verkt\u00f8y for organisering av dialoger (mapper, arkivering, festing);<\/li>\n<li style=\"font-weight: 400;\">Utvidede varslingsinnstillinger;<\/li>\n<li style=\"font-weight: 400;\">Fungerer p\u00e5 alle popul\u00e6re plattformer (iOS, Android, Windows, MacOS, Linux, Web).<\/li>\n<\/ul>\n<\/li>\n<li style=\"font-weight: 400;\">Rik funksjonalitet:\n<ul>\n<li style=\"font-weight: 400;\">Omfattende kommunikasjonsevner (grupper, kanaler, roboter);<\/li>\n<li style=\"font-weight: 400;\">St\u00f8tte for alle popul\u00e6re mediefilformater;<\/li>\n<li style=\"font-weight: 400;\">Kontinuerlig tilsetning av nye funksjoner;<\/li>\n<li style=\"font-weight: 400;\">\u00c5pne API for utviklere og integrasjoner.<\/li>\n<\/ul>\n<\/li>\n<li style=\"font-weight: 400;\">Bredt brukerfellesskap:\n<ul>\n<li style=\"font-weight: 400;\">Aktivt publikum, spesielt i CIS -land;<\/li>\n<li style=\"font-weight: 400;\">Mange informative og underholdende kanaler;<\/li>\n<li style=\"font-weight: 400;\">Bekvemmelighet for kommunikasjon med kj\u00e6re, venner, kolleger.<\/li>\n<\/ul>\n<\/li>\n<\/ol>\n<p style=\"text-align: justify;\">Den raske veksten av telegrams popularitet skaper imidlertid visse problemer. \u00d8kningen i belastningen f\u00f8rer noen ganger til forstyrrelser i messengerens operasjon. Og mangelen p\u00e5 inntektsgenerering for annonsering tvinger s\u00f8ket etter nye m\u00e5ter \u00e5 finansiere prosjektet.<\/p>\n<p style=\"text-align: justify;\">Til tross for disse manglene, er Telegram fortsatt en av de mest praktiske og sikre meldingsappene, og kombinerer omfattende funksjonalitet og brukervennlighet. Regelmessige oppdateringer gj\u00f8r det enda mer attraktivt for b\u00e5de personlig kommunikasjon og forretningskommunikasjon. Derfor er telegram absolutt verdt \u00e5 pr\u00f8ve for alle som leter etter en moderne online kommunikasjonsapplikasjon.<\/p>\n<h2 style=\"text-align: justify;\">Konklusjon<\/h2>\n<p style=\"text-align: justify;\">Telegram er ikke bare en annen messenger, men et kraftig kommunikasjonsverkt\u00f8y som tilbyr brukere et bredt spekter av muligheter for kommunikasjon, informasjonsutveksling og organisering av deres online liv.<\/p>\n<p style=\"text-align: justify;\">P\u00e5 den ene siden tiltrekker Telegram et publikum med sin enkelhet og brukervennlighet. Et intuitivt grensesnitt, h\u00f8y driftshastighet og kompatibilitet p\u00e5 tvers av plattformer gj\u00f8r det tilgjengelig for alle. Et gjennomtenkt system for organisering av chatter (mapper, arkivering, festing) hjelper med \u00e5 opprettholde orden selv i de travleste dialogene. Og forskjellige varslingsinnstillinger tillater fleksibel styring av ens involvering i kommunikasjonen.<\/p>\n<p style=\"text-align: justify;\">P\u00e5 den annen side imponerer telegram med sin rike funksjonalitet. I tillegg til standard tekstmeldinger og samtaler, tilbyr det \u00e5 lage grupper med opptil 200 000 deltakere, tematiske kanaler uten publikumsbegrensninger, samt chatbots for oppgavautomatisering og underholdning. St\u00f8tte for alle popul\u00e6re mediefilformater og konstant tillegg av nye funksjoner gj\u00f8r Telegram til et allsidig verkt\u00f8y for b\u00e5de personlig og forretningskommunikasjon.<\/p>\n<p style=\"text-align: justify;\">Telegrams viktigste fordel er imidlertid utvilsomt fokuset p\u00e5 brukersikkerhet og personvern. I en tid med digitale trusler og datalekkasjer tilbyr Telegram p\u00e5litelig ende-til-ende kryptering av samtaler, hemmelige chatter med et ekstra beskyttelsesniv\u00e5, og muligheten til \u00e5 slette ens digitale fotavtrykk fullstendig. Dette gj\u00f8r det til et attraktivt valg for alle som verdsetter personvernet til sin online kommunikasjon.<\/p>\n","protected":false},"excerpt":{"rendered":"<p>I dagens verden har online kommunikasjon blitt en integrert del av livene v\u00e5re. Vi utveksler meldinger med kj\u00e6re, venner og kolleger daglig, deler bilder og videoer, diskuterer nyheter&#8230;<\/p>\n","protected":false},"author":1,"featured_media":308,"parent":0,"menu_order":0,"comment_status":"closed","ping_status":"closed","template":"","meta":{"om_disable_all_campaigns":false,"footnotes":""},"class_list":["post-279","page","type-page","status-publish","has-post-thumbnail",""],"aioseo_notices":[],"_links":{"self":[{"href":"https:\/\/telegrama-wiki.com\/no\/wp-json\/wp\/v2\/pages\/279","targetHints":{"allow":["GET"]}}],"collection":[{"href":"https:\/\/telegrama-wiki.com\/no\/wp-json\/wp\/v2\/pages"}],"about":[{"href":"https:\/\/telegrama-wiki.com\/no\/wp-json\/wp\/v2\/types\/page"}],"author":[{"embeddable":true,"href":"https:\/\/telegrama-wiki.com\/no\/wp-json\/wp\/v2\/users\/1"}],"replies":[{"embeddable":true,"href":"https:\/\/telegrama-wiki.com\/no\/wp-json\/wp\/v2\/comments?post=279"}],"version-history":[{"count":1,"href":"https:\/\/telegrama-wiki.com\/no\/wp-json\/wp\/v2\/pages\/279\/revisions"}],"predecessor-version":[{"id":451,"href":"https:\/\/telegrama-wiki.com\/no\/wp-json\/wp\/v2\/pages\/279\/revisions\/451"}],"wp:featuredmedia":[{"embeddable":true,"href":"https:\/\/telegrama-wiki.com\/no\/wp-json\/wp\/v2\/media\/308"}],"wp:attachment":[{"href":"https:\/\/telegrama-wiki.com\/no\/wp-json\/wp\/v2\/media?parent=279"}],"curies":[{"name":"wp","href":"https:\/\/api.w.org\/{rel}","templated":true}]}}