{"id":282,"date":"2024-04-22T15:04:16","date_gmt":"2024-04-22T12:04:16","guid":{"rendered":"https:\/\/telegrama-wiki.com\/no\/personvernregler\/"},"modified":"2024-04-22T15:04:16","modified_gmt":"2024-04-22T12:04:16","slug":"personvernregler","status":"publish","type":"page","link":"https:\/\/telegrama-wiki.com\/no\/personvernregler\/","title":{"rendered":"Personvernregler"},"content":{"rendered":"<p>Administrasjonen av nettstedet Telegrama-Wiki.com (heretter referert til som nettstedet) respekterer rettighetene til nettstedets bes\u00f8kende. Vi erkjenner ubetinget viktigheten av konfidensialiteten til personlig informasjon om nettstedets bes\u00f8kende. Denne siden inneholder informasjon om hvilke data vi mottar og samler inn n\u00e5r du bruker nettstedet. Vi h\u00e5per at denne informasjonen vil hjelpe deg med \u00e5 ta informerte beslutninger ang\u00e5ende den personlige informasjonen du gir oss.<\/p>\n<p>Denne personvernregelen gjelder bare for nettstedet og informasjonen som er samlet inn av dette nettstedet og gjennom det. Det gjelder ikke p\u00e5 andre nettsteder og er ikke aktuelt for tredjeparts nettsteder som kan lenke til nettstedet.<\/p>\n<h2>Informasjonssamling<\/h2>\n<p>N\u00e5r du bes\u00f8ker nettstedet, bestemmer vi leverand\u00f8rens domenenavn og land (for eksempel &laquo;AOL.com &laquo;) og de valgte overgangene fra en side til en annen (s\u00e5kalt&raquo; ClickStream Activity &laquo;).<br \/>\nInformasjonen vi mottar p\u00e5 nettstedet kan brukes til \u00e5 lette din bruk av nettstedet, inkludert, men ikke begrenset til:<\/p>\n<ul>\n<li>organisere nettstedet p\u00e5 den mest brukervennlige m\u00e5ten<\/li>\n<li>Gi muligheten til \u00e5 abonnere p\u00e5 e -post nyhetsbrev for spesialtilbud og emner hvis du vil motta slike varsler<\/li>\n<\/ul>\n<p>Nettstedet samler bare personlig informasjon som du leverer frivillig n\u00e5r du bes\u00f8ker eller registrerer deg p\u00e5 nettstedet. Begrepet &laquo;personlig informasjon&raquo; inneholder informasjon som identifiserer deg som en bestemt person, for eksempel ditt navn eller e -postadresse. Selv om du kan se innholdet p\u00e5 nettstedet uten \u00e5 g\u00e5 gjennom registreringsprosedyren, m\u00e5 du registrere deg for \u00e5 bruke noen funksjoner, for eksempel \u00e5 legge igjen kommentaren til en artikkel.<br \/>\nNettstedet bruker &laquo;Cookies&raquo; -teknologi for \u00e5 generere statistisk rapportering. En &laquo;cookie&raquo; er en liten mengde data sendt av et nettsted, som datamaskinens nettleser lagrer p\u00e5 datamaskinens harddisk. Informasjonskapsler inneholder informasjon som kan v\u00e6re n\u00f8dvendig for nettstedet &#8211; for \u00e5 lagre dine visningspreferanser og samle inn statistisk informasjon om nettstedet, i.e. Hvilke sider du bes\u00f8kte, hva som ble lastet ned, domenenavnet til internettleverand\u00f8ren og bes\u00f8kende land, samt adressene til tredjeparts nettsteder som overgangen til nettstedet ble gjort og videre. Imidlertid er all denne informasjonen p\u00e5 ingen m\u00e5te forbundet med deg som individ. Informasjonskapsler registrerer ikke e -postadressen din eller personlig informasjon om deg. Denne teknologien p\u00e5 nettstedet brukes ogs\u00e5 av den installerte telleren til Spylog\/LiveInternet\/etc.<\/p>\n<p>I tillegg bruker vi standard webserverlogger for \u00e5 telle bes\u00f8kende og evaluere de tekniske mulighetene til nettstedet v\u00e5rt. Vi bruker denne informasjonen for \u00e5 bestemme hvor mange som bes\u00f8ker nettstedet og organiserer sidene p\u00e5 den mest brukervennlige m\u00e5ten, s\u00f8rg for at nettstedet er kompatibelt med nettleserne som er brukt, og gj\u00f8r innholdet p\u00e5 sidene v\u00e5re s\u00e5 nyttige som mulig for v\u00e5re bes\u00f8kende. Vi registrerer informasjon om bevegelser p\u00e5 nettstedet, men ikke om individuelle bes\u00f8kende p\u00e5 nettstedet, s\u00e5 ingen spesifikk informasjon om deg personlig vil bli lagret eller brukt av nettstedadministrasjonen uten ditt samtykke.<\/p>\n<p>For \u00e5 se materiale uten informasjonskapsler, kan du stille inn nettleseren din til ikke \u00e5 godta informasjonskapsler eller varsle deg n\u00e5r informasjonskapsler sendes (nettlesere er forskjellige, s\u00e5 vi anbefaler deg \u00e5 sjekke &laquo;Hjelp&raquo; -delen for \u00e5 finne ut hvordan du endrer maskinens informasjonskapsler).<\/p>\n<h2>Informasjonsdeling<\/h2>\n<p>Nettstedsadministrasjonen selger ikke under noen omstendigheter din personlige informasjon til noen tredjeparter. Vi avsl\u00f8rer heller ikke den personlige informasjonen du gir, bortsett fra som loven kreves (spesifiser landet der serveren er lokalisert).<br \/>\nNettstedsadministrasjonen har et partnerskap med Google, som plasserer betalte reklamemateriell og annonser p\u00e5 nettstedets sider (inkludert, men ikke begrenset til teksthyperkoblinger). Som en del av dette samarbeidet informerer nettstedsadministrasjonen alle interesserte om f\u00f8lgende informasjon:<\/p>\n<ol>\n<li>Google, som tredjepartsleverand\u00f8r, bruker informasjonskapsler for \u00e5 servere annonser p\u00e5 nettstedet;<\/li>\n<li>DoubleClick Dart Advertising Product Cookies brukes av Google i annonser som serveres p\u00e5 nettstedet som deltaker i AdSense for Content -programmet;<\/li>\n<li>Googles bruk av DART -informasjonskapsler gj\u00f8r det mulig \u00e5 samle inn og bruke informasjon om bes\u00f8kende p\u00e5 nettstedet (bortsett fra navn, adresse, e -postadresse eller telefonnummer) om bes\u00f8kene dine p\u00e5 nettstedet og andre nettsteder for \u00e5 tilby annonser om varer og tjenester av mest interesse til deg;<\/li>\n<li>Google, i ferd med \u00e5 samle inn denne informasjonen, blir styrt av sin egen personvernregler;<\/li>\n<li>Nettstedsbrukere kan velge bort bruken av dartkaker ved \u00e5 bes\u00f8ke <a href=\"https:\/\/web.archive.org\/web\/20201201172127\/http:\/\/www.google.com\/policies\/technologies\/ads\/\">Google annonse og innholdsnettverk Personvernregler<\/a> side.<\/li>\n<\/ol>\n<h2>Ansvarsfraskrivelse<\/h2>\n<p>Husk at overf\u00f8ringen av personlig informasjon n\u00e5r du bes\u00f8ker tredjeparts nettsteder, inkludert nettstedene til partnerbedrifter, selv om nettstedet inneholder en lenke til nettstedet, eller det er en lenke til disse nettstedene p\u00e5 nettstedet, ikke er underlagt dette dokumentet. Nettstedsadministrasjonen er ikke ansvarlig for handlingene til andre nettsteder. Prosessen med \u00e5 samle inn og overf\u00f8re personlig informasjon n\u00e5r du bes\u00f8ker disse nettstedene, styres av dokumentet &laquo;Person Data Protection&raquo; eller et lignende som ligger p\u00e5 nettstedene til disse selskapene.<\/p>\n","protected":false},"excerpt":{"rendered":"<p>Administrasjonen av nettstedet Telegrama-Wiki.com (heretter referert til som nettstedet) respekterer rettighetene til nettstedets bes\u00f8kende. Vi erkjenner ubetinget viktigheten av konfidensialiteten til personlig informasjon om nettstedets bes\u00f8kende. Denne siden&#8230;<\/p>\n","protected":false},"author":1,"featured_media":0,"parent":0,"menu_order":0,"comment_status":"closed","ping_status":"closed","template":"","meta":{"om_disable_all_campaigns":false,"footnotes":""},"class_list":["post-282","page","type-page","status-publish",""],"aioseo_notices":[],"_links":{"self":[{"href":"https:\/\/telegrama-wiki.com\/no\/wp-json\/wp\/v2\/pages\/282","targetHints":{"allow":["GET"]}}],"collection":[{"href":"https:\/\/telegrama-wiki.com\/no\/wp-json\/wp\/v2\/pages"}],"about":[{"href":"https:\/\/telegrama-wiki.com\/no\/wp-json\/wp\/v2\/types\/page"}],"author":[{"embeddable":true,"href":"https:\/\/telegrama-wiki.com\/no\/wp-json\/wp\/v2\/users\/1"}],"replies":[{"embeddable":true,"href":"https:\/\/telegrama-wiki.com\/no\/wp-json\/wp\/v2\/comments?post=282"}],"version-history":[{"count":0,"href":"https:\/\/telegrama-wiki.com\/no\/wp-json\/wp\/v2\/pages\/282\/revisions"}],"wp:attachment":[{"href":"https:\/\/telegrama-wiki.com\/no\/wp-json\/wp\/v2\/media?parent=282"}],"curies":[{"name":"wp","href":"https:\/\/api.w.org\/{rel}","templated":true}]}}