{"id":46,"date":"2024-04-16T10:26:38","date_gmt":"2024-04-16T07:26:38","guid":{"rendered":"https:\/\/telegrama-wiki.com\/no\/telegram-web-hvordan-logge-inn-p-nettet\/"},"modified":"2024-08-21T15:00:29","modified_gmt":"2024-08-21T12:00:29","slug":"telegram-web-hvordan-logge-inn-p-nettet","status":"publish","type":"page","link":"https:\/\/telegrama-wiki.com\/no\/","title":{"rendered":"Online Telegram web: logg inn p\u00e5 webtelegram p\u00e5 PC"},"content":{"rendered":"<p>Siden lanseringen i 2013 har Telegram Messenger godt g\u00e5tt inn i hverdagen til hundrevis av millioner av brukere over hele verden. I l\u00f8pet av denne tiden har det klart \u00e5 tjene et rykte som en av de raskeste, mest sikre og funksjonsrike meldingstjenestene.<\/p>\n<p>Telegram -applikasjonen er tilgjengelig p\u00e5 alle popul\u00e6re plattformer &#8211; fra smarttelefoner og nettbrett til personlige datamaskiner. I tillegg har det et praktisk nettgrensesnitt for bruk i en nettleser. Denne muligheten p\u00e5 plattform lar brukere holde kontakten til enhver tid.<\/p>\n<p><span itemprop=\"image\" itemscope itemtype=\"https:\/\/schema.org\/ImageObject\"><img itemprop=\"url image\" loading=\"lazy\" decoding=\"async\" class=\"aligncenter wp-image-22 \" src=\"https:\/\/telegrama-wiki.com\/wp-content\/uploads\/2024\/04\/Telegram-Web.png\" alt=\"Telegram Web\" width=\"629\" height=\"359\" \/><meta itemprop=\"width\" content=\"629\"><meta itemprop=\"height\" content=\"359\"><\/span><\/p>\n<p>Denne artikkelen vil fokusere p\u00e5 hvordan du bruker telegram i en nettleser, fordelene med skrivebordsversjonen og de forskjellige nyttige funksjonene i denne messenger.<\/p>\n<h2>Hvordan f\u00e5 tilgang til telegram online<\/h2>\n<p>Telegram er en popul\u00e6r meldingstjeneste som er tilgjengelig p\u00e5 alle st\u00f8rre plattformer, inkludert Android -telefoner. Du kan imidlertid ogs\u00e5 bruke Telegram via hvilken som helst nettleser uten behov for \u00e5 installere en applikasjon.<\/p>\n<p>Telegram har en offisiell webapp som du enkelt kan f\u00e5 tilgang til gjennom en nettleser. Dette er et praktisk alternativ for \u00e5 bruke meldingstjenesten p\u00e5 offentlige datamaskiner eller en venns eller familiemedlemmets datamaskin.<\/p>\n<p>Telegram -nettappen er kompatibel med alle st\u00f8rre nettlesere, inkludert Google Chrome, Microsoft Edge, Safari og Mozilla Firefox. Det er ogs\u00e5 plattformspesifikk, noe som betyr at du kan f\u00e5 tilgang til det fra ethvert moderne operativsystem.<\/p>\n<h2>Logg inn i Telegram: Instruksjoner<\/h2>\n<p>F\u00f8lg disse trinnene for \u00e5 logge inn p\u00e5 Telegram p\u00e5 en datamaskin:<\/p>\n<ol>\n<li>\u00c5pne Telegram Web p\u00e5 nettet.telegram.org p\u00e5 datamaskinen din;<\/li>\n<li>En QR -kode vises p\u00e5 skjermen;<\/li>\n<li>\u00c5pne Telegram -appen p\u00e5 telefonen din;<\/li>\n<li>\u00c5pne menyen &laquo;Innstillinger&raquo;;<\/li>\n<li>Klikk p\u00e5 &laquo;Enheter&raquo; -knappen;<\/li>\n<li>Velg &laquo;Link Desktop Device&raquo;;<\/li>\n<li>Skann QR -koden som vises i Telegram -nettappen;<\/li>\n<li>Hvis du ikke har tilgang til Telegram -appen p\u00e5 telefonen din, bruk alternativet &laquo;Logg inn p\u00e5 telefon&raquo;;<\/li>\n<li>Tast inn ditt telefonnummer;<\/li>\n<li>Du vil motta en femsifret kode i Telegram-appen p\u00e5 telefonen din. Skriv den inn for \u00e5 logge p\u00e5 Telegram -nettet;<\/li>\n<li>Hvis du har to-trinns verifisering aktivert, skriv inn passordet.<\/li>\n<\/ol>\n<blockquote><p>Ved \u00e5 f\u00f8lge disse trinnene, vil du kunne logge deg p\u00e5 telegram p\u00e5 datamaskinen din og f\u00e5 tilgang til alle chatter og meldinger.<\/p><\/blockquote>\n<h2>Funksjoner i nettversjonen<\/h2>\n<p>Funksjonaliteten til nettversjonen av Telegram er nesten identisk med mobilappene for smarttelefoner og PC -er. Imidlertid er det en viktig forskjell i nettversjonen &#8211; muligheten til \u00e5 motta varsler om nye innkommende meldinger i sanntid. Dette lar deg holde kontakten selv om telegram ikke kj\u00f8rer. Varsler dukker opp i nettleseren, akkurat som fra andre webapper.<\/p>\n<p>Dermed er nettversjonen av Telegram en fullverdig messenger for \u00e5 kommunisere via en nettleser med varsler om nye meldinger. Dette er veldig praktisk i frav\u00e6r av tilgang til en mobiltelefon.<\/p>\n<h2>Servicefunksjoner<\/h2>\n<p>Telegram Web Online er nesten p\u00e5 niv\u00e5 med de fullverdige Telegram-appene for PC og smarttelefoner n\u00e5r det gjelder funksjonalitet.<\/p>\n<p>N\u00f8kkelegenskaper:<\/p>\n<ul>\n<li>Meldinger i personlige og gruppechatter;<\/li>\n<li>Sende mediefiler &#8211; bilder, videoer, lyd, dokumenter;<\/li>\n<li>Lage gruppechatter;<\/li>\n<li>S\u00f8ker etter kontakter og dialoger etter n\u00f8kkelord;<\/li>\n<li>Konfigurere varsler for nye meldinger;<\/li>\n<li>Filtrere chatter etter innholdstype;<\/li>\n<li>Redigere og slette meldinger;<\/li>\n<li>Endrer avatar og brukernavn.<\/li>\n<\/ul>\n<p>I tillegg er de fleste Telegram -roboter, klistremerkepakker og andre nyttige telegramverkt\u00f8y tilgjengelig i Telegram Web.<\/p>\n<p>Den st\u00f8rste fordelen med nettversjonen er at den ikke krever installasjon av applikasjoner. Alt du trenger er en nettleser og internett for \u00e5 bruke messenger p\u00e5 alle enheter.<\/p>\n<p>Dette er praktisk i situasjoner:<\/p>\n<ul>\n<li>N\u00e5r det ikke er noen mulighet eller \u00f8nske om \u00e5 installere telegram p\u00e5 en datamaskin;<\/li>\n<li>\u00c5 f\u00e5 tilgang til telegram fra andres enheter i frav\u00e6r av din egen smarttelefon;<\/li>\n<li>\u00c5 bruke webapper p\u00e5 Chromebook, der det ikke er noen native programmer.<\/li>\n<\/ul>\n<p>Generelt gir Telegram Web nesten all den grunnleggende funksjonaliteten til fullverdige desktop og mobile versjoner. Dette betyr at denne tjenesten kan bli en fullverdig erstatning for telegram-applikasjoner i de fleste bruksscenarier.<\/p>\n<h2>Kommunikasjonsfunksjoner og fordeler<\/h2>\n<p>P\u00e5 10 \u00e5r har Telegram utviklet seg fra en enkel messenger til en multifunksjonell plattform for kommunikasjon og l\u00f8st forskjellige oppgaver. La oss se p\u00e5 de viktigste kommunikasjonsfunksjonene i Telegram.<\/p>\n<ul>\n<li>Samtale auto-slett. Denne innstillingen lar deg sl\u00e5 p\u00e5 automatisk sletting av hele chathistorikken etter en spesifisert tid. Dette sikrer konfidensialiteten i kommunikasjonen. For \u00e5 aktivere det, bare g\u00e5 til innstillingene i chatten med \u00f8nsket samtalepartner og velg en tidtaker for auto-sletting;<\/li>\n<li>Skypassord. Dette er et annet viktig sikkerhetsalternativ &#8211; Telegram tofaktorautentisering ved hjelp av et spesielt passord. Det beskytter kontoen din mot hacking. Aktivert i delen &laquo;Privacy &#8211; Cloud Password&raquo;;<\/li>\n<li>Festemeldinger. Telegramm lar deg feste individuelle meldinger eller hele chatter. Dette er praktisk for rask tilgang til viktige dialoger eller filer.<\/li>\n<\/ul>\n<h2>Forskjell mellom telegram p\u00e5 datamaskin og telefon<\/h2>\n<p>De viktigste forskjellene mellom telegram p\u00e5 en datamaskin og p\u00e5 en telefon inkluderer:<\/p>\n<ul>\n<li>Inngangskonferanse. Det er mer praktisk \u00e5 skrive lange meldinger p\u00e5 en datamaskin enn p\u00e5 en telefon.<\/li>\n<li>Tilgang til filer. I nettversjonen av Telegram er det praktisk tilgang til alle filer i chatten &#8211; bare klikk p\u00e5 en fil for \u00e5 se alle filer av denne typen;<\/li>\n<li>Synkronisering. Begge versjonene av telegram er synkronisert, s\u00e5 alle meldinger og filer er tilgjengelige p\u00e5 begge enhetene;<\/li>\n<li>Trafikkbesparelse. Ved \u00e5 bruke Telegram p\u00e5 en datamaskin, kan du lagre mobilt internett;<\/li>\n<li>Filoverf\u00f8ring. Gjennom alternativet Telegram &laquo;Favoritter&raquo; kan du bruke den til \u00e5 overf\u00f8re filer mellom telefonen og datamaskinen;<\/li>\n<li>Nattmodus. Desktop -versjonen av Telegram har en praktisk nattmodus for behagelig arbeid i m\u00f8rket.<\/li>\n<\/ul>\n<blockquote><p>Totalt sett er telegram p\u00e5 en datamaskin et flott alternativ til mobilappen med en rekke tilleggsfunksjoner.<\/p><\/blockquote>\n<h2>Konklusjon<\/h2>\n<p>Avslutningsvis kan vi si at Telegram Web er en praktisk og funksjonell nettversjon av den popul\u00e6re messenger som \u00e5pner for mange muligheter for komfortabel kommunikasjon. Takket v\u00e6re kompatibilitet p\u00e5 tvers av plattformer og mangelen p\u00e5 behov for \u00e5 installere tilleggsprogramvare, lar nettversjonen brukere holde kontakten hvor som helst og p\u00e5 hvilken som helst enhet med tilgang til Internett og en nettleser.<\/p>\n<p>Til tross for noen mindre begrensninger, tilbyr Telegram Web nesten hele spekteret av funksjoner som finnes i mobil- og stasjon\u00e6re apper. Brukere kan utveksle meldinger, lage gruppechatter, sende forskjellige typer filer, tilpasse varsler og mye mer. I tillegg gir nettversjonen s\u00f8ml\u00f8s synkronisering med alle andre enheter, og sikrer konstant tilgang til oppdatert korrespondansehistorikk og filer.<\/p>\n<p>Telegram Web er et godt valg for de som verdsetter mobilitet og fleksibilitet i kommunikasjonen. Muligheten til \u00e5 bruke messenger p\u00e5 hvilken som helst datamaskin eller enhet uten behov for \u00e5 installere tilleggsprogramvare gj\u00f8r det til en ideell l\u00f8sning for midlertidig tilgang eller i tilfeller der det ikke er mulig \u00e5 installere standardapplikasjonen.<\/p>\n<p>Totalt sett er Telegram Web et kraftig kommunikasjonsverkt\u00f8y som kombinerer brukervennlighet, rik funksjonalitet og et h\u00f8yt niv\u00e5 av sikkerhet og personvern. Takket v\u00e6re kontinuerlig utvikling og forbedring, fortsetter nettversjonen av Messenger \u00e5 v\u00e6re et av de beste valgene for de som leter etter en praktisk og p\u00e5litelig l\u00f8sning for online kommunikasjon.<\/p>\n","protected":false},"excerpt":{"rendered":"<p>Siden lanseringen i 2013 har Telegram Messenger godt g\u00e5tt inn i hverdagen til hundrevis av millioner av brukere over hele verden. I l\u00f8pet av denne tiden har det&#8230;<\/p>\n","protected":false},"author":1,"featured_media":372,"parent":0,"menu_order":0,"comment_status":"closed","ping_status":"closed","template":"","meta":{"om_disable_all_campaigns":false,"footnotes":""},"class_list":["post-46","page","type-page","status-publish","has-post-thumbnail",""],"aioseo_notices":[],"_links":{"self":[{"href":"https:\/\/telegrama-wiki.com\/no\/wp-json\/wp\/v2\/pages\/46","targetHints":{"allow":["GET"]}}],"collection":[{"href":"https:\/\/telegrama-wiki.com\/no\/wp-json\/wp\/v2\/pages"}],"about":[{"href":"https:\/\/telegrama-wiki.com\/no\/wp-json\/wp\/v2\/types\/page"}],"author":[{"embeddable":true,"href":"https:\/\/telegrama-wiki.com\/no\/wp-json\/wp\/v2\/users\/1"}],"replies":[{"embeddable":true,"href":"https:\/\/telegrama-wiki.com\/no\/wp-json\/wp\/v2\/comments?post=46"}],"version-history":[{"count":1,"href":"https:\/\/telegrama-wiki.com\/no\/wp-json\/wp\/v2\/pages\/46\/revisions"}],"predecessor-version":[{"id":452,"href":"https:\/\/telegrama-wiki.com\/no\/wp-json\/wp\/v2\/pages\/46\/revisions\/452"}],"wp:featuredmedia":[{"embeddable":true,"href":"https:\/\/telegrama-wiki.com\/no\/wp-json\/wp\/v2\/media\/372"}],"wp:attachment":[{"href":"https:\/\/telegrama-wiki.com\/no\/wp-json\/wp\/v2\/media?parent=46"}],"curies":[{"name":"wp","href":"https:\/\/api.w.org\/{rel}","templated":true}]}}