{"id":279,"date":"2024-04-22T15:00:41","date_gmt":"2024-04-22T12:00:41","guid":{"rendered":"https:\/\/telegrama-wiki.com\/pl\/co-to-jest-telegram-i-jak-go-uywa\/"},"modified":"2024-04-22T15:00:41","modified_gmt":"2024-04-22T12:00:41","slug":"co-to-jest-telegram-i-jak-go-uywa","status":"publish","type":"page","link":"https:\/\/telegrama-wiki.com\/pl\/co-to-jest-telegram-i-jak-go-uywa\/","title":{"rendered":"Co to jest telegram i jak go u\u017cywa\u0107"},"content":{"rendered":"<p style=\"text-align: justify\">W dzisiejszym \u015bwiecie komunikacja online sta\u0142a si\u0119 integraln\u0105 cz\u0119\u015bci\u0105 naszego \u017cycia. Codziennie wymieniamy wiadomo\u015bci z bliskimi, przyjaci\u00f3\u0142mi i wsp\u00f3\u0142pracownikami, udost\u0119pniamy zdj\u0119cia i filmy, omawiaj\u0105c wiadomo\u015bci i zainteresowania. Jednak wraz ze wzrostem komunikacji cyfrowej nasze wymagania dotycz\u0105ce aplikacji do przesy\u0142ania wiadomo\u015bci r\u00f3wnie\u017c r\u00f3wnie\u017c rosn\u0105 &#8211; musz\u0105 by\u0107 nie tylko wygodne i funkcjonalne, ale tak\u017ce niezawodnie chroni\u0107 nasz\u0105 prywatno\u015b\u0107. To jest dok\u0142adnie po\u0142\u0105czenie cech, kt\u00f3re posiada Telegram &#8211; pos\u0142aniec stworzony przez Pavel Durov w 2013 roku. W tym artykule szczeg\u00f3\u0142owo przyjrzymy si\u0119, czym jest telegram i jak go u\u017cywa\u0107. Przeanalizujemy histori\u0119 jego tworzenia i kluczowe etapy rozwoju. Przeanalizujemy, jakie zadania pomaga rozwi\u0105za\u0107 i jakie narz\u0119dzia do tego oferuje. B\u0119dziemy przestudiowa\u0107 techniczn\u0105 stron\u0119 jej dzia\u0142ania i podej\u015bcia do bezpiecze\u0144stwa danych. Ocenimy zakres mo\u017cliwo\u015bci telegramu &#8211; od podstawowych czat\u00f3w po zaawansowane funkcje, takie jak boty i kana\u0142y. I oczywi\u015bcie podkre\u015blimy jego g\u0142\u00f3wne zalety w por\u00f3wnaniu z innymi aplikacjami do przesy\u0142ania wiadomo\u015bci.<\/p>\n<p><span itemprop=\"image\" itemscope itemtype=\"https:\/\/schema.org\/ImageObject\"><img itemprop=\"url image\" loading=\"lazy\" decoding=\"async\" class=\"aligncenter wp-image-82\" src=\"https:\/\/telegrama-wiki.com\/ru\/wp-content\/uploads\/sites\/2\/2024\/04\/What-is-Telegram.png\" alt=\"Co to jest telegram\" width=\"629\" height=\"472\" \/><meta itemprop=\"width\" content=\"629\"><meta itemprop=\"height\" content=\"472\"><\/span><\/p>\n<h2 style=\"text-align: justify\">Co to jest telegram<\/h2>\n<p style=\"text-align: justify\">Telegram to popularna aplikacja do przesy\u0142ania wiadomo\u015bci stworzona przez Pavel Durov, za\u0142o\u017cyciel sieci spo\u0142eczno\u015bciowej VKontakte. Pozwala wymienia\u0107 wiadomo\u015bci, zdj\u0119cia, filmy i inne pliki. Telegram jest szczeg\u00f3lnie popularny w przestrzeni post publicznej ze wzgl\u0119du na wszechstronno\u015b\u0107 i \u0142atwo\u015b\u0107 u\u017cytkowania.<\/p>\n<p style=\"text-align: justify\">Historia telegramu rozpocz\u0119\u0142a si\u0119 w 2013 roku, kiedy Pavel Durov zacz\u0105\u0142 my\u015ble\u0107 o kwestiach bezpiecze\u0144stwa i poufno\u015bci komunikacji online. Razem z bratem opracowa\u0142 system szyfrowania MTProto, kt\u00f3ry sta\u0142 si\u0119 podstaw\u0105 telegramu. Od tego czasu Wys\u0142annik sta\u0142 si\u0119 dost\u0119pny na iOS i Androida i zacz\u0105\u0142 szybko zyskiwa\u0107 popularno\u015b\u0107.<\/p>\n<h2 style=\"text-align: justify\">Po co jest telegram<\/h2>\n<p style=\"text-align: justify\">G\u0142\u00f3wn\u0105 funkcj\u0105 telegramu jest zapewnienie szybkiej i bezpiecznej wymiany informacji. Wys\u0142annik oferuje kilka sposob\u00f3w komunikacji:<\/p>\n<ol style=\"text-align: justify\">\n<li style=\"font-weight: 400\">Czat w chmurze &#8211; regularne czaty dost\u0119pne ze wszystkich urz\u0105dze\u0144, w kt\u00f3rych instalowany jest telegram. Tutaj mo\u017cesz:\n<ul>\n<li style=\"font-weight: 400\">Wy\u015bwietl nowe wiadomo\u015bci bez powiadamiania nadawcy (trzymaj\u0105c palec w wyskakuj\u0105cym oknie);<\/li>\n<li style=\"font-weight: 400\">Ustaw licznik, aby usun\u0105\u0107 wys\u0142ane pliki;<\/li>\n<li style=\"font-weight: 400\">Edytuj ju\u017c wys\u0142ane wiadomo\u015bci;<\/li>\n<li style=\"font-weight: 400\">Utw\u00f3rz foldery z czatami dla \u0142atwej nawigacji.<\/li>\n<\/ul>\n<\/li>\n<li style=\"font-weight: 400\">Tajne czaty &#8211; zaszyfrowane dialogi, kt\u00f3re nie s\u0105 przechowywane na serwerach i s\u0105 okresowo usuwane przez samych u\u017cytkownik\u00f3w. Zapewniaj\u0105 maksymaln\u0105 poufno\u015b\u0107;<\/li>\n<li style=\"font-weight: 400\">Po\u0142\u0105czenia g\u0142osowe i wideo &#8211; mo\u017cliwo\u015b\u0107 komunikowania si\u0119 nie tylko poprzez wiadomo\u015bci tekstowe;<\/li>\n<li style=\"font-weight: 400\">Grupy &#8211; rozmowy z maksymalnie 200 000 uczestnik\u00f3w. Zwyk\u0142e grupy (do 200 os\u00f3b) s\u0105 odpowiednie do studiowania i pracy, podczas gdy supergrupy s\u0105 dla spo\u0142eczno\u015bci opartych na du\u017cych zainteresowaniach. W grupach wygodnie jest odpowiedzie\u0107 na wiadomo\u015bci i wspomnie\u0107 o okre\u015blonych u\u017cytkownikach;<\/li>\n<li style=\"font-weight: 400\">Kana\u0142y &#8211; narz\u0119dzie do dystrybucji informacji do du\u017cej grupy odbiorc\u00f3w bez ogranicze\u0144 liczby subskrybent\u00f3w. Ankiety, multimedia i inne interesuj\u0105ce tre\u015bci na okre\u015blony temat s\u0105 cz\u0119sto publikowane w kana\u0142ach.<\/li>\n<\/ol>\n<h2 style=\"text-align: justify\">Jak u\u017cywa\u0107 telegramu<\/h2>\n<ol style=\"text-align: justify\">\n<li style=\"font-weight: 400\">Pobierz aplikacj\u0119 telegram na urz\u0105dzeniu (smartfon, tablet, komputer).<\/li>\n<li style=\"font-weight: 400\">Przejrzyj prosty proces rejestracji, okre\u015blaj\u0105c sw\u00f3j numer telefonu i nazwisko.<\/li>\n<li style=\"font-weight: 400\">Zaimportuj kontakty z ksi\u0105\u017cki telefonicznej lub dodaj je r\u0119cznie.<\/li>\n<li style=\"font-weight: 400\">Zacznij komunikowa\u0107 si\u0119! Zrobi\u0107 to:\n<ul>\n<li style=\"font-weight: 400\">Stuknij ikon\u0119 czatu w dolnym panelu;<\/li>\n<li style=\"font-weight: 400\">Wybierz \u017c\u0105dany kontakt;<\/li>\n<li style=\"font-weight: 400\">Wpisz wiadomo\u015b\u0107 w polu wej\u015bciowym u do\u0142u ekranu i naci\u015bnij przycisk Wy\u015blij.<\/li>\n<\/ul>\n<\/li>\n<li style=\"font-weight: 400\">Eksploruj dodatkowe funkcje telegramu:\n<ul>\n<li style=\"font-weight: 400\">Tworzenie grup i kana\u0142\u00f3w;<\/li>\n<li style=\"font-weight: 400\">Wyszukiwanie kana\u0142\u00f3w publicznych i rozm\u00f3w opartych na zainteresowaniach;<\/li>\n<li style=\"font-weight: 400\">Archiwizacja i przypinanie wa\u017cnych czat\u00f3w;<\/li>\n<li style=\"font-weight: 400\">Konfigurowanie powiadomie\u0144;<\/li>\n<li style=\"font-weight: 400\">Edycja wys\u0142anych wiadomo\u015bci;<\/li>\n<li style=\"font-weight: 400\">Rozpocz\u0119cie tajnego czatu;<\/li>\n<li style=\"font-weight: 400\">Ustawienie timera do wysy\u0142ania i usuwania wiadomo\u015bci;<\/li>\n<li style=\"font-weight: 400\">Tworzenie czat\u00f3w opartych na lokalizacji.<\/li>\n<\/ul>\n<\/li>\n<\/ol>\n<h2 style=\"text-align: justify\">Jak dzia\u0142a telegram<\/h2>\n<p style=\"text-align: justify\">Telegram u\u017cywa kombinacji scentralizowanej i zdecentralizowanej infrastruktury:<\/p>\n<ul style=\"text-align: justify\">\n<li style=\"font-weight: 400\">Dane i rozmowy u\u017cytkownika na czatach w chmurze s\u0105 przechowywane na serwerach telegram\u00f3w w zaszyfrowanej formie. Umo\u017cliwia to synchronizacj\u0119 czat\u00f3w mi\u0119dzy urz\u0105dzeniami;<\/li>\n<li style=\"font-weight: 400\">Jednocze\u015bnie klucze szyfrowania tajnych czat\u00f3w znajduj\u0105 si\u0119 tylko na urz\u0105dzeniach rozm\u00f3wc\u00f3w. Dzi\u0119ki kompleksowej technologii szyfrowania, nawet pracownicy telegramu nie maj\u0105 dost\u0119pu do rozm\u00f3w w tajnych czatach.<\/li>\n<\/ul>\n<p style=\"text-align: justify\">Aplikacja telegram, co to jest? Wys\u0142annik u\u017cywa w\u0142asnego protoko\u0142u MTProto opracowanego przez brata Pavla Durova Nikolai. \u0141\u0105czy kilka rodzaj\u00f3w szyfrowania, zapewniaj\u0105c niezawodn\u0105 ochron\u0119 danych.<\/p>\n<p style=\"text-align: justify\">Telegram r\u00f3wnie\u017c \u015bci\u015ble oddzia\u0142uje z programistami za po\u015brednictwem otwartego interfejsu API i wspiera tworzenie bot\u00f3w &#8211; specjalne relacje dotycz\u0105ce automatycznego przetwarzania wiadomo\u015bci.<\/p>\n<h2 style=\"text-align: justify\">Funkcje telegramu<\/h2>\n<p style=\"text-align: justify\">Telegram Messenger &#8211; Co to jest:<\/p>\n<ul style=\"text-align: justify\">\n<li style=\"font-weight: 400\">Wymiana wiadomo\u015bci tekstowych, zdj\u0119\u0107, film\u00f3w, dokument\u00f3w i innych plik\u00f3w;<\/li>\n<li style=\"font-weight: 400\">Tworzenie czat\u00f3w grupowych (do 200 000 uczestnik\u00f3w) i kana\u0142\u00f3w tematycznych;<\/li>\n<li style=\"font-weight: 400\">Po\u0142\u0105czenia g\u0142osowe i wideo;<\/li>\n<li style=\"font-weight: 400\">Boty do automatyzacji zada\u0144, rozrywki i biznesu;<\/li>\n<li style=\"font-weight: 400\">Niestandardowe animowane naklejki;<\/li>\n<li style=\"font-weight: 400\">Edycja wys\u0142anych wiadomo\u015bci;<\/li>\n<li style=\"font-weight: 400\">Przekazywanie i cytowanie wiadomo\u015bci;<\/li>\n<li style=\"font-weight: 400\">Przypinanie wa\u017cnych wiadomo\u015bci;<\/li>\n<li style=\"font-weight: 400\">Dostosowywanie powiadomie\u0144 o r\u00f3\u017cnych typach czat\u00f3w;<\/li>\n<li style=\"font-weight: 400\">Samozniszczanie zdj\u0119\u0107 i film\u00f3w w tajnych czatach;<\/li>\n<li style=\"font-weight: 400\">Uwierzytelnianie dwusk\u0142adnikowe w celu ochrony kont;<\/li>\n<li style=\"font-weight: 400\">Wsparcie dla rosyjskich i innych j\u0119zyk\u00f3w;<\/li>\n<li style=\"font-weight: 400\">Poszukiwanie os\u00f3b w pobli\u017cu za pomoc\u0105 geolokalizacji;<\/li>\n<li style=\"font-weight: 400\">Archiwizacja nieaktywnych rozm\u00f3w;<\/li>\n<li style=\"font-weight: 400\">Dostosowywanie motyw\u00f3w wygl\u0105du.<\/li>\n<\/ul>\n<h2 style=\"text-align: justify\">G\u0142\u00f3wne zalety telegramu<\/h2>\n<ol style=\"text-align: justify\">\n<li style=\"font-weight: 400\">Bezpiecze\u0144stwo i prywatno\u015b\u0107:\n<ul>\n<li style=\"font-weight: 400\">Wiarygodne kompleksowe szyfrowanie rozm\u00f3w;<\/li>\n<li style=\"font-weight: 400\">Tajne rozmowy z dodatkow\u0105 ochron\u0105;<\/li>\n<li style=\"font-weight: 400\">Uwierzytelnianie dwusk\u0142adnikowe;<\/li>\n<li style=\"font-weight: 400\">Mo\u017cliwo\u015b\u0107 usuni\u0119cia konta wraz ze wszystkimi danymi;<\/li>\n<\/ul>\n<\/li>\n<li style=\"font-weight: 400\">\u0141atwo\u015b\u0107 u\u017cycia:\n<ul>\n<li style=\"font-weight: 400\">Intuicyjny interfejs;<\/li>\n<li style=\"font-weight: 400\">Du\u017ca pr\u0119dko\u015b\u0107 robocza;<\/li>\n<li style=\"font-weight: 400\">Nieograniczona pami\u0119\u0107 w chmurze dla wszystkich czat\u00f3w;<\/li>\n<li style=\"font-weight: 400\">Wygodne narz\u0119dzia do organizowania dialog\u00f3w (foldery, archiwizacja, przypinanie);<\/li>\n<li style=\"font-weight: 400\">Rozszerzone ustawienia powiadomie\u0144;<\/li>\n<li style=\"font-weight: 400\">Dzia\u0142a na wszystkich popularnych platformach (iOS, Android, Windows, MacOS, Linux, Web).<\/li>\n<\/ul>\n<\/li>\n<li style=\"font-weight: 400\">Bogata funkcjonalno\u015b\u0107:\n<ul>\n<li style=\"font-weight: 400\">Rozleg\u0142e mo\u017cliwo\u015bci komunikacyjne (grupy, kana\u0142y, boty);<\/li>\n<li style=\"font-weight: 400\">Obs\u0142uga wszystkich popularnych format\u00f3w plik\u00f3w medi\u00f3w;<\/li>\n<li style=\"font-weight: 400\">Ci\u0105g\u0142e dodawanie nowych funkcji;<\/li>\n<li style=\"font-weight: 400\">Otwarte interfejsy API dla programist\u00f3w i integracji.<\/li>\n<\/ul>\n<\/li>\n<li style=\"font-weight: 400\">Szeroka spo\u0142eczno\u015b\u0107 u\u017cytkownik\u00f3w:\n<ul>\n<li style=\"font-weight: 400\">Aktywna publiczno\u015b\u0107, szczeg\u00f3lnie w krajach CIS;<\/li>\n<li style=\"font-weight: 400\">Wiele kana\u0142\u00f3w pouczaj\u0105cych i rozrywkowych;<\/li>\n<li style=\"font-weight: 400\">Wygoda komunikacji z bliskimi, przyjaci\u00f3\u0142mi, kolegami.<\/li>\n<\/ul>\n<\/li>\n<\/ol>\n<p style=\"text-align: justify\">Jednak szybki rozw\u00f3j popularno\u015bci Telegramu stwarza r\u00f3wnie\u017c pewne problemy. Wzrost obci\u0105\u017cenia czasami prowadzi do zak\u0142\u00f3ce\u0144 w operacji pos\u0142a\u0144ca. A brak reklamy monetyzacji zmusza wyszukiwanie nowych sposob\u00f3w sfinansowania projektu.<\/p>\n<p style=\"text-align: justify\">Pomimo tych niedoci\u0105gni\u0119\u0107 telegram pozostaje jedn\u0105 z najwygodniej. Regularne aktualizacje sprawiaj\u0105, \u017ce jest jeszcze bardziej atrakcyjny dla komunikacji osobistej, jak i komunikacji biznesowej. Dlatego zdecydowanie warto spr\u00f3bowa\u0107 Telegram dla ka\u017cdego, kto szuka nowoczesnej aplikacji komunikacyjnej online.<\/p>\n<h2 style=\"text-align: justify\">Wniosek<\/h2>\n<p style=\"text-align: justify\">Telegram to nie tylko kolejny komunikator, ale pot\u0119\u017cne narz\u0119dzie komunikacyjne, kt\u00f3re oferuje u\u017cytkownikom szeroki zakres mo\u017cliwo\u015bci komunikacji, wymiany informacji i organizacji ich \u017cycia online.<\/p>\n<p style=\"text-align: justify\">Z jednej strony Telegram przyci\u0105ga publiczno\u015b\u0107 z prostot\u0105 i \u0142atwo\u015bci\u0105 u\u017cytkowania. Intuicyjny interfejs, du\u017ca pr\u0119dko\u015b\u0107 robocza i kompatybilno\u015b\u0107 mi\u0119dzy platformami sprawiaj\u0105, \u017ce jest dost\u0119pny dla wszystkich. Dobrze przemy\u015blany system organizacji czat\u00f3w (foldery, archiwizacja, przypinanie) pomaga utrzyma\u0107 porz\u0105dek nawet w najbardziej ruchliwych dialogach. I r\u00f3\u017cnorodne ustawienia powiadomie\u0144 umo\u017cliwiaj\u0105 elastyczne zarz\u0105dzanie zaanga\u017cowaniem w komunikacj\u0119.<\/p>\n<p style=\"text-align: justify\">Z drugiej strony Telegram robi wra\u017cenie na swojej bogatej funkcjonalno\u015bci. Opr\u00f3cz standardowych wiadomo\u015bci tekstowych i po\u0142\u0105cze\u0144 oferuje tworzenie grup z maksymalnie 200 000 uczestnik\u00f3w, kana\u0142\u00f3w tematycznych bez ogranicze\u0144 odbiorc\u00f3w, a tak\u017ce chatboty do automatyzacji zada\u0144 i rozrywki. Obs\u0142uga wszystkich popularnych format\u00f3w plik\u00f3w medi\u00f3w i ci\u0105g\u0142e dodawanie nowych funkcji sprawiaj\u0105, \u017ce telegram jest wszechstronnym narz\u0119dziem do komunikacji osobistej i biznesowej.<\/p>\n<p style=\"text-align: justify\">Jednak g\u0142\u00f3wn\u0105 zalet\u0105 Telegram jest niew\u0105tpliwie skupienie si\u0119 na bezpiecze\u0144stwie u\u017cytkownik\u00f3w i prywatno\u015bci. W erze cyfrowych zagro\u017ce\u0144 i wyciek\u00f3w danych Telegram oferuje niezawodne kompleksowe szyfrowanie rozm\u00f3w, tajne czaty z dodatkowym poziomem ochrony oraz mo\u017cliwo\u015b\u0107 ca\u0142kowitego usuwania cyfrowego \u015bladu. To sprawia, \u017ce \u200b\u200bjest to atrakcyjny wyb\u00f3r dla ka\u017cdego, kto ceni prywatno\u015b\u0107 swojej komunikacji online.<\/p>\n","protected":false},"excerpt":{"rendered":"<p>W dzisiejszym \u015bwiecie komunikacja online sta\u0142a si\u0119 integraln\u0105 cz\u0119\u015bci\u0105 naszego \u017cycia. Codziennie wymieniamy wiadomo\u015bci z bliskimi, przyjaci\u00f3\u0142mi i wsp\u00f3\u0142pracownikami, udost\u0119pniamy zdj\u0119cia i filmy, omawiaj\u0105c wiadomo\u015bci i zainteresowania. Jednak&#8230;<\/p>\n","protected":false},"author":1,"featured_media":302,"parent":0,"menu_order":0,"comment_status":"closed","ping_status":"closed","template":"","meta":{"om_disable_all_campaigns":false,"footnotes":""},"class_list":["post-279","page","type-page","status-publish","has-post-thumbnail",""],"aioseo_notices":[],"_links":{"self":[{"href":"https:\/\/telegrama-wiki.com\/pl\/wp-json\/wp\/v2\/pages\/279","targetHints":{"allow":["GET"]}}],"collection":[{"href":"https:\/\/telegrama-wiki.com\/pl\/wp-json\/wp\/v2\/pages"}],"about":[{"href":"https:\/\/telegrama-wiki.com\/pl\/wp-json\/wp\/v2\/types\/page"}],"author":[{"embeddable":true,"href":"https:\/\/telegrama-wiki.com\/pl\/wp-json\/wp\/v2\/users\/1"}],"replies":[{"embeddable":true,"href":"https:\/\/telegrama-wiki.com\/pl\/wp-json\/wp\/v2\/comments?post=279"}],"version-history":[{"count":0,"href":"https:\/\/telegrama-wiki.com\/pl\/wp-json\/wp\/v2\/pages\/279\/revisions"}],"wp:featuredmedia":[{"embeddable":true,"href":"https:\/\/telegrama-wiki.com\/pl\/wp-json\/wp\/v2\/media\/302"}],"wp:attachment":[{"href":"https:\/\/telegrama-wiki.com\/pl\/wp-json\/wp\/v2\/media?parent=279"}],"curies":[{"name":"wp","href":"https:\/\/api.w.org\/{rel}","templated":true}]}}