{"id":46,"date":"2024-04-16T10:26:38","date_gmt":"2024-04-16T07:26:38","guid":{"rendered":"https:\/\/telegrama-wiki.com\/pl\/telegram-web-jak-zalogowa-si-online\/"},"modified":"2024-04-16T10:26:38","modified_gmt":"2024-04-16T07:26:38","slug":"telegram-web-jak-zalogowa-si-online","status":"publish","type":"page","link":"https:\/\/telegrama-wiki.com\/pl\/","title":{"rendered":"Telegram Web: Jak zalogowa\u0107 si\u0119 online"},"content":{"rendered":"<p>Od momentu uruchomienia w 2013 r. Telegram Messenger mocno wszed\u0142 do codziennego \u017cycia setek milion\u00f3w u\u017cytkownik\u00f3w na ca\u0142ym \u015bwiecie. W tym czasie uda\u0142o si\u0119 zdoby\u0107 reputacj\u0119 jednej z najszybszych, najsilniejszych i bogatych w funkcje us\u0142ug przesy\u0142ania wiadomo\u015bci. Aplikacja telegram jest dost\u0119pna na wszystkich popularnych platformach &#8211; od smartfon\u00f3w i tablet\u00f3w po komputery osobiste. Ponadto ma wygodny interfejs internetowy do u\u017cytku w przegl\u0105darce. Ta mo\u017cliwo\u015b\u0107 mi\u0119dzyplatformowa pozwala u\u017cytkownikom pozosta\u0107 w kontakcie przez ca\u0142y czas.<\/p>\n<p><img loading=\"lazy\" decoding=\"async\" alt=\"Telegram Web\" class=\"aligncenter wp-image-22\" height=\"359\" src=\"https:\/\/telegrama-wiki.com\/wp-content\/uploads\/2024\/04\/Telegram-Web.png\" width=\"629\" \/><\/p>\n<p>W tym artykule skupi si\u0119 na tym, jak korzysta\u0107 z telegramu w przegl\u0105darce, zalety wersji komputerowej i r\u00f3\u017cnych przydatnych cech tego komunikatora.<\/p>\n<h2>Jak uzyska\u0107 dost\u0119p do telegramu online<\/h2>\n<p>Telegram to popularna us\u0142uga przesy\u0142ania wiadomo\u015bci, kt\u00f3ra jest dost\u0119pna na wszystkich g\u0142\u00f3wnych platformach, w tym telefonach z Androidem. Mo\u017cesz jednak u\u017cywa\u0107 telegramu za po\u015brednictwem dowolnej przegl\u0105darki internetowej bez konieczno\u015bci instalacji aplikacji. Telegram ma oficjaln\u0105 aplikacj\u0119 internetow\u0105, do kt\u00f3rej mo\u017cna \u0142atwo uzyska\u0107 dost\u0119p za po\u015brednictwem przegl\u0105darki. Jest to wygodna opcja korzystania z us\u0142ugi przesy\u0142ania wiadomo\u015bci na komputerach publicznych lub komputera znajomego lub cz\u0142onka rodziny. Aplikacja internetowa Telegram jest kompatybilna ze wszystkimi g\u0142\u00f3wnymi przegl\u0105darkami, w tym Google Chrome, Microsoft Edge, Safari i Mozilla Firefox. Jest r\u00f3wnie\u017c specyficzny dla platformy, co oznacza, \u017ce mo\u017cesz uzyska\u0107 do niej dost\u0119p z dowolnego nowoczesnego systemu operacyjnego.<\/p>\n<h2>Logowanie do telegramu: instrukcje<\/h2>\n<p>Aby zalogowa\u0107 si\u0119 do telegramu na komputerze, wykonaj nast\u0119puj\u0105ce kroki:<\/p>\n<ol>\n<li>Otw\u00f3rz telegram Web w Internecie.telegram.org na twoim komputerze;<\/li>\n<li>Kod QR pojawi si\u0119 na ekranie;<\/li>\n<li>Otw\u00f3rz aplikacj\u0119 Telegram na telefonie;<\/li>\n<li>Otworzy\u0107 &quot;Ustawienia&quot; menu;<\/li>\n<li>Kliknij &quot;Urz\u0105dzenia&quot; przycisk;<\/li>\n<li>Wybiera\u0107 &quot;Link Desktop urz\u0105dzenie&quot;;<\/li>\n<li>Zeskanuj kod QR wy\u015bwietlany w aplikacji internetowej Telegram;<\/li>\n<li>Je\u015bli nie masz dost\u0119pu do aplikacji Telegram w telefonie, u\u017cyj &quot;Zaloguj si\u0119 przez telefon&quot; opcja;<\/li>\n<li>Wprowad\u017a sw\u00f3j numer telefonu;<\/li>\n<li>W telefonie otrzymasz pi\u0119ciocyfrowy kod w aplikacji telegram. Wprowad\u017a go, aby zalogowa\u0107 si\u0119 do sieci Telegram;<\/li>\n<li>Je\u015bli masz w\u0142\u0105czon\u0105 dwuetapow\u0105 weryfikacj\u0119, wprowad\u017a has\u0142o.<\/li>\n<\/ol>\n<blockquote><p>Post\u0119puj\u0105c zgodnie z tymi krokami, b\u0119dziesz m\u00f3g\u0142 zalogowa\u0107 si\u0119 do telegramu na komputerze i uzyska\u0107 dost\u0119p do wszystkich czat\u00f3w i wiadomo\u015bci.<\/p><\/blockquote>\n<h2>Funkcje wersji internetowej<\/h2>\n<p>Funkcjonalno\u015b\u0107 internetowej wersji telegramu jest prawie identyczna z aplikacjami mobilnymi dla smartfon\u00f3w i komputer\u00f3w. Istnieje jednak jedna wa\u017cna r\u00f3\u017cnica w wersji internetowej &#8211; mo\u017cliwo\u015b\u0107 otrzymywania powiadomie\u0144 o nowych komunikatach przychodz\u0105cych w czasie rzeczywistym. To pozwala pozosta\u0107 w kontakcie, nawet je\u015bli telegram nie dzia\u0142a. Powiadomienia pojawiaj\u0105 si\u0119 w przegl\u0105darce, podobnie jak z innych aplikacji internetowych. Zatem internetowa wersja telegramu jest pe\u0142noprawnym pos\u0142a\u0144cem do komunikowania si\u0119 za po\u015brednictwem przegl\u0105darki z powiadomieniami o nowych wiadomo\u015bciach. Jest to bardzo wygodne przy braku dost\u0119pu do telefonu kom\u00f3rkowego.<\/p>\n<h2>Mo\u017cliwo\u015bci serwisowe<\/h2>\n<p>Telegram Web Online jest prawie na r\u00f3wni z pe\u0142noprawnymi aplikacjami telegramowymi na komputer i smartfony pod wzgl\u0119dem funkcjonalno\u015bci. Kluczowe cechy:<\/p>\n<ul>\n<li>Wiadomo\u015bci na czacie osobiste i grupowe;<\/li>\n<li>Wysy\u0142anie plik\u00f3w multimedialnych &#8211; zdj\u0119cia, filmy, audio, dokumenty;<\/li>\n<li>Tworzenie czat\u00f3w grupowych;<\/li>\n<li>Wyszukiwanie kontakt\u00f3w i dialog\u00f3w wed\u0142ug s\u0142\u00f3w kluczowych;<\/li>\n<li>Konfigurowanie powiadomie\u0144 o nowych wiadomo\u015bci;<\/li>\n<li>Filtrowanie czat\u00f3w wed\u0142ug typu tre\u015bci;<\/li>\n<li>Edycja i usuwanie wiadomo\u015bci;<\/li>\n<li>Zmiana awatara i nazwy u\u017cytkownika.<\/li>\n<\/ul>\n<p>Ponadto wi\u0119kszo\u015b\u0107 bot\u00f3w telegram, pakiety naklejek i inne przydatne narz\u0119dzia telegramowe s\u0105 dost\u0119pne w telegramie Web. G\u0142\u00f3wn\u0105 zalet\u0105 wersji internetowej jest to, \u017ce nie wymaga instalacji aplikacji. Wszystko, czego potrzebujesz to przegl\u0105darka i Internet, aby korzysta\u0107 z pos\u0142a\u0144ca na dowolnym urz\u0105dzeniu. Jest to wygodne w sytuacjach:<\/p>\n<ul>\n<li>Gdy nie ma mo\u017cliwo\u015bci ani ch\u0119ci zainstalowania telegramu na komputerze;<\/li>\n<li>Aby uzyska\u0107 dost\u0119p do telegramu od urz\u0105dze\u0144 innych os\u00f3b przy braku w\u0142asnego smartfona;<\/li>\n<li>Korzysta\u0107 z aplikacji internetowych na Chromebook, gdzie nie ma natywnych program\u00f3w.<\/li>\n<\/ul>\n<p>Og\u00f3lnie rzecz bior\u0105c, Telegram Web zapewnia prawie ca\u0142\u0105 podstawow\u0105 funkcjonalno\u015b\u0107 pe\u0142noprawnych wersji komputerowych i mobilnych. Oznacza to, \u017ce us\u0142uga ta mo\u017ce sta\u0107 si\u0119 pe\u0142noprawnym zamiennikiem aplikacji telegramowych w wi\u0119kszo\u015bci scenariuszy u\u017cytkowania.<\/p>\n<h2>Funkcje komunikacyjne i korzy\u015bci<\/h2>\n<p>W ci\u0105gu 10 lat Telegram ewoluowa\u0142 z prostego pos\u0142a\u0144ca w wielofunkcyjn\u0105 platform\u0119 do komunikacji i rozwi\u0105zywania r\u00f3\u017cnych zada\u0144. Sp\u00f3jrzmy na kluczowe funkcje komunikacyjne telegramu.<\/p>\n<ul>\n<li>Rozmowa auto-delete. To ustawienie pozwala w\u0142\u0105czy\u0107 automatyczne usuni\u0119cie ca\u0142ej historii czatu po okre\u015blonym czasie. Zapewnia to poufno\u015b\u0107 komunikacji. Aby to w\u0142\u0105czy\u0107, po prostu przejd\u017a do ustawie\u0144 czatu z \u017c\u0105danym rozm\u00f3wc\u0105 i wybierz timer do automatycznego delecji;<\/li>\n<li>Has\u0142o w chmurze. To kolejna wa\u017cna opcja bezpiecze\u0144stwa &#8211; uwierzytelnianie dwusk\u0142adnikowe telegram za pomoc\u0105 specjalnego has\u0142a. Chroni Twoje konto przed hakowaniem. W\u0142\u0105czone w &quot;Prywatno\u015b\u0107 &#8211; has\u0142o do chmury&quot; Sekcja;<\/li>\n<li>Przypinanie wiadomo\u015bci. Telegramm umo\u017cliwia przypinanie poszczeg\u00f3lnych wiadomo\u015bci lub ca\u0142ych czat\u00f3w. Jest to wygodne dla szybkiego dost\u0119pu do wa\u017cnych dialog\u00f3w lub plik\u00f3w.<\/li>\n<\/ul>\n<h2>R\u00f3\u017cnica mi\u0119dzy telegramem na komputerze i telefonie<\/h2>\n<p>G\u0142\u00f3wne r\u00f3\u017cnice mi\u0119dzy telegramem na komputerze i telefonem obejmuj\u0105:<\/p>\n<ul>\n<li>Wygoda wej\u015bciowa. Jest to wygodniejsze pisanie d\u0142ugich wiadomo\u015bci na komputerze ni\u017c na telefonie.<\/li>\n<li>Dost\u0119p do plik\u00f3w. W wersji internetowej Telegram istnieje wygodny dost\u0119p do wszystkich plik\u00f3w na czacie &#8211; po prostu kliknij plik, aby zobaczy\u0107 wszystkie pliki tego typu;<\/li>\n<li>Synchronizacja. Obie wersje telegramu s\u0105 synchronizowane, wi\u0119c wszystkie wiadomo\u015bci i pliki s\u0105 dost\u0119pne na obu urz\u0105dzeniach;<\/li>\n<li>Oszcz\u0119dzanie ruchu. Korzystaj\u0105c z Telegram na komputerze, mo\u017cesz zapisa\u0107 mobilny Internet;<\/li>\n<li>Transfer plik\u00f3w. Przez telegram &quot;Ulubione&quot; Opcja, mo\u017cesz u\u017cy\u0107 go do przesy\u0142ania plik\u00f3w mi\u0119dzy telefonem a komputerem;<\/li>\n<li>Tryb nocny. Wersja telegramu ma wygodny tryb nocny do wygodnej pracy w ciemno\u015bci.<\/li>\n<\/ul>\n<blockquote><p>Og\u00f3lnie telegram na komputerze jest doskona\u0142\u0105 alternatyw\u0105 dla aplikacji mobilnej z wieloma dodatkowymi funkcjami.<\/p><\/blockquote>\n<h2>Wniosek<\/h2>\n<p>Podsumowuj\u0105c, mo\u017cemy powiedzie\u0107, \u017ce Telegram Web to wygodna i funkcjonalna wersja popularnego pos\u0142a\u0144ca, kt\u00f3ra otwiera wiele mo\u017cliwo\u015bci wygodnej komunikacji. Dzi\u0119ki kompatybilno\u015bci mi\u0119dzyplatformowej i braku potrzeby instalacji dodatkowego oprogramowania, wersja internetowa pozwala u\u017cytkownikom pozosta\u0107 w kontakcie w dowolnym miejscu i na dowolnym urz\u0105dzeniu z dost\u0119pem do Internetu i przegl\u0105darki internetowej. Pomimo drobnych ogranicze\u0144, Telegram Web oferuje prawie pe\u0142en zakres funkcji znalezionych w aplikacjach mobilnych i komputerowych. U\u017cytkownicy mog\u0105 wymienia\u0107 wiadomo\u015bci, tworzy\u0107 czaty grupowe, wysy\u0142a\u0107 r\u00f3\u017cne typy plik\u00f3w, dostosowywa\u0107 powiadomienia i wiele wi\u0119cej. Ponadto wersja internetowa zapewnia bezproblemow\u0105 synchronizacj\u0119 ze wszystkimi innymi urz\u0105dzeniami, zapewniaj\u0105c sta\u0142y dost\u0119p do aktualnej historii i plik\u00f3w. Telegram Web to \u015bwietny wyb\u00f3r dla tych, kt\u00f3rzy ceni\u0105 mobilno\u015b\u0107 i elastyczno\u015b\u0107 w komunikacji. Mo\u017cliwo\u015b\u0107 korzystania z pos\u0142a\u0144ca na dowolnym komputerze lub urz\u0105dzeniu bez potrzeby zainstalowania dodatkowego oprogramowania sprawia, \u017ce jest to idealne rozwi\u0105zanie do dost\u0119pu lub w przypadkach, w kt\u00f3rych nie mo\u017cna zainstalowa\u0107 standardowej aplikacji. Og\u00f3lnie rzecz bior\u0105c, Telegram Web to pot\u0119\u017cne narz\u0119dzie komunikacyjne, kt\u00f3re \u0142\u0105czy \u0142atwo\u015b\u0107 u\u017cytkowania, bogat\u0105 funkcjonalno\u015b\u0107 i wysoki poziom bezpiecze\u0144stwa i prywatno\u015bci. Dzi\u0119ki ci\u0105g\u0142emu rozwojowi i doskonaleniu, wersja Web Messenger nadal jest jednym z najlepszych wybor\u00f3w dla os\u00f3b szukaj\u0105cych wygodnego i niezawodnego rozwi\u0105zania komunikacji online.<\/p>\n","protected":false},"excerpt":{"rendered":"<p>Od momentu uruchomienia w 2013 r. Telegram Messenger mocno wszed\u0142 do codziennego \u017cycia setek milion\u00f3w u\u017cytkownik\u00f3w na ca\u0142ym \u015bwiecie. W tym czasie uda\u0142o si\u0119 zdoby\u0107 reputacj\u0119 jednej z&#8230;<\/p>\n","protected":false},"author":1,"featured_media":367,"parent":0,"menu_order":0,"comment_status":"closed","ping_status":"closed","template":"","meta":{"om_disable_all_campaigns":false,"footnotes":""},"class_list":["post-46","page","type-page","status-publish","has-post-thumbnail",""],"aioseo_notices":[],"_links":{"self":[{"href":"https:\/\/telegrama-wiki.com\/pl\/wp-json\/wp\/v2\/pages\/46","targetHints":{"allow":["GET"]}}],"collection":[{"href":"https:\/\/telegrama-wiki.com\/pl\/wp-json\/wp\/v2\/pages"}],"about":[{"href":"https:\/\/telegrama-wiki.com\/pl\/wp-json\/wp\/v2\/types\/page"}],"author":[{"embeddable":true,"href":"https:\/\/telegrama-wiki.com\/pl\/wp-json\/wp\/v2\/users\/1"}],"replies":[{"embeddable":true,"href":"https:\/\/telegrama-wiki.com\/pl\/wp-json\/wp\/v2\/comments?post=46"}],"version-history":[{"count":0,"href":"https:\/\/telegrama-wiki.com\/pl\/wp-json\/wp\/v2\/pages\/46\/revisions"}],"wp:featuredmedia":[{"embeddable":true,"href":"https:\/\/telegrama-wiki.com\/pl\/wp-json\/wp\/v2\/media\/367"}],"wp:attachment":[{"href":"https:\/\/telegrama-wiki.com\/pl\/wp-json\/wp\/v2\/media?parent=46"}],"curies":[{"name":"wp","href":"https:\/\/api.w.org\/{rel}","templated":true}]}}