{"id":279,"date":"2024-04-22T15:00:41","date_gmt":"2024-04-22T12:00:41","guid":{"rendered":"https:\/\/telegrama-wiki.com\/pt\/o-que-e-telegrama-e-como-usa-lo\/"},"modified":"2024-04-22T15:00:41","modified_gmt":"2024-04-22T12:00:41","slug":"o-que-e-telegrama-e-como-usa-lo","status":"publish","type":"page","link":"https:\/\/telegrama-wiki.com\/pt\/o-que-e-telegrama-e-como-usa-lo\/","title":{"rendered":"O que \u00e9 telegrama e como us\u00e1 -lo"},"content":{"rendered":"<p style=\"text-align: justify\">No mundo de hoje, a comunica\u00e7\u00e3o on -line se tornou parte integrante de nossas vidas. Trocamos mensagens com entes queridos, amigos e colegas diariamente, compartilhamos fotos e v\u00eddeos, discutimos not\u00edcias e interesses. No entanto, com o crescimento das comunica\u00e7\u00f5es digitais, nossos requisitos para aplicativos de mensagens tamb\u00e9m aumentam &#8211; eles devem ser n\u00e3o apenas convenientes e funcionais, mas tamb\u00e9m protegem com seguran\u00e7a nossa privacidade. Esta \u00e9 exatamente a combina\u00e7\u00e3o de qualidades que o Telegram possui &#8211; um mensageiro criado por Pavel Durov em 2013. Neste artigo, examinaremos detalhadamente o que \u00e9 o telegrama e como us\u00e1 -lo. Examinaremos a hist\u00f3ria de sua cria\u00e7\u00e3o e os principais est\u00e1gios do desenvolvimento. Analisaremos quais tarefas ajuda a resolver e quais ferramentas ele oferece para isso. Estudaremos o lado t\u00e9cnico de sua opera\u00e7\u00e3o e abordagem para a seguran\u00e7a de dados. Avaliaremos a gama de recursos do Telegram &#8211; de bate -papos b\u00e1sicos a recursos avan\u00e7ados, como bots e canais. E, claro, destacaremos suas principais vantagens em compara\u00e7\u00e3o com outros aplicativos de mensagens.<\/p>\n<p><span itemprop=\"image\" itemscope itemtype=\"https:\/\/schema.org\/ImageObject\"><img itemprop=\"url image\" loading=\"lazy\" decoding=\"async\" class=\"aligncenter wp-image-82\" src=\"https:\/\/telegrama-wiki.com\/ru\/wp-content\/uploads\/sites\/2\/2024\/04\/What-is-Telegram.png\" alt=\"O que \u00e9 telegrama\" width=\"629\" height=\"472\" \/><meta itemprop=\"width\" content=\"629\"><meta itemprop=\"height\" content=\"472\"><\/span><\/p>\n<h2 style=\"text-align: justify\">O que \u00e9 telegrama<\/h2>\n<p style=\"text-align: justify\">O Telegram \u00e9 um aplicativo de mensagens popular criado por Pavel Durov, o fundador da rede social Vkontakte. Ele permite trocar mensagens, fotos, v\u00eddeos e outros arquivos. O telegrama \u00e9 especialmente popular no espa\u00e7o p\u00f3s-sovi\u00e9tico devido \u00e0 sua versatilidade e facilidade de uso.<\/p>\n<p style=\"text-align: justify\">A hist\u00f3ria do telegrama come\u00e7ou em 2013, quando Pavel Durov come\u00e7ou a pensar nas quest\u00f5es de seguran\u00e7a e confidencialidade da comunica\u00e7\u00e3o on -line. Juntamente com seu irm\u00e3o, ele desenvolveu o sistema de criptografia MTProto, que se tornou a base do telegrama. Desde ent\u00e3o, o mensageiro ficou dispon\u00edvel no iOS e Android e come\u00e7ou a ganhar rapidamente popularidade.<\/p>\n<h2 style=\"text-align: justify\">Para que \u00e9 o telegrama<\/h2>\n<p style=\"text-align: justify\">A principal fun\u00e7\u00e3o do telegrama \u00e9 fornecer troca de informa\u00e7\u00f5es r\u00e1pidas e seguras. O Messenger oferece v\u00e1rias maneiras de comunica\u00e7\u00e3o:<\/p>\n<ol style=\"text-align: justify\">\n<li style=\"font-weight: 400\">Batchs em nuvem &#8211; bate -papos regulares acess\u00edveis de todos os dispositivos onde o telegrama est\u00e1 instalado. Aqui voc\u00ea pode:\n<ul>\n<li style=\"font-weight: 400\">Veja novas mensagens sem notificar o remetente (segurando o dedo na janela pop-up);<\/li>\n<li style=\"font-weight: 400\">Defina um cron\u00f4metro para excluir arquivos enviados;<\/li>\n<li style=\"font-weight: 400\">Editar mensagens j\u00e1 enviadas;<\/li>\n<li style=\"font-weight: 400\">Crie pastas com bate -papos para f\u00e1cil navegar.<\/li>\n<\/ul>\n<\/li>\n<li style=\"font-weight: 400\">Bats secretos &#8211; di\u00e1logos criptografados que n\u00e3o s\u00e3o armazenados em servidores e s\u00e3o periodicamente exclu\u00eddos pelos pr\u00f3prios usu\u00e1rios. Eles fornecem a m\u00e1xima confidencialidade;<\/li>\n<li style=\"font-weight: 400\">Chamadas de voz e v\u00eddeo &#8211; a capacidade de se comunicar n\u00e3o apenas atrav\u00e9s de mensagens de texto;<\/li>\n<li style=\"font-weight: 400\">Grupos &#8211; conversa com at\u00e9 200.000 participantes. Grupos regulares (at\u00e9 200 pessoas) s\u00e3o adequados para estudar e trabalhar, enquanto os supergrupos s\u00e3o para grandes comunidades baseadas em interesses. Nos grupos, \u00e9 conveniente responder a mensagens e mencionar usu\u00e1rios espec\u00edficos;<\/li>\n<li style=\"font-weight: 400\">Canais &#8211; Uma ferramenta para distribuir informa\u00e7\u00f5es a um grande p\u00fablico sem limites para o n\u00famero de assinantes. Pesquisas, multim\u00eddia e outros conte\u00fados interessantes em um t\u00f3pico espec\u00edfico s\u00e3o frequentemente publicados em canais.<\/li>\n<\/ol>\n<h2 style=\"text-align: justify\">Como usar o Telegram<\/h2>\n<ol style=\"text-align: justify\">\n<li style=\"font-weight: 400\">Fa\u00e7a o download do aplicativo Telegram em seu dispositivo (smartphone, tablet, computador).<\/li>\n<li style=\"font-weight: 400\">Passe por um processo de registro simples, especificando seu n\u00famero de telefone e nome.<\/li>\n<li style=\"font-weight: 400\">Importar contatos da sua lista telef\u00f4nica ou adicione -os manualmente.<\/li>\n<li style=\"font-weight: 400\">Comece a se comunicar! Para fazer isso:\n<ul>\n<li style=\"font-weight: 400\">Toque no \u00edcone de bate -papo no painel inferior;<\/li>\n<li style=\"font-weight: 400\">Selecione o contato desejado;<\/li>\n<li style=\"font-weight: 400\">Digite uma mensagem no campo de entrada na parte inferior da tela e pressione o bot\u00e3o Enviar.<\/li>\n<\/ul>\n<\/li>\n<li style=\"font-weight: 400\">Explore os recursos adicionais do Telegram:\n<ul>\n<li style=\"font-weight: 400\">Cria\u00e7\u00e3o de grupos e canais;<\/li>\n<li style=\"font-weight: 400\">Procurando canais p\u00fablicos e bate-papos baseados em juros;<\/li>\n<li style=\"font-weight: 400\">Arquivamento e fixa\u00e7\u00e3o de bate -papos importantes;<\/li>\n<li style=\"font-weight: 400\">Configurar notifica\u00e7\u00f5es;<\/li>\n<li style=\"font-weight: 400\">Editando mensagens enviadas;<\/li>\n<li style=\"font-weight: 400\">Iniciando um bate -papo secreto;<\/li>\n<li style=\"font-weight: 400\">Definir um cron\u00f4metro para enviar e excluir mensagens;<\/li>\n<li style=\"font-weight: 400\">Criando bate-papos baseados em localiza\u00e7\u00e3o.<\/li>\n<\/ul>\n<\/li>\n<\/ol>\n<h2 style=\"text-align: justify\">Como funciona o telegrama<\/h2>\n<p style=\"text-align: justify\">O Telegram usa uma combina\u00e7\u00e3o de infraestrutura centralizada e descentralizada:<\/p>\n<ul style=\"text-align: justify\">\n<li style=\"font-weight: 400\">Os dados e conversas do usu\u00e1rio em bate -papos em nuvem s\u00e3o armazenados em servidores telegrama em forma criptografada. Isso permite sincronizar bate -papos entre dispositivos;<\/li>\n<li style=\"font-weight: 400\">Ao mesmo tempo, as chaves de criptografia para bate -papos secretas est\u00e3o apenas nos dispositivos dos interlocutores. Gra\u00e7as \u00e0 tecnologia de criptografia de ponta a ponta, mesmo os funcion\u00e1rios do Telegram n\u00e3o t\u00eam acesso a conversas em bate-papos secretos.<\/li>\n<\/ul>\n<p style=\"text-align: justify\">Aplica\u00e7\u00e3o de telegrama, o que \u00e9? O Messenger usa seu pr\u00f3prio protocolo MTProto desenvolvido pelo irm\u00e3o de Pavel Durov, Nikolai. Combina v\u00e1rios tipos de criptografia, garantindo prote\u00e7\u00e3o de dados confi\u00e1vel.<\/p>\n<p style=\"text-align: justify\">O Telegram tamb\u00e9m interage de perto com os desenvolvedores por meio de uma API aberta e suporta a cria\u00e7\u00e3o de bots &#8211; contas especiais para processamento autom\u00e1tico de mensagens.<\/p>\n<h2 style=\"text-align: justify\">Recursos de telegrama<\/h2>\n<p style=\"text-align: justify\">Telegram Messenger &#8211; O que \u00e9:<\/p>\n<ul style=\"text-align: justify\">\n<li style=\"font-weight: 400\">Troca de mensagens de texto, fotos, v\u00eddeos, documentos e outros arquivos;<\/li>\n<li style=\"font-weight: 400\">Cria\u00e7\u00e3o de bate -papos em grupo (at\u00e9 200.000 participantes) e canais tem\u00e1ticos;<\/li>\n<li style=\"font-weight: 400\">Chamadas de voz e v\u00eddeo;<\/li>\n<li style=\"font-weight: 400\">Bots para automa\u00e7\u00e3o de tarefas, entretenimento e neg\u00f3cios;<\/li>\n<li style=\"font-weight: 400\">Adesivos animados personalizados;<\/li>\n<li style=\"font-weight: 400\">Editando mensagens enviadas;<\/li>\n<li style=\"font-weight: 400\">Encaminhar e citar mensagens;<\/li>\n<li style=\"font-weight: 400\">Fixar mensagens importantes;<\/li>\n<li style=\"font-weight: 400\">Personaliza\u00e7\u00e3o de notifica\u00e7\u00f5es para diferentes tipos de bate -papos;<\/li>\n<li style=\"font-weight: 400\">Fotos e v\u00eddeos autodestruentes em bate-papos secretos;<\/li>\n<li style=\"font-weight: 400\">Autentica\u00e7\u00e3o de dois fatores para proteger as contas;<\/li>\n<li style=\"font-weight: 400\">Apoio aos idiomas russos e outros;<\/li>\n<li style=\"font-weight: 400\">Procurando pessoas por perto usando geolocaliza\u00e7\u00e3o;<\/li>\n<li style=\"font-weight: 400\">Arquivamento bate -papos inativos;<\/li>\n<li style=\"font-weight: 400\">Personalizando temas de apar\u00eancia.<\/li>\n<\/ul>\n<h2 style=\"text-align: justify\">Principais vantagens do telegrama<\/h2>\n<ol style=\"text-align: justify\">\n<li style=\"font-weight: 400\">Seguran\u00e7a e privacidade:\n<ul>\n<li style=\"font-weight: 400\">Criptografia de ponta a ponta confi\u00e1vel de conversas;<\/li>\n<li style=\"font-weight: 400\">Bate -papos secretos com prote\u00e7\u00e3o adicional;<\/li>\n<li style=\"font-weight: 400\">Autentica\u00e7\u00e3o de dois fatores;<\/li>\n<li style=\"font-weight: 400\">Capacidade de excluir uma conta junto com todos os dados;<\/li>\n<\/ul>\n<\/li>\n<li style=\"font-weight: 400\">F\u00e1cil de usar:\n<ul>\n<li style=\"font-weight: 400\">Interface intuitiva;<\/li>\n<li style=\"font-weight: 400\">Alta velocidade de opera\u00e7\u00e3o;<\/li>\n<li style=\"font-weight: 400\">Armazenamento em nuvem ilimitado para todos os bate -papos;<\/li>\n<li style=\"font-weight: 400\">Ferramentas convenientes para organizar di\u00e1logos (pastas, arquivamento, fixa\u00e7\u00e3o);<\/li>\n<li style=\"font-weight: 400\">Configura\u00e7\u00f5es de notifica\u00e7\u00e3o estendidas;<\/li>\n<li style=\"font-weight: 400\">Funciona em todas as plataformas populares (iOS, Android, Windows, MacOS, Linux, Web).<\/li>\n<\/ul>\n<\/li>\n<li style=\"font-weight: 400\">Funcionalidade rica:\n<ul>\n<li style=\"font-weight: 400\">Extensos recursos de comunica\u00e7\u00e3o (grupos, canais, bots);<\/li>\n<li style=\"font-weight: 400\">Suporte para todos os formatos populares de arquivos de m\u00eddia;<\/li>\n<li style=\"font-weight: 400\">Adi\u00e7\u00e3o cont\u00ednua de novos recursos;<\/li>\n<li style=\"font-weight: 400\">API aberto para desenvolvedores e integra\u00e7\u00f5es.<\/li>\n<\/ul>\n<\/li>\n<li style=\"font-weight: 400\">Ampla comunidade de usu\u00e1rios:\n<ul>\n<li style=\"font-weight: 400\">P\u00fablico ativo, especialmente em pa\u00edses cis;<\/li>\n<li style=\"font-weight: 400\">Muitos canais informativos e divertidos;<\/li>\n<li style=\"font-weight: 400\">Conveni\u00eancia para comunica\u00e7\u00e3o com entes queridos, amigos, colegas.<\/li>\n<\/ul>\n<\/li>\n<\/ol>\n<p style=\"text-align: justify\">No entanto, o r\u00e1pido crescimento da popularidade do telegrama tamb\u00e9m cria certos problemas. O aumento da carga \u00e0s vezes leva a interrup\u00e7\u00f5es na opera\u00e7\u00e3o do mensageiro. E a falta de monetiza\u00e7\u00e3o de publicidade for\u00e7a a busca de novas maneiras de financiar o projeto.<\/p>\n<p style=\"text-align: justify\">Apesar dessas defici\u00eancias, o telegrama continua sendo um dos aplicativos de mensagens mais convenientes e seguros, combinando uma extensa funcionalidade e facilidade de uso. Atualiza\u00e7\u00f5es regulares tornam ainda mais atraente a comunica\u00e7\u00e3o pessoal e a comunica\u00e7\u00e3o comercial. Portanto, vale a pena tentar o telegrama para quem procura um aplicativo de comunica\u00e7\u00e3o on -line moderno.<\/p>\n<h2 style=\"text-align: justify\">Conclus\u00e3o<\/h2>\n<p style=\"text-align: justify\">O Telegram n\u00e3o \u00e9 apenas mais um mensageiro, mas uma poderosa ferramenta de comunica\u00e7\u00e3o que oferece aos usu\u00e1rios uma ampla gama de possibilidades de comunica\u00e7\u00e3o, troca de informa\u00e7\u00f5es e organizar suas vidas on -line.<\/p>\n<p style=\"text-align: justify\">Por um lado, o telegrama atrai uma audi\u00eancia com sua simplicidade e facilidade de uso. Uma interface intuitiva, alta velocidade de opera\u00e7\u00e3o e compatibilidade entre plataformas tornam acess\u00edvel a todos. Um sistema bem pensado para organizar bate-papos (pastas, arquivamento, fixa\u00e7\u00e3o) ajuda a manter a ordem, mesmo nos di\u00e1logos mais movimentados. E diversas configura\u00e7\u00f5es de notifica\u00e7\u00e3o permitem o gerenciamento flex\u00edvel do envolvimento de uma pessoa na comunica\u00e7\u00e3o.<\/p>\n<p style=\"text-align: justify\">Por outro lado, o telegrama impressiona com sua rica funcionalidade. Al\u00e9m de mensagens e chamadas de texto padr\u00e3o, ele oferece a cria\u00e7\u00e3o de grupos com at\u00e9 200.000 participantes, canais tem\u00e1ticos sem limita\u00e7\u00f5es do p\u00fablico, bem como chatbots para automa\u00e7\u00e3o e entretenimento de tarefas. Suporte para todos os formatos populares de arquivos de m\u00eddia e a adi\u00e7\u00e3o constante de novos recursos fazem do Telegram uma ferramenta vers\u00e1til para comunica\u00e7\u00e3o pessoal e comercial.<\/p>\n<p style=\"text-align: justify\">No entanto, a principal vantagem do Telegram \u00e9 sem d\u00favida o foco na seguran\u00e7a e na privacidade do usu\u00e1rio. Em uma era de amea\u00e7as digitais e vazamentos de dados, o Telegram oferece criptografia de ponta a ponta confi\u00e1vel de conversas, bate-papos secretos com um n\u00edvel adicional de prote\u00e7\u00e3o e a capacidade de excluir completamente a pegada digital de algu\u00e9m. Isso o torna uma escolha atraente para quem valoriza a privacidade de sua comunica\u00e7\u00e3o online.<\/p>\n","protected":false},"excerpt":{"rendered":"<p>No mundo de hoje, a comunica\u00e7\u00e3o on -line se tornou parte integrante de nossas vidas. Trocamos mensagens com entes queridos, amigos e colegas diariamente, compartilhamos fotos e v\u00eddeos,&#8230;<\/p>\n","protected":false},"author":1,"featured_media":338,"parent":0,"menu_order":0,"comment_status":"closed","ping_status":"closed","template":"","meta":{"om_disable_all_campaigns":false,"footnotes":""},"class_list":["post-279","page","type-page","status-publish","has-post-thumbnail",""],"aioseo_notices":[],"_links":{"self":[{"href":"https:\/\/telegrama-wiki.com\/pt\/wp-json\/wp\/v2\/pages\/279","targetHints":{"allow":["GET"]}}],"collection":[{"href":"https:\/\/telegrama-wiki.com\/pt\/wp-json\/wp\/v2\/pages"}],"about":[{"href":"https:\/\/telegrama-wiki.com\/pt\/wp-json\/wp\/v2\/types\/page"}],"author":[{"embeddable":true,"href":"https:\/\/telegrama-wiki.com\/pt\/wp-json\/wp\/v2\/users\/1"}],"replies":[{"embeddable":true,"href":"https:\/\/telegrama-wiki.com\/pt\/wp-json\/wp\/v2\/comments?post=279"}],"version-history":[{"count":0,"href":"https:\/\/telegrama-wiki.com\/pt\/wp-json\/wp\/v2\/pages\/279\/revisions"}],"wp:featuredmedia":[{"embeddable":true,"href":"https:\/\/telegrama-wiki.com\/pt\/wp-json\/wp\/v2\/media\/338"}],"wp:attachment":[{"href":"https:\/\/telegrama-wiki.com\/pt\/wp-json\/wp\/v2\/media?parent=279"}],"curies":[{"name":"wp","href":"https:\/\/api.w.org\/{rel}","templated":true}]}}