{"id":282,"date":"2024-04-22T15:04:16","date_gmt":"2024-04-22T12:04:16","guid":{"rendered":"https:\/\/telegrama-wiki.com\/pt\/politica-de-privacidade\/"},"modified":"2024-04-22T15:04:16","modified_gmt":"2024-04-22T12:04:16","slug":"politica-de-privacidade","status":"publish","type":"page","link":"https:\/\/telegrama-wiki.com\/pt\/politica-de-privacidade\/","title":{"rendered":"pol\u00edtica de Privacidade"},"content":{"rendered":"<p>A administra\u00e7\u00e3o do site Telegram-wiki.com (a seguir referido como o site) respeita os direitos dos visitantes do site. Reconhecemos incondicionalmente a import\u00e2ncia da confidencialidade das informa\u00e7\u00f5es pessoais dos visitantes de nosso site. Esta p\u00e1gina cont\u00e9m informa\u00e7\u00f5es sobre quais dados recebemos e coletamos quando voc\u00ea usa o site. Esperamos que essas informa\u00e7\u00f5es ajudem voc\u00ea a tomar decis\u00f5es informadas sobre as informa\u00e7\u00f5es pessoais que voc\u00ea nos fornece.<\/p>\n<p>Esta pol\u00edtica de privacidade se aplica apenas ao site e \u00e0s informa\u00e7\u00f5es coletadas por este site e atrav\u00e9s dele. Ele n\u00e3o se aplica a nenhum outro site e n\u00e3o \u00e9 aplic\u00e1vel a sites de terceiros que possam vincular ao site.<\/p>\n<h2>Coleta de informa\u00e7\u00f5es<\/h2>\n<p>Quando voc\u00ea visita o site, determinamos o nome e o pa\u00eds do seu provedor (por exemplo, &#8220;AOL.com &#8220;) e as transi\u00e7\u00f5es selecionadas de uma p\u00e1gina para outra (a chamada&#8221; atividade clickstream &#8220;).<br \/>\nAs informa\u00e7\u00f5es que recebemos no site podem ser usadas para facilitar o uso do site, incluindo, entre outros,:<\/p>\n<ul>\n<li>organizar o site da maneira mais f\u00e1cil de usar<\/li>\n<li>Fornecendo a capacidade de se inscrever em boletins por e -mail para ofertas e t\u00f3picos especiais, se voc\u00ea quiser receber essas notifica\u00e7\u00f5es<\/li>\n<\/ul>\n<p>O site coleta apenas informa\u00e7\u00f5es pessoais que voc\u00ea fornece voluntariamente ao visitar ou se registrar no site. O termo &#8220;informa\u00e7\u00f5es pessoais&#8221; inclui informa\u00e7\u00f5es que o identificam como uma pessoa espec\u00edfica, como seu nome ou endere\u00e7o de e -mail. Embora voc\u00ea possa visualizar o conte\u00fado do site sem passar pelo procedimento de registro, voc\u00ea precisar\u00e1 se registrar para usar alguns recursos, como deixar seu coment\u00e1rio em um artigo.<br \/>\nO site usa a tecnologia &#8220;cookies&#8221; para gerar relat\u00f3rios estat\u00edsticos. Um &#8220;cookie&#8221; \u00e9 uma pequena quantidade de dados enviados por um site, que o navegador do seu computador armazena no disco r\u00edgido do seu computador. Os cookies cont\u00eam informa\u00e7\u00f5es que podem ser necess\u00e1rias para o site &#8211; para salvar suas prefer\u00eancias de visualiza\u00e7\u00e3o e coletar informa\u00e7\u00f5es estat\u00edsticas sobre o site, i i.e. Quais p\u00e1ginas voc\u00ea visitou, o que foi baixado, o nome de dom\u00ednio do provedor da Internet e do pa\u00eds do visitante, bem como os endere\u00e7os de sites de terceiros a partir dos quais a transi\u00e7\u00e3o para o site foi feita e mais. No entanto, toda essa informa\u00e7\u00e3o n\u00e3o est\u00e1 de forma alguma conectada a voc\u00ea como um indiv\u00edduo. Cookies n\u00e3o registram seu endere\u00e7o de e -mail ou qualquer informa\u00e7\u00e3o pessoal sobre voc\u00ea. Al\u00e9m disso, essa tecnologia no site \u00e9 usada pelo balc\u00e3o instalado de Spylog\/LiveInternet\/etc.<\/p>\n<p>Al\u00e9m disso, usamos logs de servidores da web padr\u00e3o para contar os visitantes e avaliar os recursos t\u00e9cnicos do nosso site. Utilizamos essas informa\u00e7\u00f5es para determinar quantas pessoas visitam o site e organizamos as p\u00e1ginas da maneira mais f\u00e1cil de usar, garantimos que o site seja compat\u00edvel com os navegadores usados e torne o conte\u00fado de nossas p\u00e1ginas o mais \u00fatil poss\u00edvel para nossos visitantes. Registramos informa\u00e7\u00f5es sobre movimentos no site, mas n\u00e3o sobre visitantes individuais do site, portanto, nenhuma informa\u00e7\u00e3o espec\u00edfica sobre voc\u00ea ser\u00e1 armazenada ou usada pela administra\u00e7\u00e3o do site sem o seu consentimento.<\/p>\n<p>Para visualizar o material sem cookies, voc\u00ea pode configurar seu navegador para n\u00e3o aceitar cookies ou notific\u00e1 -lo quando os cookies s\u00e3o enviados (os navegadores s\u00e3o diferentes, por isso recomendamos que voc\u00ea verifique a se\u00e7\u00e3o &#8220;Ajuda&#8221; para descobrir como alterar as configura\u00e7\u00f5es de cookies da sua m\u00e1quina).<\/p>\n<h2>Compartilhamento de informa\u00e7\u00f5es<\/h2>\n<p>A administra\u00e7\u00e3o do site n\u00e3o, sob nenhuma circunst\u00e2ncia, vende ou aluga suas informa\u00e7\u00f5es pessoais a terceiros. Tamb\u00e9m n\u00e3o divulgamos as informa\u00e7\u00f5es pessoais que voc\u00ea fornece, exceto conforme exigido por lei (especifique o pa\u00eds onde o servidor est\u00e1 localizado).<br \/>\nA administra\u00e7\u00e3o do site tem uma parceria com o Google, que coloca materiais de publicidade pagos e an\u00fancios nas p\u00e1ginas do site (incluindo, entre outros, hiperlinks de texto). Como parte dessa coopera\u00e7\u00e3o, a administra\u00e7\u00e3o do site informa todas as partes interessadas das seguintes informa\u00e7\u00f5es:<\/p>\n<ol>\n<li>O Google, como fornecedor de terceiros, usa cookies para servir an\u00fancios no site;<\/li>\n<li>Os cookies de produtos de publicidade DoubleClick Dart s\u00e3o usados pelo Google em an\u00fancios servidos no site como participante do programa Adsense for Content;<\/li>\n<li>O uso de cookies DART do Google permite coletar e usar informa\u00e7\u00f5es sobre os visitantes do site (exceto o nome, endere\u00e7o, endere\u00e7o de e -mail ou n\u00famero de telefone) sobre suas visitas ao site e outros sites para fornecer an\u00fancios sobre bens e servi\u00e7os da maioria dos juros para voc\u00ea;<\/li>\n<li>O Google, no processo de coleta dessas informa\u00e7\u00f5es, \u00e9 guiado por sua pr\u00f3pria pol\u00edtica de privacidade;<\/li>\n<li>Os usu\u00e1rios do site podem optar por n\u00e3o participar do uso de cookies de dardo visitando o <a href=\"https:\/\/web.archive.org\/web\/20201201172127\/http:\/\/www.google.com\/policies\/technologies\/ads\/\">Pol\u00edtica de privacidade do Google AD e Content Network<\/a> p\u00e1gina.<\/li>\n<\/ol>\n<h2>Isen\u00e7\u00e3o de responsabilidade<\/h2>\n<p>Lembre-se de que a transfer\u00eancia de informa\u00e7\u00f5es pessoais ao visitar sites de terceiros, incluindo os sites de empresas parceiras, mesmo que o site contenha um link para o site ou exista um link para esses sites no site, n\u00e3o est\u00e1 sujeito a este documento. A administra\u00e7\u00e3o do site n\u00e3o \u00e9 respons\u00e1vel pelas a\u00e7\u00f5es de outros sites. O processo de coleta e transmiss\u00e3o de informa\u00e7\u00f5es pessoais ao visitar esses sites \u00e9 governada pelo documento &#8220;Prote\u00e7\u00e3o de dados pessoais&#8221; ou um semelhante localizado nos sites dessas empresas.<\/p>\n","protected":false},"excerpt":{"rendered":"<p>A administra\u00e7\u00e3o do site Telegram-wiki.com (a seguir referido como o site) respeita os direitos dos visitantes do site. Reconhecemos incondicionalmente a import\u00e2ncia da confidencialidade das informa\u00e7\u00f5es pessoais dos&#8230;<\/p>\n","protected":false},"author":1,"featured_media":0,"parent":0,"menu_order":0,"comment_status":"closed","ping_status":"closed","template":"","meta":{"om_disable_all_campaigns":false,"footnotes":""},"class_list":["post-282","page","type-page","status-publish",""],"aioseo_notices":[],"_links":{"self":[{"href":"https:\/\/telegrama-wiki.com\/pt\/wp-json\/wp\/v2\/pages\/282","targetHints":{"allow":["GET"]}}],"collection":[{"href":"https:\/\/telegrama-wiki.com\/pt\/wp-json\/wp\/v2\/pages"}],"about":[{"href":"https:\/\/telegrama-wiki.com\/pt\/wp-json\/wp\/v2\/types\/page"}],"author":[{"embeddable":true,"href":"https:\/\/telegrama-wiki.com\/pt\/wp-json\/wp\/v2\/users\/1"}],"replies":[{"embeddable":true,"href":"https:\/\/telegrama-wiki.com\/pt\/wp-json\/wp\/v2\/comments?post=282"}],"version-history":[{"count":0,"href":"https:\/\/telegrama-wiki.com\/pt\/wp-json\/wp\/v2\/pages\/282\/revisions"}],"wp:attachment":[{"href":"https:\/\/telegrama-wiki.com\/pt\/wp-json\/wp\/v2\/media?parent=282"}],"curies":[{"name":"wp","href":"https:\/\/api.w.org\/{rel}","templated":true}]}}