{"id":46,"date":"2024-04-16T10:26:38","date_gmt":"2024-04-16T07:26:38","guid":{"rendered":"https:\/\/telegrama-wiki.com\/pt\/telegram-web-como-fazer-login-online\/"},"modified":"2024-04-16T10:26:38","modified_gmt":"2024-04-16T07:26:38","slug":"telegram-web-como-fazer-login-online","status":"publish","type":"page","link":"https:\/\/telegrama-wiki.com\/pt\/","title":{"rendered":"Telegram Web: como fazer login online"},"content":{"rendered":"<p>Desde o seu lan\u00e7amento em 2013, o Telegram Messenger entrou firmemente na vida cotidiana de centenas de milh\u00f5es de usu\u00e1rios em todo o mundo. Durante esse per\u00edodo, ele conseguiu ganhar uma reputa\u00e7\u00e3o como um dos servi\u00e7os de mensagens mais r\u00e1pidos, seguros e ricos em recursos. O aplicativo Telegram est\u00e1 dispon\u00edvel em todas as plataformas populares &#8211; de smartphones e tablets a computadores pessoais. Al\u00e9m disso, possui uma interface da web conveniente para uso em um navegador. Esse recurso de plataforma cruzada permite que os usu\u00e1rios permane\u00e7am conectados o tempo todo.<\/p>\n<p><img loading=\"lazy\" decoding=\"async\" alt=\"Telegram Web\" class=\"aligncenter wp-image-22\" height=\"359\" src=\"https:\/\/telegrama-wiki.com\/wp-content\/uploads\/2024\/04\/Telegram-Web.png\" width=\"629\" \/><\/p>\n<p>Este artigo se concentrar\u00e1 em como usar o Telegram em um navegador, as vantagens da vers\u00e3o para desktop e os v\u00e1rios recursos \u00fateis deste mensageiro.<\/p>\n<h2>Como acessar o telegrama online<\/h2>\n<p>O Telegram \u00e9 um servi\u00e7o de mensagens popular que est\u00e1 dispon\u00edvel em todas as principais plataformas, incluindo telefones Android. No entanto, voc\u00ea tamb\u00e9m pode usar o telegrama por meio de qualquer navegador da web sem a necessidade de instalar um aplicativo. O Telegram tem um aplicativo web oficial que voc\u00ea pode acessar facilmente atrav\u00e9s de um navegador. Esta \u00e9 uma op\u00e7\u00e3o conveniente para usar o servi\u00e7o de mensagens em computadores p\u00fablicos ou o computador de um amigo ou membro da fam\u00edlia ou do membro da fam\u00edlia. O aplicativo Telegram Web \u00e9 compat\u00edvel com todos os principais navegadores, incluindo Google Chrome, Microsoft Edge, Safari e Mozilla Firefox. Tamb\u00e9m \u00e9 espec\u00edfico da plataforma, o que significa que voc\u00ea pode acess\u00e1-lo em qualquer sistema operacional moderno.<\/p>\n<h2>Login no telegrama: instru\u00e7\u00f5es<\/h2>\n<p>Para fazer login no Telegram em um computador, siga estas etapas:<\/p>\n<ol>\n<li>Abra o Telegram Web na Web.telegrama.org no seu computador;<\/li>\n<li>Um c\u00f3digo QR aparecer\u00e1 na tela;<\/li>\n<li>Abra o aplicativo Telegram no seu telefone;<\/li>\n<li>Abra o &quot;Configura\u00e7\u00f5es&quot; card\u00e1pio;<\/li>\n<li>Clique no &quot;Dispositivos&quot; bot\u00e3o;<\/li>\n<li>Selecione &quot;Dispositivo de desktop de link&quot;;<\/li>\n<li>Digitalize o c\u00f3digo QR exibido no aplicativo da Web do Telegram;<\/li>\n<li>Se voc\u00ea n\u00e3o tiver acesso ao aplicativo Telegram no seu telefone, use o &quot;Fa\u00e7a login por telefone&quot; op\u00e7\u00e3o;<\/li>\n<li>Digite seu n\u00famero de telefone;<\/li>\n<li>Voc\u00ea receber\u00e1 um c\u00f3digo de cinco d\u00edgitos no aplicativo Telegram no seu telefone. Insira -o para fazer login na Web Telegram;<\/li>\n<li>Se voc\u00ea tiver uma verifica\u00e7\u00e3o em duas etapas ativada, digite a senha.<\/li>\n<\/ol>\n<blockquote><p>Seguindo estas etapas, voc\u00ea poder\u00e1 fazer login no Telegram no seu computador e acessar todos os seus bate -papos e mensagens.<\/p><\/blockquote>\n<h2>Recursos da vers\u00e3o da web<\/h2>\n<p>A funcionalidade da vers\u00e3o da Web do Telegram \u00e9 quase id\u00eantica aos aplicativos m\u00f3veis para smartphones e PCs. No entanto, h\u00e1 uma diferen\u00e7a importante na vers\u00e3o da web &#8211; a capacidade de receber notifica\u00e7\u00f5es sobre novas mensagens recebidas em tempo real. Isso permite que voc\u00ea fique conectado, mesmo que o telegrama n\u00e3o esteja funcionando. Notifica\u00e7\u00f5es surgem no navegador, assim como em outros aplicativos da web. Assim, a vers\u00e3o da Web do Telegram \u00e9 um mensageiro completo para se comunicar atrav\u00e9s de um navegador com notifica\u00e7\u00f5es de novas mensagens. Isso \u00e9 muito conveniente na aus\u00eancia de acesso a um telefone celular.<\/p>\n<h2>Recursos de servi\u00e7o<\/h2>\n<p>Telegram Web Online est\u00e1 quase a par dos aplicativos de telegrama de pleno direito para PC e smartphones em termos de funcionalidade. Caracter\u00edsticas principais:<\/p>\n<ul>\n<li>Mensagens em bate -papos pessoais e em grupo;<\/li>\n<li>Enviando arquivos de m\u00eddia &#8211; fotos, v\u00eddeos, \u00e1udio, documentos;<\/li>\n<li>Criando bate -papos em grupo;<\/li>\n<li>Procurando contatos e di\u00e1logos por palavras -chave;<\/li>\n<li>Configurar notifica\u00e7\u00f5es para novas mensagens;<\/li>\n<li>Bate -papos de filtragem por tipo de conte\u00fado;<\/li>\n<li>Edi\u00e7\u00e3o e exclus\u00e3o de mensagens;<\/li>\n<li>Mudan\u00e7a de avatar e nome de usu\u00e1rio.<\/li>\n<\/ul>\n<p>Al\u00e9m disso, a maioria dos rob\u00f4s telegrama, pacotes de adesivos e outras ferramentas de telegramas \u00fateis est\u00e3o dispon\u00edveis na Web do Telegram. A principal vantagem da vers\u00e3o da web \u00e9 que ela n\u00e3o requer a instala\u00e7\u00e3o de aplicativos. Tudo o que voc\u00ea precisa \u00e9 de um navegador e a Internet para usar o mensageiro em qualquer dispositivo. Isso \u00e9 conveniente em situa\u00e7\u00f5es:<\/p>\n<ul>\n<li>Quando n\u00e3o h\u00e1 oportunidade ou desejo de instalar o telegrama em um computador;<\/li>\n<li>Para acessar o telegrama dos dispositivos de outras pessoas na aus\u00eancia de seu pr\u00f3prio smartphone;<\/li>\n<li>Para usar aplicativos da web no Chromebook, onde n\u00e3o h\u00e1 programas nativos.<\/li>\n<\/ul>\n<p>Em geral, o Telegram Web fornece quase toda a funcionalidade b\u00e1sica da \u00e1rea de trabalho e vers\u00f5es m\u00f3veis de pleno direito. Isso significa que este servi\u00e7o pode se tornar um substituto completo para aplica\u00e7\u00f5es de telegrama na maioria dos cen\u00e1rios de uso.<\/p>\n<h2>Recursos e benef\u00edcios de comunica\u00e7\u00e3o<\/h2>\n<p>Em 10 anos, o telegrama evoluiu de um mensageiro simples para uma plataforma multifuncional para comunica\u00e7\u00e3o e resolver v\u00e1rias tarefas. Vamos olhar para os principais recursos de comunica\u00e7\u00e3o do telegrama.<\/p>\n<ul>\n<li>Conversa\u00e7\u00e3o autom\u00e1tica autom\u00e1tica. Essa configura\u00e7\u00e3o permite ativar a exclus\u00e3o autom\u00e1tica de todo o hist\u00f3rico de bate -papo ap\u00f3s um tempo especificado. Isso garante a confidencialidade da comunica\u00e7\u00e3o. Para habilit\u00e1-lo, basta ir para as configura\u00e7\u00f5es do bate-papo com o interlocutor desejado e escolher um cron\u00f4metro para obter uma afli\u00e7\u00e3o autom\u00e1tica;<\/li>\n<li>Senha da nuvem. Esta \u00e9 outra op\u00e7\u00e3o de seguran\u00e7a importante &#8211; a autentica\u00e7\u00e3o de dois fatores do Telegram usando uma senha especial. Protege sua conta de hackers. Ativado no &quot;Privacidade &#8211; senha em nuvem&quot; se\u00e7\u00e3o;<\/li>\n<li>Fixando mensagens. O Telegramm permite que voc\u00ea atribua mensagens individuais ou bate -papos inteiros. Isso \u00e9 conveniente para acesso r\u00e1pido a di\u00e1logos ou arquivos importantes.<\/li>\n<\/ul>\n<h2>Diferen\u00e7a entre telegrama no computador e telefone<\/h2>\n<p>As principais diferen\u00e7as entre o telegrama em um computador e em um telefone incluem:<\/p>\n<ul>\n<li>Conveni\u00eancia de entrada. \u00c9 mais conveniente digitar mensagens longas em um computador do que em um telefone.<\/li>\n<li>Acesso a arquivos. Na vers\u00e3o da Web do Telegram, h\u00e1 acesso conveniente a todos os arquivos no bate -papo &#8211; basta clicar em um arquivo para ver todos os arquivos desse tipo;<\/li>\n<li>Sincroniza\u00e7\u00e3o. Ambas as vers\u00f5es do telegrama s\u00e3o sincronizadas; portanto, todas as mensagens e arquivos est\u00e3o dispon\u00edveis nos dois dispositivos;<\/li>\n<li>Economia de tr\u00e1fego. Ao usar o Telegram em um computador, voc\u00ea pode salvar a Internet m\u00f3vel;<\/li>\n<li>Transfer\u00eancia de arquivo. Atrav\u00e9s do telegrama &quot;Favoritos&quot; Op\u00e7\u00e3o, voc\u00ea pode us\u00e1 -lo para transferir arquivos entre seu telefone e computador;<\/li>\n<li>Modo noturno. A vers\u00e3o para desktop do Telegram tem um modo noturno conveniente para um trabalho confort\u00e1vel no escuro.<\/li>\n<\/ul>\n<blockquote><p>No geral, o telegrama em um computador \u00e9 uma \u00f3tima alternativa ao aplicativo m\u00f3vel com v\u00e1rios recursos adicionais.<\/p><\/blockquote>\n<h2>Conclus\u00e3o<\/h2>\n<p>Em conclus\u00e3o, podemos dizer que o Telegram Web \u00e9 uma vers\u00e3o da Web conveniente e funcional do Mensageiro Popular que abre muitas possibilidades de comunica\u00e7\u00e3o confort\u00e1vel. Gra\u00e7as \u00e0 compatibilidade entre plataformas e \u00e0 falta de necessidade de instalar software adicional, a vers\u00e3o da Web permite que os usu\u00e1rios permane\u00e7am conectados em qualquer lugar e em qualquer dispositivo com acesso \u00e0 Internet e um navegador da Web. Apesar de algumas pequenas limita\u00e7\u00f5es, o Telegram Web oferece quase toda a gama de recursos encontrados nos aplicativos m\u00f3veis e de desktop. Os usu\u00e1rios podem trocar mensagens, criar bate -papos em grupo, enviar v\u00e1rios tipos de arquivos, personalizar notifica\u00e7\u00f5es e muito mais. Al\u00e9m disso, a vers\u00e3o da Web fornece sincroniza\u00e7\u00e3o perfeita com todos os outros dispositivos, garantindo acesso constante ao hist\u00f3rico de correspond\u00eancia e arquivos atualizados. Telegram Web \u00e9 uma \u00f3tima op\u00e7\u00e3o para quem valoriza a mobilidade e a flexibilidade na comunica\u00e7\u00e3o. A capacidade de usar o mensageiro em qualquer computador ou dispositivo sem a necessidade de instalar software adicional o torna uma solu\u00e7\u00e3o ideal para acesso tempor\u00e1rio ou nos casos em que n\u00e3o \u00e9 poss\u00edvel instalar o aplicativo padr\u00e3o. No geral, o Telegram Web \u00e9 uma poderosa ferramenta de comunica\u00e7\u00e3o que combina facilidade de uso, funcionalidade rica e um alto n\u00edvel de seguran\u00e7a e privacidade. Gra\u00e7as ao desenvolvimento e melhoria cont\u00ednuos, a vers\u00e3o da web do Messenger continua sendo uma das melhores op\u00e7\u00f5es para quem procura uma solu\u00e7\u00e3o conveniente e confi\u00e1vel para comunica\u00e7\u00e3o on -line.<\/p>\n","protected":false},"excerpt":{"rendered":"<p>Desde o seu lan\u00e7amento em 2013, o Telegram Messenger entrou firmemente na vida cotidiana de centenas de milh\u00f5es de usu\u00e1rios em todo o mundo. Durante esse per\u00edodo, ele&#8230;<\/p>\n","protected":false},"author":1,"featured_media":354,"parent":0,"menu_order":0,"comment_status":"closed","ping_status":"closed","template":"","meta":{"om_disable_all_campaigns":false,"footnotes":""},"class_list":["post-46","page","type-page","status-publish","has-post-thumbnail",""],"aioseo_notices":[],"_links":{"self":[{"href":"https:\/\/telegrama-wiki.com\/pt\/wp-json\/wp\/v2\/pages\/46","targetHints":{"allow":["GET"]}}],"collection":[{"href":"https:\/\/telegrama-wiki.com\/pt\/wp-json\/wp\/v2\/pages"}],"about":[{"href":"https:\/\/telegrama-wiki.com\/pt\/wp-json\/wp\/v2\/types\/page"}],"author":[{"embeddable":true,"href":"https:\/\/telegrama-wiki.com\/pt\/wp-json\/wp\/v2\/users\/1"}],"replies":[{"embeddable":true,"href":"https:\/\/telegrama-wiki.com\/pt\/wp-json\/wp\/v2\/comments?post=46"}],"version-history":[{"count":0,"href":"https:\/\/telegrama-wiki.com\/pt\/wp-json\/wp\/v2\/pages\/46\/revisions"}],"wp:featuredmedia":[{"embeddable":true,"href":"https:\/\/telegrama-wiki.com\/pt\/wp-json\/wp\/v2\/media\/354"}],"wp:attachment":[{"href":"https:\/\/telegrama-wiki.com\/pt\/wp-json\/wp\/v2\/media?parent=46"}],"curies":[{"name":"wp","href":"https:\/\/api.w.org\/{rel}","templated":true}]}}